{"id":10862,"date":"2025-07-22T13:55:24","date_gmt":"2025-07-22T16:55:24","guid":{"rendered":"https:\/\/pusplq.usp.br\/?page_id=10862"},"modified":"2025-07-29T14:04:27","modified_gmt":"2025-07-29T17:04:27","slug":"ubas-fisioterapia","status":"publish","type":"page","link":"https:\/\/pusplq.usp.br\/?page_id=10862","title":{"rendered":"UBAS  &#8211; FISIOTERAPIA"},"content":{"rendered":"\t\t<div data-elementor-type=\"wp-page\" data-elementor-id=\"10862\" class=\"elementor elementor-10862\" data-elementor-post-type=\"page\">\n\t\t\t\t\t\t<section class=\"elementor-section elementor-top-section elementor-element elementor-element-73e9281 elementor-section-boxed elementor-section-height-default elementor-section-height-default\" data-id=\"73e9281\" data-element_type=\"section\">\n\t\t\t\t\t\t<div class=\"elementor-container elementor-column-gap-default\">\n\t\t\t\t\t<div class=\"elementor-column elementor-col-50 elementor-top-column elementor-element elementor-element-706b8fe\" data-id=\"706b8fe\" data-element_type=\"column\">\n\t\t\t<div class=\"elementor-widget-wrap elementor-element-populated\">\n\t\t\t\t\t\t<div class=\"elementor-element elementor-element-82ef210 elementor-widget__width-initial elementor-widget elementor-widget-image\" data-id=\"82ef210\" data-element_type=\"widget\" data-widget_type=\"image.default\">\n\t\t\t\t<div class=\"elementor-widget-container\">\n\t\t\t\t\t\t\t\t\t\t\t\t\t\t<a href=\"\/?page_id=9920\">\n\t\t\t\t\t\t\t<img fetchpriority=\"high\" decoding=\"async\" width=\"600\" height=\"100\" src=\"https:\/\/pusplq.usp.br\/wp-content\/uploads\/sites\/1403\/2025\/07\/logo_ubas_site2.png\" class=\"attachment-large size-large wp-image-10718\" alt=\"\" srcset=\"https:\/\/pusplq.usp.br\/wp-content\/uploads\/sites\/1403\/2025\/07\/logo_ubas_site2.png 600w, https:\/\/pusplq.usp.br\/wp-content\/uploads\/sites\/1403\/2025\/07\/logo_ubas_site2-300x50.png 300w, https:\/\/pusplq.usp.br\/wp-content\/uploads\/sites\/1403\/2025\/07\/logo_ubas_site2-280x47.png 280w, https:\/\/pusplq.usp.br\/wp-content\/uploads\/sites\/1403\/2025\/07\/logo_ubas_site2-400x67.png 400w\" sizes=\"(max-width: 600px) 100vw, 600px\" \/>\t\t\t\t\t\t\t\t<\/a>\n\t\t\t\t\t\t\t\t\t\t\t\t\t<\/div>\n\t\t\t\t<\/div>\n\t\t\t\t\t<\/div>\n\t\t<\/div>\n\t\t\t\t<div class=\"elementor-column elementor-col-50 elementor-top-column elementor-element elementor-element-03f92fe\" data-id=\"03f92fe\" data-element_type=\"column\">\n\t\t\t<div class=\"elementor-widget-wrap\">\n\t\t\t\t\t\t\t<\/div>\n\t\t<\/div>\n\t\t\t\t\t<\/div>\n\t\t<\/section>\n\t\t\t\t<section class=\"elementor-section elementor-top-section elementor-element elementor-element-b2e1451 elementor-section-boxed elementor-section-height-default elementor-section-height-default\" data-id=\"b2e1451\" data-element_type=\"section\">\n\t\t\t\t\t\t<div class=\"elementor-container elementor-column-gap-default\">\n\t\t\t\t\t<div class=\"elementor-column elementor-col-100 elementor-top-column elementor-element elementor-element-0b5fd34\" data-id=\"0b5fd34\" data-element_type=\"column\">\n\t\t\t<div class=\"elementor-widget-wrap elementor-element-populated\">\n\t\t\t\t\t\t<div class=\"elementor-element elementor-element-f858988 elementor-nav-menu--dropdown-tablet elementor-nav-menu__text-align-aside elementor-nav-menu--toggle elementor-nav-menu--burger elementor-widget elementor-widget-nav-menu\" data-id=\"f858988\" data-element_type=\"widget\" data-settings=\"{&quot;layout&quot;:&quot;horizontal&quot;,&quot;submenu_icon&quot;:{&quot;value&quot;:&quot;&lt;i class=\\&quot;fas fa-caret-down\\&quot;&gt;&lt;\\\/i&gt;&quot;,&quot;library&quot;:&quot;fa-solid&quot;},&quot;toggle&quot;:&quot;burger&quot;}\" data-widget_type=\"nav-menu.default\">\n\t\t\t\t<div class=\"elementor-widget-container\">\n\t\t\t\t\t\t<nav aria-label=\"Menu\" class=\"elementor-nav-menu--main elementor-nav-menu__container elementor-nav-menu--layout-horizontal e--pointer-underline e--animation-fade\">\n\t\t\t\t<ul id=\"menu-1-f858988\" class=\"elementor-nav-menu\"><li class=\"menu-item menu-item-type-custom menu-item-object-custom menu-item-10332\"><a href=\"\/?page_id=10862\" class=\"elementor-item\">Fisioterapia<\/a><\/li>\n<li class=\"menu-item menu-item-type-custom menu-item-object-custom menu-item-9937\"><a href=\"\/?page_id=10864\" class=\"elementor-item\">Enfermagem<\/a><\/li>\n<li class=\"menu-item menu-item-type-custom menu-item-object-custom menu-item-9939\"><a href=\"\/?page_id=10866\" class=\"elementor-item\">M\u00e9dico<\/a><\/li>\n<li class=\"menu-item menu-item-type-custom menu-item-object-custom menu-item-10333\"><a href=\"\/?page_id=10868\" class=\"elementor-item\">Sa\u00fade<\/a><\/li>\n<li class=\"menu-item menu-item-type-custom menu-item-object-custom menu-item-10334\"><a href=\"\/?page_id=10870\" class=\"elementor-item\">Odontol\u00f3gico<\/a><\/li>\n<\/ul>\t\t\t<\/nav>\n\t\t\t\t\t<div class=\"elementor-menu-toggle\" role=\"button\" tabindex=\"0\" aria-label=\"Alternar menu\" aria-expanded=\"false\">\n\t\t\t<i aria-hidden=\"true\" role=\"presentation\" class=\"elementor-menu-toggle__icon--open eicon-menu-bar\"><\/i><i aria-hidden=\"true\" role=\"presentation\" class=\"elementor-menu-toggle__icon--close eicon-close\"><\/i>\t\t\t<span class=\"elementor-screen-only\">Menu<\/span>\n\t\t<\/div>\n\t\t\t\t\t<nav class=\"elementor-nav-menu--dropdown elementor-nav-menu__container\" aria-hidden=\"true\">\n\t\t\t\t<ul id=\"menu-2-f858988\" class=\"elementor-nav-menu\"><li class=\"menu-item menu-item-type-custom menu-item-object-custom menu-item-10332\"><a href=\"\/?page_id=10862\" class=\"elementor-item\" tabindex=\"-1\">Fisioterapia<\/a><\/li>\n<li class=\"menu-item menu-item-type-custom menu-item-object-custom menu-item-9937\"><a href=\"\/?page_id=10864\" class=\"elementor-item\" tabindex=\"-1\">Enfermagem<\/a><\/li>\n<li class=\"menu-item menu-item-type-custom menu-item-object-custom menu-item-9939\"><a href=\"\/?page_id=10866\" class=\"elementor-item\" tabindex=\"-1\">M\u00e9dico<\/a><\/li>\n<li class=\"menu-item menu-item-type-custom menu-item-object-custom menu-item-10333\"><a href=\"\/?page_id=10868\" class=\"elementor-item\" tabindex=\"-1\">Sa\u00fade<\/a><\/li>\n<li class=\"menu-item menu-item-type-custom menu-item-object-custom menu-item-10334\"><a href=\"\/?page_id=10870\" class=\"elementor-item\" tabindex=\"-1\">Odontol\u00f3gico<\/a><\/li>\n<\/ul>\t\t\t<\/nav>\n\t\t\t\t<\/div>\n\t\t\t\t<\/div>\n\t\t\t\t\t<\/div>\n\t\t<\/div>\n\t\t\t\t\t<\/div>\n\t\t<\/section>\n\t\t\t\t<section class=\"elementor-section elementor-top-section elementor-element elementor-element-bad0166 elementor-section-boxed elementor-section-height-default elementor-section-height-default\" data-id=\"bad0166\" data-element_type=\"section\">\n\t\t\t\t\t\t<div class=\"elementor-container elementor-column-gap-default\">\n\t\t\t\t\t<div class=\"elementor-column elementor-col-100 elementor-top-column elementor-element elementor-element-200a521\" data-id=\"200a521\" data-element_type=\"column\">\n\t\t\t<div class=\"elementor-widget-wrap elementor-element-populated\">\n\t\t\t\t\t\t<div class=\"elementor-element elementor-element-1aab6f0 elementor-widget elementor-widget-html\" data-id=\"1aab6f0\" data-element_type=\"widget\" data-widget_type=\"html.default\">\n\t\t\t\t<div class=\"elementor-widget-container\">\n\t\t\t<h2>SERVI\u00c7O DE FISIOTERAPIA<\/h2>\r\n      <p><strong>Local:<\/strong> Pr&eacute;dio ao lado  do Centro M&eacute;dico do Campus (atr\u00e1s)<br>\r\n      <br>2&deg; a 6&deg; feira das 07:30h \u00e0s 11:00 horas. \r\n      <br>\r\n      <\/p>\r\n      <p><strong>Telefone: <\/strong>(19) 3429-4026      <br>\r\n        <strong>email: <\/strong><a href=\"mailto:fisioterapia.esalq@usp.br\">fisioterapia.esalq@usp.br<\/a><\/p>\r\n      <p>5. As avalia\u00e7\u00f5es devem ser agendadas exclusivamente por telefone \r\n(19) 3429 4026 com a auxiliar administrativa.<\/p>\r\n      <h2><strong>Atendimento administrativo<\/strong><\/h2><\/p>\r\n       <p>Roseli Silber Schimidt Scanavaca\r\n      <p><strong>Fisioterapeutas:<\/strong><\/p>\r\n      <p><strong>Aline Spoto Maluf Esteves<\/strong>\r\n      <br>Fisoterapeuta<br>\r\n      <br>\r\n        <strong>Vera Lucia Martinez Vieira, <\/strong>\r\n        <br>\r\n        Fisioterapeuta<\/p>\r\n\t\t<\/div>\n\t\t\t\t<\/div>\n\t\t\t\t\t<\/div>\n\t\t<\/div>\n\t\t\t\t\t<\/div>\n\t\t<\/section>\n\t\t\t\t<\/div>\n\t\t","protected":false},"excerpt":{"rendered":"<p>SERVI\u00c7O DE FISIOTERAPIA Local: Pr&eacute;dio ao lado do Centro M&eacute;dico do Campus (atr\u00e1s) 2&deg; a 6&deg; feira das 07:30h \u00e0s 11:00 horas. Telefone: (19) 3429-4026 email: fisioterapia.esalq@usp.br 5. As avalia\u00e7\u00f5es devem ser agendadas exclusivamente por telefone (19) 3429 4026 com a auxiliar administrativa. Atendimento administrativo Roseli Silber Schimidt Scanavaca Fisioterapeutas: Aline Spoto Maluf Esteves Fisoterapeuta [&hellip;]<\/p>\n","protected":false},"author":23873,"featured_media":0,"parent":9920,"menu_order":30,"comment_status":"closed","ping_status":"closed","template":"elementor_header_footer","meta":{"_monsterinsights_skip_tracking":false,"_monsterinsights_sitenote_active":false,"_monsterinsights_sitenote_note":"","_monsterinsights_sitenote_category":0,"footnotes":"","_links_to":"","_links_to_target":""},"class_list":["post-10862","page","type-page","status-publish","hentry","entry"],"_links":{"self":[{"href":"https:\/\/pusplq.usp.br\/index.php?rest_route=\/wp\/v2\/pages\/10862","targetHints":{"allow":["GET"]}}],"collection":[{"href":"https:\/\/pusplq.usp.br\/index.php?rest_route=\/wp\/v2\/pages"}],"about":[{"href":"https:\/\/pusplq.usp.br\/index.php?rest_route=\/wp\/v2\/types\/page"}],"author":[{"embeddable":true,"href":"https:\/\/pusplq.usp.br\/index.php?rest_route=\/wp\/v2\/users\/23873"}],"replies":[{"embeddable":true,"href":"https:\/\/pusplq.usp.br\/index.php?rest_route=%2Fwp%2Fv2%2Fcomments&post=10862"}],"version-history":[{"count":4,"href":"https:\/\/pusplq.usp.br\/index.php?rest_route=\/wp\/v2\/pages\/10862\/revisions"}],"predecessor-version":[{"id":11196,"href":"https:\/\/pusplq.usp.br\/index.php?rest_route=\/wp\/v2\/pages\/10862\/revisions\/11196"}],"up":[{"embeddable":true,"href":"https:\/\/pusplq.usp.br\/index.php?rest_route=\/wp\/v2\/pages\/9920"}],"wp:attachment":[{"href":"https:\/\/pusplq.usp.br\/index.php?rest_route=%2Fwp%2Fv2%2Fmedia&parent=10862"}],"curies":[{"name":"wp","href":"https:\/\/api.w.org\/{rel}","templated":true}]}}