{"id":10864,"date":"2025-07-22T13:56:14","date_gmt":"2025-07-22T16:56:14","guid":{"rendered":"https:\/\/pusplq.usp.br\/?page_id=10864"},"modified":"2025-07-29T14:04:57","modified_gmt":"2025-07-29T17:04:57","slug":"ubas-enfermagem","status":"publish","type":"page","link":"https:\/\/pusplq.usp.br\/?page_id=10864","title":{"rendered":"UBAS &#8211; ENFERMAGEM"},"content":{"rendered":"\t\t<div data-elementor-type=\"wp-page\" data-elementor-id=\"10864\" class=\"elementor elementor-10864\" data-elementor-post-type=\"page\">\n\t\t\t\t\t\t<section class=\"elementor-section elementor-top-section elementor-element elementor-element-fbc4795 elementor-section-boxed elementor-section-height-default elementor-section-height-default\" data-id=\"fbc4795\" data-element_type=\"section\">\n\t\t\t\t\t\t<div class=\"elementor-container elementor-column-gap-default\">\n\t\t\t\t\t<div class=\"elementor-column elementor-col-50 elementor-top-column elementor-element elementor-element-4ea5853\" data-id=\"4ea5853\" data-element_type=\"column\">\n\t\t\t<div class=\"elementor-widget-wrap elementor-element-populated\">\n\t\t\t\t\t\t<div class=\"elementor-element elementor-element-19f8d15 elementor-widget__width-initial elementor-widget elementor-widget-image\" data-id=\"19f8d15\" data-element_type=\"widget\" data-widget_type=\"image.default\">\n\t\t\t\t<div class=\"elementor-widget-container\">\n\t\t\t\t\t\t\t\t\t\t\t\t\t\t<a href=\"\/?page_id=9920\">\n\t\t\t\t\t\t\t<img fetchpriority=\"high\" decoding=\"async\" width=\"600\" height=\"100\" src=\"https:\/\/pusplq.usp.br\/wp-content\/uploads\/sites\/1403\/2025\/07\/logo_ubas_site2.png\" class=\"attachment-large size-large wp-image-10718\" alt=\"\" srcset=\"https:\/\/pusplq.usp.br\/wp-content\/uploads\/sites\/1403\/2025\/07\/logo_ubas_site2.png 600w, https:\/\/pusplq.usp.br\/wp-content\/uploads\/sites\/1403\/2025\/07\/logo_ubas_site2-300x50.png 300w, https:\/\/pusplq.usp.br\/wp-content\/uploads\/sites\/1403\/2025\/07\/logo_ubas_site2-280x47.png 280w, https:\/\/pusplq.usp.br\/wp-content\/uploads\/sites\/1403\/2025\/07\/logo_ubas_site2-400x67.png 400w\" sizes=\"(max-width: 600px) 100vw, 600px\" \/>\t\t\t\t\t\t\t\t<\/a>\n\t\t\t\t\t\t\t\t\t\t\t\t\t<\/div>\n\t\t\t\t<\/div>\n\t\t\t\t\t<\/div>\n\t\t<\/div>\n\t\t\t\t<div class=\"elementor-column elementor-col-50 elementor-top-column elementor-element elementor-element-bfe307d\" data-id=\"bfe307d\" data-element_type=\"column\">\n\t\t\t<div class=\"elementor-widget-wrap\">\n\t\t\t\t\t\t\t<\/div>\n\t\t<\/div>\n\t\t\t\t\t<\/div>\n\t\t<\/section>\n\t\t\t\t<section class=\"elementor-section elementor-top-section elementor-element elementor-element-b08eed4 elementor-section-boxed elementor-section-height-default elementor-section-height-default\" data-id=\"b08eed4\" data-element_type=\"section\">\n\t\t\t\t\t\t<div class=\"elementor-container elementor-column-gap-default\">\n\t\t\t\t\t<div class=\"elementor-column elementor-col-100 elementor-top-column elementor-element elementor-element-db409eb\" data-id=\"db409eb\" data-element_type=\"column\">\n\t\t\t<div class=\"elementor-widget-wrap elementor-element-populated\">\n\t\t\t\t\t\t<div class=\"elementor-element elementor-element-99c8ede elementor-nav-menu--dropdown-tablet elementor-nav-menu__text-align-aside elementor-nav-menu--toggle elementor-nav-menu--burger elementor-widget elementor-widget-nav-menu\" data-id=\"99c8ede\" data-element_type=\"widget\" data-settings=\"{&quot;layout&quot;:&quot;horizontal&quot;,&quot;submenu_icon&quot;:{&quot;value&quot;:&quot;&lt;i class=\\&quot;fas fa-caret-down\\&quot;&gt;&lt;\\\/i&gt;&quot;,&quot;library&quot;:&quot;fa-solid&quot;},&quot;toggle&quot;:&quot;burger&quot;}\" data-widget_type=\"nav-menu.default\">\n\t\t\t\t<div class=\"elementor-widget-container\">\n\t\t\t\t\t\t<nav aria-label=\"Menu\" class=\"elementor-nav-menu--main elementor-nav-menu__container elementor-nav-menu--layout-horizontal e--pointer-underline e--animation-fade\">\n\t\t\t\t<ul id=\"menu-1-99c8ede\" class=\"elementor-nav-menu\"><li class=\"menu-item menu-item-type-custom menu-item-object-custom menu-item-10332\"><a href=\"\/?page_id=10862\" class=\"elementor-item\">Fisioterapia<\/a><\/li>\n<li class=\"menu-item menu-item-type-custom menu-item-object-custom menu-item-9937\"><a href=\"\/?page_id=10864\" class=\"elementor-item\">Enfermagem<\/a><\/li>\n<li class=\"menu-item menu-item-type-custom menu-item-object-custom menu-item-9939\"><a href=\"\/?page_id=10866\" class=\"elementor-item\">M\u00e9dico<\/a><\/li>\n<li class=\"menu-item menu-item-type-custom menu-item-object-custom menu-item-10333\"><a href=\"\/?page_id=10868\" class=\"elementor-item\">Sa\u00fade<\/a><\/li>\n<li class=\"menu-item menu-item-type-custom menu-item-object-custom menu-item-10334\"><a href=\"\/?page_id=10870\" class=\"elementor-item\">Odontol\u00f3gico<\/a><\/li>\n<\/ul>\t\t\t<\/nav>\n\t\t\t\t\t<div class=\"elementor-menu-toggle\" role=\"button\" tabindex=\"0\" aria-label=\"Alternar menu\" aria-expanded=\"false\">\n\t\t\t<i aria-hidden=\"true\" role=\"presentation\" class=\"elementor-menu-toggle__icon--open eicon-menu-bar\"><\/i><i aria-hidden=\"true\" role=\"presentation\" class=\"elementor-menu-toggle__icon--close eicon-close\"><\/i>\t\t\t<span class=\"elementor-screen-only\">Menu<\/span>\n\t\t<\/div>\n\t\t\t\t\t<nav class=\"elementor-nav-menu--dropdown elementor-nav-menu__container\" aria-hidden=\"true\">\n\t\t\t\t<ul id=\"menu-2-99c8ede\" class=\"elementor-nav-menu\"><li class=\"menu-item menu-item-type-custom menu-item-object-custom menu-item-10332\"><a href=\"\/?page_id=10862\" class=\"elementor-item\" tabindex=\"-1\">Fisioterapia<\/a><\/li>\n<li class=\"menu-item menu-item-type-custom menu-item-object-custom menu-item-9937\"><a href=\"\/?page_id=10864\" class=\"elementor-item\" tabindex=\"-1\">Enfermagem<\/a><\/li>\n<li class=\"menu-item menu-item-type-custom menu-item-object-custom menu-item-9939\"><a href=\"\/?page_id=10866\" class=\"elementor-item\" tabindex=\"-1\">M\u00e9dico<\/a><\/li>\n<li class=\"menu-item menu-item-type-custom menu-item-object-custom menu-item-10333\"><a href=\"\/?page_id=10868\" class=\"elementor-item\" tabindex=\"-1\">Sa\u00fade<\/a><\/li>\n<li class=\"menu-item menu-item-type-custom menu-item-object-custom menu-item-10334\"><a href=\"\/?page_id=10870\" class=\"elementor-item\" tabindex=\"-1\">Odontol\u00f3gico<\/a><\/li>\n<\/ul>\t\t\t<\/nav>\n\t\t\t\t<\/div>\n\t\t\t\t<\/div>\n\t\t\t\t\t<\/div>\n\t\t<\/div>\n\t\t\t\t\t<\/div>\n\t\t<\/section>\n\t\t\t\t<section class=\"elementor-section elementor-top-section elementor-element elementor-element-a5225df elementor-section-boxed elementor-section-height-default elementor-section-height-default\" data-id=\"a5225df\" data-element_type=\"section\">\n\t\t\t\t\t\t<div class=\"elementor-container elementor-column-gap-default\">\n\t\t\t\t\t<div class=\"elementor-column elementor-col-100 elementor-top-column elementor-element elementor-element-f5a494d\" data-id=\"f5a494d\" data-element_type=\"column\">\n\t\t\t<div class=\"elementor-widget-wrap elementor-element-populated\">\n\t\t\t\t\t\t<div class=\"elementor-element elementor-element-9bbf6ea elementor-widget elementor-widget-html\" data-id=\"9bbf6ea\" data-element_type=\"widget\" data-widget_type=\"html.default\">\n\t\t\t\t<div class=\"elementor-widget-container\">\n\t\t\t<h2>SERVI&Ccedil;O DE ENFERMAGEM<\/h2>\r\n   \r\n<p><h2><strong>S&atilde;o realizados os  seguintes procedimentos:<\/h2> <\/strong><\/p>\r\n<ul>\r\n<li>Acolhimento<\/li>\r\n<li>Avalia\u00e7\u00e3oes<\/li>\r\n<li>Curativos<\/li>\r\n<li>Orienta\u00e7\u00f5es<\/li>\r\n<li>Verifica\u00e7\u00e3o de sinais vitais<\/li>\r\n<li>Controle de Press\u00e3o arterial,<\/li>\r\n<li>Vacina\u00e7\u00e3o de adultos\u00a0<\/li>\r\n<li>acompanhamento de pequenas cirurgias<\/li>\r\n<\/ul>\r\n<p><h2>Procedimentos que  necessitam de pedido m&eacute;dico:<\/h2><\/p>\r\n      <ul>\r\n        <li>&nbsp;administra&ccedil;&atilde;o de medicamentos via oral ou injet&aacute;veis<\/li>\r\n        <li>&nbsp;inala&ccedil;&otilde;es<\/li>\r\n        <li>&nbsp;eletrocardiograma.<\/li>\r\n      <\/ul>\r\n      \r\n<br>  \r\n<h2>EQUIPE T\u00c9CNICA<\/h2>\r\n<p><strong>Maria Ang\u00e9lica Rodini da Silva<\/strong>\r\n<br>Enfermeira<\/p>\r\n<p><strong>Maria Lucia Biasin Pupin<\/strong>\r\n<br>T\u00e9cnica em Enfermagem<\/p>\r\n<strong>Marisa Vicente da Silva Lopes<\/strong>\r\n<br>T\u00e9cnica em Enfermagem\r\n<br>\r\n<strong>Contato: <\/strong>\r\n<br>\r\n(19) 3429-4333\t\t<\/div>\n\t\t\t\t<\/div>\n\t\t\t\t\t<\/div>\n\t\t<\/div>\n\t\t\t\t\t<\/div>\n\t\t<\/section>\n\t\t\t\t<\/div>\n\t\t","protected":false},"excerpt":{"rendered":"<p>SERVI&Ccedil;O DE ENFERMAGEM S&atilde;o realizados os seguintes procedimentos: Acolhimento Avalia\u00e7\u00e3oes Curativos Orienta\u00e7\u00f5es Verifica\u00e7\u00e3o de sinais vitais Controle de Press\u00e3o arterial, Vacina\u00e7\u00e3o de adultos\u00a0 acompanhamento de pequenas cirurgias Procedimentos que necessitam de pedido m&eacute;dico: &nbsp;administra&ccedil;&atilde;o de medicamentos via oral ou injet&aacute;veis &nbsp;inala&ccedil;&otilde;es &nbsp;eletrocardiograma. EQUIPE T\u00c9CNICA Maria Ang\u00e9lica Rodini da Silva Enfermeira Maria Lucia Biasin Pupin T\u00e9cnica [&hellip;]<\/p>\n","protected":false},"author":23873,"featured_media":0,"parent":9920,"menu_order":40,"comment_status":"closed","ping_status":"closed","template":"elementor_header_footer","meta":{"_monsterinsights_skip_tracking":false,"_monsterinsights_sitenote_active":false,"_monsterinsights_sitenote_note":"","_monsterinsights_sitenote_category":0,"footnotes":"","_links_to":"","_links_to_target":""},"class_list":["post-10864","page","type-page","status-publish","hentry","entry"],"_links":{"self":[{"href":"https:\/\/pusplq.usp.br\/index.php?rest_route=\/wp\/v2\/pages\/10864","targetHints":{"allow":["GET"]}}],"collection":[{"href":"https:\/\/pusplq.usp.br\/index.php?rest_route=\/wp\/v2\/pages"}],"about":[{"href":"https:\/\/pusplq.usp.br\/index.php?rest_route=\/wp\/v2\/types\/page"}],"author":[{"embeddable":true,"href":"https:\/\/pusplq.usp.br\/index.php?rest_route=\/wp\/v2\/users\/23873"}],"replies":[{"embeddable":true,"href":"https:\/\/pusplq.usp.br\/index.php?rest_route=%2Fwp%2Fv2%2Fcomments&post=10864"}],"version-history":[{"count":4,"href":"https:\/\/pusplq.usp.br\/index.php?rest_route=\/wp\/v2\/pages\/10864\/revisions"}],"predecessor-version":[{"id":11199,"href":"https:\/\/pusplq.usp.br\/index.php?rest_route=\/wp\/v2\/pages\/10864\/revisions\/11199"}],"up":[{"embeddable":true,"href":"https:\/\/pusplq.usp.br\/index.php?rest_route=\/wp\/v2\/pages\/9920"}],"wp:attachment":[{"href":"https:\/\/pusplq.usp.br\/index.php?rest_route=%2Fwp%2Fv2%2Fmedia&parent=10864"}],"curies":[{"name":"wp","href":"https:\/\/api.w.org\/{rel}","templated":true}]}}