{"id":10876,"date":"2025-07-22T14:02:06","date_gmt":"2025-07-22T17:02:06","guid":{"rendered":"https:\/\/pusplq.usp.br\/?page_id=10876"},"modified":"2025-07-29T14:09:30","modified_gmt":"2025-07-29T17:09:30","slug":"ubas-vacinacao","status":"publish","type":"page","link":"https:\/\/pusplq.usp.br\/?page_id=10876","title":{"rendered":"UBAS &#8211; SUS"},"content":{"rendered":"\t\t<div data-elementor-type=\"wp-page\" data-elementor-id=\"10876\" class=\"elementor elementor-10876\" data-elementor-post-type=\"page\">\n\t\t\t\t\t\t<section class=\"elementor-section elementor-top-section elementor-element elementor-element-5fc2085 elementor-section-boxed elementor-section-height-default elementor-section-height-default\" data-id=\"5fc2085\" data-element_type=\"section\">\n\t\t\t\t\t\t<div class=\"elementor-container elementor-column-gap-default\">\n\t\t\t\t\t<div class=\"elementor-column elementor-col-100 elementor-top-column elementor-element elementor-element-c7a8bef\" data-id=\"c7a8bef\" data-element_type=\"column\">\n\t\t\t<div class=\"elementor-widget-wrap elementor-element-populated\">\n\t\t\t\t\t\t<div class=\"elementor-element elementor-element-d9e5c94 elementor-widget__width-initial elementor-widget elementor-widget-image\" data-id=\"d9e5c94\" data-element_type=\"widget\" data-widget_type=\"image.default\">\n\t\t\t\t<div class=\"elementor-widget-container\">\n\t\t\t\t\t\t\t\t\t\t\t\t\t\t<a href=\"\/?page_id=9920\">\n\t\t\t\t\t\t\t<img fetchpriority=\"high\" decoding=\"async\" width=\"600\" height=\"100\" src=\"https:\/\/pusplq.usp.br\/wp-content\/uploads\/sites\/1403\/2025\/07\/logo_ubas_site2.png\" class=\"attachment-large size-large wp-image-10718\" alt=\"\" srcset=\"https:\/\/pusplq.usp.br\/wp-content\/uploads\/sites\/1403\/2025\/07\/logo_ubas_site2.png 600w, https:\/\/pusplq.usp.br\/wp-content\/uploads\/sites\/1403\/2025\/07\/logo_ubas_site2-300x50.png 300w, https:\/\/pusplq.usp.br\/wp-content\/uploads\/sites\/1403\/2025\/07\/logo_ubas_site2-280x47.png 280w, https:\/\/pusplq.usp.br\/wp-content\/uploads\/sites\/1403\/2025\/07\/logo_ubas_site2-400x67.png 400w\" sizes=\"(max-width: 600px) 100vw, 600px\" \/>\t\t\t\t\t\t\t\t<\/a>\n\t\t\t\t\t\t\t\t\t\t\t\t\t<\/div>\n\t\t\t\t<\/div>\n\t\t\t\t\t<\/div>\n\t\t<\/div>\n\t\t\t\t\t<\/div>\n\t\t<\/section>\n\t\t\t\t<section class=\"elementor-section elementor-top-section elementor-element elementor-element-9f04d52 elementor-section-boxed elementor-section-height-default elementor-section-height-default\" data-id=\"9f04d52\" data-element_type=\"section\">\n\t\t\t\t\t\t<div class=\"elementor-container elementor-column-gap-default\">\n\t\t\t\t\t<div class=\"elementor-column elementor-col-100 elementor-top-column elementor-element elementor-element-cfb2530\" data-id=\"cfb2530\" data-element_type=\"column\">\n\t\t\t<div class=\"elementor-widget-wrap elementor-element-populated\">\n\t\t\t\t\t\t<div class=\"elementor-element elementor-element-5e75ac1 elementor-nav-menu--dropdown-tablet elementor-nav-menu__text-align-aside elementor-nav-menu--toggle elementor-nav-menu--burger elementor-widget elementor-widget-nav-menu\" data-id=\"5e75ac1\" data-element_type=\"widget\" data-settings=\"{&quot;layout&quot;:&quot;horizontal&quot;,&quot;submenu_icon&quot;:{&quot;value&quot;:&quot;&lt;i class=\\&quot;fas fa-caret-down\\&quot;&gt;&lt;\\\/i&gt;&quot;,&quot;library&quot;:&quot;fa-solid&quot;},&quot;toggle&quot;:&quot;burger&quot;}\" data-widget_type=\"nav-menu.default\">\n\t\t\t\t<div class=\"elementor-widget-container\">\n\t\t\t\t\t\t<nav aria-label=\"Menu\" class=\"elementor-nav-menu--main elementor-nav-menu__container elementor-nav-menu--layout-horizontal e--pointer-underline e--animation-fade\">\n\t\t\t\t<ul id=\"menu-1-5e75ac1\" class=\"elementor-nav-menu\"><li class=\"menu-item menu-item-type-custom menu-item-object-custom menu-item-10332\"><a href=\"\/?page_id=10862\" class=\"elementor-item\">Fisioterapia<\/a><\/li>\n<li class=\"menu-item menu-item-type-custom menu-item-object-custom menu-item-9937\"><a href=\"\/?page_id=10864\" class=\"elementor-item\">Enfermagem<\/a><\/li>\n<li class=\"menu-item menu-item-type-custom menu-item-object-custom menu-item-9939\"><a href=\"\/?page_id=10866\" class=\"elementor-item\">M\u00e9dico<\/a><\/li>\n<li class=\"menu-item menu-item-type-custom menu-item-object-custom menu-item-10333\"><a href=\"\/?page_id=10868\" class=\"elementor-item\">Sa\u00fade<\/a><\/li>\n<li class=\"menu-item menu-item-type-custom menu-item-object-custom menu-item-10334\"><a href=\"\/?page_id=10870\" class=\"elementor-item\">Odontol\u00f3gico<\/a><\/li>\n<\/ul>\t\t\t<\/nav>\n\t\t\t\t\t<div class=\"elementor-menu-toggle\" role=\"button\" tabindex=\"0\" aria-label=\"Alternar menu\" aria-expanded=\"false\">\n\t\t\t<i aria-hidden=\"true\" role=\"presentation\" class=\"elementor-menu-toggle__icon--open eicon-menu-bar\"><\/i><i aria-hidden=\"true\" role=\"presentation\" class=\"elementor-menu-toggle__icon--close eicon-close\"><\/i>\t\t\t<span class=\"elementor-screen-only\">Menu<\/span>\n\t\t<\/div>\n\t\t\t\t\t<nav class=\"elementor-nav-menu--dropdown elementor-nav-menu__container\" aria-hidden=\"true\">\n\t\t\t\t<ul id=\"menu-2-5e75ac1\" class=\"elementor-nav-menu\"><li class=\"menu-item menu-item-type-custom menu-item-object-custom menu-item-10332\"><a href=\"\/?page_id=10862\" class=\"elementor-item\" tabindex=\"-1\">Fisioterapia<\/a><\/li>\n<li class=\"menu-item menu-item-type-custom menu-item-object-custom menu-item-9937\"><a href=\"\/?page_id=10864\" class=\"elementor-item\" tabindex=\"-1\">Enfermagem<\/a><\/li>\n<li class=\"menu-item menu-item-type-custom menu-item-object-custom menu-item-9939\"><a href=\"\/?page_id=10866\" class=\"elementor-item\" tabindex=\"-1\">M\u00e9dico<\/a><\/li>\n<li class=\"menu-item menu-item-type-custom menu-item-object-custom menu-item-10333\"><a href=\"\/?page_id=10868\" class=\"elementor-item\" tabindex=\"-1\">Sa\u00fade<\/a><\/li>\n<li class=\"menu-item menu-item-type-custom menu-item-object-custom menu-item-10334\"><a href=\"\/?page_id=10870\" class=\"elementor-item\" tabindex=\"-1\">Odontol\u00f3gico<\/a><\/li>\n<\/ul>\t\t\t<\/nav>\n\t\t\t\t<\/div>\n\t\t\t\t<\/div>\n\t\t\t\t\t<\/div>\n\t\t<\/div>\n\t\t\t\t\t<\/div>\n\t\t<\/section>\n\t\t\t\t<section class=\"elementor-section elementor-top-section elementor-element elementor-element-adf5855 elementor-section-boxed elementor-section-height-default elementor-section-height-default\" data-id=\"adf5855\" data-element_type=\"section\">\n\t\t\t\t\t\t<div class=\"elementor-container elementor-column-gap-default\">\n\t\t\t\t\t<div class=\"elementor-column elementor-col-100 elementor-top-column elementor-element elementor-element-f05d1ac\" data-id=\"f05d1ac\" data-element_type=\"column\">\n\t\t\t<div class=\"elementor-widget-wrap elementor-element-populated\">\n\t\t\t\t\t\t<div class=\"elementor-element elementor-element-43afbb1 elementor-widget elementor-widget-heading\" data-id=\"43afbb1\" data-element_type=\"widget\" data-widget_type=\"heading.default\">\n\t\t\t\t<div class=\"elementor-widget-container\">\n\t\t\t<h2 class=\"elementor-heading-title elementor-size-default\">COMO UTILIZAR O  SISTEMA \u00daNICO DE SA\u00daDE (SUS) NO MUNIC\u00cdPIO DE PIRACICABA<\/h2>\t\t<\/div>\n\t\t\t\t<\/div>\n\t\t\t\t\t<\/div>\n\t\t<\/div>\n\t\t\t\t\t<\/div>\n\t\t<\/section>\n\t\t\t\t<section class=\"elementor-section elementor-top-section elementor-element elementor-element-0458989 elementor-section-boxed elementor-section-height-default elementor-section-height-default\" data-id=\"0458989\" data-element_type=\"section\">\n\t\t\t\t\t\t<div class=\"elementor-container elementor-column-gap-default\">\n\t\t\t\t\t<div class=\"elementor-column elementor-col-100 elementor-top-column elementor-element elementor-element-7da42f4\" data-id=\"7da42f4\" data-element_type=\"column\">\n\t\t\t<div class=\"elementor-widget-wrap elementor-element-populated\">\n\t\t\t\t\t\t<div class=\"elementor-element elementor-element-7dc1edf elementor-widget elementor-widget-html\" data-id=\"7dc1edf\" data-element_type=\"widget\" data-widget_type=\"html.default\">\n\t\t\t\t<div class=\"elementor-widget-container\">\n\t\t\t<p>Para atendimento no Servi\u00e7o P\u00fablico Municipal, cadastrar-se em uma UBS mais pr\u00f3xima de sua resid\u00eancia. Apresentar um comprovante de resid\u00eancia e um documento com foto.<br>\r\n        <strong>Obs.:<\/strong>\u00a0Moradores da \"CEU\",\u00a0 a UBS de refer\u00eancia \u00e9 a do Centro .<\/p>\r\n      <p><strong>Documenta&ccedil;&atilde;o  necess&aacute;ria:<\/strong><\/p>\r\n      <ol>\r\n        <li><strong><u>RG<\/u><\/strong><\/li>\r\n        <li><strong><u>Comprovante de resid&ecirc;ncia<\/u><\/strong>, se&nbsp; o im&oacute;vel for alugado levar c&oacute;pia do contrato  de aluguel, e se residir em moradia estudantil da ESALQ, levar uma declara&ccedil;&atilde;o  que dever&aacute; ser retirada no Servi&ccedil;o Social \/ DVATCOM.<\/li>\r\n      <\/ol>\r\n      <ol>\r\n        <li><strong>Fazer o Cart&atilde;o SUS no Poupa-tempo Municipal:<\/strong><\/li>\r\n      <\/ol>\r\n      <p>Av. Armando Salles  de Oliveira n&ordm; 2056, esquina com a Rua D. Pedro II - Centro<br>\r\n        <u>Telefone:<\/u> (19) 3433 1605&nbsp; <br>\r\n        Atendimento de 2&ordf; a  6&ordf; feira das 08h30 &agrave;s 16h30<br>\r\n  <u>Documentos  necess&aacute;rios<\/u>: <br>\r\n  <strong>Adulto-<\/strong> CIC, RG,  Comprovante de resid&ecirc;ncia atual, Cart&atilde;o da UBS\/Posto M&eacute;dico.<br>\r\n  <strong>Crian&ccedil;a-<\/strong> Certid&atilde;o de  Nascimento, comprovante de resid&ecirc;ncia, cart&atilde;o da UBS\/Posto M&eacute;dico<\/p>\r\n      <ol>\r\n        <li><strong>Os alunos e seus dependentes, cadastrados na UBAS  ESALQ,<\/strong> ter&atilde;o direito &agrave; assist&ecirc;ncia nos recursos dispon&iacute;veis na UBAS de Piracicaba,  consultar&nbsp; site www.pclq.usp.br\/ubas. Se  houver solicita&ccedil;&atilde;o para: exames ou encaminhamentos para especialidades,  comparecer ao Posto M&eacute;dico do SUS \/ UBS, ap&oacute;s proceder&nbsp; o cadastro no mesmo e fazer o cart&atilde;o SUS no  poupa-tempo conforme orienta&ccedil;&atilde;o no in&iacute;cio.<\/li>\r\n      <\/ol>\r\n      <p>Em caso de Urg&ecirc;ncia  e emerg&ecirc;ncia, procurar o pronto socorro do SUS mais pr&oacute;ximo de sua resid&ecirc;ncia.<\/p>\r\n      <table  border=\"0\" cellspacing=\"0\" cellpadding=\"0\" width=\"486\">\r\n        <tr>\r\n          <td width=\"178\" bgcolor=\"#CCCCCC\"><br>\r\n            <strong>PRONTO    SOCORRO DO BAIRRO VILA SONIA<\/strong> - Unidade de Pronto Atendimento M&eacute;dico &ndash;    UPAM - &ldquo;Nestor Longatto&rdquo; <\/td>\r\n          <td width=\"95\" bgcolor=\"#CCCCCC\"><p align=\"center\">3415 1450<br>\r\n            3425 3284<br>\r\n            3425 3598<\/p><\/td>\r\n          <td width=\"213\" bgcolor=\"#CCCCCC\"><p>Rua    Brigadeiro Eduardo Gomes, 106<\/p><\/td>\r\n        <\/tr>\r\n        <tr>\r\n          <td width=\"178\"><p><strong>PRONTO    SOCORRO DO BAIRRO PIRACICAMIRIM<\/strong> - Unidade de Pronto Atendimento M&eacute;dico &ndash;    UPAM - &ldquo;Dr. Fortunato Losso Neto&rdquo;<\/p><\/td>\r\n          <td width=\"95\"><p align=\"center\">3426 4973<\/p><\/td>\r\n          <td width=\"213\"><p>Rua    Rio Grande do Norte, 135<\/p><\/td>\r\n        <\/tr>\r\n        <tr>\r\n          <td width=\"178\" bgcolor=\"#CCCCCC\"><p><strong>PRONTO    SOCORRO DO BAIRRO VILA CRISTINA<\/strong> - Unidade de Pronto Atendimento M&eacute;dico &ndash;    UPAM &ndash; &ldquo;Frei Sigrist&rdquo;<\/p><\/td>\r\n          <td width=\"95\" bgcolor=\"#CCCCCC\"><p align=\"center\">3434 9356<br>\r\n            3434 2296<br>\r\n            3402 2242<\/p><\/td>\r\n          <td width=\"213\" bgcolor=\"#CCCCCC\"><p>Rua    Presidente Venceslau Br&aacute;s, 69<\/p><\/td>\r\n        <\/tr>\r\n        <tr>\r\n          <td width=\"178\"><p><strong>PRONTO    SOCORRO DO BAIRRO VILA REZENDE<\/strong> - Unidade de Pronto Atendimento M&eacute;dico &ndash;    UPAM - &ldquo;Dr. Alfredo Jos&eacute; de Castro Neves&rdquo;<\/p><\/td>\r\n          <td width=\"95\"><p align=\"center\">3421 1439<br>\r\n            3421 0676<\/p><\/td>\r\n          <td width=\"213\"><p>Avenida    Concei&ccedil;&atilde;o, 350<\/p><\/td>\r\n        <\/tr>\r\n        <tr>\r\n          <td width=\"178\" bgcolor=\"#CCCCCC\"><p><strong>CENTRAL    DE ORTOPEDIA E TRAUMATOLOGIA &ndash; COT<\/strong><\/p><\/td>\r\n          <td width=\"95\" bgcolor=\"#CCCCCC\"><p align=\"center\">3433 1686<\/p><\/td>\r\n          <td width=\"213\" bgcolor=\"#CCCCCC\"><p>Rua    Luiz de Cam&otilde;es esq com <br>Av Alberto Vollet Sachs<\/p><\/td>\r\n        <\/tr>\r\n        <tr>\r\n          <td width=\"178\"><p>UBS    do Bairro Algodoal<\/p><\/td>\r\n          <td width=\"95\"><p align=\"center\">3421 1253<\/p><\/td>\r\n          <td width=\"213\"><p>Rua    Vit&oacute;rio Laerte Furlan, 1023<\/p><\/td>\r\n        <\/tr>\r\n        <tr>\r\n          <td width=\"178\" bgcolor=\"#CCCCCC\"><p>UBS    do Bairro Alvorada<\/p><\/td>\r\n          <td width=\"95\" bgcolor=\"#CCCCCC\"><p align=\"center\">3426 4647<\/p><\/td>\r\n          <td width=\"213\" bgcolor=\"#CCCCCC\"><p>Rua    S&eacute;rgio Cardoso, 185<\/p><\/td>\r\n        <\/tr>\r\n        <tr>\r\n          <td width=\"178\"><p>UBS    do Bairro Anhumas<\/p><\/td>\r\n          <td width=\"95\"><p align=\"center\">3438 4205<\/p><\/td>\r\n          <td width=\"213\"><p>Rodovia    Luiz Dias Gonzaga, 11<\/p><\/td>\r\n        <\/tr>\r\n        <tr>\r\n          <td width=\"178\" bgcolor=\"#CCCCCC\"><p>UBS    do Bairro &Aacute;rtemis<\/p><\/td>\r\n          <td width=\"95\" bgcolor=\"#CCCCCC\"><p align=\"center\">3438 1211<\/p><\/td>\r\n          <td width=\"213\" bgcolor=\"#CCCCCC\"><p>Avenida    Fioravante Cenedese, 881<\/p><\/td>\r\n        <\/tr>\r\n        <tr>\r\n          <td width=\"178\"><p>UBS    do Bairro Parque Piracicaba (Balbo)<\/p><\/td>\r\n          <td width=\"95\"><p align=\"center\">3425 1143<\/p><\/td>\r\n          <td width=\"213\"><p>Rua    Palmital, s\/n&ordm;<\/p><\/td>\r\n        <\/tr>\r\n        <tr>\r\n          <td width=\"178\" bgcolor=\"#CCCCCC\"><p>UBS    do Bairro Caxambu<\/p><\/td>\r\n          <td width=\"95\" bgcolor=\"#CCCCCC\"><p align=\"center\">3426 4849<\/p><\/td>\r\n          <td width=\"213\" bgcolor=\"#CCCCCC\"><p>Rua    Engenheiro Romano Coury, 513<\/p><\/td>\r\n        <\/tr>\r\n        <tr>\r\n          <td width=\"178\"><p>UBS    do Bairro Centro<\/p><\/td>\r\n          <td width=\"95\"><p align=\"center\">3422 6872<\/p><\/td>\r\n          <td width=\"213\"><p>Rua    D. Pedro II, 760<\/p><\/td>\r\n        <\/tr>\r\n        <tr>\r\n          <td width=\"178\" bgcolor=\"#CCCCCC\"><p>UBS    do Bairro Esplanada&nbsp;<\/p><\/td>\r\n          <td width=\"95\" bgcolor=\"#CCCCCC\"><p align=\"center\">3434 5073<\/p><\/td>\r\n          <td width=\"213\" bgcolor=\"#CCCCCC\"><p>Rua    Augusto Furlan, 30<\/p><\/td>\r\n        <\/tr>\r\n        <tr>\r\n          <td width=\"178\"><p>UBS    do Bairro Ibitiruna<\/p><\/td>\r\n          <td width=\"95\"><p align=\"center\">3438 4126<\/p><\/td>\r\n          <td width=\"213\"><p>Rua    Piracicaba, 10<\/p><\/td>\r\n        <\/tr>\r\n        <tr>\r\n          <td width=\"178\" bgcolor=\"#CCCCCC\"><p>UBS    do Bairro Independ&ecirc;ncia<\/p><\/td>\r\n          <td width=\"95\" bgcolor=\"#CCCCCC\"><p align=\"center\">3433 0148<\/p><\/td>\r\n          <td width=\"213\" bgcolor=\"#CCCCCC\"><p>Rua    Frei Luiz Santana, 366 &ndash; Jardim Bras&iacute;lia<\/p><\/td>\r\n        <\/tr>\r\n        <tr>\r\n          <td width=\"178\"><p>UBS    do Bairro Jardim Planalto<\/p><\/td>\r\n          <td width=\"95\"><p align=\"center\">3433 7678<\/p><\/td>\r\n          <td width=\"213\"><p>Rua    Herculino M&ocirc;naco, 180<\/p><\/td>\r\n        <\/tr>\r\n        <tr>\r\n          <td width=\"178\" bgcolor=\"#CCCCCC\"><p>UBS    do Bairro Jardim S&atilde;o Paulo<\/p><\/td>\r\n          <td width=\"95\" bgcolor=\"#CCCCCC\"><p align=\"center\">3434 1755<\/p><\/td>\r\n          <td width=\"213\" bgcolor=\"#CCCCCC\"><p>Rua    Felinto de Brito, 334<\/p><\/td>\r\n        <\/tr>\r\n        <tr>\r\n          <td width=\"178\"><p>UBS    do Bairro Jupi&aacute;<\/p><\/td>\r\n          <td width=\"95\"><p align=\"center\">3427 1644<\/p><\/td>\r\n          <td width=\"213\"><p>Rua    Jo&atilde;o Eud&oacute;xio da Silva, s\/n&ordm;<\/p><\/td>\r\n        <\/tr>\r\n        <tr>\r\n          <td width=\"178\" bgcolor=\"#CCCCCC\"><p>UBS    do Bairro Novo Horizonte<\/p><\/td>\r\n          <td width=\"95\" bgcolor=\"#CCCCCC\"><p align=\"center\">3422 9655<\/p><\/td>\r\n          <td width=\"213\" bgcolor=\"#CCCCCC\"><p>Rua    Moacir Martins, 255<\/p><\/td>\r\n        <\/tr>\r\n        <tr>\r\n          <td width=\"178\"><p>UBS    do Bairro Parque Orlanda<\/p><\/td>\r\n          <td width=\"95\"><p align=\"center\">3425 2088<\/p><\/td>\r\n          <td width=\"213\"><p>Rua    Jorge An&eacute;falos, 350<\/p><\/td>\r\n        <\/tr>\r\n        <tr>\r\n          <td width=\"178\" bgcolor=\"#CCCCCC\"><p>UBS    do Bairro Paulic&eacute;ia (Cor&eacute;ia)<\/p><\/td>\r\n          <td width=\"95\" bgcolor=\"#CCCCCC\"><p align=\"center\">3434 0882<\/p><\/td>\r\n          <td width=\"213\" bgcolor=\"#CCCCCC\"><p>Rua    Santa Helena, 324<\/p><\/td>\r\n        <\/tr>\r\n        <tr>\r\n          <td width=\"178\"><p>UBS    do Bairro Piracicamirim<\/p><\/td>\r\n          <td width=\"95\"><p align=\"center\">3426 1830<br>\r\n              3411 2020<\/p><\/td>\r\n          <td width=\"213\"><p>Rua    Gon&ccedil;alves Dias, 70<\/p><\/td>\r\n        <\/tr>\r\n        <tr>\r\n          <td width=\"178\" bgcolor=\"#CCCCCC\"><p>UBS    do Bairro Santa Terezinha<\/p><\/td>\r\n          <td width=\"95\" bgcolor=\"#CCCCCC\"><p align=\"center\">3425-7209<br>3425-2484 <\/p><\/td>\r\n          <td width=\"213\" bgcolor=\"#CCCCCC\"><p>Rua    Nicolau Zem, 220<\/p><\/td>\r\n        <\/tr>\r\n        <tr>\r\n          <td width=\"178\"><p>UBS    do Bairro Santana<\/p><\/td>\r\n          <td width=\"95\"><p align=\"center\">3425 0376<\/p><\/td>\r\n          <td width=\"213\"><p>Rua    S&atilde;o Jorge, s\/n&ordm;<\/p><\/td>\r\n        <\/tr>\r\n        <tr>\r\n          <td width=\"178\" bgcolor=\"#CCCCCC\"><p>UBS    do Bairro Tanquinho<\/p><\/td>\r\n          <td width=\"95\" bgcolor=\"#CCCCCC\"><p align=\"center\">3431-1115<\/p><\/td>\r\n          <td width=\"213\" bgcolor=\"#CCCCCC\"><p>Rua    Am&eacute;rico Faganello, s\/n&ordm;<\/p><\/td>\r\n        <\/tr>\r\n        <tr>\r\n          <td width=\"178\"><p>UBS    do Bairro Vila Cristina<\/p><\/td>\r\n          <td width=\"95\"><p align=\"center\">3422 1320 <br>\r\n              3434-4529<\/p><\/td>\r\n          <td width=\"213\"><p>Avenida    Raposo Tavares, 1851<\/p><\/td>\r\n        <\/tr>\r\n        <tr>\r\n          <td width=\"178\" bgcolor=\"#CCCCCC\"><p>UBS    do Bairro Vila F&aacute;tima<\/p><\/td>\r\n          <td width=\"95\" bgcolor=\"#CCCCCC\"><p align=\"center\">3421 8577<\/p><\/td>\r\n          <td width=\"213\" bgcolor=\"#CCCCCC\"><p>Rua    Jo&atilde;o Alves de Almeida, 355<\/p><\/td>\r\n        <\/tr>\r\n        <tr>\r\n          <td width=\"178\"><p>UBS    do Bairro Vila Rezende<\/p><\/td>\r\n          <td width=\"95\"><p align=\"center\">3421 8924<\/p><\/td>\r\n          <td width=\"213\"><p>Rua    Santo Estev&atilde;o, 394<\/p><\/td>\r\n        <\/tr>\r\n      <\/table>\r\n      <p>Com o intuito de agilizar e facilitar o acesso aos servi\u00e7os p\u00fablicos municipais, a Prefeitura de Piracicaba lan\u00e7ou o C<strong>art\u00e3o Pira Cidad\u00e3o<\/strong>, que serve como documento de identidade do piracicabano, viabilizado gratuitamente, mediante preenchimento de cadastro no site\u00a0\u00a0<a href=\"https:\/\/cartaopiracidadao.com.br\/\" target=\"_blank\" data-saferedirecturl=\"https:\/\/www.google.com\/url?q=https:\/\/cartaopiracidadao.com.br\/&source=gmail&ust=1706621465842000&usg=AOvVaw1OUA6bMbLJZWGjHmc9aoxj\">https:\/\/cartaopiracidadao.com.br\/<\/a>\u00a0\u00a0\u00a0ou\u00a0presencialmente:<\/p><p>Travessa Oleg\u00e1rio Mariano, 327, Vila Monteiro\r\n<br>De segunda a sexta-feira, das 8h \u00e0s 17h\r\n<br>S\u00e1bados, das 8h \u00e0s 12h<\/p>\r\n     <center><h1>Informa\u00e7\u00f5es dos\r\n      <br>Servi\u00e7os P\u00fablicos de Piracicaba:\u00a0<br>\r\n        <strong>Ligue 156<\/strong><\/h1><\/center>\r\n           <\/p>\r\n\t\t<\/div>\n\t\t\t\t<\/div>\n\t\t\t\t\t<\/div>\n\t\t<\/div>\n\t\t\t\t\t<\/div>\n\t\t<\/section>\n\t\t\t\t<\/div>\n\t\t","protected":false},"excerpt":{"rendered":"<p>COMO UTILIZAR O SISTEMA \u00daNICO DE SA\u00daDE (SUS) NO MUNIC\u00cdPIO DE PIRACICABA Para atendimento no Servi\u00e7o P\u00fablico Municipal, cadastrar-se em uma UBS mais pr\u00f3xima de sua resid\u00eancia. Apresentar um comprovante de resid\u00eancia e um documento com foto. Obs.:\u00a0Moradores da &#8220;CEU&#8221;,\u00a0 a UBS de refer\u00eancia \u00e9 a do Centro . Documenta&ccedil;&atilde;o necess&aacute;ria: RG Comprovante de resid&ecirc;ncia, [&hellip;]<\/p>\n","protected":false},"author":23873,"featured_media":0,"parent":9920,"menu_order":90,"comment_status":"closed","ping_status":"closed","template":"elementor_header_footer","meta":{"_monsterinsights_skip_tracking":false,"_monsterinsights_sitenote_active":false,"_monsterinsights_sitenote_note":"","_monsterinsights_sitenote_category":0,"footnotes":"","_links_to":"","_links_to_target":""},"class_list":["post-10876","page","type-page","status-publish","hentry","entry"],"_links":{"self":[{"href":"https:\/\/pusplq.usp.br\/index.php?rest_route=\/wp\/v2\/pages\/10876","targetHints":{"allow":["GET"]}}],"collection":[{"href":"https:\/\/pusplq.usp.br\/index.php?rest_route=\/wp\/v2\/pages"}],"about":[{"href":"https:\/\/pusplq.usp.br\/index.php?rest_route=\/wp\/v2\/types\/page"}],"author":[{"embeddable":true,"href":"https:\/\/pusplq.usp.br\/index.php?rest_route=\/wp\/v2\/users\/23873"}],"replies":[{"embeddable":true,"href":"https:\/\/pusplq.usp.br\/index.php?rest_route=%2Fwp%2Fv2%2Fcomments&post=10876"}],"version-history":[{"count":4,"href":"https:\/\/pusplq.usp.br\/index.php?rest_route=\/wp\/v2\/pages\/10876\/revisions"}],"predecessor-version":[{"id":11217,"href":"https:\/\/pusplq.usp.br\/index.php?rest_route=\/wp\/v2\/pages\/10876\/revisions\/11217"}],"up":[{"embeddable":true,"href":"https:\/\/pusplq.usp.br\/index.php?rest_route=\/wp\/v2\/pages\/9920"}],"wp:attachment":[{"href":"https:\/\/pusplq.usp.br\/index.php?rest_route=%2Fwp%2Fv2%2Fmedia&parent=10876"}],"curies":[{"name":"wp","href":"https:\/\/api.w.org\/{rel}","templated":true}]}}