{"id":3152,"date":"2024-03-14T07:55:57","date_gmt":"2024-03-14T10:55:57","guid":{"rendered":"https:\/\/sites.usp.br\/pusplq\/?page_id=3152"},"modified":"2026-04-13T16:15:11","modified_gmt":"2026-04-13T19:15:11","slug":"divisoes","status":"publish","type":"page","link":"https:\/\/pusplq.usp.br\/?page_id=3152","title":{"rendered":"Divis\u00f5es"},"content":{"rendered":"\t\t<div data-elementor-type=\"wp-page\" data-elementor-id=\"3152\" class=\"elementor elementor-3152\" data-elementor-post-type=\"page\">\n\t\t\t\t\t\t<section class=\"elementor-section elementor-top-section elementor-element elementor-element-a1c833a elementor-section-boxed elementor-section-height-default elementor-section-height-default\" data-id=\"a1c833a\" data-element_type=\"section\">\n\t\t\t\t\t\t<div class=\"elementor-container elementor-column-gap-default\">\n\t\t\t\t\t<div class=\"elementor-column elementor-col-100 elementor-top-column elementor-element elementor-element-f89648e\" data-id=\"f89648e\" data-element_type=\"column\">\n\t\t\t<div class=\"elementor-widget-wrap elementor-element-populated\">\n\t\t\t\t\t\t<div class=\"elementor-element elementor-element-c88db3e elementor-widget elementor-widget-heading\" data-id=\"c88db3e\" data-element_type=\"widget\" data-widget_type=\"heading.default\">\n\t\t\t\t<div class=\"elementor-widget-container\">\n\t\t\t<h2 class=\"elementor-heading-title elementor-size-default\">DIVIS\u00d5ES<\/h2>\t\t<\/div>\n\t\t\t\t<\/div>\n\t\t\t\t\t<\/div>\n\t\t<\/div>\n\t\t\t\t\t<\/div>\n\t\t<\/section>\n\t\t\t\t<section class=\"elementor-section elementor-top-section elementor-element elementor-element-aaa30d7 elementor-section-boxed elementor-section-height-default elementor-section-height-default\" data-id=\"aaa30d7\" data-element_type=\"section\">\n\t\t\t\t\t\t<div class=\"elementor-container elementor-column-gap-default\">\n\t\t\t\t\t<div class=\"elementor-column elementor-col-25 elementor-top-column elementor-element elementor-element-2adb34a\" data-id=\"2adb34a\" data-element_type=\"column\">\n\t\t\t<div class=\"elementor-widget-wrap elementor-element-populated\">\n\t\t\t\t\t\t<div class=\"elementor-element elementor-element-aee460b elementor-widget__width-initial elementor-position-top elementor-widget elementor-widget-image-box\" data-id=\"aee460b\" data-element_type=\"widget\" data-widget_type=\"image-box.default\">\n\t\t\t\t<div class=\"elementor-widget-container\">\n\t\t\t<div class=\"elementor-image-box-wrapper\"><figure class=\"elementor-image-box-img\"><a href=\"?page_id=4004\" tabindex=\"-1\"><img fetchpriority=\"high\" decoding=\"async\" width=\"300\" height=\"300\" src=\"https:\/\/pusplq.usp.br\/wp-content\/uploads\/sites\/1403\/2026\/04\/bt_administracao6.png\" class=\"elementor-animation-grow attachment-large size-large wp-image-13685\" alt=\"\" srcset=\"https:\/\/pusplq.usp.br\/wp-content\/uploads\/sites\/1403\/2026\/04\/bt_administracao6.png 300w, https:\/\/pusplq.usp.br\/wp-content\/uploads\/sites\/1403\/2026\/04\/bt_administracao6-150x150.png 150w, https:\/\/pusplq.usp.br\/wp-content\/uploads\/sites\/1403\/2026\/04\/bt_administracao6-45x45.png 45w, https:\/\/pusplq.usp.br\/wp-content\/uploads\/sites\/1403\/2026\/04\/bt_administracao6-280x280.png 280w, https:\/\/pusplq.usp.br\/wp-content\/uploads\/sites\/1403\/2026\/04\/bt_administracao6-200x200.png 200w\" sizes=\"(max-width: 300px) 100vw, 300px\" \/><\/a><\/figure><div class=\"elementor-image-box-content\"><p class=\"elementor-image-box-description\"><br>\n<p style=\"text-align: justify\"> &nbsp;&nbsp;&nbsp;&nbsp;&nbsp;&nbsp;Respons\u00e1vel pela execu\u00e7\u00e3o or\u00e7ament\u00e1ria, financeira, almoxarifado, patrim\u00f4nio, RH e gest\u00e3o de contratos de terceiros (limpeza\/seguran\u00e7a).<br>.<\/p>\n<strong>(19)  3429 4380<br>\nadm.lq@usp.br<\/strong><\/p><\/div><\/div>\t\t<\/div>\n\t\t\t\t<\/div>\n\t\t\t\t\t<\/div>\n\t\t<\/div>\n\t\t\t\t<div class=\"elementor-column elementor-col-25 elementor-top-column elementor-element elementor-element-5de8ab3\" data-id=\"5de8ab3\" data-element_type=\"column\">\n\t\t\t<div class=\"elementor-widget-wrap elementor-element-populated\">\n\t\t\t\t\t\t<div class=\"elementor-element elementor-element-5268493 elementor-widget__width-initial elementor-position-top elementor-widget elementor-widget-image-box\" data-id=\"5268493\" data-element_type=\"widget\" data-widget_type=\"image-box.default\">\n\t\t\t\t<div class=\"elementor-widget-container\">\n\t\t\t<div class=\"elementor-image-box-wrapper\"><figure class=\"elementor-image-box-img\"><a href=\"?page_id=4006\u200b\" tabindex=\"-1\"><img decoding=\"async\" width=\"300\" height=\"300\" src=\"https:\/\/pusplq.usp.br\/wp-content\/uploads\/sites\/1403\/2026\/04\/bt_comunidade5.png\" class=\"elementor-animation-grow attachment-medium size-medium wp-image-13676\" alt=\"\" srcset=\"https:\/\/pusplq.usp.br\/wp-content\/uploads\/sites\/1403\/2026\/04\/bt_comunidade5.png 300w, https:\/\/pusplq.usp.br\/wp-content\/uploads\/sites\/1403\/2026\/04\/bt_comunidade5-150x150.png 150w, https:\/\/pusplq.usp.br\/wp-content\/uploads\/sites\/1403\/2026\/04\/bt_comunidade5-45x45.png 45w, https:\/\/pusplq.usp.br\/wp-content\/uploads\/sites\/1403\/2026\/04\/bt_comunidade5-280x280.png 280w, https:\/\/pusplq.usp.br\/wp-content\/uploads\/sites\/1403\/2026\/04\/bt_comunidade5-200x200.png 200w\" sizes=\"(max-width: 300px) 100vw, 300px\" \/><\/a><\/figure><div class=\"elementor-image-box-content\"><p class=\"elementor-image-box-description\"><br>\n<p style=\"text-align: justify\"> &nbsp;&nbsp;&nbsp;&nbsp;&nbsp;&nbsp;Foca em servi\u00e7os de apoio, incluindo a gest\u00e3o do restaurante universit\u00e1rio, a moradia estudantil (CAVE) e outras comodidades para a comunidade interna.<br><\/p>\n<strong> (19) 3429 4161\n dvatcom.lq@usp.br<\/strong><\/p><\/div><\/div>\t\t<\/div>\n\t\t\t\t<\/div>\n\t\t\t\t\t<\/div>\n\t\t<\/div>\n\t\t\t\t<div class=\"elementor-column elementor-col-25 elementor-top-column elementor-element elementor-element-c4cea74\" data-id=\"c4cea74\" data-element_type=\"column\">\n\t\t\t<div class=\"elementor-widget-wrap elementor-element-populated\">\n\t\t\t\t\t\t<div class=\"elementor-element elementor-element-0ff964c elementor-position-top elementor-widget elementor-widget-image-box\" data-id=\"0ff964c\" data-element_type=\"widget\" data-widget_type=\"image-box.default\">\n\t\t\t\t<div class=\"elementor-widget-container\">\n\t\t\t<div class=\"elementor-image-box-wrapper\"><figure class=\"elementor-image-box-img\"><a href=\"?page_id=4010\" tabindex=\"-1\"><img decoding=\"async\" width=\"300\" height=\"300\" src=\"https:\/\/pusplq.usp.br\/wp-content\/uploads\/sites\/1403\/2026\/04\/bt_manutencaoeoperacao5.png\" class=\"elementor-animation-grow attachment-large size-large wp-image-13678\" alt=\"\" srcset=\"https:\/\/pusplq.usp.br\/wp-content\/uploads\/sites\/1403\/2026\/04\/bt_manutencaoeoperacao5.png 300w, https:\/\/pusplq.usp.br\/wp-content\/uploads\/sites\/1403\/2026\/04\/bt_manutencaoeoperacao5-150x150.png 150w, https:\/\/pusplq.usp.br\/wp-content\/uploads\/sites\/1403\/2026\/04\/bt_manutencaoeoperacao5-45x45.png 45w, https:\/\/pusplq.usp.br\/wp-content\/uploads\/sites\/1403\/2026\/04\/bt_manutencaoeoperacao5-280x280.png 280w, https:\/\/pusplq.usp.br\/wp-content\/uploads\/sites\/1403\/2026\/04\/bt_manutencaoeoperacao5-200x200.png 200w\" sizes=\"(max-width: 300px) 100vw, 300px\" \/><\/a><\/figure><div class=\"elementor-image-box-content\"><p class=\"elementor-image-box-description\"><br>\n<p style=\"text-align: justify\">&nbsp;Respons\u00e1vel pelo planejamento t\u00e9cnico e fiscaliza\u00e7\u00e3o dos servi\u00e7os de infraestrutura executados em todo o Campus.. <br> <p>\n<br>\n<strong>(19) 3429 4394\ndvmo.lq@usp.br<\/strong><\/p><\/div><\/div>\t\t<\/div>\n\t\t\t\t<\/div>\n\t\t\t\t\t<\/div>\n\t\t<\/div>\n\t\t\t\t<div class=\"elementor-column elementor-col-25 elementor-top-column elementor-element elementor-element-e68b487\" data-id=\"e68b487\" data-element_type=\"column\">\n\t\t\t<div class=\"elementor-widget-wrap elementor-element-populated\">\n\t\t\t\t\t\t<div class=\"elementor-element elementor-element-9448317 elementor-position-top elementor-widget elementor-widget-image-box\" data-id=\"9448317\" data-element_type=\"widget\" data-widget_type=\"image-box.default\">\n\t\t\t\t<div class=\"elementor-widget-container\">\n\t\t\t<div class=\"elementor-image-box-wrapper\"><figure class=\"elementor-image-box-img\"><a href=\"?page_id=4008\" tabindex=\"-1\"><img loading=\"lazy\" decoding=\"async\" width=\"300\" height=\"300\" src=\"https:\/\/pusplq.usp.br\/wp-content\/uploads\/sites\/1403\/2026\/04\/bt_engenharia.png\" class=\"elementor-animation-grow attachment-large size-large wp-image-13677\" alt=\"\" srcset=\"https:\/\/pusplq.usp.br\/wp-content\/uploads\/sites\/1403\/2026\/04\/bt_engenharia.png 300w, https:\/\/pusplq.usp.br\/wp-content\/uploads\/sites\/1403\/2026\/04\/bt_engenharia-150x150.png 150w, https:\/\/pusplq.usp.br\/wp-content\/uploads\/sites\/1403\/2026\/04\/bt_engenharia-45x45.png 45w, https:\/\/pusplq.usp.br\/wp-content\/uploads\/sites\/1403\/2026\/04\/bt_engenharia-280x280.png 280w, https:\/\/pusplq.usp.br\/wp-content\/uploads\/sites\/1403\/2026\/04\/bt_engenharia-200x200.png 200w\" sizes=\"(max-width: 300px) 100vw, 300px\" \/><\/a><\/figure><div class=\"elementor-image-box-content\"><p class=\"elementor-image-box-description\"><br>\n<p style=\"text-align: justify\">&nbsp;&nbsp;&nbsp;&nbsp;&nbsp;&nbsp;A Divis\u00e3o do Espa\u00e7o F\u00edsico coordena as obras no campus \u201cLuiz de Queiroz\u201d quanto a execu\u00e7\u00e3o e fiscaliza\u00e7\u00e3o.  <br>. <\/p>\n<br>\n\n<strong> (19) 3447 8600<br>\ndvef.lq@usp.br<\/strong><\/p><\/div><\/div>\t\t<\/div>\n\t\t\t\t<\/div>\n\t\t\t\t\t<\/div>\n\t\t<\/div>\n\t\t\t\t\t<\/div>\n\t\t<\/section>\n\t\t\t\t<section class=\"elementor-section elementor-top-section elementor-element elementor-element-0f006a5 elementor-section-boxed elementor-section-height-default elementor-section-height-default\" data-id=\"0f006a5\" data-element_type=\"section\">\n\t\t\t\t\t\t<div class=\"elementor-container elementor-column-gap-default\">\n\t\t\t\t\t<div class=\"elementor-column elementor-col-100 elementor-top-column elementor-element elementor-element-2b6ed88\" data-id=\"2b6ed88\" data-element_type=\"column\">\n\t\t\t<div class=\"elementor-widget-wrap elementor-element-populated\">\n\t\t\t\t\t\t<div class=\"elementor-element elementor-element-14ec835 elementor-widget elementor-widget-heading\" data-id=\"14ec835\" data-element_type=\"widget\" data-widget_type=\"heading.default\">\n\t\t\t\t<div class=\"elementor-widget-container\">\n\t\t\t<h1 class=\"elementor-heading-title elementor-size-default\">HOR\u00c1RIO DE FUNCIONAMENTO<\/h1>\t\t<\/div>\n\t\t\t\t<\/div>\n\t\t\t\t<div class=\"elementor-element elementor-element-778d0f6 elementor-widget elementor-widget-heading\" data-id=\"778d0f6\" data-element_type=\"widget\" data-widget_type=\"heading.default\">\n\t\t\t\t<div class=\"elementor-widget-container\">\n\t\t\t<h4 class=\"elementor-heading-title elementor-size-default\">de segunda a sexta-feira das 07:30 \u00e0s 11:30 e das 13:00 \u00e0s 17:00<br>\n(exceto feriados e recesso.)<\/h4>\t\t<\/div>\n\t\t\t\t<\/div>\n\t\t\t\t\t<\/div>\n\t\t<\/div>\n\t\t\t\t\t<\/div>\n\t\t<\/section>\n\t\t\t\t<section class=\"elementor-section elementor-top-section elementor-element elementor-element-2e1051a elementor-section-boxed elementor-section-height-default elementor-section-height-default\" data-id=\"2e1051a\" data-element_type=\"section\">\n\t\t\t\t\t\t<div class=\"elementor-container elementor-column-gap-default\">\n\t\t\t\t\t<div class=\"elementor-column elementor-col-100 elementor-top-column elementor-element elementor-element-b4b74cc\" data-id=\"b4b74cc\" data-element_type=\"column\">\n\t\t\t<div class=\"elementor-widget-wrap elementor-element-populated\">\n\t\t\t\t\t\t<div class=\"elementor-element elementor-element-ba34c13 elementor-widget elementor-widget-spacer\" data-id=\"ba34c13\" data-element_type=\"widget\" data-widget_type=\"spacer.default\">\n\t\t\t\t<div class=\"elementor-widget-container\">\n\t\t\t\t\t<div class=\"elementor-spacer\">\n\t\t\t<div class=\"elementor-spacer-inner\"><\/div>\n\t\t<\/div>\n\t\t\t\t<\/div>\n\t\t\t\t<\/div>\n\t\t\t\t\t<\/div>\n\t\t<\/div>\n\t\t\t\t\t<\/div>\n\t\t<\/section>\n\t\t\t\t<\/div>\n\t\t","protected":false},"excerpt":{"rendered":"<p>DIVIS\u00d5ES &nbsp;&nbsp;&nbsp;&nbsp;&nbsp;&nbsp;Respons\u00e1vel pela execu\u00e7\u00e3o or\u00e7ament\u00e1ria, financeira, almoxarifado, patrim\u00f4nio, RH e gest\u00e3o de contratos de terceiros (limpeza\/seguran\u00e7a).. (19) 3429 4380 adm.lq@usp.br &nbsp;&nbsp;&nbsp;&nbsp;&nbsp;&nbsp;Foca em servi\u00e7os de apoio, incluindo a gest\u00e3o do restaurante universit\u00e1rio, a moradia estudantil (CAVE) e outras comodidades para a comunidade interna. (19) 3429 4161 dvatcom.lq@usp.br &nbsp;Respons\u00e1vel pelo planejamento t\u00e9cnico e fiscaliza\u00e7\u00e3o dos servi\u00e7os de [&hellip;]<\/p>\n","protected":false},"author":23873,"featured_media":0,"parent":3142,"menu_order":3,"comment_status":"closed","ping_status":"closed","template":"elementor_header_footer","meta":{"_monsterinsights_skip_tracking":false,"_monsterinsights_sitenote_active":false,"_monsterinsights_sitenote_note":"","_monsterinsights_sitenote_category":0,"footnotes":"","_links_to":"","_links_to_target":""},"class_list":["post-3152","page","type-page","status-publish","hentry","entry"],"_links":{"self":[{"href":"https:\/\/pusplq.usp.br\/index.php?rest_route=\/wp\/v2\/pages\/3152","targetHints":{"allow":["GET"]}}],"collection":[{"href":"https:\/\/pusplq.usp.br\/index.php?rest_route=\/wp\/v2\/pages"}],"about":[{"href":"https:\/\/pusplq.usp.br\/index.php?rest_route=\/wp\/v2\/types\/page"}],"author":[{"embeddable":true,"href":"https:\/\/pusplq.usp.br\/index.php?rest_route=\/wp\/v2\/users\/23873"}],"replies":[{"embeddable":true,"href":"https:\/\/pusplq.usp.br\/index.php?rest_route=%2Fwp%2Fv2%2Fcomments&post=3152"}],"version-history":[{"count":4,"href":"https:\/\/pusplq.usp.br\/index.php?rest_route=\/wp\/v2\/pages\/3152\/revisions"}],"predecessor-version":[{"id":13727,"href":"https:\/\/pusplq.usp.br\/index.php?rest_route=\/wp\/v2\/pages\/3152\/revisions\/13727"}],"up":[{"embeddable":true,"href":"https:\/\/pusplq.usp.br\/index.php?rest_route=\/wp\/v2\/pages\/3142"}],"wp:attachment":[{"href":"https:\/\/pusplq.usp.br\/index.php?rest_route=%2Fwp%2Fv2%2Fmedia&parent=3152"}],"curies":[{"name":"wp","href":"https:\/\/api.w.org\/{rel}","templated":true}]}}