{"id":3156,"date":"2024-03-14T07:59:06","date_gmt":"2024-03-14T10:59:06","guid":{"rendered":"https:\/\/sites.usp.br\/pusplq\/?page_id=3156"},"modified":"2026-01-14T08:08:10","modified_gmt":"2026-01-14T11:08:10","slug":"fale-conosco-2","status":"publish","type":"page","link":"https:\/\/pusplq.usp.br\/?page_id=3156","title":{"rendered":"Fale Conosco"},"content":{"rendered":"\t\t<div data-elementor-type=\"wp-page\" data-elementor-id=\"3156\" class=\"elementor elementor-3156\" data-elementor-post-type=\"page\">\n\t\t\t\t\t\t<section class=\"elementor-section elementor-top-section elementor-element elementor-element-6fd3735 elementor-section-boxed elementor-section-height-default elementor-section-height-default\" data-id=\"6fd3735\" data-element_type=\"section\">\n\t\t\t\t\t\t<div class=\"elementor-container elementor-column-gap-default\">\n\t\t\t\t\t<div class=\"elementor-column elementor-col-100 elementor-top-column elementor-element elementor-element-f74f9a5\" data-id=\"f74f9a5\" data-element_type=\"column\">\n\t\t\t<div class=\"elementor-widget-wrap elementor-element-populated\">\n\t\t\t\t\t\t<div class=\"elementor-element elementor-element-6e22268 elementor-widget elementor-widget-heading\" data-id=\"6e22268\" data-element_type=\"widget\" data-widget_type=\"heading.default\">\n\t\t\t\t<div class=\"elementor-widget-container\">\n\t\t\t<h2 class=\"elementor-heading-title elementor-size-default\">Fale Conosco<\/h2>\t\t<\/div>\n\t\t\t\t<\/div>\n\t\t\t\t\t<\/div>\n\t\t<\/div>\n\t\t\t\t\t<\/div>\n\t\t<\/section>\n\t\t\t\t<section class=\"elementor-section elementor-top-section elementor-element elementor-element-7802c5b elementor-section-boxed elementor-section-height-default elementor-section-height-default\" data-id=\"7802c5b\" data-element_type=\"section\">\n\t\t\t\t\t\t<div class=\"elementor-container elementor-column-gap-default\">\n\t\t\t\t\t<div class=\"elementor-column elementor-col-100 elementor-top-column elementor-element elementor-element-9eff4d9\" data-id=\"9eff4d9\" data-element_type=\"column\">\n\t\t\t<div class=\"elementor-widget-wrap elementor-element-populated\">\n\t\t\t\t\t\t<div class=\"elementor-element elementor-element-3df7818 elementor-nav-menu__align-start elementor-nav-menu--dropdown-mobile elementor-nav-menu__text-align-aside elementor-nav-menu--toggle elementor-nav-menu--burger elementor-widget elementor-widget-nav-menu\" data-id=\"3df7818\" data-element_type=\"widget\" data-settings=\"{&quot;submenu_icon&quot;:{&quot;value&quot;:&quot;&lt;i class=\\&quot;\\&quot;&gt;&lt;\\\/i&gt;&quot;,&quot;library&quot;:&quot;&quot;},&quot;toggle_icon_hover_animation&quot;:&quot;grow&quot;,&quot;layout&quot;:&quot;horizontal&quot;,&quot;toggle&quot;:&quot;burger&quot;}\" data-widget_type=\"nav-menu.default\">\n\t\t\t\t<div class=\"elementor-widget-container\">\n\t\t\t\t\t\t<nav aria-label=\"Menu\" class=\"elementor-nav-menu--main elementor-nav-menu__container elementor-nav-menu--layout-horizontal e--pointer-none\">\n\t\t\t\t<ul id=\"menu-1-3df7818\" class=\"elementor-nav-menu\"><li class=\"menu-item menu-item-type-post_type menu-item-object-page menu-item-4168\"><a href=\"https:\/\/pusplq.usp.br\/?page_id=4153\" class=\"elementor-item\">Moradia do Campus: CEU<\/a><\/li>\n<li class=\"menu-item menu-item-type-post_type menu-item-object-page menu-item-4167\"><a href=\"https:\/\/pusplq.usp.br\/?page_id=4155\" class=\"elementor-item\">P\u00f3s-Gradua\u00e7\u00e3o<\/a><\/li>\n<li class=\"menu-item menu-item-type-post_type menu-item-object-page menu-item-4166\"><a href=\"https:\/\/pusplq.usp.br\/?page_id=4163\" class=\"elementor-item\">Moradias Fora do Campus<\/a><\/li>\n<li class=\"menu-item menu-item-type-post_type menu-item-object-page menu-item-4165\"><a href=\"https:\/\/pusplq.usp.br\/?page_id=3156\" class=\"elementor-item\">Fale Conosco<\/a><\/li>\n<\/ul>\t\t\t<\/nav>\n\t\t\t\t\t<div class=\"elementor-menu-toggle\" role=\"button\" tabindex=\"0\" aria-label=\"Alternar menu\" aria-expanded=\"false\">\n\t\t\t<i aria-hidden=\"true\" role=\"presentation\" class=\"elementor-menu-toggle__icon--open elementor-animation-grow eicon-menu-bar\"><\/i><i aria-hidden=\"true\" role=\"presentation\" class=\"elementor-menu-toggle__icon--close elementor-animation-grow eicon-close\"><\/i>\t\t\t<span class=\"elementor-screen-only\">Menu<\/span>\n\t\t<\/div>\n\t\t\t\t\t<nav class=\"elementor-nav-menu--dropdown elementor-nav-menu__container\" aria-hidden=\"true\">\n\t\t\t\t<ul id=\"menu-2-3df7818\" class=\"elementor-nav-menu\"><li class=\"menu-item menu-item-type-post_type menu-item-object-page menu-item-4168\"><a href=\"https:\/\/pusplq.usp.br\/?page_id=4153\" class=\"elementor-item\" tabindex=\"-1\">Moradia do Campus: CEU<\/a><\/li>\n<li class=\"menu-item menu-item-type-post_type menu-item-object-page menu-item-4167\"><a href=\"https:\/\/pusplq.usp.br\/?page_id=4155\" class=\"elementor-item\" tabindex=\"-1\">P\u00f3s-Gradua\u00e7\u00e3o<\/a><\/li>\n<li class=\"menu-item menu-item-type-post_type menu-item-object-page menu-item-4166\"><a href=\"https:\/\/pusplq.usp.br\/?page_id=4163\" class=\"elementor-item\" tabindex=\"-1\">Moradias Fora do Campus<\/a><\/li>\n<li class=\"menu-item menu-item-type-post_type menu-item-object-page menu-item-4165\"><a href=\"https:\/\/pusplq.usp.br\/?page_id=3156\" class=\"elementor-item\" tabindex=\"-1\">Fale Conosco<\/a><\/li>\n<\/ul>\t\t\t<\/nav>\n\t\t\t\t<\/div>\n\t\t\t\t<\/div>\n\t\t\t\t\t<\/div>\n\t\t<\/div>\n\t\t\t\t\t<\/div>\n\t\t<\/section>\n\t\t\t\t<section class=\"elementor-section elementor-top-section elementor-element elementor-element-d861b5d elementor-section-boxed elementor-section-height-default elementor-section-height-default\" data-id=\"d861b5d\" data-element_type=\"section\">\n\t\t\t\t\t\t<div class=\"elementor-container elementor-column-gap-default\">\n\t\t\t\t\t<div class=\"elementor-column elementor-col-100 elementor-top-column elementor-element elementor-element-26e770a\" data-id=\"26e770a\" data-element_type=\"column\">\n\t\t\t<div class=\"elementor-widget-wrap elementor-element-populated\">\n\t\t\t\t\t\t<div class=\"elementor-element elementor-element-f868ec1 elementor-widget__width-initial elementor-widget elementor-widget-html\" data-id=\"f868ec1\" data-element_type=\"widget\" data-widget_type=\"html.default\">\n\t\t\t\t<div class=\"elementor-widget-container\">\n\t\t\t<p style=\"text-align:justify\">O in\u00edcio da vida universit\u00e1ria costuma trazer muitas d\u00favidas para os calouros e seus\r\nfamiliares: onde morar, quais aux\u00edlios est\u00e3o dispon\u00edveis no campus, como funciona a\r\nseguran\u00e7a, a quem procurar em caso de necessidade e como denunciar situa\u00e7\u00f5es de\r\nviol\u00eancia, discrimina\u00e7\u00e3o ou trote. Pensando nisso, os canais de comunica\u00e7\u00e3o do\r\ncampus, especialmente em um mundo cada vez mais digital e conectado, s\u00e3o\r\nferramentas essenciais para oferecer orienta\u00e7\u00e3o, apoio e um acolhimento atento e\r\ncuidadoso aos estudantes e suas fam\u00edlias.<\/p>\r\n\r\nEnvie suas d\u00favidas para o email: <a href=\"mailto:social.lq@usp.br\">social.lq@usp.br<\/a>\r\n<br>\r\n<br>\r\n<strong>Chefe de Se\u00e7\u00e3o T\u00e9cnica, Assistente Social<\/strong>\r\n<br><a href=\"#\" target=\"_blank\">Solange Calabresi do Couto Souza <\/a>\r\n<br><br>\r\n<strong>Assistentes Sociais<\/strong><br>\r\n<a href=\"#\" target=\"_blank\">Eliana Maria de Souza Pacheco Valsechi<\/a><br>\r\n<a href=\"#\">Sonia Maria Mendes Fiore<\/a><br>\r\n<br>\r\n<strong>Auxiliares Administrativas<\/strong><br>\r\n<a href=\"#\" target=\"_blank\">\u00c1urea Ozana Custodio Toledo<\/a><br>\r\n<a href=\"#\" target=\"_blank\">Maria Ang\u00e9lica Villa Gallucci<\/a><br>\r\n\r\n<br>\r\n<strong>Auxiliar de Manuten\u00e7\u00e3o<\/strong><br>\r\n<a href=\"#\" target=\"_blank\">Manoel Anuncia\u00e7\u00e3o Souza Santos<\/a><br><br>\r\n<strong>Localiza\u00e7\u00e3o<\/strong><br>\r\nDVATCOM - Divis\u00e3o de Atendimento \u00e0 Comunidade \r\nAlameda das Sibipirunas, 20<br>\r\n<strong>Telefone:<\/strong> (19) 3429 4161 \/ 3429 4362<br>\r\nWhatsApp \u2013 (19) 997158-8614<br>\r\n<a href=\"mailto:social.lq@usp.br\">social.lq@usp.br<\/a>\r\n<br>\r\n\r\n<br>\t\t<\/div>\n\t\t\t\t<\/div>\n\t\t\t\t\t<\/div>\n\t\t<\/div>\n\t\t\t\t\t<\/div>\n\t\t<\/section>\n\t\t\t\t<section class=\"elementor-section elementor-top-section elementor-element elementor-element-abad8e1 elementor-section-boxed elementor-section-height-default elementor-section-height-default\" data-id=\"abad8e1\" data-element_type=\"section\">\n\t\t\t\t\t\t<div class=\"elementor-container elementor-column-gap-default\">\n\t\t\t\t\t<div class=\"elementor-column elementor-col-100 elementor-top-column elementor-element elementor-element-deffe1e\" data-id=\"deffe1e\" data-element_type=\"column\">\n\t\t\t<div class=\"elementor-widget-wrap\">\n\t\t\t\t\t\t\t<\/div>\n\t\t<\/div>\n\t\t\t\t\t<\/div>\n\t\t<\/section>\n\t\t\t\t<\/div>\n\t\t","protected":false},"excerpt":{"rendered":"<p>Fale Conosco O in\u00edcio da vida universit\u00e1ria costuma trazer muitas d\u00favidas para os calouros e seus familiares: onde morar, quais aux\u00edlios est\u00e3o dispon\u00edveis no campus, como funciona a seguran\u00e7a, a quem procurar em caso de necessidade e como denunciar situa\u00e7\u00f5es de viol\u00eancia, discrimina\u00e7\u00e3o ou trote. Pensando nisso, os canais de comunica\u00e7\u00e3o do campus, especialmente em [&hellip;]<\/p>\n","protected":false},"author":23873,"featured_media":0,"parent":4151,"menu_order":6,"comment_status":"closed","ping_status":"closed","template":"elementor_header_footer","meta":{"_monsterinsights_skip_tracking":false,"_monsterinsights_sitenote_active":false,"_monsterinsights_sitenote_note":"","_monsterinsights_sitenote_category":0,"footnotes":"","_links_to":"","_links_to_target":""},"class_list":["post-3156","page","type-page","status-publish","hentry","entry"],"_links":{"self":[{"href":"https:\/\/pusplq.usp.br\/index.php?rest_route=\/wp\/v2\/pages\/3156","targetHints":{"allow":["GET"]}}],"collection":[{"href":"https:\/\/pusplq.usp.br\/index.php?rest_route=\/wp\/v2\/pages"}],"about":[{"href":"https:\/\/pusplq.usp.br\/index.php?rest_route=\/wp\/v2\/types\/page"}],"author":[{"embeddable":true,"href":"https:\/\/pusplq.usp.br\/index.php?rest_route=\/wp\/v2\/users\/23873"}],"replies":[{"embeddable":true,"href":"https:\/\/pusplq.usp.br\/index.php?rest_route=%2Fwp%2Fv2%2Fcomments&post=3156"}],"version-history":[{"count":4,"href":"https:\/\/pusplq.usp.br\/index.php?rest_route=\/wp\/v2\/pages\/3156\/revisions"}],"predecessor-version":[{"id":12868,"href":"https:\/\/pusplq.usp.br\/index.php?rest_route=\/wp\/v2\/pages\/3156\/revisions\/12868"}],"up":[{"embeddable":true,"href":"https:\/\/pusplq.usp.br\/index.php?rest_route=\/wp\/v2\/pages\/4151"}],"wp:attachment":[{"href":"https:\/\/pusplq.usp.br\/index.php?rest_route=%2Fwp%2Fv2%2Fmedia&parent=3156"}],"curies":[{"name":"wp","href":"https:\/\/api.w.org\/{rel}","templated":true}]}}