{"id":3999,"date":"2024-06-28T08:19:49","date_gmt":"2024-06-28T11:19:49","guid":{"rendered":"https:\/\/sites.usp.br\/pusplq\/?page_id=3999"},"modified":"2025-12-05T14:59:26","modified_gmt":"2025-12-05T17:59:26","slug":"portal-da-transparencia-2","status":"publish","type":"page","link":"https:\/\/pusplq.usp.br\/?page_id=3999","title":{"rendered":"Portal da Transpar\u00eancia"},"content":{"rendered":"\t\t<div data-elementor-type=\"wp-page\" data-elementor-id=\"3999\" class=\"elementor elementor-3999\" data-elementor-post-type=\"page\">\n\t\t\t\t\t\t<section class=\"elementor-section elementor-top-section elementor-element elementor-element-5a74f40 elementor-section-boxed elementor-section-height-default elementor-section-height-default\" data-id=\"5a74f40\" data-element_type=\"section\">\n\t\t\t\t\t\t<div class=\"elementor-container elementor-column-gap-default\">\n\t\t\t\t\t<div class=\"elementor-column elementor-col-100 elementor-top-column elementor-element elementor-element-a9bbc55\" data-id=\"a9bbc55\" data-element_type=\"column\">\n\t\t\t<div class=\"elementor-widget-wrap elementor-element-populated\">\n\t\t\t\t\t\t<div class=\"elementor-element elementor-element-ea89411 elementor-widget elementor-widget-heading\" data-id=\"ea89411\" data-element_type=\"widget\" data-widget_type=\"heading.default\">\n\t\t\t\t<div class=\"elementor-widget-container\">\n\t\t\t<h2 class=\"elementor-heading-title elementor-size-default\">PORTAL DA TRANSPAR\u00caNCIA <\/h2>\t\t<\/div>\n\t\t\t\t<\/div>\n\t\t\t\t\t<\/div>\n\t\t<\/div>\n\t\t\t\t\t<\/div>\n\t\t<\/section>\n\t\t\t\t<section class=\"elementor-section elementor-top-section elementor-element elementor-element-ff4a69a elementor-section-boxed elementor-section-height-default elementor-section-height-default\" data-id=\"ff4a69a\" data-element_type=\"section\">\n\t\t\t\t\t\t<div class=\"elementor-container elementor-column-gap-default\">\n\t\t\t\t\t<div class=\"elementor-column elementor-col-100 elementor-top-column elementor-element elementor-element-2fc7607\" data-id=\"2fc7607\" data-element_type=\"column\">\n\t\t\t<div class=\"elementor-widget-wrap elementor-element-populated\">\n\t\t\t\t\t\t<div class=\"elementor-element elementor-element-3bd709e elementor-widget elementor-widget-html\" data-id=\"3bd709e\" data-element_type=\"widget\" data-widget_type=\"html.default\">\n\t\t\t\t<div class=\"elementor-widget-container\">\n\t\t\t<ul><h3>\r\n<li><a href=\"https:\/\/www5.usp.br\/transparencia\/\" target=\"_blank\" title=\"Transpar\u00eancia USP\">TRANSPAR\u00caNCIA UNIVERSIDADE DE S\u00c3O PAULO<\/a> <\/li>\r\n<p>(dados referentes a recursos humanos, administra\u00e7\u00e3o e finan\u00e7as; informa\u00e7\u00f5es gerais sobre a Universidade; <br> e links para o servi\u00e7o \"Fale com a USP\" e para a Ouvidoria Geral).<\/p>\r\n<li><a href=\"https:\/\/uspdigital.usp.br\/mercurioweb\/listarLicEditalAberto\" title=\"Editais e Contratos\">EDITAIS E CONTRATOS<\/a> <\/li>\r\n<ul>\t\t<\/div>\n\t\t\t\t<\/div>\n\t\t\t\t\t<\/div>\n\t\t<\/div>\n\t\t\t\t\t<\/div>\n\t\t<\/section>\n\t\t\t\t<section class=\"elementor-section elementor-top-section elementor-element elementor-element-56d05bc elementor-section-boxed elementor-section-height-default elementor-section-height-default\" data-id=\"56d05bc\" data-element_type=\"section\">\n\t\t\t\t\t\t<div class=\"elementor-container elementor-column-gap-default\">\n\t\t\t\t\t<div class=\"elementor-column elementor-col-33 elementor-top-column elementor-element elementor-element-ea939e0\" data-id=\"ea939e0\" data-element_type=\"column\">\n\t\t\t<div class=\"elementor-widget-wrap elementor-element-populated\">\n\t\t\t\t\t\t<div class=\"elementor-element elementor-element-e298236 elementor-widget elementor-widget-image\" data-id=\"e298236\" data-element_type=\"widget\" data-widget_type=\"image.default\">\n\t\t\t\t<div class=\"elementor-widget-container\">\n\t\t\t\t\t\t\t\t\t\t\t\t\t<img fetchpriority=\"high\" decoding=\"async\" width=\"189\" height=\"267\" src=\"https:\/\/pusplq.usp.br\/wp-content\/uploads\/sites\/1403\/2025\/02\/fig_contrato.png\" class=\"attachment-large size-large wp-image-9018\" alt=\"\" \/>\t\t\t\t\t\t\t\t\t\t\t\t\t<\/div>\n\t\t\t\t<\/div>\n\t\t\t\t<div class=\"elementor-element elementor-element-19e0ed2 elementor-widget elementor-widget-heading\" data-id=\"19e0ed2\" data-element_type=\"widget\" data-widget_type=\"heading.default\">\n\t\t\t\t<div class=\"elementor-widget-container\">\n\t\t\t<h6 class=\"elementor-heading-title elementor-size-default\"><a href=\"https:\/\/pusplq.usp.br\/wp-content\/uploads\/sites\/1403\/2025\/12\/RelacaoContratosAssinados2025.pdf\" target=\"_blank\">Contratos Assinados<br>Exerc\u00edcio 2025<\/a><\/h6>\t\t<\/div>\n\t\t\t\t<\/div>\n\t\t\t\t\t<\/div>\n\t\t<\/div>\n\t\t\t\t<div class=\"elementor-column elementor-col-33 elementor-top-column elementor-element elementor-element-c0ee9ac\" data-id=\"c0ee9ac\" data-element_type=\"column\">\n\t\t\t<div class=\"elementor-widget-wrap\">\n\t\t\t\t\t\t\t<\/div>\n\t\t<\/div>\n\t\t\t\t<div class=\"elementor-column elementor-col-33 elementor-top-column elementor-element elementor-element-947797d\" data-id=\"947797d\" data-element_type=\"column\">\n\t\t\t<div class=\"elementor-widget-wrap\">\n\t\t\t\t\t\t\t<\/div>\n\t\t<\/div>\n\t\t\t\t\t<\/div>\n\t\t<\/section>\n\t\t\t\t<section class=\"elementor-section elementor-top-section elementor-element elementor-element-d0cf918 elementor-section-boxed elementor-section-height-default elementor-section-height-default\" data-id=\"d0cf918\" data-element_type=\"section\">\n\t\t\t\t\t\t<div class=\"elementor-container elementor-column-gap-default\">\n\t\t\t\t\t<div class=\"elementor-column elementor-col-33 elementor-top-column elementor-element elementor-element-4b38532\" data-id=\"4b38532\" data-element_type=\"column\">\n\t\t\t<div class=\"elementor-widget-wrap elementor-element-populated\">\n\t\t\t\t\t\t<div class=\"elementor-element elementor-element-4c35fc4 elementor-widget elementor-widget-image\" data-id=\"4c35fc4\" data-element_type=\"widget\" data-widget_type=\"image.default\">\n\t\t\t\t<div class=\"elementor-widget-container\">\n\t\t\t\t\t\t\t\t\t\t\t\t\t<img fetchpriority=\"high\" decoding=\"async\" width=\"189\" height=\"267\" src=\"https:\/\/pusplq.usp.br\/wp-content\/uploads\/sites\/1403\/2025\/02\/fig_contrato.png\" class=\"attachment-large size-large wp-image-9018\" alt=\"\" \/>\t\t\t\t\t\t\t\t\t\t\t\t\t<\/div>\n\t\t\t\t<\/div>\n\t\t\t\t<div class=\"elementor-element elementor-element-a226af4 elementor-widget elementor-widget-heading\" data-id=\"a226af4\" data-element_type=\"widget\" data-widget_type=\"heading.default\">\n\t\t\t\t<div class=\"elementor-widget-container\">\n\t\t\t<h6 class=\"elementor-heading-title elementor-size-default\"><a href=\"https:\/\/pusplq.usp.br\/wp-content\/uploads\/sites\/1403\/2025\/02\/Relacao-dos-contratos-assinados-no-ano-de-2024-PUSP-LQ.pdf\" target=\"_blank\">Contratos Assinados<br>Exerc\u00edcio 2024<\/a><\/h6>\t\t<\/div>\n\t\t\t\t<\/div>\n\t\t\t\t\t<\/div>\n\t\t<\/div>\n\t\t\t\t<div class=\"elementor-column elementor-col-33 elementor-top-column elementor-element elementor-element-9eca797\" data-id=\"9eca797\" data-element_type=\"column\">\n\t\t\t<div class=\"elementor-widget-wrap elementor-element-populated\">\n\t\t\t\t\t\t<div class=\"elementor-element elementor-element-2d49be4 elementor-widget elementor-widget-image\" data-id=\"2d49be4\" data-element_type=\"widget\" data-widget_type=\"image.default\">\n\t\t\t\t<div class=\"elementor-widget-container\">\n\t\t\t\t\t\t\t\t\t\t\t\t\t<img fetchpriority=\"high\" decoding=\"async\" width=\"189\" height=\"267\" src=\"https:\/\/pusplq.usp.br\/wp-content\/uploads\/sites\/1403\/2025\/02\/fig_contrato.png\" class=\"attachment-large size-large wp-image-9018\" alt=\"\" \/>\t\t\t\t\t\t\t\t\t\t\t\t\t<\/div>\n\t\t\t\t<\/div>\n\t\t\t\t<div class=\"elementor-element elementor-element-fc71e69 elementor-widget elementor-widget-heading\" data-id=\"fc71e69\" data-element_type=\"widget\" data-widget_type=\"heading.default\">\n\t\t\t\t<div class=\"elementor-widget-container\">\n\t\t\t<h6 class=\"elementor-heading-title elementor-size-default\"><a href=\"https:\/\/pusplq.usp.br\/wp-content\/uploads\/sites\/1403\/2025\/02\/Relacao-dos-contratos-assinados-no-ano-de-2023-PUSP-LQ.pdf\" target=\"_blank\">Contratos Assinados<br>Exerc\u00edcio 2023<\/a><\/h6>\t\t<\/div>\n\t\t\t\t<\/div>\n\t\t\t\t\t<\/div>\n\t\t<\/div>\n\t\t\t\t<div class=\"elementor-column elementor-col-33 elementor-top-column elementor-element elementor-element-06ab2ea\" data-id=\"06ab2ea\" data-element_type=\"column\">\n\t\t\t<div class=\"elementor-widget-wrap elementor-element-populated\">\n\t\t\t\t\t\t<div class=\"elementor-element elementor-element-f15d911 elementor-widget elementor-widget-image\" data-id=\"f15d911\" data-element_type=\"widget\" data-widget_type=\"image.default\">\n\t\t\t\t<div class=\"elementor-widget-container\">\n\t\t\t\t\t\t\t\t\t\t\t\t\t<img fetchpriority=\"high\" decoding=\"async\" width=\"189\" height=\"267\" src=\"https:\/\/pusplq.usp.br\/wp-content\/uploads\/sites\/1403\/2025\/02\/fig_contrato.png\" class=\"attachment-large size-large wp-image-9018\" alt=\"\" \/>\t\t\t\t\t\t\t\t\t\t\t\t\t<\/div>\n\t\t\t\t<\/div>\n\t\t\t\t<div class=\"elementor-element elementor-element-b5849a8 elementor-widget elementor-widget-heading\" data-id=\"b5849a8\" data-element_type=\"widget\" data-widget_type=\"heading.default\">\n\t\t\t\t<div class=\"elementor-widget-container\">\n\t\t\t<h6 class=\"elementor-heading-title elementor-size-default\"><a href=\"https:\/\/pusplq.usp.br\/wp-content\/uploads\/sites\/1403\/2025\/02\/RelacaoContratos2022-1.pdf\" target=\"_blank\">Contratos Assinados<br>Exerc\u00edcio 2022<\/a><\/h6>\t\t<\/div>\n\t\t\t\t<\/div>\n\t\t\t\t\t<\/div>\n\t\t<\/div>\n\t\t\t\t\t<\/div>\n\t\t<\/section>\n\t\t\t\t<section class=\"elementor-section elementor-top-section elementor-element elementor-element-fb4c942 elementor-section-boxed elementor-section-height-default elementor-section-height-default\" data-id=\"fb4c942\" data-element_type=\"section\">\n\t\t\t\t\t\t<div class=\"elementor-container elementor-column-gap-default\">\n\t\t\t\t\t<div class=\"elementor-column elementor-col-33 elementor-top-column elementor-element elementor-element-8c40e23\" data-id=\"8c40e23\" data-element_type=\"column\">\n\t\t\t<div class=\"elementor-widget-wrap elementor-element-populated\">\n\t\t\t\t\t\t<div class=\"elementor-element elementor-element-e35a8ed elementor-widget elementor-widget-image\" data-id=\"e35a8ed\" data-element_type=\"widget\" data-widget_type=\"image.default\">\n\t\t\t\t<div class=\"elementor-widget-container\">\n\t\t\t\t\t\t\t\t\t\t\t\t\t<img fetchpriority=\"high\" decoding=\"async\" width=\"189\" height=\"267\" src=\"https:\/\/pusplq.usp.br\/wp-content\/uploads\/sites\/1403\/2025\/02\/fig_contrato.png\" class=\"attachment-large size-large wp-image-9018\" alt=\"\" \/>\t\t\t\t\t\t\t\t\t\t\t\t\t<\/div>\n\t\t\t\t<\/div>\n\t\t\t\t<div class=\"elementor-element elementor-element-2ee4f28 elementor-widget elementor-widget-heading\" data-id=\"2ee4f28\" data-element_type=\"widget\" data-widget_type=\"heading.default\">\n\t\t\t\t<div class=\"elementor-widget-container\">\n\t\t\t<h6 class=\"elementor-heading-title elementor-size-default\"><a href=\"https:\/\/pusplq.usp.br\/wp-content\/uploads\/sites\/1403\/2025\/02\/ContratosAssinados2021.pdf\" target=\"_blank\">Contratos Assinados<br>Exerc\u00edcio 2021<\/a><\/h6>\t\t<\/div>\n\t\t\t\t<\/div>\n\t\t\t\t\t<\/div>\n\t\t<\/div>\n\t\t\t\t<div class=\"elementor-column elementor-col-33 elementor-top-column elementor-element elementor-element-6e0246e\" data-id=\"6e0246e\" data-element_type=\"column\">\n\t\t\t<div class=\"elementor-widget-wrap elementor-element-populated\">\n\t\t\t\t\t\t<div class=\"elementor-element elementor-element-65acca1 elementor-widget elementor-widget-image\" data-id=\"65acca1\" data-element_type=\"widget\" data-widget_type=\"image.default\">\n\t\t\t\t<div class=\"elementor-widget-container\">\n\t\t\t\t\t\t\t\t\t\t\t\t\t<img fetchpriority=\"high\" decoding=\"async\" width=\"189\" height=\"267\" src=\"https:\/\/pusplq.usp.br\/wp-content\/uploads\/sites\/1403\/2025\/02\/fig_contrato.png\" class=\"attachment-large size-large wp-image-9018\" alt=\"\" \/>\t\t\t\t\t\t\t\t\t\t\t\t\t<\/div>\n\t\t\t\t<\/div>\n\t\t\t\t<div class=\"elementor-element elementor-element-b9fe9d6 elementor-widget elementor-widget-heading\" data-id=\"b9fe9d6\" data-element_type=\"widget\" data-widget_type=\"heading.default\">\n\t\t\t\t<div class=\"elementor-widget-container\">\n\t\t\t<h6 class=\"elementor-heading-title elementor-size-default\"><a href=\"https:\/\/pusplq.usp.br\/wp-content\/uploads\/sites\/1403\/2025\/02\/Contratos2020.pdf\" target=\"_blank\">Contratos Assinados<br>Exerc\u00edcio 2020<\/a><\/h6>\t\t<\/div>\n\t\t\t\t<\/div>\n\t\t\t\t\t<\/div>\n\t\t<\/div>\n\t\t\t\t<div class=\"elementor-column elementor-col-33 elementor-top-column elementor-element elementor-element-20d5e6d\" data-id=\"20d5e6d\" data-element_type=\"column\">\n\t\t\t<div class=\"elementor-widget-wrap elementor-element-populated\">\n\t\t\t\t\t\t<div class=\"elementor-element elementor-element-ff27f17 elementor-widget elementor-widget-image\" data-id=\"ff27f17\" data-element_type=\"widget\" data-widget_type=\"image.default\">\n\t\t\t\t<div class=\"elementor-widget-container\">\n\t\t\t\t\t\t\t\t\t\t\t\t\t<img fetchpriority=\"high\" decoding=\"async\" width=\"189\" height=\"267\" src=\"https:\/\/pusplq.usp.br\/wp-content\/uploads\/sites\/1403\/2025\/02\/fig_contrato.png\" class=\"attachment-large size-large wp-image-9018\" alt=\"\" \/>\t\t\t\t\t\t\t\t\t\t\t\t\t<\/div>\n\t\t\t\t<\/div>\n\t\t\t\t<div class=\"elementor-element elementor-element-19ee314 elementor-widget elementor-widget-heading\" data-id=\"19ee314\" data-element_type=\"widget\" data-widget_type=\"heading.default\">\n\t\t\t\t<div class=\"elementor-widget-container\">\n\t\t\t<h6 class=\"elementor-heading-title elementor-size-default\"><a href=\"https:\/\/pusplq.usp.br\/wp-content\/uploads\/sites\/1403\/2025\/02\/Contratos20191.pdf\" target=\"_blank\">Contratos Assinados<br>Exerc\u00edcio 2019<\/a><\/h6>\t\t<\/div>\n\t\t\t\t<\/div>\n\t\t\t\t\t<\/div>\n\t\t<\/div>\n\t\t\t\t\t<\/div>\n\t\t<\/section>\n\t\t\t\t<section class=\"elementor-section elementor-top-section elementor-element elementor-element-cace0e2 elementor-section-boxed elementor-section-height-default elementor-section-height-default\" data-id=\"cace0e2\" data-element_type=\"section\">\n\t\t\t\t\t\t<div class=\"elementor-container elementor-column-gap-default\">\n\t\t\t\t\t<div class=\"elementor-column elementor-col-33 elementor-top-column elementor-element elementor-element-bd69941\" data-id=\"bd69941\" data-element_type=\"column\">\n\t\t\t<div class=\"elementor-widget-wrap elementor-element-populated\">\n\t\t\t\t\t\t<div class=\"elementor-element elementor-element-4a1793a elementor-widget elementor-widget-image\" data-id=\"4a1793a\" data-element_type=\"widget\" data-widget_type=\"image.default\">\n\t\t\t\t<div class=\"elementor-widget-container\">\n\t\t\t\t\t\t\t\t\t\t\t\t\t<img fetchpriority=\"high\" decoding=\"async\" width=\"189\" height=\"267\" src=\"https:\/\/pusplq.usp.br\/wp-content\/uploads\/sites\/1403\/2025\/02\/fig_contrato.png\" class=\"attachment-large size-large wp-image-9018\" alt=\"\" \/>\t\t\t\t\t\t\t\t\t\t\t\t\t<\/div>\n\t\t\t\t<\/div>\n\t\t\t\t<div class=\"elementor-element elementor-element-486b397 elementor-widget elementor-widget-heading\" data-id=\"486b397\" data-element_type=\"widget\" data-widget_type=\"heading.default\">\n\t\t\t\t<div class=\"elementor-widget-container\">\n\t\t\t<h6 class=\"elementor-heading-title elementor-size-default\"><a href=\"https:\/\/pusplq.usp.br\/wp-content\/uploads\/sites\/1403\/2025\/02\/Contratos20181.pdf\" target=\"_blank\">Contratos Assinados<br>Exerc\u00edcio 2018<\/a><\/h6>\t\t<\/div>\n\t\t\t\t<\/div>\n\t\t\t\t\t<\/div>\n\t\t<\/div>\n\t\t\t\t<div class=\"elementor-column elementor-col-33 elementor-top-column elementor-element elementor-element-31d8c70\" data-id=\"31d8c70\" data-element_type=\"column\">\n\t\t\t<div class=\"elementor-widget-wrap\">\n\t\t\t\t\t\t\t<\/div>\n\t\t<\/div>\n\t\t\t\t<div class=\"elementor-column elementor-col-33 elementor-top-column elementor-element elementor-element-74966f0\" data-id=\"74966f0\" data-element_type=\"column\">\n\t\t\t<div class=\"elementor-widget-wrap\">\n\t\t\t\t\t\t\t<\/div>\n\t\t<\/div>\n\t\t\t\t\t<\/div>\n\t\t<\/section>\n\t\t\t\t<section class=\"elementor-section elementor-top-section elementor-element elementor-element-eebd0ac elementor-section-boxed elementor-section-height-default elementor-section-height-default\" data-id=\"eebd0ac\" data-element_type=\"section\">\n\t\t\t\t\t\t<div class=\"elementor-container elementor-column-gap-default\">\n\t\t\t\t\t<div class=\"elementor-column elementor-col-100 elementor-top-column elementor-element elementor-element-afa506f\" data-id=\"afa506f\" data-element_type=\"column\">\n\t\t\t<div class=\"elementor-widget-wrap elementor-element-populated\">\n\t\t\t\t\t\t<div class=\"elementor-element elementor-element-fca6c91 elementor-widget elementor-widget-html\" data-id=\"fca6c91\" data-element_type=\"widget\" data-widget_type=\"html.default\">\n\t\t\t\t<div class=\"elementor-widget-container\">\n\t\t\t<ul><h3>\r\n<li><a href=\"http:\/\/www.pusplq.usp.br\/?p=7421\" title=\"Organograma da PUSP-LQ\">Organograma da PUSP-LQ<\/a> <\/li>\r\n<li><a href=\"http:\/\/www.pusplq.usp.br\/?page_id=2736\" title=\"Relat\u00f3rio de atividades da PUSP-LQ\">Acompanhe os programas, a\u00e7\u00f5es, projetos e obras da PUSP-LQ em nossos Relat\u00f3rios Anuais<\/a> <\/li>\r\n<li><a href=\"http:\/\/www.pusplq.usp.br\/?page_id=7368\" title=\"Perguntas mais frequentes\">Perguntas mais frequentes do cidad\u00e3o<\/a> <\/li>\r\n<\/h3>\r\n<\/ul>\t\t<\/div>\n\t\t\t\t<\/div>\n\t\t\t\t<div class=\"elementor-element elementor-element-1765616 elementor-widget elementor-widget-image\" data-id=\"1765616\" data-element_type=\"widget\" data-widget_type=\"image.default\">\n\t\t\t\t<div class=\"elementor-widget-container\">\n\t\t\t\t\t\t\t\t\t\t\t\t\t<img decoding=\"async\" width=\"1024\" height=\"469\" src=\"https:\/\/pusplq.usp.br\/wp-content\/uploads\/sites\/1403\/2025\/02\/pusplogoextens2025_vazado-1024x469.png\" class=\"attachment-large size-large wp-image-9129\" alt=\"\" srcset=\"https:\/\/pusplq.usp.br\/wp-content\/uploads\/sites\/1403\/2025\/02\/pusplogoextens2025_vazado-1024x469.png 1024w, https:\/\/pusplq.usp.br\/wp-content\/uploads\/sites\/1403\/2025\/02\/pusplogoextens2025_vazado-300x137.png 300w, https:\/\/pusplq.usp.br\/wp-content\/uploads\/sites\/1403\/2025\/02\/pusplogoextens2025_vazado-768x352.png 768w, https:\/\/pusplq.usp.br\/wp-content\/uploads\/sites\/1403\/2025\/02\/pusplogoextens2025_vazado-1536x704.png 1536w, https:\/\/pusplq.usp.br\/wp-content\/uploads\/sites\/1403\/2025\/02\/pusplogoextens2025_vazado-2048x938.png 2048w, https:\/\/pusplq.usp.br\/wp-content\/uploads\/sites\/1403\/2025\/02\/pusplogoextens2025_vazado-280x128.png 280w, https:\/\/pusplq.usp.br\/wp-content\/uploads\/sites\/1403\/2025\/02\/pusplogoextens2025_vazado-400x183.png 400w\" sizes=\"(max-width: 1024px) 100vw, 1024px\" \/>\t\t\t\t\t\t\t\t\t\t\t\t\t<\/div>\n\t\t\t\t<\/div>\n\t\t\t\t\t<\/div>\n\t\t<\/div>\n\t\t\t\t\t<\/div>\n\t\t<\/section>\n\t\t\t\t<section class=\"elementor-section elementor-top-section elementor-element elementor-element-c0735bc elementor-section-boxed elementor-section-height-default elementor-section-height-default\" data-id=\"c0735bc\" data-element_type=\"section\">\n\t\t\t\t\t\t<div class=\"elementor-container elementor-column-gap-default\">\n\t\t\t\t\t<div class=\"elementor-column elementor-col-100 elementor-top-column elementor-element elementor-element-ce3fb8e\" data-id=\"ce3fb8e\" data-element_type=\"column\">\n\t\t\t<div class=\"elementor-widget-wrap elementor-element-populated\">\n\t\t\t\t\t\t<div class=\"elementor-element elementor-element-e5a4901 elementor-widget elementor-widget-html\" data-id=\"e5a4901\" data-element_type=\"widget\" data-widget_type=\"html.default\">\n\t\t\t\t<div class=\"elementor-widget-container\">\n\t\t\t<p style=\"font-size: 14px; line-height: 1.5; font-weight: 1000;\">UNIVERSIDADE DE S\u00c3O PAULO<br>\r\nEDIFICIO CENTRAL - AVENIDA<br>\r\nP\u00e1dua Dias, 11<br>\r\nPiracicaba -SP<br>\r\n13418 900<br>\r\n<\/p>\t\t<\/div>\n\t\t\t\t<\/div>\n\t\t\t\t\t<\/div>\n\t\t<\/div>\n\t\t\t\t\t<\/div>\n\t\t<\/section>\n\t\t\t\t<section class=\"elementor-section elementor-top-section elementor-element elementor-element-3d8286b elementor-section-boxed elementor-section-height-default elementor-section-height-default\" data-id=\"3d8286b\" data-element_type=\"section\">\n\t\t\t\t\t\t<div class=\"elementor-container elementor-column-gap-default\">\n\t\t\t\t\t<div class=\"elementor-column elementor-col-100 elementor-top-column elementor-element elementor-element-34d266c\" data-id=\"34d266c\" data-element_type=\"column\">\n\t\t\t<div class=\"elementor-widget-wrap elementor-element-populated\">\n\t\t\t\t\t\t<div class=\"elementor-element elementor-element-5be9f10 elementor-widget elementor-widget-html\" data-id=\"5be9f10\" data-element_type=\"widget\" data-widget_type=\"html.default\">\n\t\t\t\t<div class=\"elementor-widget-container\">\n\t\t\t<h3>\r\nHor\u00e1rio de Atendimento: <BR>\r\nde segunda a sexta-feira das 07:30 \u00e0s 11:30 e das 13:00 \u00e0s 17:00 \r\n<br>\r\n(exceto feriados e recesso).\r\n<\/h3>\r\nCaso n\u00e3o encontre as informa\u00e7\u00f5es que precisa, utilize um dos canais dispon\u00edveis.\r\n<br>\r\n<br>\r\n<p><strong>Atualizado:<\/strong> 18\/02\/2025 as 17:00 hs.<\/p>\t\t<\/div>\n\t\t\t\t<\/div>\n\t\t\t\t\t<\/div>\n\t\t<\/div>\n\t\t\t\t\t<\/div>\n\t\t<\/section>\n\t\t\t\t<\/div>\n\t\t","protected":false},"excerpt":{"rendered":"<p>PORTAL DA TRANSPAR\u00caNCIA TRANSPAR\u00caNCIA UNIVERSIDADE DE S\u00c3O PAULO (dados referentes a recursos humanos, administra\u00e7\u00e3o e finan\u00e7as; informa\u00e7\u00f5es gerais sobre a Universidade; e links para o servi\u00e7o &#8220;Fale com a USP&#8221; e para a Ouvidoria Geral). EDITAIS E CONTRATOS Contratos AssinadosExerc\u00edcio 2025 Contratos AssinadosExerc\u00edcio 2024 Contratos AssinadosExerc\u00edcio 2023 Contratos AssinadosExerc\u00edcio 2022 Contratos AssinadosExerc\u00edcio 2021 Contratos AssinadosExerc\u00edcio [&hellip;]<\/p>\n","protected":false},"author":23873,"featured_media":0,"parent":3142,"menu_order":6,"comment_status":"closed","ping_status":"closed","template":"elementor_header_footer","meta":{"_monsterinsights_skip_tracking":false,"_monsterinsights_sitenote_active":false,"_monsterinsights_sitenote_note":"","_monsterinsights_sitenote_category":0,"footnotes":"","_links_to":"","_links_to_target":""},"class_list":["post-3999","page","type-page","status-publish","hentry","entry"],"_links":{"self":[{"href":"https:\/\/pusplq.usp.br\/index.php?rest_route=\/wp\/v2\/pages\/3999","targetHints":{"allow":["GET"]}}],"collection":[{"href":"https:\/\/pusplq.usp.br\/index.php?rest_route=\/wp\/v2\/pages"}],"about":[{"href":"https:\/\/pusplq.usp.br\/index.php?rest_route=\/wp\/v2\/types\/page"}],"author":[{"embeddable":true,"href":"https:\/\/pusplq.usp.br\/index.php?rest_route=\/wp\/v2\/users\/23873"}],"replies":[{"embeddable":true,"href":"https:\/\/pusplq.usp.br\/index.php?rest_route=%2Fwp%2Fv2%2Fcomments&post=3999"}],"version-history":[{"count":4,"href":"https:\/\/pusplq.usp.br\/index.php?rest_route=\/wp\/v2\/pages\/3999\/revisions"}],"predecessor-version":[{"id":12413,"href":"https:\/\/pusplq.usp.br\/index.php?rest_route=\/wp\/v2\/pages\/3999\/revisions\/12413"}],"up":[{"embeddable":true,"href":"https:\/\/pusplq.usp.br\/index.php?rest_route=\/wp\/v2\/pages\/3142"}],"wp:attachment":[{"href":"https:\/\/pusplq.usp.br\/index.php?rest_route=%2Fwp%2Fv2%2Fmedia&parent=3999"}],"curies":[{"name":"wp","href":"https:\/\/api.w.org\/{rel}","templated":true}]}}