{"id":4006,"date":"2024-06-28T08:09:47","date_gmt":"2024-06-28T11:09:47","guid":{"rendered":"https:\/\/sites.usp.br\/pusplq\/?page_id=4006"},"modified":"2026-01-20T08:44:31","modified_gmt":"2026-01-20T11:44:31","slug":"dvatcom","status":"publish","type":"page","link":"https:\/\/pusplq.usp.br\/?page_id=4006","title":{"rendered":"Divis\u00e3o de Atendimento \u00e0 Comunidade"},"content":{"rendered":"\t\t<div data-elementor-type=\"wp-page\" data-elementor-id=\"4006\" class=\"elementor elementor-4006\" data-elementor-post-type=\"page\">\n\t\t\t\t\t\t<section class=\"elementor-section elementor-top-section elementor-element elementor-element-20e3aa1 elementor-section-boxed elementor-section-height-default elementor-section-height-default\" data-id=\"20e3aa1\" data-element_type=\"section\">\n\t\t\t\t\t\t<div class=\"elementor-container elementor-column-gap-default\">\n\t\t\t\t\t<div class=\"elementor-column elementor-col-100 elementor-top-column elementor-element elementor-element-35f1301\" data-id=\"35f1301\" data-element_type=\"column\">\n\t\t\t<div class=\"elementor-widget-wrap elementor-element-populated\">\n\t\t\t\t\t\t<div class=\"elementor-element elementor-element-a6c2a62 elementor-widget elementor-widget-heading\" data-id=\"a6c2a62\" data-element_type=\"widget\" data-widget_type=\"heading.default\">\n\t\t\t\t<div class=\"elementor-widget-container\">\n\t\t\t<h2 class=\"elementor-heading-title elementor-size-default\">Divis\u00e3o de Atendimento \u00e0 Comunidade<\/h2>\t\t<\/div>\n\t\t\t\t<\/div>\n\t\t\t\t\t<\/div>\n\t\t<\/div>\n\t\t\t\t\t<\/div>\n\t\t<\/section>\n\t\t\t\t<section class=\"elementor-section elementor-top-section elementor-element elementor-element-c47593c elementor-section-boxed elementor-section-height-default elementor-section-height-default\" data-id=\"c47593c\" data-element_type=\"section\">\n\t\t\t\t\t\t<div class=\"elementor-container elementor-column-gap-default\">\n\t\t\t\t\t<div class=\"elementor-column elementor-col-100 elementor-top-column elementor-element elementor-element-03adcde\" data-id=\"03adcde\" data-element_type=\"column\">\n\t\t\t<div class=\"elementor-widget-wrap elementor-element-populated\">\n\t\t\t\t\t\t<div class=\"elementor-element elementor-element-0413c51 elementor-widget elementor-widget-image\" data-id=\"0413c51\" data-element_type=\"widget\" data-widget_type=\"image.default\">\n\t\t\t\t<div class=\"elementor-widget-container\">\n\t\t\t\t\t\t\t\t\t\t\t\t\t<img fetchpriority=\"high\" decoding=\"async\" width=\"400\" height=\"404\" src=\"https:\/\/pusplq.usp.br\/wp-content\/uploads\/sites\/1403\/2024\/09\/bt_dvatcom1-400x404.jpg\" class=\"attachment-fpw_big size-fpw_big wp-image-5647\" alt=\"\" srcset=\"https:\/\/pusplq.usp.br\/wp-content\/uploads\/sites\/1403\/2024\/09\/bt_dvatcom1-400x404.jpg 400w, https:\/\/pusplq.usp.br\/wp-content\/uploads\/sites\/1403\/2024\/09\/bt_dvatcom1-297x300.jpg 297w, https:\/\/pusplq.usp.br\/wp-content\/uploads\/sites\/1403\/2024\/09\/bt_dvatcom1-1013x1024.jpg 1013w, https:\/\/pusplq.usp.br\/wp-content\/uploads\/sites\/1403\/2024\/09\/bt_dvatcom1-768x777.jpg 768w, https:\/\/pusplq.usp.br\/wp-content\/uploads\/sites\/1403\/2024\/09\/bt_dvatcom1-45x45.jpg 45w, https:\/\/pusplq.usp.br\/wp-content\/uploads\/sites\/1403\/2024\/09\/bt_dvatcom1.jpg 1424w\" sizes=\"(max-width: 400px) 100vw, 400px\" \/>\t\t\t\t\t\t\t\t\t\t\t\t\t<\/div>\n\t\t\t\t<\/div>\n\t\t\t\t<div class=\"elementor-element elementor-element-f5e5664 elementor-widget__width-initial elementor-widget elementor-widget-html\" data-id=\"f5e5664\" data-element_type=\"widget\" data-widget_type=\"html.default\">\n\t\t\t\t<div class=\"elementor-widget-container\">\n\t\t\t<p style=\"text-align: justify\">A Divis\u00e3o de Atendimento \u00e0 Comunidade (DVATCOM) tem como objetivo gerenciar e viabilizar servi\u00e7os, benef\u00edcios e recursos que contribuam para a qualidade de vida, o\r\ndesenvolvimento e a valoriza\u00e7\u00e3o da comunidade interna e externa do Campus \u201cLuiz de Queiroz\u201d. <br>\r\nA DVATCOM realiza diversos tipos de atendimento e atua como um importante elo de apoio \u00e0 comunidade USP, sendo respons\u00e1vel pela gest\u00e3o das Se\u00e7\u00f5es e Servi\u00e7os que a comp\u00f5em.<\/p>\r\n<br>\r\n<h3>\r\n<u>SE\u00c7\u00d5ES E SERVI\u00c7OS<\/u>\r\n<br>\r\n<br>\r\n<a href=\"https:\/\/www.pusplq.usp.br\/ru\"><u>SE\u00c7\u00c3O DE ALIMENTA\u00c7\u00c3O (SCALIM)<\/u><\/a>\r\n<br>&rArr;\r\n<a href=\"mailto:restaurante.lq@usp.br\">restaurante.lq@usp.br<\/a>\r\n<BR>\r\n<br>\r\n<a href=\"https:\/\/pusplq.usp.br\/?page_id=4872\"><u>SE\u00c7\u00c3O DE PR\u00c1TICAS ESPORTIVAS (SCPRAES)<\/u><\/a>\r\n<br>&rArr;\r\n<a href=\"mailto:scpraes.lq@usp.br\">scpraes.lq@usp.br<\/a>\r\n<br>\r\n<BR>\r\n<a href=\"https:\/\/pusplq.usp.br\/?page_id=4151\"><u>SE\u00c7\u00c3O DE PROMO\u00c7\u00c3O SOCIAL E APOIO ESTUDANTIL(SCPSAE)<\/u><\/a>\r\n<br>&rArr;\r\n<a href=\"mailto:social.lq@usp.br\">social.lq@usp.br<\/a>\r\n<br>\r\n<br>\r\n<a href=\"https:\/\/pusplq.usp.br\/?page_id=4870\"><u>SE\u00c7\u00c3O DO CENTRO DE CONVIV\u00caNCIA INFANTIL (SCCCIN)<\/u><\/a>\r\n<br>&rArr;\r\n<a href=\"mailto:ccin.lq@usp.br\">ccin.lq@usp.br<\/a>\r\n<br>\r\n\r\n<\/h3>\r\n<strong>ATENDIMENTO PSICOL\u00d3GICO:<\/strong> <br>\r\nO Atendimento Psicol\u00f3gico \u00e9 destinado aos alunos de gradua\u00e7\u00e3o e p\u00f3s-gradua\u00e7\u00e3o.<br>\r\n    Respons\u00e1vel: Psic\u00f3loga FARIDE SIM\u00c3O.<br>Agendamento e informa\u00e7\u00f5es: <a href=\"mailto:dvatcom.lq@usp.br\">dvatcom.lq@usp.br<\/a>\r\n<br>\r\n<br>\r\n<strong>CHEFE T\u00c9CNICA DE DIVIS\u00c3O<\/strong><br>\r\n<a href=\"#\" target=\"_blank\">Angelo Gabriel de Oliveira<\/a><br>\r\n <a href=\"mailto:gabriel.cclq@usp.br\">gabriel.cclq@usp.br<\/a>\r\n<br>\r\n<br>\r\n<strong>CONTATO:<\/strong><br>\r\nTelefone: (19) 3429-4161<br>\r\nE-mail: <a href=\"mailto:dvatcom.lq@usp.br\">dvatcom.lq@usp.br<\/a>\r\n<br><br><h2><strong><i>\r\nHor\u00e1rio de funcionamento: de segunda a sexta-feira <br>das 07:30 \u00e0s 11:30 e das 13:30 \u00e0s 17:30 (exceto feriados e recesso.)<\/i><\/strong><\/h2>\r\n\r\n<br>\t\t<\/div>\n\t\t\t\t<\/div>\n\t\t\t\t\t<\/div>\n\t\t<\/div>\n\t\t\t\t\t<\/div>\n\t\t<\/section>\n\t\t\t\t<\/div>\n\t\t","protected":false},"excerpt":{"rendered":"<p>Divis\u00e3o de Atendimento \u00e0 Comunidade A Divis\u00e3o de Atendimento \u00e0 Comunidade (DVATCOM) tem como objetivo gerenciar e viabilizar servi\u00e7os, benef\u00edcios e recursos que contribuam para a qualidade de vida, o desenvolvimento e a valoriza\u00e7\u00e3o da comunidade interna e externa do Campus \u201cLuiz de Queiroz\u201d. A DVATCOM realiza diversos tipos de atendimento e atua como um [&hellip;]<\/p>\n","protected":false},"author":23873,"featured_media":0,"parent":3152,"menu_order":20,"comment_status":"closed","ping_status":"closed","template":"elementor_header_footer","meta":{"_monsterinsights_skip_tracking":false,"_monsterinsights_sitenote_active":false,"_monsterinsights_sitenote_note":"","_monsterinsights_sitenote_category":0,"footnotes":"","_links_to":"","_links_to_target":""},"class_list":["post-4006","page","type-page","status-publish","hentry","entry"],"_links":{"self":[{"href":"https:\/\/pusplq.usp.br\/index.php?rest_route=\/wp\/v2\/pages\/4006","targetHints":{"allow":["GET"]}}],"collection":[{"href":"https:\/\/pusplq.usp.br\/index.php?rest_route=\/wp\/v2\/pages"}],"about":[{"href":"https:\/\/pusplq.usp.br\/index.php?rest_route=\/wp\/v2\/types\/page"}],"author":[{"embeddable":true,"href":"https:\/\/pusplq.usp.br\/index.php?rest_route=\/wp\/v2\/users\/23873"}],"replies":[{"embeddable":true,"href":"https:\/\/pusplq.usp.br\/index.php?rest_route=%2Fwp%2Fv2%2Fcomments&post=4006"}],"version-history":[{"count":4,"href":"https:\/\/pusplq.usp.br\/index.php?rest_route=\/wp\/v2\/pages\/4006\/revisions"}],"predecessor-version":[{"id":12916,"href":"https:\/\/pusplq.usp.br\/index.php?rest_route=\/wp\/v2\/pages\/4006\/revisions\/12916"}],"up":[{"embeddable":true,"href":"https:\/\/pusplq.usp.br\/index.php?rest_route=\/wp\/v2\/pages\/3152"}],"wp:attachment":[{"href":"https:\/\/pusplq.usp.br\/index.php?rest_route=%2Fwp%2Fv2%2Fmedia&parent=4006"}],"curies":[{"name":"wp","href":"https:\/\/api.w.org\/{rel}","templated":true}]}}