{"id":4008,"date":"2024-06-28T08:10:42","date_gmt":"2024-06-28T11:10:42","guid":{"rendered":"https:\/\/sites.usp.br\/pusplq\/?page_id=4008"},"modified":"2026-04-02T15:13:50","modified_gmt":"2026-04-02T18:13:50","slug":"divisao-de-espaco-fisico","status":"publish","type":"page","link":"https:\/\/pusplq.usp.br\/?page_id=4008","title":{"rendered":"Divis\u00e3o de Espa\u00e7o F\u00edsico"},"content":{"rendered":"\t\t<div data-elementor-type=\"wp-page\" data-elementor-id=\"4008\" class=\"elementor elementor-4008\" data-elementor-post-type=\"page\">\n\t\t\t\t\t\t<section class=\"elementor-section elementor-top-section elementor-element elementor-element-eeded44 elementor-section-boxed elementor-section-height-default elementor-section-height-default\" data-id=\"eeded44\" data-element_type=\"section\">\n\t\t\t\t\t\t<div class=\"elementor-container elementor-column-gap-default\">\n\t\t\t\t\t<div class=\"elementor-column elementor-col-100 elementor-top-column elementor-element elementor-element-5c2a0b4\" data-id=\"5c2a0b4\" data-element_type=\"column\">\n\t\t\t<div class=\"elementor-widget-wrap elementor-element-populated\">\n\t\t\t\t\t\t<div class=\"elementor-element elementor-element-4595332 elementor-widget elementor-widget-heading\" data-id=\"4595332\" data-element_type=\"widget\" data-widget_type=\"heading.default\">\n\t\t\t\t<div class=\"elementor-widget-container\">\n\t\t\t<h2 class=\"elementor-heading-title elementor-size-default\">Divis\u00e3o do Espa\u00e7o F\u00edsico<\/h2>\t\t<\/div>\n\t\t\t\t<\/div>\n\t\t\t\t<div class=\"elementor-element elementor-element-980dfd5 elementor-widget__width-initial elementor-widget elementor-widget-image\" data-id=\"980dfd5\" data-element_type=\"widget\" data-widget_type=\"image.default\">\n\t\t\t\t<div class=\"elementor-widget-container\">\n\t\t\t\t\t\t\t\t\t\t<figure class=\"wp-caption\">\n\t\t\t\t\t\t\t\t\t\t<img fetchpriority=\"high\" decoding=\"async\" width=\"1024\" height=\"683\" src=\"https:\/\/pusplq.usp.br\/wp-content\/uploads\/sites\/1403\/2024\/09\/bt_sef-1.png\" class=\"attachment-large size-large wp-image-5558\" alt=\"\" srcset=\"https:\/\/pusplq.usp.br\/wp-content\/uploads\/sites\/1403\/2024\/09\/bt_sef-1.png 1024w, https:\/\/pusplq.usp.br\/wp-content\/uploads\/sites\/1403\/2024\/09\/bt_sef-1-300x200.png 300w, https:\/\/pusplq.usp.br\/wp-content\/uploads\/sites\/1403\/2024\/09\/bt_sef-1-768x512.png 768w, https:\/\/pusplq.usp.br\/wp-content\/uploads\/sites\/1403\/2024\/09\/bt_sef-1-400x267.png 400w\" sizes=\"(max-width: 1024px) 100vw, 1024px\" \/>\t\t\t\t\t\t\t\t\t\t\t<figcaption class=\"widget-image-caption wp-caption-text\"><\/figcaption>\n\t\t\t\t\t\t\t\t\t\t<\/figure>\n\t\t\t\t\t\t\t<\/div>\n\t\t\t\t<\/div>\n\t\t\t\t<div class=\"elementor-element elementor-element-1041a10 elementor-widget elementor-widget-html\" data-id=\"1041a10\" data-element_type=\"widget\" data-widget_type=\"html.default\">\n\t\t\t\t<div class=\"elementor-widget-container\">\n\t\t\t<p>A <strong>Divis\u00e3o do Espa\u00e7o F\u00edsico<\/strong> coordena as obras no campus \u201cLuiz de Queiroz\u201d quanto a execu\u00e7\u00e3o e fiscaliza\u00e7\u00e3o.<\/p>\r\n\r\n<strong>Chefe T\u00e9cnico de Divis\u00e3o<\/strong>\r\n<br>\r\n<a href=\"#\" target=\"_blank\">Valter Antonio Milanez<\/a>\r\n<br>\r\n<br>\r\n<a href=\"#\"><strong>Equipe<\/strong><\/a> <br>\r\n<a href=\"#\" target=\"_blank\">Adriano Godinho <\/a> <br>\r\n<a href=\"#\" target=\"_blank\">\u00c1lvaro Coimbra Sim\u00f5es <\/a> <br>\r\n<a href=\"#\" target=\"_blank\">Ant\u00f4nio Eduardo de Andrade Resende <\/a> <br>\r\n<a href=\"#\" target=\"_blank\">Claudia Aparecida Godoy <\/a> <br>\r\n<a href=\"#\" target=\"_blank\">Felipe Alves <\/a> <br>\r\n<a href=\"#\" target=\"_blank\">Jos\u00e9 Carlos Ferreira <\/a> <br>\r\n<a href=\"#\" target=\"_blank\">Lucas Gabriel Marinho dos Santos <\/a> <br>\r\n<a href=\"#\" target=\"_blank\">Tadeu Andia <\/a> <br>\r\n<a href=\"#\" target=\"_blank\">Ta\u00edsa Navarro Fiorini Soares <\/a> <br>\r\n<br>\r\n<br>\r\n<strong>Contato<\/strong><br>\r\n<strong>Telefone:<\/strong> (19) 3447 8600\r\n<br>\r\n<hr>\r\n\t\t<\/div>\n\t\t\t\t<\/div>\n\t\t\t\t\t<\/div>\n\t\t<\/div>\n\t\t\t\t\t<\/div>\n\t\t<\/section>\n\t\t\t\t<\/div>\n\t\t","protected":false},"excerpt":{"rendered":"<p>Divis\u00e3o do Espa\u00e7o F\u00edsico A Divis\u00e3o do Espa\u00e7o F\u00edsico coordena as obras no campus \u201cLuiz de Queiroz\u201d quanto a execu\u00e7\u00e3o e fiscaliza\u00e7\u00e3o. Chefe T\u00e9cnico de Divis\u00e3o Valter Antonio Milanez Equipe Adriano Godinho \u00c1lvaro Coimbra Sim\u00f5es Ant\u00f4nio Eduardo de Andrade Resende Claudia Aparecida Godoy Felipe Alves Jos\u00e9 Carlos Ferreira Lucas Gabriel Marinho dos Santos Tadeu Andia [&hellip;]<\/p>\n","protected":false},"author":23873,"featured_media":0,"parent":3152,"menu_order":30,"comment_status":"closed","ping_status":"closed","template":"elementor_header_footer","meta":{"_monsterinsights_skip_tracking":false,"_monsterinsights_sitenote_active":false,"_monsterinsights_sitenote_note":"","_monsterinsights_sitenote_category":0,"footnotes":"","_links_to":"","_links_to_target":""},"class_list":["post-4008","page","type-page","status-publish","hentry","entry"],"_links":{"self":[{"href":"https:\/\/pusplq.usp.br\/index.php?rest_route=\/wp\/v2\/pages\/4008","targetHints":{"allow":["GET"]}}],"collection":[{"href":"https:\/\/pusplq.usp.br\/index.php?rest_route=\/wp\/v2\/pages"}],"about":[{"href":"https:\/\/pusplq.usp.br\/index.php?rest_route=\/wp\/v2\/types\/page"}],"author":[{"embeddable":true,"href":"https:\/\/pusplq.usp.br\/index.php?rest_route=\/wp\/v2\/users\/23873"}],"replies":[{"embeddable":true,"href":"https:\/\/pusplq.usp.br\/index.php?rest_route=%2Fwp%2Fv2%2Fcomments&post=4008"}],"version-history":[{"count":4,"href":"https:\/\/pusplq.usp.br\/index.php?rest_route=\/wp\/v2\/pages\/4008\/revisions"}],"predecessor-version":[{"id":13617,"href":"https:\/\/pusplq.usp.br\/index.php?rest_route=\/wp\/v2\/pages\/4008\/revisions\/13617"}],"up":[{"embeddable":true,"href":"https:\/\/pusplq.usp.br\/index.php?rest_route=\/wp\/v2\/pages\/3152"}],"wp:attachment":[{"href":"https:\/\/pusplq.usp.br\/index.php?rest_route=%2Fwp%2Fv2%2Fmedia&parent=4008"}],"curies":[{"name":"wp","href":"https:\/\/api.w.org\/{rel}","templated":true}]}}