{"id":4010,"date":"2024-06-28T08:11:28","date_gmt":"2024-06-28T11:11:28","guid":{"rendered":"https:\/\/sites.usp.br\/pusplq\/?page_id=4010"},"modified":"2026-01-22T15:52:35","modified_gmt":"2026-01-22T18:52:35","slug":"dvmanoper","status":"publish","type":"page","link":"https:\/\/pusplq.usp.br\/?page_id=4010","title":{"rendered":"Divis\u00e3o de Manuten\u00e7\u00e3o e Opera\u00e7\u00e3o"},"content":{"rendered":"\t\t<div data-elementor-type=\"wp-page\" data-elementor-id=\"4010\" class=\"elementor elementor-4010\" data-elementor-post-type=\"page\">\n\t\t\t\t\t\t<section class=\"elementor-section elementor-top-section elementor-element elementor-element-ea7889c elementor-section-boxed elementor-section-height-default elementor-section-height-default\" data-id=\"ea7889c\" data-element_type=\"section\">\n\t\t\t\t\t\t<div class=\"elementor-container elementor-column-gap-default\">\n\t\t\t\t\t<div class=\"elementor-column elementor-col-100 elementor-top-column elementor-element elementor-element-2fa79e7\" data-id=\"2fa79e7\" data-element_type=\"column\">\n\t\t\t<div class=\"elementor-widget-wrap elementor-element-populated\">\n\t\t\t\t\t\t<div class=\"elementor-element elementor-element-9ff47e3 elementor-widget elementor-widget-heading\" data-id=\"9ff47e3\" data-element_type=\"widget\" data-widget_type=\"heading.default\">\n\t\t\t\t<div class=\"elementor-widget-container\">\n\t\t\t<h2 class=\"elementor-heading-title elementor-size-default\">Divis\u00e3o de Manuten\u00e7\u00e3o e Opera\u00e7\u00e3o<\/h2>\t\t<\/div>\n\t\t\t\t<\/div>\n\t\t\t\t\t<\/div>\n\t\t<\/div>\n\t\t\t\t\t<\/div>\n\t\t<\/section>\n\t\t\t\t<section class=\"elementor-section elementor-top-section elementor-element elementor-element-8515659 elementor-section-boxed elementor-section-height-default elementor-section-height-default\" data-id=\"8515659\" data-element_type=\"section\">\n\t\t\t\t\t\t<div class=\"elementor-container elementor-column-gap-default\">\n\t\t\t\t\t<div class=\"elementor-column elementor-col-100 elementor-top-column elementor-element elementor-element-da3167d\" data-id=\"da3167d\" data-element_type=\"column\">\n\t\t\t<div class=\"elementor-widget-wrap elementor-element-populated\">\n\t\t\t\t\t\t<div class=\"elementor-element elementor-element-5c58ee4 elementor-widget__width-initial elementor-widget elementor-widget-image\" data-id=\"5c58ee4\" data-element_type=\"widget\" data-widget_type=\"image.default\">\n\t\t\t\t<div class=\"elementor-widget-container\">\n\t\t\t\t\t\t\t\t\t\t\t\t\t<img fetchpriority=\"high\" decoding=\"async\" width=\"1024\" height=\"768\" src=\"https:\/\/pusplq.usp.br\/wp-content\/uploads\/sites\/1403\/2024\/11\/fig_operacaomanutencao-1024x768.png\" class=\"attachment-large size-large wp-image-6633\" alt=\"\" srcset=\"https:\/\/pusplq.usp.br\/wp-content\/uploads\/sites\/1403\/2024\/11\/fig_operacaomanutencao-1024x768.png 1024w, https:\/\/pusplq.usp.br\/wp-content\/uploads\/sites\/1403\/2024\/11\/fig_operacaomanutencao-300x225.png 300w, https:\/\/pusplq.usp.br\/wp-content\/uploads\/sites\/1403\/2024\/11\/fig_operacaomanutencao-768x576.png 768w, https:\/\/pusplq.usp.br\/wp-content\/uploads\/sites\/1403\/2024\/11\/fig_operacaomanutencao-80x60.png 80w, https:\/\/pusplq.usp.br\/wp-content\/uploads\/sites\/1403\/2024\/11\/fig_operacaomanutencao-280x210.png 280w, https:\/\/pusplq.usp.br\/wp-content\/uploads\/sites\/1403\/2024\/11\/fig_operacaomanutencao-400x300.png 400w, https:\/\/pusplq.usp.br\/wp-content\/uploads\/sites\/1403\/2024\/11\/fig_operacaomanutencao.png 1250w\" sizes=\"(max-width: 1024px) 100vw, 1024px\" \/>\t\t\t\t\t\t\t\t\t\t\t\t\t<\/div>\n\t\t\t\t<\/div>\n\t\t\t\t<div class=\"elementor-element elementor-element-31c9925 elementor-widget__width-initial elementor-widget elementor-widget-html\" data-id=\"31c9925\" data-element_type=\"widget\" data-widget_type=\"html.default\">\n\t\t\t\t<div class=\"elementor-widget-container\">\n\t\t\t\r\n<br><p style=\"text-align: justify\">Tem como miss\u00e3o realizar projetos voltados \u00e0 conserva\u00e7\u00e3o, manuten\u00e7\u00e3o e reforma dos pr\u00e9dios e instala\u00e7\u00f5es instala\u00e7\u00f5es existentes no Campus \"Luiz de Queiroz\". Realiza interven\u00e7\u00f5es com pessoal pr\u00f3prio ou mediante a contrata\u00e7\u00e3o de empresas terceirizadas. Atua tamb\u00e9m no Campus como \u00f3rg\u00e3o fiscalizador da COESF - Coordenadoria do Espa\u00e7o F\u00edsico, mantendo atualizadas as informa\u00e7\u00f5es sobre os pr\u00e9dios existentes, finalidades de uso, \u00e1reas constru\u00eddas e novas constru\u00e7\u00f5es, acompanhando todas as obras em andamento e orientando para que os padr\u00f5es da Universidade sejam respeitados.<\/p>\r\n\r\n    <h2>\r\n<strong>Hor\u00e1rio de funcionamento: <BR> de segunda a sexta-feira das 07:30 \u00e0s 11:30 e das 13:00 \u00e0s 17:00<br> (exceto feriados e recesso.)<\/strong><\/h2>\r\n<br>\r\n<strong>Diretor T\u00e9cnico de Divis\u00e3o<\/strong>\r\n<br>\r\n<a href=\"#\" target=\"_blank\">Jo\u00e3o Paulo da Silva <\/a>\r\n<br>\r\n<br>\r\n<a href=\"#\" target=\"_blank\"><strong>Equipe<\/strong><\/a>\r\n<br>\r\n<br>\r\n<a href=\"#\" target=\"_blank\">Cl\u00e1udio de Lima Silva<\/a>\r\n<br>\r\n<a href=\"#\" target=\"_blank\">Cleuza Caires Garcia Leopoldino<\/a>\r\n<br>\r\n<a href=\"#\" target=\"_blank\">Denise Eliana Lambertucci Estoque<\/a>\r\n<br>\r\n<a href=\"#\" target=\"_blank\">Eloisa Helena Guarda Dallavilla<\/a>\r\n<br>\r\n<a href=\"#\" target=\"_blank\">Jair Sebasti\u00e3o da Silva Pinto<\/a>\r\n<br>\r\n<a href=\"#\" target=\"_blank\">Wilson Vanderlei Jacintho<\/a>\t\t<\/div>\n\t\t\t\t<\/div>\n\t\t\t\t<div class=\"elementor-element elementor-element-1219b14 elementor-widget elementor-widget-heading\" data-id=\"1219b14\" data-element_type=\"widget\" data-widget_type=\"heading.default\">\n\t\t\t\t<div class=\"elementor-widget-container\">\n\t\t\t<h2 class=\"elementor-heading-title elementor-size-default\">Solicita\u00e7\u00f5es de Servi\u00e7os Online.<\/h2>\t\t<\/div>\n\t\t\t\t<\/div>\n\t\t\t\t<section class=\"elementor-section elementor-inner-section elementor-element elementor-element-a2e9cf6 elementor-section-boxed elementor-section-height-default elementor-section-height-default\" data-id=\"a2e9cf6\" data-element_type=\"section\">\n\t\t\t\t\t\t<div class=\"elementor-container elementor-column-gap-default\">\n\t\t\t\t\t<div class=\"elementor-column elementor-col-100 elementor-inner-column elementor-element elementor-element-c8c4d4e\" data-id=\"c8c4d4e\" data-element_type=\"column\">\n\t\t\t<div class=\"elementor-widget-wrap elementor-element-populated\">\n\t\t\t\t\t\t<div class=\"elementor-element elementor-element-e81a716 elementor-widget__width-initial elementor-widget elementor-widget-image\" data-id=\"e81a716\" data-element_type=\"widget\" data-widget_type=\"image.default\">\n\t\t\t\t<div class=\"elementor-widget-container\">\n\t\t\t\t\t\t\t\t\t\t\t\t\t\t<a href=\"https:\/\/uspdigital.usp.br\/\" target=\"_blank\">\n\t\t\t\t\t\t\t<img decoding=\"async\" width=\"300\" height=\"300\" src=\"https:\/\/pusplq.usp.br\/wp-content\/uploads\/sites\/1403\/2019\/06\/logo_campus_usp-300x300.png\" class=\"elementor-animation-grow attachment-medium size-medium wp-image-12736\" alt=\"\" srcset=\"https:\/\/pusplq.usp.br\/wp-content\/uploads\/sites\/1403\/2019\/06\/logo_campus_usp-300x300.png 300w, https:\/\/pusplq.usp.br\/wp-content\/uploads\/sites\/1403\/2019\/06\/logo_campus_usp-150x150.png 150w, https:\/\/pusplq.usp.br\/wp-content\/uploads\/sites\/1403\/2019\/06\/logo_campus_usp-280x280.png 280w, https:\/\/pusplq.usp.br\/wp-content\/uploads\/sites\/1403\/2019\/06\/logo_campus_usp-200x200.png 200w, https:\/\/pusplq.usp.br\/wp-content\/uploads\/sites\/1403\/2019\/06\/logo_campus_usp-400x400.png 400w, https:\/\/pusplq.usp.br\/wp-content\/uploads\/sites\/1403\/2019\/06\/logo_campus_usp.png 500w\" sizes=\"(max-width: 300px) 100vw, 300px\" \/>\t\t\t\t\t\t\t\t<\/a>\n\t\t\t\t\t\t\t\t\t\t\t\t\t<\/div>\n\t\t\t\t<\/div>\n\t\t\t\t\t<\/div>\n\t\t<\/div>\n\t\t\t\t\t<\/div>\n\t\t<\/section>\n\t\t\t\t<div class=\"elementor-element elementor-element-8e4b542 elementor-widget elementor-widget-html\" data-id=\"8e4b542\" data-element_type=\"widget\" data-widget_type=\"html.default\">\n\t\t\t\t<div class=\"elementor-widget-container\">\n\t\t\t<h2>\r\n<strong>Contato<\/strong>\r\n<br>\r\n<strong>Telefone:<\/strong> (19) 3429 4394 \/ 3429 4092\r\n<br>\r\n<strong>Ramal:<\/strong> 294394\r\n<br>\r\n<strong><\/strong> <a href=\"mailto:dvmo.lq@usp.br\">dvmo.lq@usp.br<\/a><\/h2>\t\t<\/div>\n\t\t\t\t<\/div>\n\t\t\t\t\t<\/div>\n\t\t<\/div>\n\t\t\t\t\t<\/div>\n\t\t<\/section>\n\t\t\t\t<\/div>\n\t\t","protected":false},"excerpt":{"rendered":"<p>Divis\u00e3o de Manuten\u00e7\u00e3o e Opera\u00e7\u00e3o Tem como miss\u00e3o realizar projetos voltados \u00e0 conserva\u00e7\u00e3o, manuten\u00e7\u00e3o e reforma dos pr\u00e9dios e instala\u00e7\u00f5es instala\u00e7\u00f5es existentes no Campus &#8220;Luiz de Queiroz&#8221;. Realiza interven\u00e7\u00f5es com pessoal pr\u00f3prio ou mediante a contrata\u00e7\u00e3o de empresas terceirizadas. Atua tamb\u00e9m no Campus como \u00f3rg\u00e3o fiscalizador da COESF &#8211; Coordenadoria do Espa\u00e7o F\u00edsico, mantendo atualizadas [&hellip;]<\/p>\n","protected":false},"author":23873,"featured_media":0,"parent":3152,"menu_order":4,"comment_status":"closed","ping_status":"closed","template":"elementor_header_footer","meta":{"_monsterinsights_skip_tracking":false,"_monsterinsights_sitenote_active":false,"_monsterinsights_sitenote_note":"","_monsterinsights_sitenote_category":0,"footnotes":"","_links_to":"","_links_to_target":""},"class_list":["post-4010","page","type-page","status-publish","hentry","entry"],"_links":{"self":[{"href":"https:\/\/pusplq.usp.br\/index.php?rest_route=\/wp\/v2\/pages\/4010","targetHints":{"allow":["GET"]}}],"collection":[{"href":"https:\/\/pusplq.usp.br\/index.php?rest_route=\/wp\/v2\/pages"}],"about":[{"href":"https:\/\/pusplq.usp.br\/index.php?rest_route=\/wp\/v2\/types\/page"}],"author":[{"embeddable":true,"href":"https:\/\/pusplq.usp.br\/index.php?rest_route=\/wp\/v2\/users\/23873"}],"replies":[{"embeddable":true,"href":"https:\/\/pusplq.usp.br\/index.php?rest_route=%2Fwp%2Fv2%2Fcomments&post=4010"}],"version-history":[{"count":4,"href":"https:\/\/pusplq.usp.br\/index.php?rest_route=\/wp\/v2\/pages\/4010\/revisions"}],"predecessor-version":[{"id":13166,"href":"https:\/\/pusplq.usp.br\/index.php?rest_route=\/wp\/v2\/pages\/4010\/revisions\/13166"}],"up":[{"embeddable":true,"href":"https:\/\/pusplq.usp.br\/index.php?rest_route=\/wp\/v2\/pages\/3152"}],"wp:attachment":[{"href":"https:\/\/pusplq.usp.br\/index.php?rest_route=%2Fwp%2Fv2%2Fmedia&parent=4010"}],"curies":[{"name":"wp","href":"https:\/\/api.w.org\/{rel}","templated":true}]}}