{"id":4153,"date":"2024-07-15T09:05:53","date_gmt":"2024-07-15T12:05:53","guid":{"rendered":"https:\/\/sites.usp.br\/pusplq\/?page_id=4153"},"modified":"2026-02-13T15:01:58","modified_gmt":"2026-02-13T18:01:58","slug":"graduacao","status":"publish","type":"page","link":"https:\/\/pusplq.usp.br\/?page_id=4153","title":{"rendered":"Gradua\u00e7\u00e3o"},"content":{"rendered":"\t\t<div data-elementor-type=\"wp-page\" data-elementor-id=\"4153\" class=\"elementor elementor-4153\" data-elementor-post-type=\"page\">\n\t\t\t\t\t\t<section class=\"elementor-section elementor-top-section elementor-element elementor-element-d361882 elementor-section-boxed elementor-section-height-default elementor-section-height-default\" data-id=\"d361882\" data-element_type=\"section\">\n\t\t\t\t\t\t<div class=\"elementor-container elementor-column-gap-default\">\n\t\t\t\t\t<div class=\"elementor-column elementor-col-100 elementor-top-column elementor-element elementor-element-0068956\" data-id=\"0068956\" data-element_type=\"column\">\n\t\t\t<div class=\"elementor-widget-wrap elementor-element-populated\">\n\t\t\t\t\t\t<div class=\"elementor-element elementor-element-504098e elementor-widget elementor-widget-heading\" data-id=\"504098e\" data-element_type=\"widget\" data-widget_type=\"heading.default\">\n\t\t\t\t<div class=\"elementor-widget-container\">\n\t\t\t<h2 class=\"elementor-heading-title elementor-size-default\">Aux\u00edlios<\/h2>\t\t<\/div>\n\t\t\t\t<\/div>\n\t\t\t\t\t<\/div>\n\t\t<\/div>\n\t\t\t\t\t<\/div>\n\t\t<\/section>\n\t\t\t\t<section class=\"elementor-section elementor-top-section elementor-element elementor-element-f009e48 elementor-section-boxed elementor-section-height-default elementor-section-height-default\" data-id=\"f009e48\" data-element_type=\"section\">\n\t\t\t\t\t\t<div class=\"elementor-container elementor-column-gap-default\">\n\t\t\t\t\t<div class=\"elementor-column elementor-col-100 elementor-top-column elementor-element elementor-element-b9ab4ea\" data-id=\"b9ab4ea\" data-element_type=\"column\">\n\t\t\t<div class=\"elementor-widget-wrap elementor-element-populated\">\n\t\t\t\t\t\t<div class=\"elementor-element elementor-element-d8071e1 elementor-nav-menu__align-start elementor-nav-menu--dropdown-mobile elementor-nav-menu__text-align-aside elementor-nav-menu--toggle elementor-nav-menu--burger elementor-widget elementor-widget-nav-menu\" data-id=\"d8071e1\" data-element_type=\"widget\" data-settings=\"{&quot;submenu_icon&quot;:{&quot;value&quot;:&quot;&lt;i class=\\&quot;\\&quot;&gt;&lt;\\\/i&gt;&quot;,&quot;library&quot;:&quot;&quot;},&quot;toggle_icon_hover_animation&quot;:&quot;grow&quot;,&quot;layout&quot;:&quot;horizontal&quot;,&quot;toggle&quot;:&quot;burger&quot;}\" data-widget_type=\"nav-menu.default\">\n\t\t\t\t<div class=\"elementor-widget-container\">\n\t\t\t\t\t\t<nav aria-label=\"Menu\" class=\"elementor-nav-menu--main elementor-nav-menu__container elementor-nav-menu--layout-horizontal e--pointer-none\">\n\t\t\t\t<ul id=\"menu-1-d8071e1\" class=\"elementor-nav-menu\"><li class=\"menu-item menu-item-type-post_type menu-item-object-page menu-item-4168\"><a href=\"https:\/\/pusplq.usp.br\/?page_id=4153\" class=\"elementor-item\">Moradia do Campus: CEU<\/a><\/li>\n<li class=\"menu-item menu-item-type-post_type menu-item-object-page menu-item-4167\"><a href=\"https:\/\/pusplq.usp.br\/?page_id=4155\" class=\"elementor-item\">P\u00f3s-Gradua\u00e7\u00e3o<\/a><\/li>\n<li class=\"menu-item menu-item-type-post_type menu-item-object-page menu-item-4166\"><a href=\"https:\/\/pusplq.usp.br\/?page_id=4163\" class=\"elementor-item\">Moradias Fora do Campus<\/a><\/li>\n<li class=\"menu-item menu-item-type-post_type menu-item-object-page menu-item-4165\"><a href=\"https:\/\/pusplq.usp.br\/?page_id=3156\" class=\"elementor-item\">Fale Conosco<\/a><\/li>\n<\/ul>\t\t\t<\/nav>\n\t\t\t\t\t<div class=\"elementor-menu-toggle\" role=\"button\" tabindex=\"0\" aria-label=\"Alternar menu\" aria-expanded=\"false\">\n\t\t\t<i aria-hidden=\"true\" role=\"presentation\" class=\"elementor-menu-toggle__icon--open elementor-animation-grow eicon-menu-bar\"><\/i><i aria-hidden=\"true\" role=\"presentation\" class=\"elementor-menu-toggle__icon--close elementor-animation-grow eicon-close\"><\/i>\t\t\t<span class=\"elementor-screen-only\">Menu<\/span>\n\t\t<\/div>\n\t\t\t\t\t<nav class=\"elementor-nav-menu--dropdown elementor-nav-menu__container\" aria-hidden=\"true\">\n\t\t\t\t<ul id=\"menu-2-d8071e1\" class=\"elementor-nav-menu\"><li class=\"menu-item menu-item-type-post_type menu-item-object-page menu-item-4168\"><a href=\"https:\/\/pusplq.usp.br\/?page_id=4153\" class=\"elementor-item\" tabindex=\"-1\">Moradia do Campus: CEU<\/a><\/li>\n<li class=\"menu-item menu-item-type-post_type menu-item-object-page menu-item-4167\"><a href=\"https:\/\/pusplq.usp.br\/?page_id=4155\" class=\"elementor-item\" tabindex=\"-1\">P\u00f3s-Gradua\u00e7\u00e3o<\/a><\/li>\n<li class=\"menu-item menu-item-type-post_type menu-item-object-page menu-item-4166\"><a href=\"https:\/\/pusplq.usp.br\/?page_id=4163\" class=\"elementor-item\" tabindex=\"-1\">Moradias Fora do Campus<\/a><\/li>\n<li class=\"menu-item menu-item-type-post_type menu-item-object-page menu-item-4165\"><a href=\"https:\/\/pusplq.usp.br\/?page_id=3156\" class=\"elementor-item\" tabindex=\"-1\">Fale Conosco<\/a><\/li>\n<\/ul>\t\t\t<\/nav>\n\t\t\t\t<\/div>\n\t\t\t\t<\/div>\n\t\t\t\t\t<\/div>\n\t\t<\/div>\n\t\t\t\t\t<\/div>\n\t\t<\/section>\n\t\t\t\t<section class=\"elementor-section elementor-top-section elementor-element elementor-element-79ce345 elementor-section-boxed elementor-section-height-default elementor-section-height-default\" data-id=\"79ce345\" data-element_type=\"section\">\n\t\t\t\t\t\t<div class=\"elementor-container elementor-column-gap-default\">\n\t\t\t\t\t<div class=\"elementor-column elementor-col-66 elementor-top-column elementor-element elementor-element-22f662a\" data-id=\"22f662a\" data-element_type=\"column\">\n\t\t\t<div class=\"elementor-widget-wrap elementor-element-populated\">\n\t\t\t\t\t\t<div class=\"elementor-element elementor-element-1c615ba elementor-widget__width-initial elementor-widget elementor-widget-html\" data-id=\"1c615ba\" data-element_type=\"widget\" data-widget_type=\"html.default\">\n\t\t\t\t<div class=\"elementor-widget-container\">\n\t\t\t<strong>MORADIA ESTUDANTIL no CAMPUS GRADUA\u00c7\u00c3O<\/strong> \r\n<p style=\"text-align:justify\">O Campus \u201cLuiz de Queiroz\u201d possui a Casa do Estudante Universit\u00e1rio \u2013 CEU (gradua\u00e7\u00e3o) que \u00e9 uma modalidade que integra o Programa de Apoio \u00e0 Perman\u00eancia e Forma\u00e7\u00e3o Estudantil da USP\/PAPFE e tem por objetivo assegurar condi\u00e7\u00f5es de perman\u00eancia na Universidade aos alunos em sua primeira gradua\u00e7\u00e3o que apresentem e comprovem necessidade socioecon\u00f4mica.<\/p>\r\n<p style=\"text-align:justify\">A sele\u00e7\u00e3o dos alunos, implementa\u00e7\u00e3o e acompanhamento dos benef\u00edcios do PAPFE s\u00e3o coordenados pela Pr\u00f3 Reitoria de Inclus\u00e3o e Pertencimento \u2013 PRIP, em colabora\u00e7\u00e3o com as Prefeituras dos campi da USP e o processo de classifica\u00e7\u00e3o socioecon\u00f4mica ser\u00e1 realizado utilizando crit\u00e9rios unificados pr\u00e9-estabelecidos e aprovados pela Pr\u00f3-Reitoria de Inclus\u00e3o e Pertencimento (PRIP), v\u00e1lidos para todos os campi da USP. Ser\u00e3o contemplados os estudantes de maior vulnerabilidade socioecon\u00f4mica, de acordo com os recursos determinados pela Universidade. OBS: no campus \u201cLuiz de Queiroz\u201d, conforme os estatutos e regimentos internos das moradias.<\/p>\r\n<strong>INSCRI\u00c7\u00d5ES PAPFE<\/strong><br><br>\r\n<h3>\r\n<strong>Primeiro Per\u00edodo:<\/strong> de 12\/01 a 10\/02\r\n<br>\r\n<strong>Segundo Per\u00edodo:<\/strong> de 11\/02 a 01\/03\r\n<br>\r\n<strong>Terceiro Per\u00edodo:<\/strong> de 02\/03 a 25\/03\r\n<br>\r\n<\/h3>\r\nPara saber mais sobre o EDITAL PAPFE, FAQ e informa\u00e7\u00f5es complementares: acessar:\r\n<h2><a href=\"https:\/\/prip.usp.br\/apoio-estudantil\/papfe\/\" target=\"_blank\">https:\/\/prip.usp.br\/apoio-estudantil\/papfe\/<\/a><\/h2>\r\n\r\n<a href=\"https:\/\/pusplq.usp.br\/wp-content\/uploads\/sites\/1403\/2026\/01\/EditalMoradiaGraduacao2026assinado.pdf\" target=\"_blank\">Edital Processo Casa do Estudante Universit\u00e1rio \u201cJos\u00e9 Benedicto de\r\nCamargo\u201d<\/a>\r\n<br>\r\n<br>\r\n<strong>Posso ficar como visitante na moradia da gradua\u00e7\u00e3o\/CEU?:<\/strong><br>\r\n<p style=\"text-align:justify\">At\u00e9 o resultado do processo de sele\u00e7\u00e3o do PAPFE, e dependendo do n\u00famero de quartos dispon\u00edveis, a CEU pode receber visitantes; o aluno ter\u00e1 que manifestar seu interesse pelo e-mail: <a href=\"mailto:social.lq@usp.br\">social.lq@usp.br<\/a> informando seu n\u00famero USP, curso, cidade de origem e breve justificativa de necessidade. A moradia n\u00e3o aceita alunos moradores da cidade de Piracicaba.<\/p>\r\n\r\n<strong>Homenageada pela C\u00e2mara de Vereadores de Piracicaba<\/strong>\r\n\r\n<p style=\"text-align:justify\"> Casa do Estudante Universit\u00e1rio &quot;Prof. Jos\u00e9 Benedicto de Camargo&quot; (CEU),\r\nmoradia estudantil da Escola Superior de Agricultura Luiz de Queiroz\r\n(Esalq\/USP), foi homenageada pela C\u00e2mara de Vereadores de Piracicaba,\r\npelos seus 60 anos de exist\u00eancia.<\/p>\r\n\t\t<\/div>\n\t\t\t\t<\/div>\n\t\t\t\t<div class=\"elementor-element elementor-element-1fab274 elementor-widget__width-initial elementor-widget elementor-widget-video\" data-id=\"1fab274\" data-element_type=\"widget\" data-settings=\"{&quot;youtube_url&quot;:&quot;https:\\\/\\\/www.youtube.com\\\/watch?v=CTtYpptddHU&amp;t=126s&quot;,&quot;video_type&quot;:&quot;youtube&quot;,&quot;controls&quot;:&quot;yes&quot;}\" data-widget_type=\"video.default\">\n\t\t\t\t<div class=\"elementor-widget-container\">\n\t\t\t\t\t<div class=\"elementor-wrapper elementor-open-inline\">\n\t\t\t<div class=\"elementor-video\"><\/div>\t\t<\/div>\n\t\t\t\t<\/div>\n\t\t\t\t<\/div>\n\t\t\t\t<div class=\"elementor-element elementor-element-89a0143 elementor-widget elementor-widget-html\" data-id=\"89a0143\" data-element_type=\"widget\" data-widget_type=\"html.default\">\n\t\t\t\t<div class=\"elementor-widget-container\">\n\t\t\t<br>\r\n<p style=\"text-align:justify\">Para mais informa\u00e7\u00f5es entrar em contato na Se\u00e7\u00e3o de Promo\u00e7\u00e3o Social e Apoio Estudantil- Divis\u00e3o de Atendimento \u00e0 Comunidade - Alameda das Sipirunas, 20 (sa\u00edda principal do campus)<\/p>\r\n<h2>Contatos no Campus:<\/h2>\r\n<h2><strong>Telefone:\u00a0<\/strong>(19) 3429-4161<br>\r\nPelo e-mail: <a href=\"mailto:social.lq@usp.br\">social.lq@usp.br<\/a> ou\r\n<br>WhatsApp:  (19) 97158-8614<br>\r\n<img decoding=\"async\" src=\"scpsme\/fig_whatsapp.jpg\" style=\"float:none\" alt=\"\" \/><\/h2>\t\t<\/div>\n\t\t\t\t<\/div>\n\t\t\t\t\t<\/div>\n\t\t<\/div>\n\t\t\t\t<div class=\"elementor-column elementor-col-33 elementor-top-column elementor-element elementor-element-70f6719\" data-id=\"70f6719\" data-element_type=\"column\">\n\t\t\t<div class=\"elementor-widget-wrap elementor-element-populated\">\n\t\t\t\t\t\t<div class=\"elementor-element elementor-element-d6c2ee5 elementor-widget elementor-widget-image\" data-id=\"d6c2ee5\" data-element_type=\"widget\" data-widget_type=\"image.default\">\n\t\t\t\t<div class=\"elementor-widget-container\">\n\t\t\t\t\t\t\t\t\t\t\t\t\t\t<a href=\"https:\/\/pusplq.usp.br\/wp-content\/uploads\/sites\/1403\/2026\/02\/CartilhaManualIngressante2026-2.pdf\" target=\"_blank\">\n\t\t\t\t\t\t\t<img fetchpriority=\"high\" decoding=\"async\" width=\"199\" height=\"300\" src=\"https:\/\/pusplq.usp.br\/wp-content\/uploads\/sites\/1403\/2026\/02\/figura_capa_ingressantes2026-199x300.png\" class=\"attachment-medium size-medium wp-image-13464\" alt=\"\" srcset=\"https:\/\/pusplq.usp.br\/wp-content\/uploads\/sites\/1403\/2026\/02\/figura_capa_ingressantes2026-199x300.png 199w, https:\/\/pusplq.usp.br\/wp-content\/uploads\/sites\/1403\/2026\/02\/figura_capa_ingressantes2026-680x1024.png 680w, https:\/\/pusplq.usp.br\/wp-content\/uploads\/sites\/1403\/2026\/02\/figura_capa_ingressantes2026-768x1157.png 768w, https:\/\/pusplq.usp.br\/wp-content\/uploads\/sites\/1403\/2026\/02\/figura_capa_ingressantes2026-1019x1536.png 1019w, https:\/\/pusplq.usp.br\/wp-content\/uploads\/sites\/1403\/2026\/02\/figura_capa_ingressantes2026-280x422.png 280w, https:\/\/pusplq.usp.br\/wp-content\/uploads\/sites\/1403\/2026\/02\/figura_capa_ingressantes2026-398x600.png 398w, https:\/\/pusplq.usp.br\/wp-content\/uploads\/sites\/1403\/2026\/02\/figura_capa_ingressantes2026.png 1024w\" sizes=\"(max-width: 199px) 100vw, 199px\" \/>\t\t\t\t\t\t\t\t<\/a>\n\t\t\t\t\t\t\t\t\t\t\t\t\t<\/div>\n\t\t\t\t<\/div>\n\t\t\t\t<div class=\"elementor-element elementor-element-1cc466b elementor-widget__width-initial elementor-widget elementor-widget-image\" data-id=\"1cc466b\" data-element_type=\"widget\" data-widget_type=\"image.default\">\n\t\t\t\t<div class=\"elementor-widget-container\">\n\t\t\t\t\t\t\t\t\t\t\t\t\t\t<a href=\"https:\/\/prip.usp.br\/apoio-estudantil\/\">\n\t\t\t\t\t\t\t<img decoding=\"async\" width=\"450\" height=\"200\" src=\"https:\/\/pusplq.usp.br\/wp-content\/uploads\/sites\/1403\/2024\/12\/logo_prip.jpg\" class=\"attachment-large size-large wp-image-7280\" alt=\"\" srcset=\"https:\/\/pusplq.usp.br\/wp-content\/uploads\/sites\/1403\/2024\/12\/logo_prip.jpg 450w, https:\/\/pusplq.usp.br\/wp-content\/uploads\/sites\/1403\/2024\/12\/logo_prip-300x133.jpg 300w, https:\/\/pusplq.usp.br\/wp-content\/uploads\/sites\/1403\/2024\/12\/logo_prip-280x124.jpg 280w, https:\/\/pusplq.usp.br\/wp-content\/uploads\/sites\/1403\/2024\/12\/logo_prip-400x178.jpg 400w\" sizes=\"(max-width: 450px) 100vw, 450px\" \/>\t\t\t\t\t\t\t\t<\/a>\n\t\t\t\t\t\t\t\t\t\t\t\t\t<\/div>\n\t\t\t\t<\/div>\n\t\t\t\t<div class=\"elementor-element elementor-element-094e9b7 elementor-widget elementor-widget-spacer\" data-id=\"094e9b7\" data-element_type=\"widget\" data-widget_type=\"spacer.default\">\n\t\t\t\t<div class=\"elementor-widget-container\">\n\t\t\t\t\t<div class=\"elementor-spacer\">\n\t\t\t<div class=\"elementor-spacer-inner\"><\/div>\n\t\t<\/div>\n\t\t\t\t<\/div>\n\t\t\t\t<\/div>\n\t\t\t\t<div class=\"elementor-element elementor-element-d2ad6d1 elementor-widget elementor-widget-heading\" data-id=\"d2ad6d1\" data-element_type=\"widget\" data-widget_type=\"heading.default\">\n\t\t\t\t<div class=\"elementor-widget-container\">\n\t\t\t<h2 class=\"elementor-heading-title elementor-size-default\">Apresenta\u00e7\u00e3o CEU<\/h2>\t\t<\/div>\n\t\t\t\t<\/div>\n\t\t\t\t<div class=\"elementor-element elementor-element-0476d2b elementor-widget__width-initial elementor-widget elementor-widget-video\" data-id=\"0476d2b\" data-element_type=\"widget\" data-settings=\"{&quot;video_type&quot;:&quot;hosted&quot;,&quot;controls&quot;:&quot;yes&quot;}\" data-widget_type=\"video.default\">\n\t\t\t\t<div class=\"elementor-widget-container\">\n\t\t\t\t\t<div class=\"e-hosted-video elementor-wrapper elementor-open-inline\">\n\t\t\t\t\t<video class=\"elementor-video\" src=\"https:\/\/pusplq.usp.br\/wp-content\/uploads\/sites\/1403\/2026\/02\/VideoCEU2026_reduzido-2.mp4\" controls=\"\" preload=\"metadata\" controlsList=\"nodownload\"><\/video>\n\t\t\t\t<\/div>\n\t\t\t\t<\/div>\n\t\t\t\t<\/div>\n\t\t\t\t<div class=\"elementor-element elementor-element-bfd143b elementor-widget elementor-widget-spacer\" data-id=\"bfd143b\" data-element_type=\"widget\" data-widget_type=\"spacer.default\">\n\t\t\t\t<div class=\"elementor-widget-container\">\n\t\t\t\t\t<div class=\"elementor-spacer\">\n\t\t\t<div class=\"elementor-spacer-inner\"><\/div>\n\t\t<\/div>\n\t\t\t\t<\/div>\n\t\t\t\t<\/div>\n\t\t\t\t<div class=\"elementor-element elementor-element-932a0dd elementor-widget elementor-widget-video\" data-id=\"932a0dd\" data-element_type=\"widget\" data-settings=\"{&quot;video_type&quot;:&quot;hosted&quot;,&quot;controls&quot;:&quot;yes&quot;}\" data-widget_type=\"video.default\">\n\t\t\t\t<div class=\"elementor-widget-container\">\n\t\t\t\t\t<div class=\"e-hosted-video elementor-wrapper elementor-open-inline\">\n\t\t\t\t\t<video class=\"elementor-video\" src=\"https:\/\/pusplq.usp.br\/wp-content\/uploads\/sites\/1403\/2024\/12\/fotosceu1.mp4\" controls=\"\" preload=\"metadata\" controlsList=\"nodownload\"><\/video>\n\t\t\t\t<\/div>\n\t\t\t\t<\/div>\n\t\t\t\t<\/div>\n\t\t\t\t<div class=\"elementor-element elementor-element-549da98 elementor-widget elementor-widget-html\" data-id=\"549da98\" data-element_type=\"widget\" data-widget_type=\"html.default\">\n\t\t\t\t<div class=\"elementor-widget-container\">\n\t\t\t<strong>Fale Conosco:<\/strong> faremos o poss\u00edvel para ajudar em suas d\u00favidas e informa\u00e7\u00f5es necess\u00e1rias atrav\u00e9s do email: <a href=\"mailto:social.lq@usp.br\">social.lq@usp.br<\/a>\t\t<\/div>\n\t\t\t\t<\/div>\n\t\t\t\t<div class=\"elementor-element elementor-element-27637ee elementor-widget__width-initial elementor-widget elementor-widget-image\" data-id=\"27637ee\" data-element_type=\"widget\" data-widget_type=\"image.default\">\n\t\t\t\t<div class=\"elementor-widget-container\">\n\t\t\t\t\t\t\t\t\t\t\t\t\t\t<a href=\"https:\/\/cloud.pusplq.usp.br\/ubas\/\" target=\"_blank\">\n\t\t\t\t\t\t\t<img decoding=\"async\" width=\"800\" height=\"400\" src=\"https:\/\/pusplq.usp.br\/wp-content\/uploads\/sites\/1403\/2024\/07\/bt_ubas.png\" class=\"attachment-large size-large wp-image-4737\" alt=\"\" srcset=\"https:\/\/pusplq.usp.br\/wp-content\/uploads\/sites\/1403\/2024\/07\/bt_ubas.png 800w, https:\/\/pusplq.usp.br\/wp-content\/uploads\/sites\/1403\/2024\/07\/bt_ubas-300x150.png 300w, https:\/\/pusplq.usp.br\/wp-content\/uploads\/sites\/1403\/2024\/07\/bt_ubas-768x384.png 768w, https:\/\/pusplq.usp.br\/wp-content\/uploads\/sites\/1403\/2024\/07\/bt_ubas-400x200.png 400w\" sizes=\"(max-width: 800px) 100vw, 800px\" \/>\t\t\t\t\t\t\t\t<\/a>\n\t\t\t\t\t\t\t\t\t\t\t\t\t<\/div>\n\t\t\t\t<\/div>\n\t\t\t\t<div class=\"elementor-element elementor-element-4741060 elementor-widget elementor-widget-image\" data-id=\"4741060\" data-element_type=\"widget\" data-widget_type=\"image.default\">\n\t\t\t\t<div class=\"elementor-widget-container\">\n\t\t\t\t\t\t\t\t\t\t\t\t\t\t<a href=\"https:\/\/pusplq.usp.br\/?page_id=4870\">\n\t\t\t\t\t\t\t<img loading=\"lazy\" decoding=\"async\" width=\"1024\" height=\"500\" src=\"https:\/\/pusplq.usp.br\/wp-content\/uploads\/sites\/1403\/2024\/11\/fig_scccin_logo.png\" class=\"attachment-large size-large wp-image-7203\" alt=\"\" srcset=\"https:\/\/pusplq.usp.br\/wp-content\/uploads\/sites\/1403\/2024\/11\/fig_scccin_logo.png 1024w, https:\/\/pusplq.usp.br\/wp-content\/uploads\/sites\/1403\/2024\/11\/fig_scccin_logo-300x146.png 300w, https:\/\/pusplq.usp.br\/wp-content\/uploads\/sites\/1403\/2024\/11\/fig_scccin_logo-768x375.png 768w, https:\/\/pusplq.usp.br\/wp-content\/uploads\/sites\/1403\/2024\/11\/fig_scccin_logo-280x137.png 280w, https:\/\/pusplq.usp.br\/wp-content\/uploads\/sites\/1403\/2024\/11\/fig_scccin_logo-400x195.png 400w\" sizes=\"(max-width: 1024px) 100vw, 1024px\" \/>\t\t\t\t\t\t\t\t<\/a>\n\t\t\t\t\t\t\t\t\t\t\t\t\t<\/div>\n\t\t\t\t<\/div>\n\t\t\t\t<div class=\"elementor-element elementor-element-015f276 elementor-widget elementor-widget-image\" data-id=\"015f276\" data-element_type=\"widget\" data-widget_type=\"image.default\">\n\t\t\t\t<div class=\"elementor-widget-container\">\n\t\t\t\t\t\t\t\t\t\t\t\t\t\t<a href=\"https:\/\/pusplq.usp.br\/wp-content\/uploads\/sites\/1403\/2024\/12\/aplicativo_movel_2019.pdf\" target=\"_blank\">\n\t\t\t\t\t\t\t<img loading=\"lazy\" decoding=\"async\" width=\"480\" height=\"320\" src=\"https:\/\/pusplq.usp.br\/wp-content\/uploads\/sites\/1403\/2024\/09\/app_seguranca.png\" class=\"attachment-large size-large wp-image-5467\" alt=\"\" srcset=\"https:\/\/pusplq.usp.br\/wp-content\/uploads\/sites\/1403\/2024\/09\/app_seguranca.png 480w, https:\/\/pusplq.usp.br\/wp-content\/uploads\/sites\/1403\/2024\/09\/app_seguranca-300x200.png 300w, https:\/\/pusplq.usp.br\/wp-content\/uploads\/sites\/1403\/2024\/09\/app_seguranca-400x267.png 400w\" sizes=\"(max-width: 480px) 100vw, 480px\" \/>\t\t\t\t\t\t\t\t<\/a>\n\t\t\t\t\t\t\t\t\t\t\t\t\t<\/div>\n\t\t\t\t<\/div>\n\t\t\t\t<div class=\"elementor-element elementor-element-ccf58fb elementor-widget elementor-widget-image\" data-id=\"ccf58fb\" data-element_type=\"widget\" data-widget_type=\"image.default\">\n\t\t\t\t<div class=\"elementor-widget-container\">\n\t\t\t\t\t\t\t\t\t\t\t\t\t\t<a href=\"\/?page_id=4874\">\n\t\t\t\t\t\t\t<img loading=\"lazy\" decoding=\"async\" width=\"600\" height=\"320\" src=\"https:\/\/pusplq.usp.br\/wp-content\/uploads\/sites\/1403\/2024\/12\/fig_alimentacao.png\" class=\"attachment-large size-large wp-image-7317\" alt=\"\" srcset=\"https:\/\/pusplq.usp.br\/wp-content\/uploads\/sites\/1403\/2024\/12\/fig_alimentacao.png 600w, https:\/\/pusplq.usp.br\/wp-content\/uploads\/sites\/1403\/2024\/12\/fig_alimentacao-300x160.png 300w, https:\/\/pusplq.usp.br\/wp-content\/uploads\/sites\/1403\/2024\/12\/fig_alimentacao-280x149.png 280w, https:\/\/pusplq.usp.br\/wp-content\/uploads\/sites\/1403\/2024\/12\/fig_alimentacao-400x213.png 400w\" sizes=\"(max-width: 600px) 100vw, 600px\" \/>\t\t\t\t\t\t\t\t<\/a>\n\t\t\t\t\t\t\t\t\t\t\t\t\t<\/div>\n\t\t\t\t<\/div>\n\t\t\t\t<div class=\"elementor-element elementor-element-565de93 elementor-widget__width-initial elementor-widget elementor-widget-image\" data-id=\"565de93\" data-element_type=\"widget\" data-widget_type=\"image.default\">\n\t\t\t\t<div class=\"elementor-widget-container\">\n\t\t\t\t\t\t\t\t\t\t\t\t\t\t<a href=\"https:\/\/portalservicos.usp.br\/\">\n\t\t\t\t\t\t\t<img loading=\"lazy\" decoding=\"async\" width=\"600\" height=\"320\" src=\"https:\/\/pusplq.usp.br\/wp-content\/uploads\/sites\/1403\/2024\/12\/fig_portal_servicos.png\" class=\"attachment-large size-large wp-image-7321\" alt=\"\" srcset=\"https:\/\/pusplq.usp.br\/wp-content\/uploads\/sites\/1403\/2024\/12\/fig_portal_servicos.png 600w, https:\/\/pusplq.usp.br\/wp-content\/uploads\/sites\/1403\/2024\/12\/fig_portal_servicos-300x160.png 300w, https:\/\/pusplq.usp.br\/wp-content\/uploads\/sites\/1403\/2024\/12\/fig_portal_servicos-280x149.png 280w, https:\/\/pusplq.usp.br\/wp-content\/uploads\/sites\/1403\/2024\/12\/fig_portal_servicos-400x213.png 400w\" sizes=\"(max-width: 600px) 100vw, 600px\" \/>\t\t\t\t\t\t\t\t<\/a>\n\t\t\t\t\t\t\t\t\t\t\t\t\t<\/div>\n\t\t\t\t<\/div>\n\t\t\t\t<div class=\"elementor-element elementor-element-38593b9 elementor-widget elementor-widget-image\" data-id=\"38593b9\" data-element_type=\"widget\" data-widget_type=\"image.default\">\n\t\t\t\t<div class=\"elementor-widget-container\">\n\t\t\t\t\t\t\t\t\t\t\t\t\t\t<a href=\"http:\/\/disquetrote@usp.br\" target=\"_blank\">\n\t\t\t\t\t\t\t<img loading=\"lazy\" decoding=\"async\" width=\"400\" height=\"500\" src=\"https:\/\/pusplq.usp.br\/wp-content\/uploads\/sites\/1403\/2024\/12\/fig_disktrote-1.png\" class=\"attachment-large size-large wp-image-7326\" alt=\"\" srcset=\"https:\/\/pusplq.usp.br\/wp-content\/uploads\/sites\/1403\/2024\/12\/fig_disktrote-1.png 400w, https:\/\/pusplq.usp.br\/wp-content\/uploads\/sites\/1403\/2024\/12\/fig_disktrote-1-240x300.png 240w, https:\/\/pusplq.usp.br\/wp-content\/uploads\/sites\/1403\/2024\/12\/fig_disktrote-1-280x350.png 280w\" sizes=\"(max-width: 400px) 100vw, 400px\" \/>\t\t\t\t\t\t\t\t<\/a>\n\t\t\t\t\t\t\t\t\t\t\t\t\t<\/div>\n\t\t\t\t<\/div>\n\t\t\t\t\t<\/div>\n\t\t<\/div>\n\t\t\t\t\t<\/div>\n\t\t<\/section>\n\t\t\t\t<\/div>\n\t\t","protected":false},"excerpt":{"rendered":"<p>Aux\u00edlios MORADIA ESTUDANTIL no CAMPUS GRADUA\u00c7\u00c3O O Campus \u201cLuiz de Queiroz\u201d possui a Casa do Estudante Universit\u00e1rio \u2013 CEU (gradua\u00e7\u00e3o) que \u00e9 uma modalidade que integra o Programa de Apoio \u00e0 Perman\u00eancia e Forma\u00e7\u00e3o Estudantil da USP\/PAPFE e tem por objetivo assegurar condi\u00e7\u00f5es de perman\u00eancia na Universidade aos alunos em sua primeira gradua\u00e7\u00e3o que apresentem [&hellip;]<\/p>\n","protected":false},"author":23873,"featured_media":0,"parent":4151,"menu_order":20,"comment_status":"closed","ping_status":"closed","template":"elementor_header_footer","meta":{"_monsterinsights_skip_tracking":false,"_monsterinsights_sitenote_active":false,"_monsterinsights_sitenote_note":"","_monsterinsights_sitenote_category":0,"footnotes":"","_links_to":"","_links_to_target":""},"class_list":["post-4153","page","type-page","status-publish","hentry","entry"],"_links":{"self":[{"href":"https:\/\/pusplq.usp.br\/index.php?rest_route=\/wp\/v2\/pages\/4153","targetHints":{"allow":["GET"]}}],"collection":[{"href":"https:\/\/pusplq.usp.br\/index.php?rest_route=\/wp\/v2\/pages"}],"about":[{"href":"https:\/\/pusplq.usp.br\/index.php?rest_route=\/wp\/v2\/types\/page"}],"author":[{"embeddable":true,"href":"https:\/\/pusplq.usp.br\/index.php?rest_route=\/wp\/v2\/users\/23873"}],"replies":[{"embeddable":true,"href":"https:\/\/pusplq.usp.br\/index.php?rest_route=%2Fwp%2Fv2%2Fcomments&post=4153"}],"version-history":[{"count":4,"href":"https:\/\/pusplq.usp.br\/index.php?rest_route=\/wp\/v2\/pages\/4153\/revisions"}],"predecessor-version":[{"id":13488,"href":"https:\/\/pusplq.usp.br\/index.php?rest_route=\/wp\/v2\/pages\/4153\/revisions\/13488"}],"up":[{"embeddable":true,"href":"https:\/\/pusplq.usp.br\/index.php?rest_route=\/wp\/v2\/pages\/4151"}],"wp:attachment":[{"href":"https:\/\/pusplq.usp.br\/index.php?rest_route=%2Fwp%2Fv2%2Fmedia&parent=4153"}],"curies":[{"name":"wp","href":"https:\/\/api.w.org\/{rel}","templated":true}]}}