{"id":4781,"date":"2024-07-25T09:34:30","date_gmt":"2024-07-25T12:34:30","guid":{"rendered":"https:\/\/sites.usp.br\/pusplq\/?page_id=4781"},"modified":"2025-09-12T16:29:26","modified_gmt":"2025-09-12T19:29:26","slug":"comissoes","status":"publish","type":"page","link":"https:\/\/pusplq.usp.br\/?page_id=4781","title":{"rendered":"Comiss\u00f5es"},"content":{"rendered":"\t\t<div data-elementor-type=\"wp-page\" data-elementor-id=\"4781\" class=\"elementor elementor-4781\" data-elementor-post-type=\"page\">\n\t\t\t\t\t\t<section class=\"elementor-section elementor-top-section elementor-element elementor-element-928d33b elementor-section-boxed elementor-section-height-default elementor-section-height-default\" data-id=\"928d33b\" data-element_type=\"section\">\n\t\t\t\t\t\t<div class=\"elementor-container elementor-column-gap-default\">\n\t\t\t\t\t<div class=\"elementor-column elementor-col-100 elementor-top-column elementor-element elementor-element-d0a0538\" data-id=\"d0a0538\" data-element_type=\"column\">\n\t\t\t<div class=\"elementor-widget-wrap elementor-element-populated\">\n\t\t\t\t\t\t<div class=\"elementor-element elementor-element-147a673 elementor-widget elementor-widget-heading\" data-id=\"147a673\" data-element_type=\"widget\" data-widget_type=\"heading.default\">\n\t\t\t\t<div class=\"elementor-widget-container\">\n\t\t\t<h2 class=\"elementor-heading-title elementor-size-default\">Comiss\u00f5es da Prefeitura do Campus USP \"Luiz de Queiroz<\/h2>\t\t<\/div>\n\t\t\t\t<\/div>\n\t\t\t\t<div class=\"elementor-element elementor-element-b7d67ba elementor-widget__width-initial elementor-widget elementor-widget-html\" data-id=\"b7d67ba\" data-element_type=\"widget\" data-widget_type=\"html.default\">\n\t\t\t\t<div class=\"elementor-widget-container\">\n\t\t\t<table style=\"line-height: 1;\" width=\"1000\" border=\"0\" cellpadding=\"0\" cellspacing=\"0\">\r\n <tr bgcolor=\"#003300\">\r\n  <td width=\"500\" align=\"center\"><strong><FONT COLOR=\"#FFFFFF\"><br>COMISS&Atilde;O<\/FONT><\/strong><\/td>\r\n  <td width=\"200\" align=\"center\"><strong><FONT COLOR=\"#FFFFFF\"><\/FONT><\/strong><\/td>\r\n  <td width=\"250\" align=\"center\"><strong><FONT COLOR=\"#FFFFFF\"><br>COORDENADOR<\/FONT><\/strong><\/td>\r\n  <td width=\"50\" align=\"center\"><strong><FONT COLOR=\"#FFFFFF\"><br>EMAIL<\/FONT><\/strong><\/td>\r\n<\/tr>\r\n<tr bgcolor=\"#FFFFFF\">\r\n<td><h3><a href=\"\/?page_id=11492\" rel=\"noopener\" target=\"_blank\">Grupo de Trabalho para a Revis\u00e3o Estrutural das Comiss\u00f5es vinculadas ao Conselho Gestor do Campus \u201cLuiz de Queiroz\u201d.<\/a><\/h3><\/td>\r\n<td align=\"center\">PORTARIA CG No. 017\/2025, de 14 de julho de 2025.<\/td>\r\n<td align=\"center\">Prof. Dr. Iran Jos\u00e9 Oliveira da Silva<\/td>\r\n<td align=\"center\"><\/td>\r\n<\/tr>\r\n<tr bgcolor=\"#EAEAEA\">\r\n<td><h3><a href=\"\/?page_id=6791\">Programa de Reabilita\u00e7\u00e3o Profissional do Campus USP \u201cLuiz de Queiroz\u201d.<\/a><\/h3><\/td>\r\n<td align=\"center\">PORTARIA CG-LQ 03\/2016<\/td>\r\n<td align=\"center\">Vera Lucia Martinez Vieira<\/td>\r\n<td align=\"center\"><\/td>\r\n<\/tr>\r\n<tr  bgcolor=\"#ffffff\">\r\n<td><h3>\r\n<a href= \"\/?page_id=6916\">Comiss\u00e3o de Ocupa\u00e7\u00e3o de Infraestrutura do Campus \u201cLuiz de Queiroz\u201d<\/a><\/h3>\r\n<\/td>\r\n<td align=\"center\">PORTARIA CG No. 013\/2023, de 31 de julho de 2023.<\/td>\r\n<td align=\"center\">Sr. Valter Antonio Milanez <\/td>\r\n<td align=\"center\"><\/td>\r\n<\/tr>\r\n<tr bgcolor=\"#EAEAEA\">\r\n<td><h3><a href=\"?page_id=6804\" rel=\"noopener\" target=\"_blank\">Comiss\u00e3o USP Recicla da Prefeitura do Campus USP \"Luiz de Queiroz\"<\/a><\/h3>\r\n<\/td>\r\n<td align=\"center\">PORTARIA CG No. 15\/2025, de 15 de julho de 2025.<\/td>\r\n<td align=\"center\">Prof. Dr. Miguel Cooper<\/td>\r\n<td align=\"center\"><\/td>\r\n<\/tr>\r\n<tr bgcolor=\"#FFFFFF\">\r\n<td><h3><a href=\"\/?page_id=6809\" rel=\"noopener\" target=\"_blank\">CAVE - Comiss\u00e3o de Apoio \u00e0 Vila Estudantil do Campus \"Luiz de Queiroz\".<\/a><\/h3><\/td>\r\n<td align=\"center\">PORTARIA PUSP-LQ N\u00ba 009\/2023, de 18 de julho de 2023<\/td>\r\n<td align=\"center\"><\/td>\r\n<td align=\"center\"><\/td>\r\n<\/tr>\r\n<tr bgcolor=\"#EAEAEA\">\r\n<td><h3><a href=\"\/?page_id=6814\" rel=\"noopener\" target=\"_blank\">Conselho Consultivo da Casa do Estudante Universit\u00e1rio do Campus \"Luiz de Queiroz\".<\/a><\/h3><\/td>\r\n<td align=\"center\">PORTARIA PUSP-LQ N\u00ba 010\/2023, de 18 de julho de 2023<\/td>\r\n<td align=\"center\"><\/td>\r\n<td align=\"center\"><\/td>\r\n<\/tr>\r\n<tr bgcolor=\"#FFFFFF\">\r\n<td><h3><a href=\"\/?page_id=6819\" rel=\"noopener\" target=\"_blank\">Comiss\u00e3o de Mobilidade Sustent\u00e1vel do Campus \"Luiz de Queiroz\".<\/a><\/h3><\/td>\r\n<td align=\"center\">PORTARIA CG No. 07\/2025, de 14 de julho de 2025.<\/td>\r\n<td align=\"center\">Prof. Dr. Ciro Abbud Righi<\/td>\r\n<td align=\"center\"><\/td>\r\n<\/tr>\r\n<tr bgcolor=\"#EAEAEA\">\r\n<td><h3><a href=\"\/?page_id=6927\" rel=\"noopener\" target=\"_blank\">Comiss\u00e3o Permanente de acidentes de ve\u00edculos e infra\u00e7\u00f5es de tr\u00e2nsito<\/a><\/h3>\r\n<\/td>\r\n<td align=\"center\">PORTARIA CG No. 10\/2025, de  14 de julho de 2025.<\/td>\r\n<td align=\"center\"> Sr Juliano Longato<\/td>\r\n<td align=\"center\"><\/td>\r\n<\/tr>\r\n<tr bgcolor=\"#FFFFFF\">\r\n<td><h3><a href=\"\/?page_id=6837\" rel=\"noopener\" target=\"_blank\">Comiss\u00e3o Setorial do Sistema de Arquivos da USP \u2013 SAUSP.<\/a><\/h3>\r\n<\/td>\r\n<td align=\"center\">Portaria GR 3989, de 26\/05\/2008; Portaria PUSP-LQ 22\/2010, de 04\/11\/2010\r\n\r\n<\/td>\r\n<td align=\"center\">Claudinei Ant\u00f4nio Ferreira \u2013 SCEXPED\/PUSP<\/td>\r\n<td align=\"center\"><\/td>\r\n<\/tr>\r\n<tr bgcolor=\"#EAEAEA\">\r\n<td><h3><a href=\"\/?page_id=6842\" rel=\"noopener\" target=\"_blank\">Comiss\u00e3o T\u00e9cnica para apoio ao manejo do parque Phillipe Westin Cabral de Vasconcelos no Campus \u201cLuiz de Queiroz\u201d<\/a><\/h3>\r\n<\/td>\r\n<td align=\"center\">PORTARIA CG No. 14\/2025, de 15 de julho de 2025.<\/td>\r\n<td align=\"center\">Sra. Ana Maria Meira de Lello.<\/td>\r\n<td align=\"center\"><\/td>\r\n<\/tr>\r\n<tr bgcolor=\"#FFFFFF\">\r\n<td><h3><a href=\"\/?page_id=6847\" rel=\"noopener\" target=\"_blank\">Comiss\u00e3o T\u00e9cnica Permanente de Preven\u00e7\u00e3o e Controle da Febre Maculosa Brasileira no Campus \"Luiz de Queiroz\".<\/a><\/h3>\r\n<\/td>\r\n<td align=\"center\">PORTARIA CG No. 05\/2025, de  14 de julho de 2025.<\/td>\r\n<td align=\"center\">Prof. Dr. Fl\u00e1vio Augusto Portela dos Santos<\/td>\r\n<td align=\"center\"><\/td>\r\n<\/tr>\r\n<tr bgcolor=\"#EAEAEA\">\r\n<td><h3><a href=\"\/?page_id=6852\" rel=\"noopener\" target=\"_blank\">CRH - Comiss\u00e3o de Recursos H\u00eddricos.<\/a><\/h3>\r\n<\/td>\r\n<td align=\"center\"><p>PORTARIA CG No. 13\/2025, de 14 de julho de 2025.<\/p><\/td>\r\n<td align=\"center\">Prof. Dr. Fernando Campos Mendon\u00e7a<\/td>\r\n<td align=\"center\"><a href=\"mailto:comissaorecursoshidricos@usp.br\">comissaorecursoshidricos@usp.br<\/a><\/td>\r\n<\/tr>\r\n<tr bgcolor=\"#FFFFFF\">\r\n<td><h3><a href=\"\/?page_id=6860\" rel=\"noopener\" target=\"_blank\">GADE-Adequa\u00e7\u00e3o Ambiental do Campus \"Luiz de Queiroz\".<\/a><\/h3><\/td>\r\n<td align=\"center\">PORTARIA CG No. 006\/2021<\/td>\r\n<td align=\"center\">Prof Pedro Henrique S. Brancalion<\/td>\r\n<td align=\"center\"><\/td>\r\n<\/tr>\r\n<tr bgcolor=\"#EAEAEA\">\r\n<td><h3><a href=\"\/?page_id=6865\" rel=\"noopener\" target=\"_blank\">Comiss\u00e3o Assessora de Apoio Social Campus \"Luiz de Queiroz\".<\/a><\/h3>\r\n<\/td>\r\n<td align=\"center\">PORTARIA CG N\u00ba 16\/2023.<\/td>\r\n<td align=\"center\">Eliana Maria de S. P. Valsechi -  (DVATCOM\/PUSP)<\/td>\r\n<td align=\"center\"><\/td>\r\n<\/tr>\r\n<tr bgcolor=\"#FFFFFF\">\r\n<td><h3><a href=\"\/?page_id=6870\" rel=\"noopener\" target=\"_blank\">Comiss\u00e3o de Integra\u00e7\u00e3o de Recursos Humanos.<\/a><\/h3><\/td>\r\n<td align=\"center\">40\u00aa Reuni\u00e3o do Conselho Gestor do Campus,<\/td>\r\n<td align=\"center\"><\/td>\r\n<td align=\"center\"><\/td>\r\n<\/tr>\r\n<tr bgcolor=\"#EAEAEA\">\r\n<td><h3><a href=\"\/?page_id=6876\" rel=\"noopener\" target=\"_blank\">CCIN - Comiss\u00e3o do Centro de Conviv\u00eancia Infantil do Campus \"Luiz de Queiroz\".<\/a><\/h3>\r\n<\/td>\r\n<td align=\"center\">PORTARIA  PUSPLQ n\u00ba011\/2023 <br> 18 de julho de 2023   <\/td>\r\n<td align=\"center\"><\/td>\r\n<td align=\"center\"><\/td>\r\n<\/tr>\r\n<tr bgcolor=\"#FFFFFF\">\r\n<td><h3><a href=\"\/?page_id=6881\" rel=\"noopener\" target=\"_blank\">CIPA  - Comiss\u00e3o Interna de Preven\u00e7\u00e3o de Acidentes e de Ass\u00e9dio - GEST\u00c3O 2025\/2026<\/a><\/h3><\/td>\r\n<td align=\"center\">Por elei\u00e7\u00e3o 2025\/2026<\/td>\r\n<td align=\"center\">Sr. Jonas Pinheiro Souza<\/td>\r\n<td align=\"center\"><a href=\"mailto:cipa.esalq@usp.br\">cipa.esalq@usp.br<\/a><\/td>\r\n<\/tr>\r\n<tr bgcolor=\"#EAEAEA\">\r\n<td><h3><a href=\"\/?page_id=6887\" rel=\"noopener\" target=\"_blank\">Comiss\u00e3o T\u00e9cnica de Gest\u00e3o Ambiental do Campus USP \"Luiz de Queiroz\".<\/a><\/h3>\r\n<\/td>\r\n<td align=\"center\">PORTARIA CG No. 12\/2025, de  14 de julho de 2025.<\/td>\r\n<td align=\"center\">Prof. Miguel Cooper<\/td>\r\n<td align=\"center\"><\/td>\r\n<\/tr>\r\n<tr bgcolor=\"#FFFFFF\">\r\n<td><h3><a href=\"\/?page_id=6875\" rel=\"noopener\" target=\"_blank\">Comiss\u00e3o T\u00e9cnica Permanente de Combate ao Mosquito Aedes aegypti.<\/a><\/h3>\r\n<\/td>\r\n<td align=\"center\">PORTARIA CG No. 08\/2025, de  14 de julho de 2025.<\/td>\r\n<td align=\"center\">Josenilton Luis Mandro <\/td>\r\n<td align=\"center\"><\/td>\r\n<\/tr>\r\n<tr bgcolor=\"#EAEAEA\">\r\n<td><h3><a href=\"\/?page_id=6903\" rel=\"noopener\" target=\"_blank\">Grupo de Trabalho de Regulariza\u00e7\u00e3o Fundi\u00e1ria e Ambiental do Campus \u201cLuiz de Queiroz\u201d.<\/a><\/h3>\r\n<\/td>\r\n<td align=\"center\">PORTARIA CG No. 16\/2025, de 14 de julho de 2025<\/td>\r\n<td align=\"center\">Sr. Jo\u00e3o Carlos Teixeira Mendes<\/td>\r\n<td align=\"center\"><\/td>\r\n<\/tr>\r\n<tr bgcolor=\"#FFFFFF\">\r\n<td><h3><a href=\"\/?page_id=6908\" target=\"_blank\">N\u00facleo de Radioprote\u00e7\u00e3o no Campus \"Luiz de Queiroz\".<\/a><\/h3>\r\n<\/td>\r\n<td align=\"center\">PORTARIA CG No. 06\/2025, de 14 de julho de 2025<\/td>\r\n<td align=\"center\">Sr Walter Siqueira Paes<\/td>\r\n<td align=\"center\"><\/td>\r\n<\/tr>\r\n<tr bgcolor=\"#EAEAEA\">\r\n<td><h3><a href=\"\/?page_id=6943\" rel=\"noopener\" target=\"_blank\">Brigada Arborista do Campus \u201cLuiz de Queiroz\u201d.<\/a><\/h3>\r\n<\/td>\r\n<td align=\"center\">67\u00aa Reuni\u00e3o do Conselho Gestor do Campus,<\/td>\r\n<td align=\"center\"><\/td>\r\n<td align=\"center\"><\/td>\r\n<\/tr>\r\n<tr bgcolor=\"#FFFFFF\"><td><h3><a href=\"\/?page_id=6952\" rel=\"noopener\" target=\"_blank\">Programa de A\u00e7\u00e3o em Sa\u00fade no Campus \u201cLuiz de Queiroz\u201d.<\/a><\/h3><\/td>\r\n<td align=\"center\">PORTARIA CG No. 11\/2025, de  14 de julho de 2025.<\/td>\r\n<td align=\"center\">Vera Lucia Martinez Vieira<\/td>\r\n<td align=\"center\"><\/td>\r\n<\/tr>\r\n<tr bgcolor=\"#EAEAEA\">\r\n<td><h3><a href=\"\/?page_id=6963\" rel=\"noopener\" target=\"_blank\">Comiss\u00e3o Sub setorial de Invent\u00e1rio de Bens M\u00f3veis e de Estoques da Prefeitura do Campus USP \u201cLuiz de Queiroz\u201d<\/a><\/h3><\/td>\r\n<td align=\"center\">PORTARIA N\u00ba 07\/17<\/td>\r\n<td align=\"center\">Sr. Ant\u00f4nio Luiz Sant'Anna<\/td>\r\n<td align=\"center\"><\/td>\r\n<\/tr>\r\n<tr bgcolor=\"#FFFFFF\">\r\n<td><h3><a href=\"\/?page_id=6799\" rel=\"noopener\" target=\"_blank\">Treinamento &amp; Desenvolvimento da Prefeitura do Campus &quot;Luiz de Queiroz&quot;<\/a><\/h3><\/td>\r\n<td align=\"center\">PORTARIA PUSP-LQ No. 04\/2024<\/td>\r\n<td align=\"center\">Marcia Cristina Guidi Ganzella.<\/td>\r\n<td align=\"center\"><\/td>\r\n<\/tr>\r\n<\/table>\r\n\t\t<\/div>\n\t\t\t\t<\/div>\n\t\t\t\t\t<\/div>\n\t\t<\/div>\n\t\t\t\t\t<\/div>\n\t\t<\/section>\n\t\t\t\t<section class=\"elementor-section elementor-top-section elementor-element elementor-element-314ff07 elementor-section-boxed elementor-section-height-default elementor-section-height-default\" data-id=\"314ff07\" data-element_type=\"section\">\n\t\t\t\t\t\t<div class=\"elementor-container elementor-column-gap-default\">\n\t\t\t\t\t<div class=\"elementor-column elementor-col-100 elementor-top-column elementor-element elementor-element-93f7420\" data-id=\"93f7420\" data-element_type=\"column\">\n\t\t\t<div class=\"elementor-widget-wrap elementor-element-populated\">\n\t\t\t\t\t\t<div class=\"elementor-element elementor-element-3ca997d elementor-widget elementor-widget-html\" data-id=\"3ca997d\" data-element_type=\"widget\" data-widget_type=\"html.default\">\n\t\t\t\t<div class=\"elementor-widget-container\">\n\t\t\t<h2><strong>Observa\u00e7\u00f5es:<\/strong><\/h2>\r\n<ul><li><p style=\"text-align: justify;\">Comiss\u00e3o de Ocupa\u00e7\u00e3o Territorial do Campus USP \"Luiz de Queiroz: deu prosseguimento \u00e0s atividades do Grupo de Planejamento Estrat\u00e9gico;<\/p><\/li>\r\n\t<li>\r\n\t    <p style=\"text-align: justify;\">Grupos criados a partir da 78\u00aa Reuni\u00e3o Ordin\u00e1ria do Conselho Gestor do Campus, de 19\/04\/2000: Grupo de A\u00e7\u00e3o Ambiental; Grupo de Animais Silvestres; Grupo de \u00c1reas Verdes; Grupo de Planejamento Estrat\u00e9gico; Grupo de Seguran\u00e7a e Tr\u00e2nsito, Grupo de Tratamento de Res\u00edduos (transferido para a ESALQ);<\/p><\/li>\r\n\t<li><p style=\"text-align: justify;\">Grupos criados a partir da 134\u00aa Reuni\u00e3o Ordin\u00e1ria do Conselho Gestor do Campus, de 17\/08\/2006: Grupo de Ocupa\u00e7\u00e3o do Espa\u00e7o F\u00edsico, Comiss\u00e3o de Seguran\u00e7a e Tr\u00e2nsito, Comiss\u00e3o de \u00c1reas Verdes; Comiss\u00e3o de Preven\u00e7\u00e3o e Tratamento de Depend\u00eancia Qu\u00edmica; Comiss\u00e3o de Auditoria de Servi\u00e7o<\/p><\/li>\r\n\t<li><p style=\"text-align: justify;\">Grupos criados a partir da 136\u00aa Reuni\u00e3o Ordin\u00e1ria do Conselho Gestor do Campus, de 19\/10\/2006: Grupo de \u00c1gua e Esgoto e Grupo de \u00c1reas de Preserva\u00e7\u00e3o Permanente;<\/p><\/li>\r\n<\/ul>\t\t<\/div>\n\t\t\t\t<\/div>\n\t\t\t\t\t<\/div>\n\t\t<\/div>\n\t\t\t\t\t<\/div>\n\t\t<\/section>\n\t\t\t\t<\/div>\n\t\t","protected":false},"excerpt":{"rendered":"<p>Comiss\u00f5es da Prefeitura do Campus USP &#8220;Luiz de Queiroz COMISS&Atilde;O COORDENADOR EMAIL Grupo de Trabalho para a Revis\u00e3o Estrutural das Comiss\u00f5es vinculadas ao Conselho Gestor do Campus \u201cLuiz de Queiroz\u201d. PORTARIA CG No. 017\/2025, de 14 de julho de 2025. Prof. Dr. Iran Jos\u00e9 Oliveira da Silva Programa de Reabilita\u00e7\u00e3o Profissional do Campus USP \u201cLuiz [&hellip;]<\/p>\n","protected":false},"author":23873,"featured_media":0,"parent":3158,"menu_order":20,"comment_status":"closed","ping_status":"closed","template":"elementor_header_footer","meta":{"_monsterinsights_skip_tracking":false,"_monsterinsights_sitenote_active":false,"_monsterinsights_sitenote_note":"","_monsterinsights_sitenote_category":0,"footnotes":"","_links_to":"","_links_to_target":""},"class_list":["post-4781","page","type-page","status-publish","hentry","entry"],"_links":{"self":[{"href":"https:\/\/pusplq.usp.br\/index.php?rest_route=\/wp\/v2\/pages\/4781","targetHints":{"allow":["GET"]}}],"collection":[{"href":"https:\/\/pusplq.usp.br\/index.php?rest_route=\/wp\/v2\/pages"}],"about":[{"href":"https:\/\/pusplq.usp.br\/index.php?rest_route=\/wp\/v2\/types\/page"}],"author":[{"embeddable":true,"href":"https:\/\/pusplq.usp.br\/index.php?rest_route=\/wp\/v2\/users\/23873"}],"replies":[{"embeddable":true,"href":"https:\/\/pusplq.usp.br\/index.php?rest_route=%2Fwp%2Fv2%2Fcomments&post=4781"}],"version-history":[{"count":4,"href":"https:\/\/pusplq.usp.br\/index.php?rest_route=\/wp\/v2\/pages\/4781\/revisions"}],"predecessor-version":[{"id":11912,"href":"https:\/\/pusplq.usp.br\/index.php?rest_route=\/wp\/v2\/pages\/4781\/revisions\/11912"}],"up":[{"embeddable":true,"href":"https:\/\/pusplq.usp.br\/index.php?rest_route=\/wp\/v2\/pages\/3158"}],"wp:attachment":[{"href":"https:\/\/pusplq.usp.br\/index.php?rest_route=%2Fwp%2Fv2%2Fmedia&parent=4781"}],"curies":[{"name":"wp","href":"https:\/\/api.w.org\/{rel}","templated":true}]}}