{"id":4783,"date":"2024-07-25T09:35:39","date_gmt":"2024-07-25T12:35:39","guid":{"rendered":"https:\/\/sites.usp.br\/pusplq\/?page_id=4783"},"modified":"2026-02-09T14:03:07","modified_gmt":"2026-02-09T17:03:07","slug":"eleicoes","status":"publish","type":"page","link":"https:\/\/pusplq.usp.br\/?page_id=4783","title":{"rendered":"Elei\u00e7\u00f5es"},"content":{"rendered":"\t\t<div data-elementor-type=\"wp-page\" data-elementor-id=\"4783\" class=\"elementor elementor-4783\" data-elementor-post-type=\"page\">\n\t\t\t\t\t\t<section class=\"elementor-section elementor-top-section elementor-element elementor-element-ab80884 elementor-section-boxed elementor-section-height-default elementor-section-height-default\" data-id=\"ab80884\" data-element_type=\"section\">\n\t\t\t\t\t\t<div class=\"elementor-container elementor-column-gap-default\">\n\t\t\t\t\t<div class=\"elementor-column elementor-col-100 elementor-top-column elementor-element elementor-element-74f99aa\" data-id=\"74f99aa\" data-element_type=\"column\">\n\t\t\t<div class=\"elementor-widget-wrap elementor-element-populated\">\n\t\t\t\t\t\t<div class=\"elementor-element elementor-element-eb6f16c elementor-widget elementor-widget-heading\" data-id=\"eb6f16c\" data-element_type=\"widget\" data-widget_type=\"heading.default\">\n\t\t\t\t<div class=\"elementor-widget-container\">\n\t\t\t<h2 class=\"elementor-heading-title elementor-size-default\">Elei\u00e7\u00f5es<\/h2>\t\t<\/div>\n\t\t\t\t<\/div>\n\t\t\t\t\t<\/div>\n\t\t<\/div>\n\t\t\t\t\t<\/div>\n\t\t<\/section>\n\t\t\t\t<section class=\"elementor-section elementor-top-section elementor-element elementor-element-bf4ab41 elementor-section-boxed elementor-section-height-default elementor-section-height-default\" data-id=\"bf4ab41\" data-element_type=\"section\">\n\t\t\t\t\t\t<div class=\"elementor-container elementor-column-gap-default\">\n\t\t\t\t\t<div class=\"elementor-column elementor-col-100 elementor-top-column elementor-element elementor-element-b22cb59\" data-id=\"b22cb59\" data-element_type=\"column\">\n\t\t\t<div class=\"elementor-widget-wrap elementor-element-populated\">\n\t\t\t\t\t\t<div class=\"elementor-element elementor-element-1275f26 elementor-widget elementor-widget-image\" data-id=\"1275f26\" data-element_type=\"widget\" data-widget_type=\"image.default\">\n\t\t\t\t<div class=\"elementor-widget-container\">\n\t\t\t\t\t\t\t\t\t\t\t\t\t<img decoding=\"async\" src=\"https:\/\/pusplq.usp.br\/wp-content\/uploads\/sites\/1403\/elementor\/thumbs\/folder-bloquinho-verde-qtv4ncnce6cmseslpzi8b0qce3muw4w98zgroyvff4.png\" title=\"folder-bloquinho-verde\" alt=\"folder-bloquinho-verde\" loading=\"lazy\" \/>\t\t\t\t\t\t\t\t\t\t\t\t\t<\/div>\n\t\t\t\t<\/div>\n\t\t\t\t\t<\/div>\n\t\t<\/div>\n\t\t\t\t\t<\/div>\n\t\t<\/section>\n\t\t\t\t<section class=\"elementor-section elementor-top-section elementor-element elementor-element-8db2e6c elementor-section-boxed elementor-section-height-default elementor-section-height-default\" data-id=\"8db2e6c\" data-element_type=\"section\">\n\t\t\t\t\t\t<div class=\"elementor-container elementor-column-gap-default\">\n\t\t\t\t\t<div class=\"elementor-column elementor-col-100 elementor-top-column elementor-element elementor-element-6407503\" data-id=\"6407503\" data-element_type=\"column\">\n\t\t\t<div class=\"elementor-widget-wrap elementor-element-populated\">\n\t\t\t\t\t\t<div class=\"elementor-element elementor-element-7a352d5 elementor-widget elementor-widget-html\" data-id=\"7a352d5\" data-element_type=\"widget\" data-widget_type=\"html.default\">\n\t\t\t\t<div class=\"elementor-widget-container\">\n\t\t\t<p style=\"font-size: 1em;text-align: justify;\">De acordo com as novas normas, a representa\u00e7\u00e3o ser\u00e1 composta de um aluno gradua\u00e7\u00e3o e seu respectivo suplente, matriculado regularmente na da Escola Superior de Agricultura \u201cLuiz de Queiroz\u201d e 1 (um) aluno de p\u00f3s-gradua\u00e7\u00e3o e seu respectivo suplente, matriculado regularmente em um dos programas de p\u00f3s-gradua\u00e7\u00e3o da CENA ou do CENA, para cumprimento de mandato de 1 (um) ano, permitida uma recondu\u00e7\u00e3o.<\/p>\r\n\t\t<\/div>\n\t\t\t\t<\/div>\n\t\t\t\t\t<\/div>\n\t\t<\/div>\n\t\t\t\t\t<\/div>\n\t\t<\/section>\n\t\t\t\t<section class=\"elementor-section elementor-top-section elementor-element elementor-element-4d1fd5d elementor-section-boxed elementor-section-height-default elementor-section-height-default\" data-id=\"4d1fd5d\" data-element_type=\"section\">\n\t\t\t\t\t\t<div class=\"elementor-container elementor-column-gap-default\">\n\t\t\t\t\t<div class=\"elementor-column elementor-col-100 elementor-top-column elementor-element elementor-element-3a8a622\" data-id=\"3a8a622\" data-element_type=\"column\">\n\t\t\t<div class=\"elementor-widget-wrap elementor-element-populated\">\n\t\t\t\t\t\t<div class=\"elementor-element elementor-element-5cd7e08 elementor-widget__width-initial elementor-widget elementor-widget-html\" data-id=\"5cd7e08\" data-element_type=\"widget\" data-widget_type=\"html.default\">\n\t\t\t\t<div class=\"elementor-widget-container\">\n\t\t\t<center>\r\n<h1>\r\nREPRESENTANTES<\/h1>\r\n<h3>\r\n<a href=\"?page_id=8493\" target=\"_blank\"  > DISCENTES de GRADUA\u00c7\u00c3O ou de P\u00d3S-GRADUA\u00c7\u00c3O <\/a><img decoding=\"async\" src=\"https:\/\/pusplq.usp.br\/wp-content\/uploads\/sites\/1403\/2025\/02\/eleicao_emandamento.png\" \/>\r\n<br>\r\n<br>\r\n<a href=\"?page_id=8482\" target=\"_blank\">SERVIDORES T\u00c9CNICOS E ADMINISTRATIVOS e seu respectivo SUPLENTE<\/a>\r\n<br>\r\n<br>\r\n<!--?page_id=8495 -->\r\n<a href=\"#\" target=\"_blank\">DOCENTE e respectivo SUPLENTE da ESALQ.\r\n<\/a>\r\n<br>\r\n<br>\r\n<!--?page_id=8497 -->\r\n<a href=\"#\" target=\"_blank\">DOCENTE e respectivo SUPLENTE do CENA.<\/a>\r\n<br>\r\n<br>\r\n<br>\r\n<img decoding=\"async\" src=\"https:\/\/pusplq.usp.br\/wp-content\/uploads\/sites\/1403\/2025\/02\/fig_nota.png\" \/>\r\n<br>\r\n<br>\r\n<p style=\"color: #666666;\">Atualizado em: 09\/02\/2026<\/p>\r\n<br>\r\n<\/center>\r\n<\/h3>\t\t<\/div>\n\t\t\t\t<\/div>\n\t\t\t\t\t<\/div>\n\t\t<\/div>\n\t\t\t\t\t<\/div>\n\t\t<\/section>\n\t\t\t\t<\/div>\n\t\t","protected":false},"excerpt":{"rendered":"<p>Elei\u00e7\u00f5es De acordo com as novas normas, a representa\u00e7\u00e3o ser\u00e1 composta de um aluno gradua\u00e7\u00e3o e seu respectivo suplente, matriculado regularmente na da Escola Superior de Agricultura \u201cLuiz de Queiroz\u201d e 1 (um) aluno de p\u00f3s-gradua\u00e7\u00e3o e seu respectivo suplente, matriculado regularmente em um dos programas de p\u00f3s-gradua\u00e7\u00e3o da CENA ou do CENA, para cumprimento [&hellip;]<\/p>\n","protected":false},"author":23873,"featured_media":0,"parent":3158,"menu_order":30,"comment_status":"closed","ping_status":"closed","template":"elementor_header_footer","meta":{"_monsterinsights_skip_tracking":false,"_monsterinsights_sitenote_active":false,"_monsterinsights_sitenote_note":"","_monsterinsights_sitenote_category":0,"footnotes":"","_links_to":"","_links_to_target":""},"class_list":["post-4783","page","type-page","status-publish","hentry","entry"],"_links":{"self":[{"href":"https:\/\/pusplq.usp.br\/index.php?rest_route=\/wp\/v2\/pages\/4783","targetHints":{"allow":["GET"]}}],"collection":[{"href":"https:\/\/pusplq.usp.br\/index.php?rest_route=\/wp\/v2\/pages"}],"about":[{"href":"https:\/\/pusplq.usp.br\/index.php?rest_route=\/wp\/v2\/types\/page"}],"author":[{"embeddable":true,"href":"https:\/\/pusplq.usp.br\/index.php?rest_route=\/wp\/v2\/users\/23873"}],"replies":[{"embeddable":true,"href":"https:\/\/pusplq.usp.br\/index.php?rest_route=%2Fwp%2Fv2%2Fcomments&post=4783"}],"version-history":[{"count":4,"href":"https:\/\/pusplq.usp.br\/index.php?rest_route=\/wp\/v2\/pages\/4783\/revisions"}],"predecessor-version":[{"id":13404,"href":"https:\/\/pusplq.usp.br\/index.php?rest_route=\/wp\/v2\/pages\/4783\/revisions\/13404"}],"up":[{"embeddable":true,"href":"https:\/\/pusplq.usp.br\/index.php?rest_route=\/wp\/v2\/pages\/3158"}],"wp:attachment":[{"href":"https:\/\/pusplq.usp.br\/index.php?rest_route=%2Fwp%2Fv2%2Fmedia&parent=4783"}],"curies":[{"name":"wp","href":"https:\/\/api.w.org\/{rel}","templated":true}]}}