{"id":4787,"date":"2024-07-25T09:37:01","date_gmt":"2024-07-25T12:37:01","guid":{"rendered":"https:\/\/sites.usp.br\/pusplq\/?page_id=4787"},"modified":"2024-12-04T15:45:40","modified_gmt":"2024-12-04T18:45:40","slug":"resolucoes","status":"publish","type":"page","link":"https:\/\/pusplq.usp.br\/?page_id=4787","title":{"rendered":"Resolu\u00e7\u00f5es"},"content":{"rendered":"\t\t<div data-elementor-type=\"wp-page\" data-elementor-id=\"4787\" class=\"elementor elementor-4787\" data-elementor-post-type=\"page\">\n\t\t\t\t\t\t<section class=\"elementor-section elementor-top-section elementor-element elementor-element-0fbc7e4 elementor-section-boxed elementor-section-height-default elementor-section-height-default\" data-id=\"0fbc7e4\" data-element_type=\"section\">\n\t\t\t\t\t\t<div class=\"elementor-container elementor-column-gap-default\">\n\t\t\t\t\t<div class=\"elementor-column elementor-col-100 elementor-top-column elementor-element elementor-element-c77a689\" data-id=\"c77a689\" data-element_type=\"column\">\n\t\t\t<div class=\"elementor-widget-wrap elementor-element-populated\">\n\t\t\t\t\t\t<div class=\"elementor-element elementor-element-0cd5386 elementor-widget elementor-widget-heading\" data-id=\"0cd5386\" data-element_type=\"widget\" data-widget_type=\"heading.default\">\n\t\t\t\t<div class=\"elementor-widget-container\">\n\t\t\t<h2 class=\"elementor-heading-title elementor-size-default\">Resolu\u00e7\u00f5es<\/h2>\t\t<\/div>\n\t\t\t\t<\/div>\n\t\t\t\t\t<\/div>\n\t\t<\/div>\n\t\t\t\t\t<\/div>\n\t\t<\/section>\n\t\t\t\t<section class=\"elementor-section elementor-top-section elementor-element elementor-element-2aca290 elementor-section-boxed elementor-section-height-default elementor-section-height-default\" data-id=\"2aca290\" data-element_type=\"section\">\n\t\t\t\t\t\t<div class=\"elementor-container elementor-column-gap-default\">\n\t\t\t\t\t<div class=\"elementor-column elementor-col-100 elementor-top-column elementor-element elementor-element-67a75c8\" data-id=\"67a75c8\" data-element_type=\"column\">\n\t\t\t<div class=\"elementor-widget-wrap elementor-element-populated\">\n\t\t\t\t\t\t<div class=\"elementor-element elementor-element-d90cfd6 elementor-widget elementor-widget-html\" data-id=\"d90cfd6\" data-element_type=\"widget\" data-widget_type=\"html.default\">\n\t\t\t\t<div class=\"elementor-widget-container\">\n\t\t\tD.O.E.: 28\/02\/2012\r\n<a href=\"http:\/\/www.leginf.usp.br\/?resolucao=resolucao-no-6062-de-27-de-fevereiro-de-2012\" target=\"_blank\">RESOLU\u00c7\u00c3O N\u00ba 6062, DE 27 DE FEVEREIRO DE 2012<\/a>\r\nAltera dispositivos do Regimento Geral da Universidade de S\u00e3o Paulo.\r\n(Altera a Resolu\u00e7\u00e3o 3745\/1990)\r\n<br>\r\n<br>\r\nD.O.E.: 23\/12\/2008\r\n<a href=\"http:\/\/www.leginf.usp.br\/?resolucao=resolucao-no-5493-de-18-de-dezembro-de-2008\" target=\"_blank\">RESOLU\u00c7\u00c3O N\u00ba 5493, DE 18 DE DEZEMBRO DE 2008 <\/a>\r\nAltera dispositivos do Regimento Geral da Universidade de S\u00e3o Paulo.\r\n(Retificada em 07.01 e 10.02.2009)\r\n(Altera a Resolu\u00e7\u00e3o n\u00ba 3745\/1990)\r\n<br>\r\n<br>\r\nD.O.E.: 27\/03\/2024\r\n<a href=\"https:\/\/leginf.usp.br\/?resolucao=resolucao-no-8595-de-marco-de-2024\">RESOLU\u00c7\u00c3O N\u00ba 8595, DE 26 DE MAR\u00c7O DE 2024<\/a>\r\n(Revoga a Resolu\u00e7\u00e3o 4778\/2000)<br>\r\nBaixa o Regimento do Campus \u201cLuiz de Queiroz\u201d da Universidade de S\u00e3o Paulo.\r\n<br>\r\n\t\t<\/div>\n\t\t\t\t<\/div>\n\t\t\t\t\t<\/div>\n\t\t<\/div>\n\t\t\t\t\t<\/div>\n\t\t<\/section>\n\t\t\t\t<section class=\"elementor-section elementor-top-section elementor-element elementor-element-e1c1666 elementor-section-boxed elementor-section-height-default elementor-section-height-default\" data-id=\"e1c1666\" data-element_type=\"section\">\n\t\t\t\t\t\t<div class=\"elementor-container elementor-column-gap-default\">\n\t\t\t\t\t<div class=\"elementor-column elementor-col-100 elementor-top-column elementor-element elementor-element-2250143\" data-id=\"2250143\" data-element_type=\"column\">\n\t\t\t<div class=\"elementor-widget-wrap elementor-element-populated\">\n\t\t\t\t\t\t<div class=\"elementor-element elementor-element-34dad0f elementor-widget elementor-widget-html\" data-id=\"34dad0f\" data-element_type=\"widget\" data-widget_type=\"html.default\">\n\t\t\t\t<div class=\"elementor-widget-container\">\n\t\t\t<div id=\"menurodape\"> | <a href=\"?page_id=4779\"><strong>Atas<\/strong><\/a> | <a href=\"?page_id=4781\"><strong>Comiss\u00f5es<\/strong><\/a> | <a href=\"https:\/\/pusplq.usp.br\/?page_id=3158\"><strong>Composi\u00e7\u00e3o<\/strong><\/a> | <a href=\"https:\/\/pusplq.usp.br\/?page_id=4783><strong>Elei\u00e7\u00f5es<\/strong><\/a> | <a href=\"https:\/\/pusplq.usp.br\/?page_id=4785\"><strong>Reuni\u00f5es<\/strong><\/a>| <\/div>\r\n<hr>\r\n\t\t<\/div>\n\t\t\t\t<\/div>\n\t\t\t\t\t<\/div>\n\t\t<\/div>\n\t\t\t\t\t<\/div>\n\t\t<\/section>\n\t\t\t\t<\/div>\n\t\t","protected":false},"excerpt":{"rendered":"<p>Resolu\u00e7\u00f5es D.O.E.: 28\/02\/2012 RESOLU\u00c7\u00c3O N\u00ba 6062, DE 27 DE FEVEREIRO DE 2012 Altera dispositivos do Regimento Geral da Universidade de S\u00e3o Paulo. (Altera a Resolu\u00e7\u00e3o 3745\/1990) D.O.E.: 23\/12\/2008 RESOLU\u00c7\u00c3O N\u00ba 5493, DE 18 DE DEZEMBRO DE 2008 Altera dispositivos do Regimento Geral da Universidade de S\u00e3o Paulo. (Retificada em 07.01 e 10.02.2009) (Altera a Resolu\u00e7\u00e3o [&hellip;]<\/p>\n","protected":false},"author":23873,"featured_media":0,"parent":3158,"menu_order":50,"comment_status":"closed","ping_status":"closed","template":"elementor_header_footer","meta":{"_monsterinsights_skip_tracking":false,"_monsterinsights_sitenote_active":false,"_monsterinsights_sitenote_note":"","_monsterinsights_sitenote_category":0,"footnotes":"","_links_to":"","_links_to_target":""},"class_list":["post-4787","page","type-page","status-publish","hentry","entry"],"_links":{"self":[{"href":"https:\/\/pusplq.usp.br\/index.php?rest_route=\/wp\/v2\/pages\/4787","targetHints":{"allow":["GET"]}}],"collection":[{"href":"https:\/\/pusplq.usp.br\/index.php?rest_route=\/wp\/v2\/pages"}],"about":[{"href":"https:\/\/pusplq.usp.br\/index.php?rest_route=\/wp\/v2\/types\/page"}],"author":[{"embeddable":true,"href":"https:\/\/pusplq.usp.br\/index.php?rest_route=\/wp\/v2\/users\/23873"}],"replies":[{"embeddable":true,"href":"https:\/\/pusplq.usp.br\/index.php?rest_route=%2Fwp%2Fv2%2Fcomments&post=4787"}],"version-history":[{"count":4,"href":"https:\/\/pusplq.usp.br\/index.php?rest_route=\/wp\/v2\/pages\/4787\/revisions"}],"predecessor-version":[{"id":7505,"href":"https:\/\/pusplq.usp.br\/index.php?rest_route=\/wp\/v2\/pages\/4787\/revisions\/7505"}],"up":[{"embeddable":true,"href":"https:\/\/pusplq.usp.br\/index.php?rest_route=\/wp\/v2\/pages\/3158"}],"wp:attachment":[{"href":"https:\/\/pusplq.usp.br\/index.php?rest_route=%2Fwp%2Fv2%2Fmedia&parent=4787"}],"curies":[{"name":"wp","href":"https:\/\/api.w.org\/{rel}","templated":true}]}}