{"id":4799,"date":"2024-07-25T09:45:32","date_gmt":"2024-07-25T12:45:32","guid":{"rendered":"https:\/\/sites.usp.br\/pusplq\/?page_id=4799"},"modified":"2026-01-23T09:38:18","modified_gmt":"2026-01-23T12:38:18","slug":"secao-tecnica-de-informatica","status":"publish","type":"page","link":"https:\/\/pusplq.usp.br\/?page_id=4799","title":{"rendered":"Se\u00e7\u00e3o T\u00e9cnica de Inform\u00e1tica"},"content":{"rendered":"\t\t<div data-elementor-type=\"wp-page\" data-elementor-id=\"4799\" class=\"elementor elementor-4799\" data-elementor-post-type=\"page\">\n\t\t\t\t\t\t<section class=\"elementor-section elementor-top-section elementor-element elementor-element-317e5b5 elementor-section-boxed elementor-section-height-default elementor-section-height-default\" data-id=\"317e5b5\" data-element_type=\"section\">\n\t\t\t\t\t\t<div class=\"elementor-container elementor-column-gap-default\">\n\t\t\t\t\t<div class=\"elementor-column elementor-col-100 elementor-top-column elementor-element elementor-element-762f814\" data-id=\"762f814\" data-element_type=\"column\">\n\t\t\t<div class=\"elementor-widget-wrap elementor-element-populated\">\n\t\t\t\t\t\t<div class=\"elementor-element elementor-element-ac569c0 elementor-widget elementor-widget-heading\" data-id=\"ac569c0\" data-element_type=\"widget\" data-widget_type=\"heading.default\">\n\t\t\t\t<div class=\"elementor-widget-container\">\n\t\t\t<h2 class=\"elementor-heading-title elementor-size-default\">A INFORM\u00c1TICA66 - Se\u00e7\u00e3o T\u00e9cnica de Inform\u00e1tica<\/h2>\t\t<\/div>\n\t\t\t\t<\/div>\n\t\t\t\t\t<\/div>\n\t\t<\/div>\n\t\t\t\t\t<\/div>\n\t\t<\/section>\n\t\t\t\t<section class=\"elementor-section elementor-top-section elementor-element elementor-element-a4db10f elementor-section-boxed elementor-section-height-default elementor-section-height-default\" data-id=\"a4db10f\" data-element_type=\"section\">\n\t\t\t\t\t\t<div class=\"elementor-container elementor-column-gap-default\">\n\t\t\t\t\t<div class=\"elementor-column elementor-col-50 elementor-top-column elementor-element elementor-element-c323e50\" data-id=\"c323e50\" data-element_type=\"column\">\n\t\t\t<div class=\"elementor-widget-wrap elementor-element-populated\">\n\t\t\t\t\t\t<div class=\"elementor-element elementor-element-90057b0 elementor-widget__width-initial elementor-widget elementor-widget-image\" data-id=\"90057b0\" data-element_type=\"widget\" data-widget_type=\"image.default\">\n\t\t\t\t<div class=\"elementor-widget-container\">\n\t\t\t\t\t\t\t\t\t\t\t\t\t<img fetchpriority=\"high\" decoding=\"async\" width=\"793\" height=\"900\" src=\"https:\/\/pusplq.usp.br\/wp-content\/uploads\/sites\/1403\/2026\/01\/20241217_Data-Center-2.jpg\" class=\"attachment-large size-large wp-image-13190\" alt=\"\" srcset=\"https:\/\/pusplq.usp.br\/wp-content\/uploads\/sites\/1403\/2026\/01\/20241217_Data-Center-2.jpg 793w, https:\/\/pusplq.usp.br\/wp-content\/uploads\/sites\/1403\/2026\/01\/20241217_Data-Center-2-264x300.jpg 264w, https:\/\/pusplq.usp.br\/wp-content\/uploads\/sites\/1403\/2026\/01\/20241217_Data-Center-2-768x872.jpg 768w, https:\/\/pusplq.usp.br\/wp-content\/uploads\/sites\/1403\/2026\/01\/20241217_Data-Center-2-280x318.jpg 280w, https:\/\/pusplq.usp.br\/wp-content\/uploads\/sites\/1403\/2026\/01\/20241217_Data-Center-2-400x454.jpg 400w\" sizes=\"(max-width: 793px) 100vw, 793px\" \/>\t\t\t\t\t\t\t\t\t\t\t\t\t<\/div>\n\t\t\t\t<\/div>\n\t\t\t\t<div class=\"elementor-element elementor-element-f1685d5 elementor-widget elementor-widget-html\" data-id=\"f1685d5\" data-element_type=\"widget\" data-widget_type=\"html.default\">\n\t\t\t\t<div class=\"elementor-widget-container\">\n\t\t\t<p style=\"text-align:justify\"><strong>A INFORM\u00c1TICA66 - SE\u00c7\u00c3O T\u00c9CNICA DE INFORM\u00c1TICA<\/strong> tem como miss\u00e3o atender e prestar suporte aos usu\u00e1rios de inform\u00e1tica, desenvolver sistemas de informa\u00e7\u00e3o, realizar a manuten\u00e7\u00e3o a zelar pela conserva\u00e7\u00e3o e bom funcionamento dos microcomputadores e perif\u00e9ricos da Coordenadoria do Campus \"Luiz de Queiroz\".<\/p>\r\n<br>\r\n<center>\r\n    <h3><strong>Hor\u00e1rio de funcionamento:<br> de segunda a sexta-feira das 07:30 \u00e0s 11:30 e das 13:00 \u00e0s 17:00<br> (exceto feriados e recesso)<\/strong><\/h3>\r\n<\/center>\r\n<br>\r\n<h3><a href=\"\/?page_id=11387\">Equipe<\/a><\/h3>\r\n\r\n\r\n<br>\r\n<img decoding=\"async\" src=\"\/wp-content\/uploads\/sites\/1403\/2025\/08\/7023777.jpg\"\r\n  alt=\"Fernando\" \/><br><strong>Chefe de Se\u00e7\u00e3o<\/strong><br>Fernando Luiz Planello<br>\r\nAnalista de Sistemas\r\n<br>\r\n<Strong>Telefone:<\/strong> (19) 3429 4481<br>\r\n<br><h3><strong>Equipe T\u00e9cnica<\/strong><\/h3>\r\n<ul>\r\n<img decoding=\"async\" src=\"https:\/\/pusplq.usp.br\/wp-content\/uploads\/sites\/1403\/2025\/08\/7093331-1.jpg\"\r\n  alt=\"Ricardo\" \/><br>Ricardo Tadeu Bellotto<br>\r\n<Strong>Telefone:<\/strong> (19) 3429 4153<br>\r\n<br>\r\n<img decoding=\"async\" src=\"https:\/\/pusplq.usp.br\/wp-content\/uploads\/sites\/1403\/2026\/01\/WhatsApp-Image-2025-10-22-at-09.48.49-1.jpeg\" width=\"170\" alt=\"Ricardo\" \/>\r\n<br>Rubens C\u00e9sar Pereira\r\n<br>\r\n<Strong>Telefone:<\/strong> (19) 3429 4396<br>\r\n<br>\r\n<img decoding=\"async\" src=\"https:\/\/pusplq.usp.br\/wp-content\/uploads\/sites\/1403\/2025\/08\/foto.jpg\" width=\"170\" alt=\"Ricardo\" \/><br>\r\nValdeci Altarugio\r\n<br>\r\n<Strong>Telefone:<\/strong> (19) 3429 4299<br>\r\n<\/ul>\r\n<br>\r\n<br><h3>Contato<br>\r\n<Strong>Telefone:<\/strong> (19) 3429 4479\r\n<br>\r\n<strong>Solicita\u00e7\u00e3o de Servi\u00e7os:<br> Via e-mail: <\/strong>\r\n<a href=\"mailto:informatica.lq@usp.br\">informatica.lq@usp.br<\/a>.\r\n<br><\/h3>\r\n<p>&nbsp;<\/p>\r\n<hr>\r\n\r\n\t\t<\/div>\n\t\t\t\t<\/div>\n\t\t\t\t\t<\/div>\n\t\t<\/div>\n\t\t\t\t<div class=\"elementor-column elementor-col-50 elementor-top-column elementor-element elementor-element-38048eb\" data-id=\"38048eb\" data-element_type=\"column\">\n\t\t\t<div class=\"elementor-widget-wrap elementor-element-populated\">\n\t\t\t\t\t\t<div class=\"elementor-element elementor-element-b5bf91f elementor-widget elementor-widget-image\" data-id=\"b5bf91f\" data-element_type=\"widget\" data-widget_type=\"image.default\">\n\t\t\t\t<div class=\"elementor-widget-container\">\n\t\t\t\t\t\t\t\t\t\t<figure class=\"wp-caption\">\n\t\t\t\t\t\t\t\t\t\t\t<a href=\"https:\/\/portalservicos.usp.br\/\" target=\"_blank\">\n\t\t\t\t\t\t\t<img decoding=\"async\" width=\"308\" height=\"164\" src=\"https:\/\/pusplq.usp.br\/wp-content\/uploads\/sites\/1403\/2026\/01\/logo_portalservicos.jpg\" class=\"attachment-large size-large wp-image-13157\" alt=\"\" srcset=\"https:\/\/pusplq.usp.br\/wp-content\/uploads\/sites\/1403\/2026\/01\/logo_portalservicos.jpg 308w, https:\/\/pusplq.usp.br\/wp-content\/uploads\/sites\/1403\/2026\/01\/logo_portalservicos-300x160.jpg 300w, https:\/\/pusplq.usp.br\/wp-content\/uploads\/sites\/1403\/2026\/01\/logo_portalservicos-280x149.jpg 280w\" sizes=\"(max-width: 308px) 100vw, 308px\" \/>\t\t\t\t\t\t\t\t<\/a>\n\t\t\t\t\t\t\t\t\t\t\t<figcaption class=\"widget-image-caption wp-caption-text\"><\/figcaption>\n\t\t\t\t\t\t\t\t\t\t<\/figure>\n\t\t\t\t\t\t\t<\/div>\n\t\t\t\t<\/div>\n\t\t\t\t<div class=\"elementor-element elementor-element-6f2146a elementor-widget elementor-widget-image\" data-id=\"6f2146a\" data-element_type=\"widget\" data-widget_type=\"image.default\">\n\t\t\t\t<div class=\"elementor-widget-container\">\n\t\t\t\t\t\t\t\t\t\t<figure class=\"wp-caption\">\n\t\t\t\t\t\t\t\t\t\t\t<a href=\"https:\/\/uspdigital.usp.br\/\" target=\"_blank\">\n\t\t\t\t\t\t\t<img decoding=\"async\" width=\"257\" height=\"196\" src=\"https:\/\/pusplq.usp.br\/wp-content\/uploads\/sites\/1403\/2026\/01\/logo_usp_digital.jpg\" class=\"attachment-large size-large wp-image-13147\" alt=\"\" srcset=\"https:\/\/pusplq.usp.br\/wp-content\/uploads\/sites\/1403\/2026\/01\/logo_usp_digital.jpg 257w, https:\/\/pusplq.usp.br\/wp-content\/uploads\/sites\/1403\/2026\/01\/logo_usp_digital-80x60.jpg 80w\" sizes=\"(max-width: 257px) 100vw, 257px\" \/>\t\t\t\t\t\t\t\t<\/a>\n\t\t\t\t\t\t\t\t\t\t\t<figcaption class=\"widget-image-caption wp-caption-text\"><\/figcaption>\n\t\t\t\t\t\t\t\t\t\t<\/figure>\n\t\t\t\t\t\t\t<\/div>\n\t\t\t\t<\/div>\n\t\t\t\t<div class=\"elementor-element elementor-element-bc13793 elementor-widget elementor-widget-image\" data-id=\"bc13793\" data-element_type=\"widget\" data-widget_type=\"image.default\">\n\t\t\t\t<div class=\"elementor-widget-container\">\n\t\t\t\t\t\t\t\t\t\t\t\t\t\t<a href=\"https:\/\/uspdigital.usp.br\/\" target=\"_blank\">\n\t\t\t\t\t\t\t<img loading=\"lazy\" decoding=\"async\" width=\"500\" height=\"500\" src=\"https:\/\/pusplq.usp.br\/wp-content\/uploads\/sites\/1403\/2019\/06\/logo_campus_usp.png\" class=\"attachment-large size-large wp-image-12736\" alt=\"\" srcset=\"https:\/\/pusplq.usp.br\/wp-content\/uploads\/sites\/1403\/2019\/06\/logo_campus_usp.png 500w, https:\/\/pusplq.usp.br\/wp-content\/uploads\/sites\/1403\/2019\/06\/logo_campus_usp-300x300.png 300w, https:\/\/pusplq.usp.br\/wp-content\/uploads\/sites\/1403\/2019\/06\/logo_campus_usp-150x150.png 150w, https:\/\/pusplq.usp.br\/wp-content\/uploads\/sites\/1403\/2019\/06\/logo_campus_usp-280x280.png 280w, https:\/\/pusplq.usp.br\/wp-content\/uploads\/sites\/1403\/2019\/06\/logo_campus_usp-200x200.png 200w, https:\/\/pusplq.usp.br\/wp-content\/uploads\/sites\/1403\/2019\/06\/logo_campus_usp-400x400.png 400w\" sizes=\"(max-width: 500px) 100vw, 500px\" \/>\t\t\t\t\t\t\t\t<\/a>\n\t\t\t\t\t\t\t\t\t\t\t\t\t<\/div>\n\t\t\t\t<\/div>\n\t\t\t\t<div class=\"elementor-element elementor-element-8bb6776 elementor-widget__width-initial elementor-widget elementor-widget-image\" data-id=\"8bb6776\" data-element_type=\"widget\" data-widget_type=\"image.default\">\n\t\t\t\t<div class=\"elementor-widget-container\">\n\t\t\t\t\t\t\t\t\t\t\t\t\t\t<a href=\"https:\/\/eduroam.usp.br\/\" target=\"_blank\">\n\t\t\t\t\t\t\t<img loading=\"lazy\" decoding=\"async\" width=\"800\" height=\"293\" src=\"https:\/\/pusplq.usp.br\/wp-content\/uploads\/sites\/1403\/2025\/05\/logo_eduroam2.png\" class=\"attachment-large size-large wp-image-9803\" alt=\"\" srcset=\"https:\/\/pusplq.usp.br\/wp-content\/uploads\/sites\/1403\/2025\/05\/logo_eduroam2.png 800w, https:\/\/pusplq.usp.br\/wp-content\/uploads\/sites\/1403\/2025\/05\/logo_eduroam2-300x110.png 300w, https:\/\/pusplq.usp.br\/wp-content\/uploads\/sites\/1403\/2025\/05\/logo_eduroam2-768x281.png 768w, https:\/\/pusplq.usp.br\/wp-content\/uploads\/sites\/1403\/2025\/05\/logo_eduroam2-280x103.png 280w, https:\/\/pusplq.usp.br\/wp-content\/uploads\/sites\/1403\/2025\/05\/logo_eduroam2-400x147.png 400w\" sizes=\"(max-width: 800px) 100vw, 800px\" \/>\t\t\t\t\t\t\t\t<\/a>\n\t\t\t\t\t\t\t\t\t\t\t\t\t<\/div>\n\t\t\t\t<\/div>\n\t\t\t\t<div class=\"elementor-element elementor-element-2c5b84d elementor-widget elementor-widget-image\" data-id=\"2c5b84d\" data-element_type=\"widget\" data-widget_type=\"image.default\">\n\t\t\t\t<div class=\"elementor-widget-container\">\n\t\t\t\t\t\t\t\t\t\t\t\t\t\t<a href=\"https:\/\/cetilq.sti.usp.br\/\" target=\"_blank\">\n\t\t\t\t\t\t\t<img loading=\"lazy\" decoding=\"async\" width=\"500\" height=\"148\" src=\"https:\/\/pusplq.usp.br\/wp-content\/uploads\/sites\/1403\/2019\/06\/pg_cetilq-1.png\" class=\"attachment-large size-large wp-image-5173\" alt=\"\" srcset=\"https:\/\/pusplq.usp.br\/wp-content\/uploads\/sites\/1403\/2019\/06\/pg_cetilq-1.png 500w, https:\/\/pusplq.usp.br\/wp-content\/uploads\/sites\/1403\/2019\/06\/pg_cetilq-1-300x89.png 300w, https:\/\/pusplq.usp.br\/wp-content\/uploads\/sites\/1403\/2019\/06\/pg_cetilq-1-400x118.png 400w\" sizes=\"(max-width: 500px) 100vw, 500px\" \/>\t\t\t\t\t\t\t\t<\/a>\n\t\t\t\t\t\t\t\t\t\t\t\t\t<\/div>\n\t\t\t\t<\/div>\n\t\t\t\t<div class=\"elementor-element elementor-element-823e2d7 elementor-widget elementor-widget-image\" data-id=\"823e2d7\" data-element_type=\"widget\" data-widget_type=\"image.default\">\n\t\t\t\t<div class=\"elementor-widget-container\">\n\t\t\t\t\t\t\t\t\t\t\t\t\t<img loading=\"lazy\" decoding=\"async\" width=\"700\" height=\"250\" src=\"https:\/\/pusplq.usp.br\/wp-content\/uploads\/sites\/1403\/2019\/06\/fig_scinfor2-1.png\" class=\"attachment-large size-large wp-image-7216\" alt=\"\" srcset=\"https:\/\/pusplq.usp.br\/wp-content\/uploads\/sites\/1403\/2019\/06\/fig_scinfor2-1.png 700w, https:\/\/pusplq.usp.br\/wp-content\/uploads\/sites\/1403\/2019\/06\/fig_scinfor2-1-300x107.png 300w, https:\/\/pusplq.usp.br\/wp-content\/uploads\/sites\/1403\/2019\/06\/fig_scinfor2-1-280x100.png 280w, https:\/\/pusplq.usp.br\/wp-content\/uploads\/sites\/1403\/2019\/06\/fig_scinfor2-1-400x143.png 400w\" sizes=\"(max-width: 700px) 100vw, 700px\" \/>\t\t\t\t\t\t\t\t\t\t\t\t\t<\/div>\n\t\t\t\t<\/div>\n\t\t\t\t\t<\/div>\n\t\t<\/div>\n\t\t\t\t\t<\/div>\n\t\t<\/section>\n\t\t\t\t<\/div>\n\t\t","protected":false},"excerpt":{"rendered":"<p>A INFORM\u00c1TICA66 &#8211; Se\u00e7\u00e3o T\u00e9cnica de Inform\u00e1tica A INFORM\u00c1TICA66 &#8211; SE\u00c7\u00c3O T\u00c9CNICA DE INFORM\u00c1TICA tem como miss\u00e3o atender e prestar suporte aos usu\u00e1rios de inform\u00e1tica, desenvolver sistemas de informa\u00e7\u00e3o, realizar a manuten\u00e7\u00e3o a zelar pela conserva\u00e7\u00e3o e bom funcionamento dos microcomputadores e perif\u00e9ricos da Coordenadoria do Campus &#8220;Luiz de Queiroz&#8221;. Hor\u00e1rio de funcionamento: de segunda [&hellip;]<\/p>\n","protected":false},"author":23873,"featured_media":0,"parent":3150,"menu_order":30,"comment_status":"closed","ping_status":"closed","template":"elementor_header_footer","meta":{"_monsterinsights_skip_tracking":false,"_monsterinsights_sitenote_active":false,"_monsterinsights_sitenote_note":"","_monsterinsights_sitenote_category":0,"footnotes":"","_links_to":"","_links_to_target":""},"class_list":["post-4799","page","type-page","status-publish","hentry","entry"],"_links":{"self":[{"href":"https:\/\/pusplq.usp.br\/index.php?rest_route=\/wp\/v2\/pages\/4799","targetHints":{"allow":["GET"]}}],"collection":[{"href":"https:\/\/pusplq.usp.br\/index.php?rest_route=\/wp\/v2\/pages"}],"about":[{"href":"https:\/\/pusplq.usp.br\/index.php?rest_route=\/wp\/v2\/types\/page"}],"author":[{"embeddable":true,"href":"https:\/\/pusplq.usp.br\/index.php?rest_route=\/wp\/v2\/users\/23873"}],"replies":[{"embeddable":true,"href":"https:\/\/pusplq.usp.br\/index.php?rest_route=%2Fwp%2Fv2%2Fcomments&post=4799"}],"version-history":[{"count":4,"href":"https:\/\/pusplq.usp.br\/index.php?rest_route=\/wp\/v2\/pages\/4799\/revisions"}],"predecessor-version":[{"id":13196,"href":"https:\/\/pusplq.usp.br\/index.php?rest_route=\/wp\/v2\/pages\/4799\/revisions\/13196"}],"up":[{"embeddable":true,"href":"https:\/\/pusplq.usp.br\/index.php?rest_route=\/wp\/v2\/pages\/3150"}],"wp:attachment":[{"href":"https:\/\/pusplq.usp.br\/index.php?rest_route=%2Fwp%2Fv2%2Fmedia&parent=4799"}],"curies":[{"name":"wp","href":"https:\/\/api.w.org\/{rel}","templated":true}]}}