{"id":4874,"date":"2024-07-31T13:50:46","date_gmt":"2024-07-31T16:50:46","guid":{"rendered":"https:\/\/sites.usp.br\/pusplq\/?page_id=4874"},"modified":"2026-01-20T09:43:16","modified_gmt":"2026-01-20T12:43:16","slug":"secao-tecnica-de-alimentacao","status":"publish","type":"page","link":"https:\/\/pusplq.usp.br\/?page_id=4874","title":{"rendered":"Se\u00e7\u00e3o T\u00e9cnica de Alimenta\u00e7\u00e3o"},"content":{"rendered":"\t\t<div data-elementor-type=\"wp-page\" data-elementor-id=\"4874\" class=\"elementor elementor-4874\" data-elementor-post-type=\"page\">\n\t\t\t\t\t\t<section class=\"elementor-section elementor-top-section elementor-element elementor-element-50fb35e9 elementor-section-boxed elementor-section-height-default elementor-section-height-default\" data-id=\"50fb35e9\" data-element_type=\"section\">\n\t\t\t\t\t\t<div class=\"elementor-container elementor-column-gap-default\">\n\t\t\t\t\t<div class=\"elementor-column elementor-col-100 elementor-top-column elementor-element elementor-element-195c26dc\" data-id=\"195c26dc\" data-element_type=\"column\">\n\t\t\t<div class=\"elementor-widget-wrap elementor-element-populated\">\n\t\t\t\t\t\t<div class=\"elementor-element elementor-element-56bc212 elementor-widget elementor-widget-heading\" data-id=\"56bc212\" data-element_type=\"widget\" data-widget_type=\"heading.default\">\n\t\t\t\t<div class=\"elementor-widget-container\">\n\t\t\t<h2 class=\"elementor-heading-title elementor-size-default\">Se\u00e7\u00e3o T\u00e9cnica de Alimenta\u00e7\u00e3o\n\n<\/h2>\t\t<\/div>\n\t\t\t\t<\/div>\n\t\t\t\t\t<\/div>\n\t\t<\/div>\n\t\t\t\t\t<\/div>\n\t\t<\/section>\n\t\t\t\t<section class=\"elementor-section elementor-top-section elementor-element elementor-element-82c0dd2 elementor-section-boxed elementor-section-height-default elementor-section-height-default\" data-id=\"82c0dd2\" data-element_type=\"section\">\n\t\t\t\t\t\t<div class=\"elementor-container elementor-column-gap-default\">\n\t\t\t\t\t<div class=\"elementor-column elementor-col-50 elementor-top-column elementor-element elementor-element-0439a38\" data-id=\"0439a38\" data-element_type=\"column\">\n\t\t\t<div class=\"elementor-widget-wrap elementor-element-populated\">\n\t\t\t\t\t\t<div class=\"elementor-element elementor-element-83d4541 elementor-widget__width-initial elementor-widget elementor-widget-image\" data-id=\"83d4541\" data-element_type=\"widget\" data-widget_type=\"image.default\">\n\t\t\t\t<div class=\"elementor-widget-container\">\n\t\t\t\t\t\t\t\t\t\t\t\t\t<img fetchpriority=\"high\" decoding=\"async\" width=\"1024\" height=\"683\" src=\"https:\/\/pusplq.usp.br\/wp-content\/uploads\/sites\/1403\/2025\/08\/DSC_0152-1024x683.jpg\" class=\"attachment-large size-large wp-image-11464\" alt=\"\" srcset=\"https:\/\/pusplq.usp.br\/wp-content\/uploads\/sites\/1403\/2025\/08\/DSC_0152-1024x683.jpg 1024w, https:\/\/pusplq.usp.br\/wp-content\/uploads\/sites\/1403\/2025\/08\/DSC_0152-300x200.jpg 300w, https:\/\/pusplq.usp.br\/wp-content\/uploads\/sites\/1403\/2025\/08\/DSC_0152-768x512.jpg 768w, https:\/\/pusplq.usp.br\/wp-content\/uploads\/sites\/1403\/2025\/08\/DSC_0152-1536x1024.jpg 1536w, https:\/\/pusplq.usp.br\/wp-content\/uploads\/sites\/1403\/2025\/08\/DSC_0152-2048x1365.jpg 2048w, https:\/\/pusplq.usp.br\/wp-content\/uploads\/sites\/1403\/2025\/08\/DSC_0152-280x187.jpg 280w, https:\/\/pusplq.usp.br\/wp-content\/uploads\/sites\/1403\/2025\/08\/DSC_0152-400x267.jpg 400w\" sizes=\"(max-width: 1024px) 100vw, 1024px\" \/>\t\t\t\t\t\t\t\t\t\t\t\t\t<\/div>\n\t\t\t\t<\/div>\n\t\t\t\t<div class=\"elementor-element elementor-element-974456a elementor-widget elementor-widget-html\" data-id=\"974456a\" data-element_type=\"widget\" data-widget_type=\"html.default\">\n\t\t\t\t<div class=\"elementor-widget-container\">\n\t\t\t<strong>\u201cALIMENTE A VIDA, N\u00c3O O DESPERD\u00cdCIO!\u201d <\/strong>\r\n<br>(por Rafael M. Pereira Leal)&nbsp;\r\n<br>\r\n<p>Administra o Restaurante Universit\u00e1rio, que  atende exclusivamente a comunidade interna do Campus \u201cLuiz de Queiroz\u201d,  oferecendo card\u00e1pio balanceado em sistema self-service. Funciona \/sistematicamente h\u00e1 21 anos.<\/p>\r\n<strong> <a href=\"https:\/\/www.esalq.usp.br\/boletim\/cardapio-do-ru\/\" target=\"_blank\">Restaurante Universit\u00e1rio (RU) - CARD\u00c1PIO<\/a><\/strong><br>\r\n<strong>Obs.:<\/strong> sujeito a altera\u00e7\u00f5es sem   pr\u00e9vio aviso.\r\n<img decoding=\"async\" src=\"ru\/fig_rutitulo.jpg\" alt=\"\" \/><br><br>\r\n<h3><strong>De segunda a sexta-feira<\/strong>\r\n<h3>\r\nCaf\u00e9 da manh\u00e3:  das 7h \u00e0s 08h30    <br>\r\nAlmo\u00e7o:<\/strong> das 11h00 \u00e0s 13h30.<br>\r\n<strong>Jantar:<\/strong> das 17h30 \u00e0s 19h00.<br>\r\n    <br>\r\n<strong>S\u00e1bado (hor\u00e1rio especial)<br> almo\u00e7o:<\/strong> das 11h30 \u00e0s 13h00.<br>\r\n<br><\/h3>\r\n\r\n\r\n<\/h3>\t\t<\/div>\n\t\t\t\t<\/div>\n\t\t\t\t<div class=\"elementor-element elementor-element-a1f6906 elementor-widget elementor-widget-image\" data-id=\"a1f6906\" data-element_type=\"widget\" data-widget_type=\"image.default\">\n\t\t\t\t<div class=\"elementor-widget-container\">\n\t\t\t\t\t\t\t\t\t\t\t\t\t<img decoding=\"async\" width=\"700\" height=\"100\" src=\"https:\/\/pusplq.usp.br\/wp-content\/uploads\/sites\/1403\/2025\/10\/fig_preco.png\" class=\"attachment-large size-large wp-image-12086\" alt=\"\" srcset=\"https:\/\/pusplq.usp.br\/wp-content\/uploads\/sites\/1403\/2025\/10\/fig_preco.png 700w, https:\/\/pusplq.usp.br\/wp-content\/uploads\/sites\/1403\/2025\/10\/fig_preco-300x43.png 300w, https:\/\/pusplq.usp.br\/wp-content\/uploads\/sites\/1403\/2025\/10\/fig_preco-280x40.png 280w, https:\/\/pusplq.usp.br\/wp-content\/uploads\/sites\/1403\/2025\/10\/fig_preco-400x57.png 400w\" sizes=\"(max-width: 700px) 100vw, 700px\" \/>\t\t\t\t\t\t\t\t\t\t\t\t\t<\/div>\n\t\t\t\t<\/div>\n\t\t\t\t<div class=\"elementor-element elementor-element-b1fb59f elementor-widget elementor-widget-html\" data-id=\"b1fb59f\" data-element_type=\"widget\" data-widget_type=\"html.default\">\n\t\t\t\t<div class=\"elementor-widget-container\">\n\t\t\t<table cellpadding=\"5\" cellspacing=\"5\" width=\"600\">\r\n<tr bgcolor=\"#CCCCCC\">\r\n<td width=\"500\">CATEGORIA<\/td>\r\n<td width=\"100\">VALOR<\/td>\r\n<\/tr>\r\n<tr>\r\n<td>Aluno(a)<\/td>\r\n<td>R$ 2,00<\/td>\r\n<\/tr>   \r\n<tr>\r\n<td>Especial A e Especial B<\/td>\r\n<td>R$ 10,00<\/td>\r\n<\/tr>\r\n<tr>\r\n<td>Credenciado A, Credenciado B e Credenciado C<\/td>\r\n<td>R$ 15,00<\/td>\r\n<\/tr>\r\n<tr>\r\n<td colspan=\"2\">\r\n<br>\r\n<strong><em>ATEN\u00c7\u00c3O - N\u00e3o est\u00e3o autorizados a utilizar o restaurante:<\/em><\/strong><br>\r\n\u2022Pessoas sem v\u00ednculo institucional ativo com a USP e\/ou que n\u00e3o se enquadrem nas categorias de usu\u00e1rios(as) estabelecidas na portaria PRIP N.\u00ba 008, de 17\/09\/2025.\r\nusu\u00e1rios(as) estabelecidas nesta Portaria;<br>\r\n\u2022 Funcion\u00e1rios(as) de empresas terceirizadas;<br>\r\n\u2022 Dependentes de funcion\u00e1rios(as), discentes e docentes da USP.\r\n<\/td>\r\n<\/tr>\r\n<\/table>\r\n\r\n\t\t<\/div>\n\t\t\t\t<\/div>\n\t\t\t\t<div class=\"elementor-element elementor-element-b1a64fa elementor-widget elementor-widget-html\" data-id=\"b1a64fa\" data-element_type=\"widget\" data-widget_type=\"html.default\">\n\t\t\t\t<div class=\"elementor-widget-container\">\n\t\t\tVENDA DE CR\u00c9DITOS (CAIXA): \r\nPagamento somente em dinheiro\r\n<br>\r\n<br>\r\n<strong>De segunda a sexta-feira \u2013 almo\u00e7o: <\/strong>das 11h \u00e0s 13h30 \r\n<br>\r\n<br>\r\nCART\u00d5ES DE ACESSO E OUTROS SERVI\u00c7OS AOS USU\u00c1RIOS:\r\n<br>\r\n<strong>Atendimento de segunda a sexta-feira:<\/strong><br>\r\n<strong>Manh\u00e3:<\/strong> das 08h15 \u00e0s 09h45 e   \r\n<br>\r\n<strong>Tarde:<\/strong> das 15h00 \u00e0s 16h00\t\r\n<br>\r\n<br>\r\n<strong>Chefe da Se\u00e7\u00e3o de Restaurante<\/strong>\r\n<br>\r\nPaula Telles Poeta<br>\r\n<br>\r\n<strong><a href=\"#\" target=\"_blank\">Equipe<\/a><\/strong>\r\n<br>\r\nCleide Regina de Mattos Spessotto<br>\r\nIderilene Santana Barbosa<br>\r\nGabriel de Oliveira<br>\r\nIria Ines Stocco Correr<br>\r\nMaria Lucia de Oliveira<br>\r\n<br>\r\n<h2><strong>CONTATOS<\/strong><\/h2>\r\n<strong>Telefone: <\/strong>(19) 3429-4309  \/  3429-4356  \/  3429-4327\r\n<br>\r\n<h2>\r\n<strong>Home Page:<\/strong><a href=\"https:\/\/www.pusplq.usp.br\/ru\" title=\"Servi\u00e7o de Alimenta\u00e7\u00e3o\">https:\/\/www.pusplq.usp.br\/ru<\/a><br>\r\n<strong>e-mail:<\/strong> <a href=\"mailto:restaurante.lq@usp.br\">restaurante.lq@usp.br<\/a>\r\n<p>&nbsp;<\/p><\/h2>\t\t<\/div>\n\t\t\t\t<\/div>\n\t\t\t\t\t<\/div>\n\t\t<\/div>\n\t\t\t\t<div class=\"elementor-column elementor-col-50 elementor-top-column elementor-element elementor-element-584ec36\" data-id=\"584ec36\" data-element_type=\"column\">\n\t\t\t<div class=\"elementor-widget-wrap elementor-element-populated\">\n\t\t\t\t\t\t<div class=\"elementor-element elementor-element-d4701e7 elementor-widget elementor-widget-html\" data-id=\"d4701e7\" data-element_type=\"widget\" data-widget_type=\"html.default\">\n\t\t\t\t<div class=\"elementor-widget-container\">\n\t\t\t<a href=\"https:\/\/www.esalq.usp.br\/boletim\/cardapio-do-ru\" target=\"_blank\"><img decoding=\"async\" src=\"https:\/\/pusplq.usp.br\/wp-content\/uploads\/sites\/1403\/2024\/09\/bt_cardapio.png\" alt=\"Card\u00e1pio do Restaurante\" height=\"100\" width=\"300\" \/><\/a>\r\n<hr \/>\r\n\r\n<strong>CR\u00c9DITOS NO CART\u00c3O USP <\/strong>\r\n<br>\r\nPara consultar os cr\u00e9ditos no Cart\u00e3o USP, favor acessar o site abaixo:\r\n<a href=\"https:\/\/uspdigital.usp.br\/rucard. \">https:\/\/uspdigital.usp.br\/rucard. <\/a>\r\n<br>\r\n<br>\r\n<strong>CATEGORIAS DE USU\u00c1RIOS<br> E PRE\u00c7O DA REFEI\u00c7\u00c3O<\/Strong><br>\r\nAluno..........................................R$  2,00<br>\r\nEspecial.......................................R$ 10,00<br>\r\nCredenciado A, B e C.................R$ 15,00<br>\r\n\r\n<br>\r\n<strong>Em cumprimento \u00e1 <br>\r\n<a href=\"https:\/\/pusplq.usp.br\/wp-content\/uploads\/sites\/1403\/2025\/07\/Portaria-PRIP-008_250318.pdf\" title=\"Portaria\" target=\"_blank\"><strong>Portaria PRIP No 008, de 17\/03\/2025<\/strong><\/a>\r\n<br>\r\n<a href=\"https:\/\/cloud.pusplq.usp.br\/wp-content\/uploads\/2017\/02\/PortariaGS06Publicao.pdf\" title=\"Portaria\" target=\"_blank\">Publica\u00e7\u00e3o GS-6 20-02-2017<\/a>. <br> Resolve restabelecer categorias\r\nde usu\u00e1rios dos Restaurantes\r\ne os pre\u00e7os vigentes.<\/strong>\r\n<br>\r\n<br>\r\n<strong>FORMUL\u00c1RIOS<\/strong>\r\n<br>\r\n<br>\r\n<strong>CATEGORIA ESPECIAL<\/strong><br>\r\n<a href=\"https:\/\/pusplq.usp.br\/wp-content\/uploads\/sites\/1403\/2025\/01\/requisicao_aluno_especial_2019.zip\">REQUISI\u00c7\u00c3O DE USO <br>\r\nRESTAURANTE UNIVERSIT\u00c1RIO (ZIP)<\/a>\r\n<br>\r\n<br>\r\n<strong>CATEGORIA VISITANTE<\/strong><br><a href=\"https:\/\/www.pusplq.usp.br\/wp-content\/uploads\/sites\/1403\/2025\/07\/FormularioVisitantesRestaurante.pdf\" target=\"blank\">REQUERIMENTO DE\r\nUTILIZA\u00c7\u00c3O <br> DO RESTAURANTE \r\nUNIVERSIT\u00c1RIO (PDF)<\/a>\t\t<\/div>\n\t\t\t\t<\/div>\n\t\t\t\t\t<\/div>\n\t\t<\/div>\n\t\t\t\t\t<\/div>\n\t\t<\/section>\n\t\t\t\t<\/div>\n\t\t","protected":false},"excerpt":{"rendered":"<p>Se\u00e7\u00e3o T\u00e9cnica de Alimenta\u00e7\u00e3o \u201cALIMENTE A VIDA, N\u00c3O O DESPERD\u00cdCIO!\u201d (por Rafael M. Pereira Leal)&nbsp; Administra o Restaurante Universit\u00e1rio, que atende exclusivamente a comunidade interna do Campus \u201cLuiz de Queiroz\u201d, oferecendo card\u00e1pio balanceado em sistema self-service. Funciona \/sistematicamente h\u00e1 21 anos. Restaurante Universit\u00e1rio (RU) &#8211; CARD\u00c1PIO Obs.: sujeito a altera\u00e7\u00f5es sem pr\u00e9vio aviso. De segunda [&hellip;]<\/p>\n","protected":false},"author":23873,"featured_media":0,"parent":4006,"menu_order":40,"comment_status":"closed","ping_status":"closed","template":"elementor_header_footer","meta":{"_monsterinsights_skip_tracking":false,"_monsterinsights_sitenote_active":false,"_monsterinsights_sitenote_note":"","_monsterinsights_sitenote_category":0,"footnotes":"","_links_to":"","_links_to_target":""},"class_list":["post-4874","page","type-page","status-publish","hentry","entry"],"_links":{"self":[{"href":"https:\/\/pusplq.usp.br\/index.php?rest_route=\/wp\/v2\/pages\/4874","targetHints":{"allow":["GET"]}}],"collection":[{"href":"https:\/\/pusplq.usp.br\/index.php?rest_route=\/wp\/v2\/pages"}],"about":[{"href":"https:\/\/pusplq.usp.br\/index.php?rest_route=\/wp\/v2\/types\/page"}],"author":[{"embeddable":true,"href":"https:\/\/pusplq.usp.br\/index.php?rest_route=\/wp\/v2\/users\/23873"}],"replies":[{"embeddable":true,"href":"https:\/\/pusplq.usp.br\/index.php?rest_route=%2Fwp%2Fv2%2Fcomments&post=4874"}],"version-history":[{"count":4,"href":"https:\/\/pusplq.usp.br\/index.php?rest_route=\/wp\/v2\/pages\/4874\/revisions"}],"predecessor-version":[{"id":12946,"href":"https:\/\/pusplq.usp.br\/index.php?rest_route=\/wp\/v2\/pages\/4874\/revisions\/12946"}],"up":[{"embeddable":true,"href":"https:\/\/pusplq.usp.br\/index.php?rest_route=\/wp\/v2\/pages\/4006"}],"wp:attachment":[{"href":"https:\/\/pusplq.usp.br\/index.php?rest_route=%2Fwp%2Fv2%2Fmedia&parent=4874"}],"curies":[{"name":"wp","href":"https:\/\/api.w.org\/{rel}","templated":true}]}}