{"id":4878,"date":"2024-07-31T13:56:10","date_gmt":"2024-07-31T16:56:10","guid":{"rendered":"https:\/\/sites.usp.br\/pusplq\/?page_id=4878"},"modified":"2026-01-20T11:24:59","modified_gmt":"2026-01-20T14:24:59","slug":"secao-de-captacao-e-tratamento-de-agua","status":"publish","type":"page","link":"https:\/\/pusplq.usp.br\/?page_id=4878","title":{"rendered":"Se\u00e7\u00e3o de Capta\u00e7\u00e3o e Tratamento de \u00c1gua"},"content":{"rendered":"\t\t<div data-elementor-type=\"wp-page\" data-elementor-id=\"4878\" class=\"elementor elementor-4878\" data-elementor-post-type=\"page\">\n\t\t\t\t\t\t<section class=\"elementor-section elementor-top-section elementor-element elementor-element-a56bf94 elementor-section-boxed elementor-section-height-default elementor-section-height-default\" data-id=\"a56bf94\" data-element_type=\"section\">\n\t\t\t\t\t\t<div class=\"elementor-container elementor-column-gap-default\">\n\t\t\t\t\t<div class=\"elementor-column elementor-col-100 elementor-top-column elementor-element elementor-element-d115c9e\" data-id=\"d115c9e\" data-element_type=\"column\">\n\t\t\t<div class=\"elementor-widget-wrap elementor-element-populated\">\n\t\t\t\t\t\t<div class=\"elementor-element elementor-element-0d5bbee elementor-widget elementor-widget-heading\" data-id=\"0d5bbee\" data-element_type=\"widget\" data-widget_type=\"heading.default\">\n\t\t\t\t<div class=\"elementor-widget-container\">\n\t\t\t<h2 class=\"elementor-heading-title elementor-size-default\">Se\u00e7\u00e3o de Capta\u00e7\u00e3o e Tratamento de \u00c1gua<\/h2>\t\t<\/div>\n\t\t\t\t<\/div>\n\t\t\t\t\t<\/div>\n\t\t<\/div>\n\t\t\t\t\t<\/div>\n\t\t<\/section>\n\t\t\t\t<section class=\"elementor-section elementor-top-section elementor-element elementor-element-4ad98f7 elementor-section-boxed elementor-section-height-default elementor-section-height-default\" data-id=\"4ad98f7\" data-element_type=\"section\">\n\t\t\t\t\t\t<div class=\"elementor-container elementor-column-gap-default\">\n\t\t\t\t\t<div class=\"elementor-column elementor-col-100 elementor-top-column elementor-element elementor-element-7e4889a\" data-id=\"7e4889a\" data-element_type=\"column\">\n\t\t\t<div class=\"elementor-widget-wrap elementor-element-populated\">\n\t\t\t\t\t\t<div class=\"elementor-element elementor-element-fdc52e0 elementor-widget__width-initial elementor-widget elementor-widget-image\" data-id=\"fdc52e0\" data-element_type=\"widget\" data-widget_type=\"image.default\">\n\t\t\t\t<div class=\"elementor-widget-container\">\n\t\t\t\t\t\t\t\t\t\t\t\t\t<img decoding=\"async\" src=\"https:\/\/sites.usp.br\/pusplq\/wp-content\/uploads\/sites\/1403\/2024\/11\/fig_aguas.png\" title=\"\" alt=\"\" loading=\"lazy\" \/>\t\t\t\t\t\t\t\t\t\t\t\t\t<\/div>\n\t\t\t\t<\/div>\n\t\t\t\t<div class=\"elementor-element elementor-element-6ac04d8 elementor-widget__width-initial elementor-widget elementor-widget-html\" data-id=\"6ac04d8\" data-element_type=\"widget\" data-widget_type=\"html.default\">\n\t\t\t\t<div class=\"elementor-widget-container\">\n\t\t\t<p>A Se\u00e7\u00e3o de Capta\u00e7\u00e3o e Tratamento de \u00c1gua realiza o tratamento e abastecimento de \u00e1gua pot\u00e1vel no campus \"Luiz de Queiroz\".<\/p>\r\n<br>\r\n<h2>\r\n\r\n<strong>Hor\u00e1rio de funcionamento: <BR> de segunda a sexta-feira das 07:30 \u00e0s 11:30 e das 12:30 \u00e0s 16:30<br> (exceto feriados e recesso.)<\/strong><\/h2>\r\n<br>\r\n<strong>Chefe de Se\u00e7\u00e3o<\/strong><br>\r\n<a href=\"#\" target=\"_blank\">Luiz Fernando Gomes<\/a><br>\t\r\n<strong>Telefone: <\/strong>(19) 3429 4231\r\n<br>\r\n<br>\r\n<strong><a href=\"#\" target=\"_blank\">Equipe<\/a><\/strong><br>\r\n<a href=\"#\" target=\"_blank\">Ad\u00e3o Franco<\/a><br>\r\n<a href=\"#\" target=\"_blank\">Antonio Odair Vitoretti<\/a><br>\r\n<a href=\"#\" target=\"_blank\">Caetano Boscaro Ferreira<\/a><br>\r\n<a href=\"#\" target=\"_blank\">Joel Braga de Oliveira<\/a><br>\r\n<a href=\"#\">Jos\u00e9 Paulo de Jesus<\/a><br>\r\n<a href=\"#\" target=\"_blank\">Valdevino Alves Vieira<\/a>\t\t\t\t\t<\/div>\n\t\t\t\t<\/div>\n\t\t\t\t\t<\/div>\n\t\t<\/div>\n\t\t\t\t\t<\/div>\n\t\t<\/section>\n\t\t\t\t<\/div>\n\t\t","protected":false},"excerpt":{"rendered":"<p>Se\u00e7\u00e3o de Capta\u00e7\u00e3o e Tratamento de \u00c1gua A Se\u00e7\u00e3o de Capta\u00e7\u00e3o e Tratamento de \u00c1gua realiza o tratamento e abastecimento de \u00e1gua pot\u00e1vel no campus &#8220;Luiz de Queiroz&#8221;. Hor\u00e1rio de funcionamento: de segunda a sexta-feira das 07:30 \u00e0s 11:30 e das 12:30 \u00e0s 16:30 (exceto feriados e recesso.) Chefe de Se\u00e7\u00e3o Luiz Fernando Gomes Telefone: [&hellip;]<\/p>\n","protected":false},"author":23873,"featured_media":0,"parent":4010,"menu_order":20,"comment_status":"closed","ping_status":"closed","template":"elementor_header_footer","meta":{"_monsterinsights_skip_tracking":false,"_monsterinsights_sitenote_active":false,"_monsterinsights_sitenote_note":"","_monsterinsights_sitenote_category":0,"footnotes":"","_links_to":"","_links_to_target":""},"class_list":["post-4878","page","type-page","status-publish","hentry","entry"],"_links":{"self":[{"href":"https:\/\/pusplq.usp.br\/index.php?rest_route=\/wp\/v2\/pages\/4878","targetHints":{"allow":["GET"]}}],"collection":[{"href":"https:\/\/pusplq.usp.br\/index.php?rest_route=\/wp\/v2\/pages"}],"about":[{"href":"https:\/\/pusplq.usp.br\/index.php?rest_route=\/wp\/v2\/types\/page"}],"author":[{"embeddable":true,"href":"https:\/\/pusplq.usp.br\/index.php?rest_route=\/wp\/v2\/users\/23873"}],"replies":[{"embeddable":true,"href":"https:\/\/pusplq.usp.br\/index.php?rest_route=%2Fwp%2Fv2%2Fcomments&post=4878"}],"version-history":[{"count":4,"href":"https:\/\/pusplq.usp.br\/index.php?rest_route=\/wp\/v2\/pages\/4878\/revisions"}],"predecessor-version":[{"id":13000,"href":"https:\/\/pusplq.usp.br\/index.php?rest_route=\/wp\/v2\/pages\/4878\/revisions\/13000"}],"up":[{"embeddable":true,"href":"https:\/\/pusplq.usp.br\/index.php?rest_route=\/wp\/v2\/pages\/4010"}],"wp:attachment":[{"href":"https:\/\/pusplq.usp.br\/index.php?rest_route=%2Fwp%2Fv2%2Fmedia&parent=4878"}],"curies":[{"name":"wp","href":"https:\/\/api.w.org\/{rel}","templated":true}]}}