{"id":4880,"date":"2024-07-31T13:57:00","date_gmt":"2024-07-31T16:57:00","guid":{"rendered":"https:\/\/sites.usp.br\/pusplq\/?page_id=4880"},"modified":"2026-01-21T08:53:08","modified_gmt":"2026-01-21T11:53:08","slug":"servico-de-operacao","status":"publish","type":"page","link":"https:\/\/pusplq.usp.br\/?page_id=4880","title":{"rendered":"Servi\u00e7o de Opera\u00e7\u00e3o"},"content":{"rendered":"\t\t<div data-elementor-type=\"wp-page\" data-elementor-id=\"4880\" class=\"elementor elementor-4880\" data-elementor-post-type=\"page\">\n\t\t\t\t\t\t<section class=\"elementor-section elementor-top-section elementor-element elementor-element-21d2ffd9 elementor-section-boxed elementor-section-height-default elementor-section-height-default\" data-id=\"21d2ffd9\" data-element_type=\"section\">\n\t\t\t\t\t\t<div class=\"elementor-container elementor-column-gap-default\">\n\t\t\t\t\t<div class=\"elementor-column elementor-col-100 elementor-top-column elementor-element elementor-element-71e35474\" data-id=\"71e35474\" data-element_type=\"column\">\n\t\t\t<div class=\"elementor-widget-wrap elementor-element-populated\">\n\t\t\t\t\t\t<div class=\"elementor-element elementor-element-d8e398d elementor-widget elementor-widget-heading\" data-id=\"d8e398d\" data-element_type=\"widget\" data-widget_type=\"heading.default\">\n\t\t\t\t<div class=\"elementor-widget-container\">\n\t\t\t<h2 class=\"elementor-heading-title elementor-size-default\">Servi\u00e7o de Opera\u00e7\u00e3o<\/h2>\t\t<\/div>\n\t\t\t\t<\/div>\n\t\t\t\t\t<\/div>\n\t\t<\/div>\n\t\t\t\t\t<\/div>\n\t\t<\/section>\n\t\t\t\t<section class=\"elementor-section elementor-top-section elementor-element elementor-element-7ee36c3 elementor-section-boxed elementor-section-height-default elementor-section-height-default\" data-id=\"7ee36c3\" data-element_type=\"section\">\n\t\t\t\t\t\t<div class=\"elementor-container elementor-column-gap-default\">\n\t\t\t\t\t<div class=\"elementor-column elementor-col-100 elementor-top-column elementor-element elementor-element-a0ba72c\" data-id=\"a0ba72c\" data-element_type=\"column\">\n\t\t\t<div class=\"elementor-widget-wrap elementor-element-populated\">\n\t\t\t\t\t\t<div class=\"elementor-element elementor-element-23507d2 elementor-widget__width-initial elementor-widget elementor-widget-image\" data-id=\"23507d2\" data-element_type=\"widget\" data-widget_type=\"image.default\">\n\t\t\t\t<div class=\"elementor-widget-container\">\n\t\t\t\t\t\t\t\t\t\t\t\t\t<img fetchpriority=\"high\" decoding=\"async\" width=\"640\" height=\"358\" src=\"https:\/\/pusplq.usp.br\/wp-content\/uploads\/sites\/1403\/2024\/11\/USP-ESALQ-e1680684376958.jpg\" class=\"attachment-large size-large wp-image-6661\" alt=\"\" srcset=\"https:\/\/pusplq.usp.br\/wp-content\/uploads\/sites\/1403\/2024\/11\/USP-ESALQ-e1680684376958.jpg 640w, https:\/\/pusplq.usp.br\/wp-content\/uploads\/sites\/1403\/2024\/11\/USP-ESALQ-e1680684376958-300x168.jpg 300w, https:\/\/pusplq.usp.br\/wp-content\/uploads\/sites\/1403\/2024\/11\/USP-ESALQ-e1680684376958-310x174.jpg 310w, https:\/\/pusplq.usp.br\/wp-content\/uploads\/sites\/1403\/2024\/11\/USP-ESALQ-e1680684376958-280x157.jpg 280w, https:\/\/pusplq.usp.br\/wp-content\/uploads\/sites\/1403\/2024\/11\/USP-ESALQ-e1680684376958-400x224.jpg 400w\" sizes=\"(max-width: 640px) 100vw, 640px\" \/>\t\t\t\t\t\t\t\t\t\t\t\t\t<\/div>\n\t\t\t\t<\/div>\n\t\t\t\t<div class=\"elementor-element elementor-element-393ddcd elementor-widget elementor-widget-html\" data-id=\"393ddcd\" data-element_type=\"widget\" data-widget_type=\"html.default\">\n\t\t\t\t<div class=\"elementor-widget-container\">\n\t\t\t<strong>Servi\u00e7o de opera\u00e7\u00e3o<\/strong> coordena as equipes de Servi\u00e7os Operacionais na PUSP-LQ.<br>\r\n<br>\r\n<strong>Hor\u00e1rio de funcionamento: <BR> de segunda a sexta-feira das 07:30 \u00e0s 11:30 e das 13:00 \u00e0s 17:00 <br> (exceto feriados e recesso.)<\/strong>\r\n<br>\r\n<br>\r\n<strong>Supervisor de Servi\u00e7o<\/strong><br>\r\n<a href=\"#\" target=\"_blank\">Juliano Longato<\/a><br>\r\n<strong>Telefone:<\/strong> (19) 3429 4085 <br>\r\n<strong>Ramal:<\/strong> 294085\r\n<br>\r\n<br>\r\n<h2><strong>Contato<\/strong><br>\r\n<strong>Email:<\/strong> <a href=\"mailto:svoper.lq@usp.br\">svoper.lq@usp.br<\/a>\r\n<br>\r\n<strong>Telefone:<\/strong> (19) 3429 4085<br>\r\n<strong>Ramal:<\/strong> 294085\r\n<br><\/h2>\r\n<strong><h3><a href=\"?page_id=22\">NORMAS &amp; FORMUL\u00c1RIOS<\/a> - <a href=\"?page_id=38\">Portarias<\/a><\/h3><\/strong>\r\n<ul>\r\n<li><a href=\"http:\/\/www.pusplq.usp.br\/wp-content\/uploads\/2021\/12\/Distribuicao_tags_2021.pdf\" target=\"_blank\">Normas de Acesso de Ve\u00edculos ao Campus USP \"Luiz de Queiroz\"<\/a><\/li>\r\n<li><a href=\"http:\/\/www.pusplq.usp.br\/wp-content\/uploads\/2015\/02\/procs_pool1.docx\" target=\"_blank\">Procedimentos para o agendamento dos ve\u00edculos oficiais atrav\u00e9s do Sistema Pool<\/a><\/li>\r\n<li><a href=\"http:\/\/www.pusplq.usp.br\/formularios\/GITRANS_1_2017.pdf\" target=\"_blank\">Circular PUSP-LQ 012\/2016 e Circular ATAD 002\/2016<\/a><\/li>\r\n<li><a href=\"\/formularios\/formularioplanejamento_1_2017.doc\" target=\"_blank\">Planejamento de Viagens (exceto viagens did\u00e1ticas)<\/a><\/li>\r\n<li><a href=\"\/formularios\/planejamento_atividades_didaticas_1_2017.doc\" target=\"_blank\">Atividades Did\u00e1ticas da Gradua\u00e7\u00e3o e P\u00f3s-Gradua\u00e7\u00e3o <\/a><\/li>\r\n<li><a href=\"\/formularios\/portariabanners.pdf\" target=\"_blank\">Normas para coloca\u00e7\u00e3o de Banners no Campus \"Luiz de Queiroz\"<\/a><\/li>\r\n<li><a href=\"\/formularios\/normasusoveiculos.pdf\" target=\"_blank\">Normas para Utiliza\u00e7\u00e3o de Ve\u00edculos Oficiais<\/a><\/li>\r\n<li><a href=\"\/formularios\/bicicleta-no-campus.pdf\" target=\"_blank\">Regulamento para Cadastro e Utiliza\u00e7\u00e3o de Bicicletas no Campus<\/a><\/li>\r\n<li><a href=\"\/formularios\/portariacv.pdf\" target=\"_blank\">Regimento do Centro de Viv\u00eancia do Campus \"Luiz de Queiroz\"<\/a><\/li>\r\n<\/ul>\t\t<\/div>\n\t\t\t\t<\/div>\n\t\t\t\t\t<\/div>\n\t\t<\/div>\n\t\t\t\t\t<\/div>\n\t\t<\/section>\n\t\t\t\t<\/div>\n\t\t","protected":false},"excerpt":{"rendered":"<p>Servi\u00e7o de Opera\u00e7\u00e3o Servi\u00e7o de opera\u00e7\u00e3o coordena as equipes de Servi\u00e7os Operacionais na PUSP-LQ. Hor\u00e1rio de funcionamento: de segunda a sexta-feira das 07:30 \u00e0s 11:30 e das 13:00 \u00e0s 17:00 (exceto feriados e recesso.) Supervisor de Servi\u00e7o Juliano Longato Telefone: (19) 3429 4085 Ramal: 294085 Contato Email: svoper.lq@usp.br Telefone: (19) 3429 4085 Ramal: 294085 NORMAS [&hellip;]<\/p>\n","protected":false},"author":23873,"featured_media":0,"parent":4010,"menu_order":30,"comment_status":"closed","ping_status":"closed","template":"elementor_header_footer","meta":{"_monsterinsights_skip_tracking":false,"_monsterinsights_sitenote_active":false,"_monsterinsights_sitenote_note":"","_monsterinsights_sitenote_category":0,"footnotes":"","_links_to":"","_links_to_target":""},"class_list":["post-4880","page","type-page","status-publish","hentry","entry"],"_links":{"self":[{"href":"https:\/\/pusplq.usp.br\/index.php?rest_route=\/wp\/v2\/pages\/4880","targetHints":{"allow":["GET"]}}],"collection":[{"href":"https:\/\/pusplq.usp.br\/index.php?rest_route=\/wp\/v2\/pages"}],"about":[{"href":"https:\/\/pusplq.usp.br\/index.php?rest_route=\/wp\/v2\/types\/page"}],"author":[{"embeddable":true,"href":"https:\/\/pusplq.usp.br\/index.php?rest_route=\/wp\/v2\/users\/23873"}],"replies":[{"embeddable":true,"href":"https:\/\/pusplq.usp.br\/index.php?rest_route=%2Fwp%2Fv2%2Fcomments&post=4880"}],"version-history":[{"count":4,"href":"https:\/\/pusplq.usp.br\/index.php?rest_route=\/wp\/v2\/pages\/4880\/revisions"}],"predecessor-version":[{"id":13013,"href":"https:\/\/pusplq.usp.br\/index.php?rest_route=\/wp\/v2\/pages\/4880\/revisions\/13013"}],"up":[{"embeddable":true,"href":"https:\/\/pusplq.usp.br\/index.php?rest_route=\/wp\/v2\/pages\/4010"}],"wp:attachment":[{"href":"https:\/\/pusplq.usp.br\/index.php?rest_route=%2Fwp%2Fv2%2Fmedia&parent=4880"}],"curies":[{"name":"wp","href":"https:\/\/api.w.org\/{rel}","templated":true}]}}