{"id":4890,"date":"2024-07-31T14:11:10","date_gmt":"2024-07-31T17:11:10","guid":{"rendered":"https:\/\/sites.usp.br\/pusplq\/?page_id=4890"},"modified":"2025-01-16T08:36:30","modified_gmt":"2025-01-16T11:36:30","slug":"secao-de-parques-e-jardins","status":"publish","type":"page","link":"https:\/\/pusplq.usp.br\/?page_id=4890","title":{"rendered":"Se\u00e7\u00e3o de Parques e Jardins"},"content":{"rendered":"\t\t<div data-elementor-type=\"wp-page\" data-elementor-id=\"4890\" class=\"elementor elementor-4890\" data-elementor-post-type=\"page\">\n\t\t\t\t\t\t<section class=\"elementor-section elementor-top-section elementor-element elementor-element-f7cc89b elementor-section-boxed elementor-section-height-default elementor-section-height-default\" data-id=\"f7cc89b\" data-element_type=\"section\">\n\t\t\t\t\t\t<div class=\"elementor-container elementor-column-gap-default\">\n\t\t\t\t\t<div class=\"elementor-column elementor-col-100 elementor-top-column elementor-element elementor-element-d3ae98a\" data-id=\"d3ae98a\" data-element_type=\"column\">\n\t\t\t<div class=\"elementor-widget-wrap elementor-element-populated\">\n\t\t\t\t\t\t<div class=\"elementor-element elementor-element-e75188f elementor-widget elementor-widget-heading\" data-id=\"e75188f\" data-element_type=\"widget\" data-widget_type=\"heading.default\">\n\t\t\t\t<div class=\"elementor-widget-container\">\n\t\t\t<h2 class=\"elementor-heading-title elementor-size-default\">Se\u00e7\u00e3o de Parques e Jardins<\/h2>\t\t<\/div>\n\t\t\t\t<\/div>\n\t\t\t\t\t<\/div>\n\t\t<\/div>\n\t\t\t\t\t<\/div>\n\t\t<\/section>\n\t\t\t\t<section class=\"elementor-section elementor-top-section elementor-element elementor-element-5599172 elementor-section-boxed elementor-section-height-default elementor-section-height-default\" data-id=\"5599172\" data-element_type=\"section\">\n\t\t\t\t\t\t<div class=\"elementor-container elementor-column-gap-default\">\n\t\t\t\t\t<div class=\"elementor-column elementor-col-33 elementor-top-column elementor-element elementor-element-110e16a\" data-id=\"110e16a\" data-element_type=\"column\">\n\t\t\t<div class=\"elementor-widget-wrap elementor-element-populated\">\n\t\t\t\t\t\t<div class=\"elementor-element elementor-element-1d68220 elementor-nav-menu__align-start elementor-widget__width-initial elementor-nav-menu--dropdown-tablet elementor-nav-menu__text-align-aside elementor-nav-menu--toggle elementor-nav-menu--burger elementor-widget elementor-widget-nav-menu\" data-id=\"1d68220\" data-element_type=\"widget\" data-settings=\"{&quot;layout&quot;:&quot;vertical&quot;,&quot;submenu_icon&quot;:{&quot;value&quot;:&quot;&lt;i class=\\&quot;fas fa-caret-down\\&quot;&gt;&lt;\\\/i&gt;&quot;,&quot;library&quot;:&quot;fa-solid&quot;},&quot;toggle&quot;:&quot;burger&quot;}\" data-widget_type=\"nav-menu.default\">\n\t\t\t\t<div class=\"elementor-widget-container\">\n\t\t\t\t\t\t<nav aria-label=\"Menu\" class=\"elementor-nav-menu--main elementor-nav-menu__container elementor-nav-menu--layout-vertical e--pointer-underline e--animation-fade\">\n\t\t\t\t<ul id=\"menu-1-1d68220\" class=\"elementor-nav-menu sm-vertical\"><li class=\"menu-item menu-item-type-custom menu-item-object-custom menu-item-7941\"><a href=\"?page_id=7806\" class=\"elementor-item\">Viveiro de mudas<\/a><\/li>\n<li class=\"menu-item menu-item-type-custom menu-item-object-custom menu-item-7942\"><a href=\"?page_id=7817\" class=\"elementor-item\">Projetos em Parceria com Departamentos<\/a><\/li>\n<li class=\"menu-item menu-item-type-custom menu-item-object-custom menu-item-7943\"><a href=\"?page_id=7877\" class=\"elementor-item\">Comiss\u00f5es e  Grupos de Apoio<\/a><\/li>\n<li class=\"menu-item menu-item-type-custom menu-item-object-custom menu-item-7944\"><a href=\"?page_id=7914\" class=\"elementor-item\">Projetos Desenvolvidos por Estudantes Bolsistas e Docentes Parceiro<\/a><\/li>\n<li class=\"menu-item menu-item-type-custom menu-item-object-custom menu-item-7945\"><a href=\"?page_id=7922\" class=\"elementor-item\">Projetos Desenvolvidos por meio de Projetos e Editais da SGA<\/a><\/li>\n<li class=\"menu-item menu-item-type-custom menu-item-object-custom menu-item-7946\"><a href=\"?page_id=7927\" class=\"elementor-item\">Formul\u00e1rios de apoio<\/a><\/li>\n<\/ul>\t\t\t<\/nav>\n\t\t\t\t\t<div class=\"elementor-menu-toggle\" role=\"button\" tabindex=\"0\" aria-label=\"Alternar menu\" aria-expanded=\"false\">\n\t\t\t<i aria-hidden=\"true\" role=\"presentation\" class=\"elementor-menu-toggle__icon--open eicon-menu-bar\"><\/i><i aria-hidden=\"true\" role=\"presentation\" class=\"elementor-menu-toggle__icon--close eicon-close\"><\/i>\t\t\t<span class=\"elementor-screen-only\">Menu<\/span>\n\t\t<\/div>\n\t\t\t\t\t<nav class=\"elementor-nav-menu--dropdown elementor-nav-menu__container\" aria-hidden=\"true\">\n\t\t\t\t<ul id=\"menu-2-1d68220\" class=\"elementor-nav-menu sm-vertical\"><li class=\"menu-item menu-item-type-custom menu-item-object-custom menu-item-7941\"><a href=\"?page_id=7806\" class=\"elementor-item\" tabindex=\"-1\">Viveiro de mudas<\/a><\/li>\n<li class=\"menu-item menu-item-type-custom menu-item-object-custom menu-item-7942\"><a href=\"?page_id=7817\" class=\"elementor-item\" tabindex=\"-1\">Projetos em Parceria com Departamentos<\/a><\/li>\n<li class=\"menu-item menu-item-type-custom menu-item-object-custom menu-item-7943\"><a href=\"?page_id=7877\" class=\"elementor-item\" tabindex=\"-1\">Comiss\u00f5es e  Grupos de Apoio<\/a><\/li>\n<li class=\"menu-item menu-item-type-custom menu-item-object-custom menu-item-7944\"><a href=\"?page_id=7914\" class=\"elementor-item\" tabindex=\"-1\">Projetos Desenvolvidos por Estudantes Bolsistas e Docentes Parceiro<\/a><\/li>\n<li class=\"menu-item menu-item-type-custom menu-item-object-custom menu-item-7945\"><a href=\"?page_id=7922\" class=\"elementor-item\" tabindex=\"-1\">Projetos Desenvolvidos por meio de Projetos e Editais da SGA<\/a><\/li>\n<li class=\"menu-item menu-item-type-custom menu-item-object-custom menu-item-7946\"><a href=\"?page_id=7927\" class=\"elementor-item\" tabindex=\"-1\">Formul\u00e1rios de apoio<\/a><\/li>\n<\/ul>\t\t\t<\/nav>\n\t\t\t\t<\/div>\n\t\t\t\t<\/div>\n\t\t\t\t<section class=\"elementor-section elementor-inner-section elementor-element elementor-element-ed3be14 elementor-section-boxed elementor-section-height-default elementor-section-height-default\" data-id=\"ed3be14\" data-element_type=\"section\">\n\t\t\t\t\t\t<div class=\"elementor-container elementor-column-gap-default\">\n\t\t\t\t\t<div class=\"elementor-column elementor-col-100 elementor-inner-column elementor-element elementor-element-4dfa92f\" data-id=\"4dfa92f\" data-element_type=\"column\">\n\t\t\t<div class=\"elementor-widget-wrap elementor-element-populated\">\n\t\t\t\t\t\t<div class=\"elementor-element elementor-element-4b203d6 elementor-widget__width-initial elementor-widget elementor-widget-image\" data-id=\"4b203d6\" data-element_type=\"widget\" data-widget_type=\"image.default\">\n\t\t\t\t<div class=\"elementor-widget-container\">\n\t\t\t\t\t\t\t\t\t\t\t\t\t\t<a href=\"https:\/\/sga.usp.br\/\">\n\t\t\t\t\t\t\t<img fetchpriority=\"high\" decoding=\"async\" width=\"1024\" height=\"236\" src=\"https:\/\/pusplq.usp.br\/wp-content\/uploads\/sites\/1403\/2024\/10\/logo_sga-1024x236.png\" class=\"attachment-large size-large wp-image-5791\" alt=\"\" srcset=\"https:\/\/pusplq.usp.br\/wp-content\/uploads\/sites\/1403\/2024\/10\/logo_sga-1024x236.png 1024w, https:\/\/pusplq.usp.br\/wp-content\/uploads\/sites\/1403\/2024\/10\/logo_sga-300x69.png 300w, https:\/\/pusplq.usp.br\/wp-content\/uploads\/sites\/1403\/2024\/10\/logo_sga-768x177.png 768w, https:\/\/pusplq.usp.br\/wp-content\/uploads\/sites\/1403\/2024\/10\/logo_sga-400x92.png 400w, https:\/\/pusplq.usp.br\/wp-content\/uploads\/sites\/1403\/2024\/10\/logo_sga.png 1342w\" sizes=\"(max-width: 1024px) 100vw, 1024px\" \/>\t\t\t\t\t\t\t\t<\/a>\n\t\t\t\t\t\t\t\t\t\t\t\t\t<\/div>\n\t\t\t\t<\/div>\n\t\t\t\t<div class=\"elementor-element elementor-element-f964cdf elementor-widget__width-initial elementor-widget elementor-widget-image\" data-id=\"f964cdf\" data-element_type=\"widget\" data-widget_type=\"image.default\">\n\t\t\t\t<div class=\"elementor-widget-container\">\n\t\t\t\t\t\t\t\t\t\t\t\t\t\t<a href=\"https:\/\/leginf.usp.br\/\">\n\t\t\t\t\t\t\t<img decoding=\"async\" width=\"1024\" height=\"236\" src=\"https:\/\/pusplq.usp.br\/wp-content\/uploads\/sites\/1403\/2024\/10\/logo_normas-1024x236.png\" class=\"attachment-large size-large wp-image-5792\" alt=\"\" srcset=\"https:\/\/pusplq.usp.br\/wp-content\/uploads\/sites\/1403\/2024\/10\/logo_normas-1024x236.png 1024w, https:\/\/pusplq.usp.br\/wp-content\/uploads\/sites\/1403\/2024\/10\/logo_normas-300x69.png 300w, https:\/\/pusplq.usp.br\/wp-content\/uploads\/sites\/1403\/2024\/10\/logo_normas-768x177.png 768w, https:\/\/pusplq.usp.br\/wp-content\/uploads\/sites\/1403\/2024\/10\/logo_normas-400x92.png 400w, https:\/\/pusplq.usp.br\/wp-content\/uploads\/sites\/1403\/2024\/10\/logo_normas.png 1342w\" sizes=\"(max-width: 1024px) 100vw, 1024px\" \/>\t\t\t\t\t\t\t\t<\/a>\n\t\t\t\t\t\t\t\t\t\t\t\t\t<\/div>\n\t\t\t\t<\/div>\n\t\t\t\t<div class=\"elementor-element elementor-element-77dde38 elementor-widget__width-initial elementor-widget elementor-widget-image\" data-id=\"77dde38\" data-element_type=\"widget\" data-widget_type=\"image.default\">\n\t\t\t\t<div class=\"elementor-widget-container\">\n\t\t\t\t\t\t\t\t\t\t\t\t\t\t<a href=\"https:\/\/www.esalq.usp.br\/gestao-socioambiental\/ga-plano-diretor-participativo\">\n\t\t\t\t\t\t\t<img decoding=\"async\" width=\"495\" height=\"443\" src=\"https:\/\/pusplq.usp.br\/wp-content\/uploads\/sites\/1403\/2024\/10\/logo_pds.png\" class=\"attachment-large size-large wp-image-5793\" alt=\"\" srcset=\"https:\/\/pusplq.usp.br\/wp-content\/uploads\/sites\/1403\/2024\/10\/logo_pds.png 495w, https:\/\/pusplq.usp.br\/wp-content\/uploads\/sites\/1403\/2024\/10\/logo_pds-300x268.png 300w, https:\/\/pusplq.usp.br\/wp-content\/uploads\/sites\/1403\/2024\/10\/logo_pds-400x358.png 400w\" sizes=\"(max-width: 495px) 100vw, 495px\" \/>\t\t\t\t\t\t\t\t<\/a>\n\t\t\t\t\t\t\t\t\t\t\t\t\t<\/div>\n\t\t\t\t<\/div>\n\t\t\t\t<div class=\"elementor-element elementor-element-01c9731 elementor-widget__width-initial elementor-widget elementor-widget-image\" data-id=\"01c9731\" data-element_type=\"widget\" data-widget_type=\"image.default\">\n\t\t\t\t<div class=\"elementor-widget-container\">\n\t\t\t\t\t\t\t\t\t\t\t\t\t\t<a href=\"https:\/\/sga.usp.br\/usp-recicla\/\">\n\t\t\t\t\t\t\t<img loading=\"lazy\" decoding=\"async\" width=\"958\" height=\"590\" src=\"https:\/\/pusplq.usp.br\/wp-content\/uploads\/sites\/1403\/2024\/07\/logo-usprecicla.jpg\" class=\"attachment-large size-large wp-image-4674\" alt=\"\" srcset=\"https:\/\/pusplq.usp.br\/wp-content\/uploads\/sites\/1403\/2024\/07\/logo-usprecicla.jpg 958w, https:\/\/pusplq.usp.br\/wp-content\/uploads\/sites\/1403\/2024\/07\/logo-usprecicla-300x185.jpg 300w, https:\/\/pusplq.usp.br\/wp-content\/uploads\/sites\/1403\/2024\/07\/logo-usprecicla-768x473.jpg 768w, https:\/\/pusplq.usp.br\/wp-content\/uploads\/sites\/1403\/2024\/07\/logo-usprecicla-400x246.jpg 400w\" sizes=\"(max-width: 958px) 100vw, 958px\" \/>\t\t\t\t\t\t\t\t<\/a>\n\t\t\t\t\t\t\t\t\t\t\t\t\t<\/div>\n\t\t\t\t<\/div>\n\t\t\t\t\t<\/div>\n\t\t<\/div>\n\t\t\t\t\t<\/div>\n\t\t<\/section>\n\t\t\t\t\t<\/div>\n\t\t<\/div>\n\t\t\t\t<div class=\"elementor-column elementor-col-66 elementor-top-column elementor-element elementor-element-90f6653\" data-id=\"90f6653\" data-element_type=\"column\">\n\t\t\t<div class=\"elementor-widget-wrap elementor-element-populated\">\n\t\t\t\t\t\t<div class=\"elementor-element elementor-element-33910b1 elementor-widget elementor-widget-heading\" data-id=\"33910b1\" data-element_type=\"widget\" data-widget_type=\"heading.default\">\n\t\t\t\t<div class=\"elementor-widget-container\">\n\t\t\t<h2 class=\"elementor-heading-title elementor-size-default\">Sobre a Se\u00e7\u00e3o<\/h2>\t\t<\/div>\n\t\t\t\t<\/div>\n\t\t\t\t<div class=\"elementor-element elementor-element-6fbfa03 elementor-widget__width-initial elementor-widget elementor-widget-html\" data-id=\"6fbfa03\" data-element_type=\"widget\" data-widget_type=\"html.default\">\n\t\t\t\t<div class=\"elementor-widget-container\">\n\t\t\t<p align=\"justify\">Realiza o importante trabalho de manejo e manuten\u00e7\u00e3o do Parque Prof. Philipe Westin Cabral de Vasconcelos e realiza a implementa\u00e7\u00e3o de toda a opera\u00e7\u00e3o de manejo do Parque.<\/p>\r\n<p align=\"justify\">Dentre as principais atividades destacam-se a manuten\u00e7\u00e3o de jardins, gramados e maci\u00e7os arb\u00f3reos, realiza\u00e7\u00e3o de pr\u00e1ticas de conserva\u00e7\u00e3o de solo (aduba\u00e7\u00e3o, calagem e combate \u00e0 eros\u00e3o), controle e combate a pragas; poda e supress\u00e3o de \u00e1rvores de pequena monta (quando devidamente autorizadas pelos \u00f3rg\u00e3os competentes), capina\u00e7\u00e3o e ro\u00e7ada de gramados, limpeza de guias, cal\u00e7adas e bocas de lobo, irriga\u00e7\u00e3o de jardins e \u00e1reas verdes, manuten\u00e7\u00e3o de estradas, servi\u00e7os de apoio com m\u00e1quinas \u00e0s Se\u00e7\u00f5es da PUSP-LQ, transporte de materiais ( terra, areia, cascalho, res\u00edduos org\u00e2nicos, etc ), aux\u00edlio \u00e0s atividades de pesquisa.<\/p>\r\n<p align=\"justify\">Al\u00e9m das atividades rotineiras de manuten\u00e7\u00e3o do Parque, s\u00e3o atendidas por m\u00eas uma m\u00e9dia de 25 requisi\u00e7\u00f5es dos Departamentos as quais, muitas delas, poderiam ser resolvidas pelo pr\u00f3prio solicitante. Em algumas \u00e9pocas do ano esta demanda de servi\u00e7os \u00e9 aumentada em virtude de eventos comemorativos, formaturas e encontros cient\u00edficos.<\/p>\r\n<p align=\"justify\">As m\u00e1quinas p\u00e1-carregadeira, retroescavadeira e m\u00e1quina de esteira juntamente com os caminh\u00f5es basculantes s\u00e3o muito requisitadas para os mais diversos servi\u00e7os no Campus, sendo um ponto forte do setor.<\/p>\r\n<p align=\"justify\">A SCAVMA e a SCPARJ tem se empenhado para a manuten\u00e7\u00e3o e conserva\u00e7\u00e3o das \u00c1reas Verdes do Campus \u201dLuiz de Queiroz\u201d com determina\u00e7\u00e3o e comprometimento com as exig\u00eancias a que um Parque dessa magnitude apresenta. Os esfor\u00e7os di\u00e1rios para atender as mais diversas solicita\u00e7\u00f5es, tanto das Unidades como das rotineiras do Parque, muitas delas em car\u00e1ter emergencial, nem sempre s\u00e3o satisfat\u00f3rios em virtude da defici\u00eancia de m\u00e3o de obra.<\/p>\r\n\r\n<img decoding=\"async\" src=\"svgamb\/imagens\/foto5.2.jpeg\" width=\"400\" alt=\"Galp\u00e3o do USP Recicla\" \/>\r\nAtividade Parque\r\n\t\t<\/div>\n\t\t\t\t<\/div>\n\t\t\t\t<div class=\"elementor-element elementor-element-0e8e8e6 elementor-widget__width-initial elementor-widget elementor-widget-image\" data-id=\"0e8e8e6\" data-element_type=\"widget\" data-widget_type=\"image.default\">\n\t\t\t\t<div class=\"elementor-widget-container\">\n\t\t\t\t\t\t\t\t\t\t\t\t\t<img loading=\"lazy\" decoding=\"async\" width=\"1024\" height=\"461\" src=\"https:\/\/pusplq.usp.br\/wp-content\/uploads\/sites\/1403\/2025\/01\/foto5.1-1024x461.jpeg\" class=\"attachment-large size-large wp-image-7799\" alt=\"\" srcset=\"https:\/\/pusplq.usp.br\/wp-content\/uploads\/sites\/1403\/2025\/01\/foto5.1-1024x461.jpeg 1024w, https:\/\/pusplq.usp.br\/wp-content\/uploads\/sites\/1403\/2025\/01\/foto5.1-300x135.jpeg 300w, https:\/\/pusplq.usp.br\/wp-content\/uploads\/sites\/1403\/2025\/01\/foto5.1-768x346.jpeg 768w, https:\/\/pusplq.usp.br\/wp-content\/uploads\/sites\/1403\/2025\/01\/foto5.1-1536x691.jpeg 1536w, https:\/\/pusplq.usp.br\/wp-content\/uploads\/sites\/1403\/2025\/01\/foto5.1-280x126.jpeg 280w, https:\/\/pusplq.usp.br\/wp-content\/uploads\/sites\/1403\/2025\/01\/foto5.1-400x180.jpeg 400w, https:\/\/pusplq.usp.br\/wp-content\/uploads\/sites\/1403\/2025\/01\/foto5.1.jpeg 1600w\" sizes=\"(max-width: 1024px) 100vw, 1024px\" \/>\t\t\t\t\t\t\t\t\t\t\t\t\t<\/div>\n\t\t\t\t<\/div>\n\t\t\t\t<div class=\"elementor-element elementor-element-27e9d22 elementor-widget elementor-widget-html\" data-id=\"27e9d22\" data-element_type=\"widget\" data-widget_type=\"html.default\">\n\t\t\t\t<div class=\"elementor-widget-container\">\n\t\t\tAtividade no Parque\t\t<\/div>\n\t\t\t\t<\/div>\n\t\t\t\t<div class=\"elementor-element elementor-element-82ac57b elementor-widget__width-initial elementor-widget elementor-widget-image\" data-id=\"82ac57b\" data-element_type=\"widget\" data-widget_type=\"image.default\">\n\t\t\t\t<div class=\"elementor-widget-container\">\n\t\t\t\t\t\t\t\t\t\t\t\t\t<img loading=\"lazy\" decoding=\"async\" width=\"1024\" height=\"461\" src=\"https:\/\/pusplq.usp.br\/wp-content\/uploads\/sites\/1403\/2025\/01\/foto5.2-1-1024x461.jpeg\" class=\"attachment-large size-large wp-image-7798\" alt=\"\" srcset=\"https:\/\/pusplq.usp.br\/wp-content\/uploads\/sites\/1403\/2025\/01\/foto5.2-1-1024x461.jpeg 1024w, https:\/\/pusplq.usp.br\/wp-content\/uploads\/sites\/1403\/2025\/01\/foto5.2-1-300x135.jpeg 300w, https:\/\/pusplq.usp.br\/wp-content\/uploads\/sites\/1403\/2025\/01\/foto5.2-1-768x346.jpeg 768w, https:\/\/pusplq.usp.br\/wp-content\/uploads\/sites\/1403\/2025\/01\/foto5.2-1-1536x691.jpeg 1536w, https:\/\/pusplq.usp.br\/wp-content\/uploads\/sites\/1403\/2025\/01\/foto5.2-1-280x126.jpeg 280w, https:\/\/pusplq.usp.br\/wp-content\/uploads\/sites\/1403\/2025\/01\/foto5.2-1-400x180.jpeg 400w, https:\/\/pusplq.usp.br\/wp-content\/uploads\/sites\/1403\/2025\/01\/foto5.2-1.jpeg 1600w\" sizes=\"(max-width: 1024px) 100vw, 1024px\" \/>\t\t\t\t\t\t\t\t\t\t\t\t\t<\/div>\n\t\t\t\t<\/div>\n\t\t\t\t<div class=\"elementor-element elementor-element-7d9f58e elementor-widget elementor-widget-html\" data-id=\"7d9f58e\" data-element_type=\"widget\" data-widget_type=\"html.default\">\n\t\t\t\t<div class=\"elementor-widget-container\">\n\t\t\tAtividade Parque\r\n<br>\r\n<br>\r\n<strong>Chefe de Se\u00e7\u00e3o<\/strong><br>\r\n<a href=\"areausuario3.php?NOlYFG=<?php echo $cripto->codificar('NOlYFG=2342'); ?>\" target=\"_blank\" >Jose Benedito de Souza Miranda<\/a>\r\n\r\n<br><br><strong><a href=\"#\" target=\"_blank\">Equipe<\/a><\/strong><br>\r\n<a href=\"#\" target=\"_blank\" >Adelson Maria Mochetti<\/a><br>\r\n<a href=\"#\" target=\"_blank\" >Celso Cabral<\/a><br>\r\n<a href=\"#\" target=\"_blank\" >Domingos Rodrigues de Oliveira<\/a><br>\r\n<a href=\"#\" target=\"_blank\" >Galdino Benedito Ferreira<\/a><br>\r\n<a href=\"#\" target=\"_blank\" >Gilson Lopes Santos<\/a><br>\r\n<a href=\"#\" target=\"_blank\" >Jose Gomes da Cruz<\/a><br>\r\n<a href=\"#\" target=\"_blank\" >Jose Pedro Luis de Oliveira<\/a><br>\r\n<a href=\"#\" target=\"_blank\" >Joseval Rezende dos Santos<\/a><br>\r\n<a href=\"#\" target=\"_blank\" >Luiz Antonio Barbosa<\/a><br>\r\n<a href=\"#\" target=\"_blank\" >Paulo Sergio Barbosa<\/a><br>\r\n<a href=\"#\" target=\"_blank\" >Pedro Luis de Oliveira<\/a><br>\r\n<a href=\"#\" target=\"_blank\" >Romildo Caldeira<\/a><br>\r\n<a href=\"#\" target=\"_blank\" >Suzano Vieira Neto<\/a><br>\r\n<a href=\"#\" target=\"_blank\" >Valdemar Abr\u00e3o de Lima<\/a><br>\r\n<br>\t\t<\/div>\n\t\t\t\t<\/div>\n\t\t\t\t\t<\/div>\n\t\t<\/div>\n\t\t\t\t\t<\/div>\n\t\t<\/section>\n\t\t\t\t<\/div>\n\t\t","protected":false},"excerpt":{"rendered":"<p>Se\u00e7\u00e3o de Parques e Jardins Sobre a Se\u00e7\u00e3o Realiza o importante trabalho de manejo e manuten\u00e7\u00e3o do Parque Prof. Philipe Westin Cabral de Vasconcelos e realiza a implementa\u00e7\u00e3o de toda a opera\u00e7\u00e3o de manejo do Parque. Dentre as principais atividades destacam-se a manuten\u00e7\u00e3o de jardins, gramados e maci\u00e7os arb\u00f3reos, realiza\u00e7\u00e3o de pr\u00e1ticas de conserva\u00e7\u00e3o de [&hellip;]<\/p>\n","protected":false},"author":23873,"featured_media":0,"parent":3160,"menu_order":20,"comment_status":"closed","ping_status":"closed","template":"elementor_header_footer","meta":{"_monsterinsights_skip_tracking":false,"_monsterinsights_sitenote_active":false,"_monsterinsights_sitenote_note":"","_monsterinsights_sitenote_category":0,"footnotes":"","_links_to":"","_links_to_target":""},"class_list":["post-4890","page","type-page","status-publish","hentry","entry"],"_links":{"self":[{"href":"https:\/\/pusplq.usp.br\/index.php?rest_route=\/wp\/v2\/pages\/4890","targetHints":{"allow":["GET"]}}],"collection":[{"href":"https:\/\/pusplq.usp.br\/index.php?rest_route=\/wp\/v2\/pages"}],"about":[{"href":"https:\/\/pusplq.usp.br\/index.php?rest_route=\/wp\/v2\/types\/page"}],"author":[{"embeddable":true,"href":"https:\/\/pusplq.usp.br\/index.php?rest_route=\/wp\/v2\/users\/23873"}],"replies":[{"embeddable":true,"href":"https:\/\/pusplq.usp.br\/index.php?rest_route=%2Fwp%2Fv2%2Fcomments&post=4890"}],"version-history":[{"count":4,"href":"https:\/\/pusplq.usp.br\/index.php?rest_route=\/wp\/v2\/pages\/4890\/revisions"}],"predecessor-version":[{"id":8020,"href":"https:\/\/pusplq.usp.br\/index.php?rest_route=\/wp\/v2\/pages\/4890\/revisions\/8020"}],"up":[{"embeddable":true,"href":"https:\/\/pusplq.usp.br\/index.php?rest_route=\/wp\/v2\/pages\/3160"}],"wp:attachment":[{"href":"https:\/\/pusplq.usp.br\/index.php?rest_route=%2Fwp%2Fv2%2Fmedia&parent=4890"}],"curies":[{"name":"wp","href":"https:\/\/api.w.org\/{rel}","templated":true}]}}