{"id":4913,"date":"2024-07-31T14:49:50","date_gmt":"2024-07-31T17:49:50","guid":{"rendered":"https:\/\/sites.usp.br\/pusplq\/?page_id=4913"},"modified":"2026-02-09T12:36:46","modified_gmt":"2026-02-09T15:36:46","slug":"secao-de-material","status":"publish","type":"page","link":"https:\/\/pusplq.usp.br\/?page_id=4913","title":{"rendered":"Se\u00e7\u00e3o de Material"},"content":{"rendered":"\t\t<div data-elementor-type=\"wp-page\" data-elementor-id=\"4913\" class=\"elementor elementor-4913\" data-elementor-post-type=\"page\">\n\t\t\t\t\t\t<section class=\"elementor-section elementor-top-section elementor-element elementor-element-8eb88ce elementor-section-boxed elementor-section-height-default elementor-section-height-default\" data-id=\"8eb88ce\" data-element_type=\"section\">\n\t\t\t\t\t\t<div class=\"elementor-container elementor-column-gap-default\">\n\t\t\t\t\t<div class=\"elementor-column elementor-col-100 elementor-top-column elementor-element elementor-element-76d748d\" data-id=\"76d748d\" data-element_type=\"column\">\n\t\t\t<div class=\"elementor-widget-wrap elementor-element-populated\">\n\t\t\t\t\t\t<div class=\"elementor-element elementor-element-0a5404f elementor-widget elementor-widget-heading\" data-id=\"0a5404f\" data-element_type=\"widget\" data-widget_type=\"heading.default\">\n\t\t\t\t<div class=\"elementor-widget-container\">\n\t\t\t<h2 class=\"elementor-heading-title elementor-size-default\">Se\u00e7\u00e3o de Material<\/h2>\t\t<\/div>\n\t\t\t\t<\/div>\n\t\t\t\t\t<\/div>\n\t\t<\/div>\n\t\t\t\t\t<\/div>\n\t\t<\/section>\n\t\t\t\t<section class=\"elementor-section elementor-top-section elementor-element elementor-element-cc6cf98 elementor-section-boxed elementor-section-height-default elementor-section-height-default\" data-id=\"cc6cf98\" data-element_type=\"section\">\n\t\t\t\t\t\t<div class=\"elementor-container elementor-column-gap-default\">\n\t\t\t\t\t<div class=\"elementor-column elementor-col-100 elementor-top-column elementor-element elementor-element-d689197\" data-id=\"d689197\" data-element_type=\"column\">\n\t\t\t<div class=\"elementor-widget-wrap elementor-element-populated\">\n\t\t\t\t\t\t<div class=\"elementor-element elementor-element-f12d684 elementor-widget__width-initial elementor-widget elementor-widget-image\" data-id=\"f12d684\" data-element_type=\"widget\" data-widget_type=\"image.default\">\n\t\t\t\t<div class=\"elementor-widget-container\">\n\t\t\t\t\t\t\t\t\t\t\t\t\t<img fetchpriority=\"high\" decoding=\"async\" width=\"450\" height=\"160\" src=\"https:\/\/pusplq.usp.br\/wp-content\/uploads\/sites\/1403\/2024\/11\/fig_materias1.jpg\" class=\"attachment-large size-large wp-image-7175\" alt=\"\" srcset=\"https:\/\/pusplq.usp.br\/wp-content\/uploads\/sites\/1403\/2024\/11\/fig_materias1.jpg 450w, https:\/\/pusplq.usp.br\/wp-content\/uploads\/sites\/1403\/2024\/11\/fig_materias1-300x107.jpg 300w, https:\/\/pusplq.usp.br\/wp-content\/uploads\/sites\/1403\/2024\/11\/fig_materias1-280x100.jpg 280w, https:\/\/pusplq.usp.br\/wp-content\/uploads\/sites\/1403\/2024\/11\/fig_materias1-400x142.jpg 400w\" sizes=\"(max-width: 450px) 100vw, 450px\" \/>\t\t\t\t\t\t\t\t\t\t\t\t\t<\/div>\n\t\t\t\t<\/div>\n\t\t\t\t<div class=\"elementor-element elementor-element-90259e8 elementor-widget__width-initial elementor-widget elementor-widget-html\" data-id=\"90259e8\" data-element_type=\"widget\" data-widget_type=\"html.default\">\n\t\t\t\t<div class=\"elementor-widget-container\">\n\t\t\t<p align=\"justify\">Abrange duas \u00e1reas de atua\u00e7\u00e3o distintas: almoxarifado e patrim\u00f4nio. A primeira diz respeito ao recebimento e controle de estoque dos materiais adquiridos para suprimento das diversas se\u00e7\u00f5es da PUSP-LQ, apura\u00e7\u00e3o de m\u00e9dias de consumo a fim de instruir processos de compras e distribui\u00e7\u00e3o desses bens de consumo. Quanto \u00e0 segunda \u00e1rea, mant\u00e9m atualizado o acervo patrimonial da Prefeitura do Campus, anotando a indica\u00e7\u00e3o de responsabilidade funcional por cada bem patrimoniado da Unidade, da qual deve constar, inclusive, a localiza\u00e7\u00e3o do bem; realiza, ainda, as incorpora\u00e7\u00f5es e baixas de bens ao patrim\u00f4nio da Unidade. Visando melhor atender \u00e0s demandas da PUSP-LQ, a DA possui duas unidades de almoxarifado, uma para g\u00eaneros aliment\u00edcios (localizada ao lado do Restaurante Universit\u00e1rio), e outra, para as demais esp\u00e9cies de materiais (localizada no pr\u00e9dio anexo \u00e0 Sede da Divis\u00e3o Administrativa).<\/p>\r\n<h2>\r\n<strong>Hor\u00e1rio de funcionamento: <BR> de segunda a sexta-feira das 07:30 \u00e0s 11:30 e das 13:00 \u00e0s 17:00 <br> (exceto feriados e recesso.)<\/strong><\/h2>\r\n<br>\r\n<strong>Chefe de Se\u00e7\u00e3o<\/strong><br>\r\n<a href=\"#\" target=\"_blank\">Emerson Jos\u00e9 de Arruda<\/a><br>\r\n<br>\r\n<br>\r\n<strong><a href=\"#\" target=\"_blank\">Equipe<\/a><\/strong><br>\r\n<a href=\"#\" target=\"_blank\">Marcelo Mainardi Jorge<\/a><br>\r\n<a href=\"#\" target=\"_blank\">Ricardo Rodrigues de Lima<\/a>\r\n<br>\r\n<br>\r\n<h2>\r\n<strong>Contato<\/strong><br>\r\n<strong>Telefone: <\/strong>(19) 3429 4037<br>\r\n<strong>Fax:<\/strong> (19) 3429-4042<br>\r\n<a href=\"mailto:materiais.lq@usp.br\">materiais.lq@usp.br<\/a><\/h2>\r\n\t\t<\/div>\n\t\t\t\t<\/div>\n\t\t\t\t\t<\/div>\n\t\t<\/div>\n\t\t\t\t\t<\/div>\n\t\t<\/section>\n\t\t\t\t<\/div>\n\t\t","protected":false},"excerpt":{"rendered":"<p>Se\u00e7\u00e3o de Material Abrange duas \u00e1reas de atua\u00e7\u00e3o distintas: almoxarifado e patrim\u00f4nio. A primeira diz respeito ao recebimento e controle de estoque dos materiais adquiridos para suprimento das diversas se\u00e7\u00f5es da PUSP-LQ, apura\u00e7\u00e3o de m\u00e9dias de consumo a fim de instruir processos de compras e distribui\u00e7\u00e3o desses bens de consumo. Quanto \u00e0 segunda \u00e1rea, mant\u00e9m [&hellip;]<\/p>\n","protected":false},"author":23873,"featured_media":0,"parent":4004,"menu_order":30,"comment_status":"closed","ping_status":"closed","template":"elementor_header_footer","meta":{"_monsterinsights_skip_tracking":false,"_monsterinsights_sitenote_active":false,"_monsterinsights_sitenote_note":"","_monsterinsights_sitenote_category":0,"footnotes":"","_links_to":"","_links_to_target":""},"class_list":["post-4913","page","type-page","status-publish","hentry","entry"],"_links":{"self":[{"href":"https:\/\/pusplq.usp.br\/index.php?rest_route=\/wp\/v2\/pages\/4913","targetHints":{"allow":["GET"]}}],"collection":[{"href":"https:\/\/pusplq.usp.br\/index.php?rest_route=\/wp\/v2\/pages"}],"about":[{"href":"https:\/\/pusplq.usp.br\/index.php?rest_route=\/wp\/v2\/types\/page"}],"author":[{"embeddable":true,"href":"https:\/\/pusplq.usp.br\/index.php?rest_route=\/wp\/v2\/users\/23873"}],"replies":[{"embeddable":true,"href":"https:\/\/pusplq.usp.br\/index.php?rest_route=%2Fwp%2Fv2%2Fcomments&post=4913"}],"version-history":[{"count":4,"href":"https:\/\/pusplq.usp.br\/index.php?rest_route=\/wp\/v2\/pages\/4913\/revisions"}],"predecessor-version":[{"id":13395,"href":"https:\/\/pusplq.usp.br\/index.php?rest_route=\/wp\/v2\/pages\/4913\/revisions\/13395"}],"up":[{"embeddable":true,"href":"https:\/\/pusplq.usp.br\/index.php?rest_route=\/wp\/v2\/pages\/4004"}],"wp:attachment":[{"href":"https:\/\/pusplq.usp.br\/index.php?rest_route=%2Fwp%2Fv2%2Fmedia&parent=4913"}],"curies":[{"name":"wp","href":"https:\/\/api.w.org\/{rel}","templated":true}]}}