{"id":4915,"date":"2024-07-31T14:50:52","date_gmt":"2024-07-31T17:50:52","guid":{"rendered":"https:\/\/sites.usp.br\/pusplq\/?page_id=4915"},"modified":"2026-01-20T10:24:29","modified_gmt":"2026-01-20T13:24:29","slug":"secao-de-apoio-financeiro","status":"publish","type":"page","link":"https:\/\/pusplq.usp.br\/?page_id=4915","title":{"rendered":"Se\u00e7\u00e3o de Apoio Financeiro"},"content":{"rendered":"\t\t<div data-elementor-type=\"wp-page\" data-elementor-id=\"4915\" class=\"elementor elementor-4915\" data-elementor-post-type=\"page\">\n\t\t\t\t\t\t<section class=\"elementor-section elementor-top-section elementor-element elementor-element-3408aaf elementor-section-boxed elementor-section-height-default elementor-section-height-default\" data-id=\"3408aaf\" data-element_type=\"section\">\n\t\t\t\t\t\t<div class=\"elementor-container elementor-column-gap-default\">\n\t\t\t\t\t<div class=\"elementor-column elementor-col-100 elementor-top-column elementor-element elementor-element-3e43653\" data-id=\"3e43653\" data-element_type=\"column\">\n\t\t\t<div class=\"elementor-widget-wrap elementor-element-populated\">\n\t\t\t\t\t\t<div class=\"elementor-element elementor-element-1fdc187 elementor-widget elementor-widget-heading\" data-id=\"1fdc187\" data-element_type=\"widget\" data-widget_type=\"heading.default\">\n\t\t\t\t<div class=\"elementor-widget-container\">\n\t\t\t<h2 class=\"elementor-heading-title elementor-size-default\">Se\u00e7\u00e3o de Apoio  Financeiro<\/h2>\t\t<\/div>\n\t\t\t\t<\/div>\n\t\t\t\t\t<\/div>\n\t\t<\/div>\n\t\t\t\t\t<\/div>\n\t\t<\/section>\n\t\t\t\t<section class=\"elementor-section elementor-top-section elementor-element elementor-element-c80b733 elementor-section-boxed elementor-section-height-default elementor-section-height-default\" data-id=\"c80b733\" data-element_type=\"section\">\n\t\t\t\t\t\t<div class=\"elementor-container elementor-column-gap-default\">\n\t\t\t\t\t<div class=\"elementor-column elementor-col-100 elementor-top-column elementor-element elementor-element-188fc99\" data-id=\"188fc99\" data-element_type=\"column\">\n\t\t\t<div class=\"elementor-widget-wrap elementor-element-populated\">\n\t\t\t\t\t\t<div class=\"elementor-element elementor-element-cddbab8 elementor-widget elementor-widget-image\" data-id=\"cddbab8\" data-element_type=\"widget\" data-widget_type=\"image.default\">\n\t\t\t\t<div class=\"elementor-widget-container\">\n\t\t\t\t\t\t\t\t\t\t\t\t\t<img fetchpriority=\"high\" decoding=\"async\" width=\"380\" height=\"350\" src=\"https:\/\/pusplq.usp.br\/wp-content\/uploads\/sites\/1403\/2024\/11\/fig_apoiofinanceiro.jpg\" class=\"attachment-large size-large wp-image-7185\" alt=\"\" srcset=\"https:\/\/pusplq.usp.br\/wp-content\/uploads\/sites\/1403\/2024\/11\/fig_apoiofinanceiro.jpg 380w, https:\/\/pusplq.usp.br\/wp-content\/uploads\/sites\/1403\/2024\/11\/fig_apoiofinanceiro-300x276.jpg 300w, https:\/\/pusplq.usp.br\/wp-content\/uploads\/sites\/1403\/2024\/11\/fig_apoiofinanceiro-280x258.jpg 280w\" sizes=\"(max-width: 380px) 100vw, 380px\" \/>\t\t\t\t\t\t\t\t\t\t\t\t\t<\/div>\n\t\t\t\t<\/div>\n\t\t\t\t<div class=\"elementor-element elementor-element-821091f elementor-widget elementor-widget-html\" data-id=\"821091f\" data-element_type=\"widget\" data-widget_type=\"html.default\">\n\t\t\t\t<div class=\"elementor-widget-container\">\n\t\t\t<p style=\"text-align: justify\">Suas atribui\u00e7\u00f5es contemplam atividades que envolvem a movimenta\u00e7\u00e3o de          recursos em esp\u00e9cie na Prefeitura do Campus USP \"Luiz de Queiroz\" (PUSP-LQ). A SCAPFIN efetua todos          os recolhimentos devidos \u00e0 PUSP-LQ: taxas administrativas de cess\u00e3o de          espa\u00e7o e consumo de \u00e1gua pelas concession\u00e1rias de espa\u00e7o f\u00edsico, di\u00e1rias          da Casa de H\u00f3spedes, taxas de inscri\u00e7\u00e3o em processos seletivos,          ressarcimento de danos, pagamento de taxas para obten\u00e7\u00e3o de c\u00f3pias de          documentos e de selos extraviados para autoriza\u00e7\u00e3o de acesso de ve\u00edculos          ao Campus e demais recolhimentos. De igual forma, efetua diversos          pagamentos a fornecedores, mediante emiss\u00e3o de cheques ou, em situa\u00e7\u00f5es          excepcionais, em esp\u00e9cie (por exemplo, em viagens prolongadas, quando          motoristas recebem numer\u00e1rio antecipado para fazer frente \u00e0s eventuais          despesas, realizando a posterior presta\u00e7\u00e3o de contas). Tamb\u00e9m realiza o          controle de saldo das contas-correntes banc\u00e1rias de adiantamento e de          Receita, entre outras atividades.<p \/>\r\n<br>\r\n<h2>\r\n<strong>Hor\u00e1rio de funcionamento: <BR> de segunda a sexta-feira das 07:30 \u00e0s 11:30 e das 13:00 \u00e0s 17:00<br> (exceto feriados e recesso.)<\/strong>\r\n<\/h2>\r\n<br>\r\n<strong>Chefe de Se\u00e7\u00e3o<\/strong><br>\r\n<a href=\"#\" target=\"_blank\">Giane  Smaniotto Dantas<\/a><br>\r\n<strong>Telefone:<\/strong>(19) 3429 4415\r\n<br>\r\n<br>\r\n<strong><a href=\"#\" target=\"_blank\">Equipe<\/a><\/strong>\r\n<br>\r\n<a href=\"#\">Eliete Aparecida Olaya<\/a><br>\r\n<strong>Telefone:<\/strong>(19) 3429 4404\r\n<br>\r\n<br>\r\n<a href=\"#\">L\u00facia Helena Jos\u00e9 Miguel de Carvalho<\/a><br>\r\n<strong>Telefone:<\/strong>(19) 3429 4038\r\n<br>\r\n<br>\r\n<a href=\"a\" target=\"_blank\">Marta Rasera Viana<\/a><br>\r\n<strong>Telefone:<\/strong>(19) 3429 4415\r\n<br>\r\n<br>\r\n<h2>\r\n<strong>Contatos<\/strong><br>\r\n<strong>Telefone:<\/strong> (19) 3429-4036<br>\r\n<strong>Fax: <\/strong> (19) 3429-4369<br>\r\n<a href=\"mailto:tesouraria.lq@usp.br\">tesouraria.lq@usp.br<\/a><\/h2>\r\n<br>\t\t<\/div>\n\t\t\t\t<\/div>\n\t\t\t\t\t<\/div>\n\t\t<\/div>\n\t\t\t\t\t<\/div>\n\t\t<\/section>\n\t\t\t\t<\/div>\n\t\t","protected":false},"excerpt":{"rendered":"<p>Se\u00e7\u00e3o de Apoio Financeiro Suas atribui\u00e7\u00f5es contemplam atividades que envolvem a movimenta\u00e7\u00e3o de recursos em esp\u00e9cie na Prefeitura do Campus USP &#8220;Luiz de Queiroz&#8221; (PUSP-LQ). A SCAPFIN efetua todos os recolhimentos devidos \u00e0 PUSP-LQ: taxas administrativas de cess\u00e3o de espa\u00e7o e consumo de \u00e1gua pelas concession\u00e1rias de espa\u00e7o f\u00edsico, di\u00e1rias da Casa de H\u00f3spedes, taxas [&hellip;]<\/p>\n","protected":false},"author":23873,"featured_media":0,"parent":4004,"menu_order":40,"comment_status":"closed","ping_status":"closed","template":"elementor_header_footer","meta":{"_monsterinsights_skip_tracking":false,"_monsterinsights_sitenote_active":false,"_monsterinsights_sitenote_note":"","_monsterinsights_sitenote_category":0,"footnotes":"","_links_to":"","_links_to_target":""},"class_list":["post-4915","page","type-page","status-publish","hentry","entry"],"_links":{"self":[{"href":"https:\/\/pusplq.usp.br\/index.php?rest_route=\/wp\/v2\/pages\/4915","targetHints":{"allow":["GET"]}}],"collection":[{"href":"https:\/\/pusplq.usp.br\/index.php?rest_route=\/wp\/v2\/pages"}],"about":[{"href":"https:\/\/pusplq.usp.br\/index.php?rest_route=\/wp\/v2\/types\/page"}],"author":[{"embeddable":true,"href":"https:\/\/pusplq.usp.br\/index.php?rest_route=\/wp\/v2\/users\/23873"}],"replies":[{"embeddable":true,"href":"https:\/\/pusplq.usp.br\/index.php?rest_route=%2Fwp%2Fv2%2Fcomments&post=4915"}],"version-history":[{"count":4,"href":"https:\/\/pusplq.usp.br\/index.php?rest_route=\/wp\/v2\/pages\/4915\/revisions"}],"predecessor-version":[{"id":12970,"href":"https:\/\/pusplq.usp.br\/index.php?rest_route=\/wp\/v2\/pages\/4915\/revisions\/12970"}],"up":[{"embeddable":true,"href":"https:\/\/pusplq.usp.br\/index.php?rest_route=\/wp\/v2\/pages\/4004"}],"wp:attachment":[{"href":"https:\/\/pusplq.usp.br\/index.php?rest_route=%2Fwp%2Fv2%2Fmedia&parent=4915"}],"curies":[{"name":"wp","href":"https:\/\/api.w.org\/{rel}","templated":true}]}}