{"id":5272,"date":"2024-08-27T14:51:36","date_gmt":"2024-08-27T17:51:36","guid":{"rendered":"https:\/\/sites.usp.br\/pusplq\/?page_id=5272"},"modified":"2026-05-07T08:14:36","modified_gmt":"2026-05-07T11:14:36","slug":"secao-tecnica-de-fiscalizacao-e-seguranca-2","status":"publish","type":"page","link":"https:\/\/pusplq.usp.br\/?page_id=5272","title":{"rendered":"Se\u00e7\u00e3o T\u00e9cnica de Fiscaliza\u00e7\u00e3o e Seguran\u00e7a"},"content":{"rendered":"\t\t<div data-elementor-type=\"wp-page\" data-elementor-id=\"5272\" class=\"elementor elementor-5272\" data-elementor-post-type=\"page\">\n\t\t\t\t\t\t<section class=\"elementor-section elementor-top-section elementor-element elementor-element-f78a563 elementor-section-boxed elementor-section-height-default elementor-section-height-default\" data-id=\"f78a563\" data-element_type=\"section\">\n\t\t\t\t\t\t<div class=\"elementor-container elementor-column-gap-default\">\n\t\t\t\t\t<div class=\"elementor-column elementor-col-100 elementor-top-column elementor-element elementor-element-db6e84e\" data-id=\"db6e84e\" data-element_type=\"column\">\n\t\t\t<div class=\"elementor-widget-wrap elementor-element-populated\">\n\t\t\t\t\t\t<div class=\"elementor-element elementor-element-5962010 elementor-widget elementor-widget-heading\" data-id=\"5962010\" data-element_type=\"widget\" data-widget_type=\"heading.default\">\n\t\t\t\t<div class=\"elementor-widget-container\">\n\t\t\t<h2 class=\"elementor-heading-title elementor-size-default\">Se\u00e7\u00e3o T\u00e9cnica de Fiscaliza\u00e7\u00e3o e Seguran\u00e7a<\/h2>\t\t<\/div>\n\t\t\t\t<\/div>\n\t\t\t\t\t<\/div>\n\t\t<\/div>\n\t\t\t\t\t<\/div>\n\t\t<\/section>\n\t\t\t\t<section class=\"elementor-section elementor-top-section elementor-element elementor-element-17822c4 elementor-section-boxed elementor-section-height-default elementor-section-height-default\" data-id=\"17822c4\" data-element_type=\"section\">\n\t\t\t\t\t\t<div class=\"elementor-container elementor-column-gap-default\">\n\t\t\t\t\t<div class=\"elementor-column elementor-col-100 elementor-top-column elementor-element elementor-element-18bbefb\" data-id=\"18bbefb\" data-element_type=\"column\">\n\t\t\t<div class=\"elementor-widget-wrap elementor-element-populated\">\n\t\t\t\t\t\t<div class=\"elementor-element elementor-element-c8590a9 elementor-widget__width-initial elementor-widget elementor-widget-image\" data-id=\"c8590a9\" data-element_type=\"widget\" data-widget_type=\"image.default\">\n\t\t\t\t<div class=\"elementor-widget-container\">\n\t\t\t\t\t\t\t\t\t\t\t\t\t<img fetchpriority=\"high\" decoding=\"async\" width=\"1024\" height=\"682\" src=\"https:\/\/pusplq.usp.br\/wp-content\/uploads\/sites\/1403\/2024\/07\/guarda2-1024x682.jpg\" class=\"attachment-large size-large wp-image-4411\" alt=\"\" srcset=\"https:\/\/pusplq.usp.br\/wp-content\/uploads\/sites\/1403\/2024\/07\/guarda2-1024x682.jpg 1024w, https:\/\/pusplq.usp.br\/wp-content\/uploads\/sites\/1403\/2024\/07\/guarda2-300x200.jpg 300w, https:\/\/pusplq.usp.br\/wp-content\/uploads\/sites\/1403\/2024\/07\/guarda2-768x512.jpg 768w, https:\/\/pusplq.usp.br\/wp-content\/uploads\/sites\/1403\/2024\/07\/guarda2-1536x1024.jpg 1536w, https:\/\/pusplq.usp.br\/wp-content\/uploads\/sites\/1403\/2024\/07\/guarda2-400x267.jpg 400w, https:\/\/pusplq.usp.br\/wp-content\/uploads\/sites\/1403\/2024\/07\/guarda2.jpg 2000w\" sizes=\"(max-width: 1024px) 100vw, 1024px\" \/>\t\t\t\t\t\t\t\t\t\t\t\t\t<\/div>\n\t\t\t\t<\/div>\n\t\t\t\t<div class=\"elementor-element elementor-element-c983e40 elementor-widget__width-initial elementor-widget elementor-widget-html\" data-id=\"c983e40\" data-element_type=\"widget\" data-widget_type=\"html.default\">\n\t\t\t\t<div class=\"elementor-widget-container\">\n\t\t\t<br>\r\n<h2>Hor\u00e1rio de funcionamento: 24 horas<\/h2>\r\n<br>\r\n<h2>Chefe de Se\u00e7\u00e3o T\u00e9cnica<\/h2>\r\n<a href=\"#\" target=\"_blank\"> Jos\u00e9 Antonio Alves<\/a>\r\n<br>\r\n<br>\r\n<h2>Encarregado de Setor<\/h2>\r\n<a href=\"#\" target=\"_blank\">Antonio Rocha Dos Santos<\/a><br>\r\n<a href=\"#\" target=\"_blank\">Claudio Cesar Jurado<\/a><br>\r\n<a href=\"#\" target=\"_blank\">Leandro Carvalho de Souza<\/a><br>\r\n<a href=\"#\" target=\"_blank\">Jonas Pinheiro Sousa<\/a><br>\r\n<br>\r\n<h2><a href=\"#\" target=\"_blank\">Equipe<\/a><\/h2>\r\n<table>\r\n<tr>\r\n<td width=\"50%\">\r\n<a href=\"#\" target=\"_blank\">Ademilson Lambertucci<\/a><br>\r\n<a href=\"#\" target=\"_blank\">Adilson Lambertucci<\/a><br>\r\n<a href=\"#\" target=\"_blank\">Ailton Alberto Alves de Miranda<\/a><br>\r\n<a href=\"#\" target=\"_blank\">Admilson Benedito Adame<\/a><br>\r\n<a href=\"#\" target=\"_blank\">Airton Alves dos Santos <\/a><br>\r\n<a href=\"#\" target=\"_blank\">Alexandre Neves<\/a><br>\r\n<a href=\"#\" target=\"_blank\">Alfredo Nagibe Ismael<\/a><br>\r\n<a href=\"#\" target=\"_blank\">Benedito Roberto Sartor<\/a><br>\r\n<a href=\"#\" target=\"_blank\">Carlos Eduardo Pires Bueno<\/a><br>\r\n<a href=\"#\" target=\"_blank\">Celso de Campos Amaral<\/a><br>\r\n<a href=\"#\" target=\"_blank\">Clovis Gomes<\/a><br>\r\n<a href=\"#\" target=\"_blank\">Inivaldo Donizete Teixeira da Cruz<\/a><br>\r\n<a href=\"#\" target=\"_blank\">Felipe Roberto de Arruda Oliveira<\/a><br>\r\n<a href=\"#\" target=\"_blank\">Jo\u00e3o Carias<\/a><br>\r\n<a href=\"#\" target=\"_blank\">Jo\u00e3o Francisco Garcia<\/a><br>\r\n<a href=\"#\" target=\"_blank\">Jo\u00e3o Francisco da Silva<\/a><br>\r\n<a href=\"#\" target=\"_blank\">Jose Dirceu Baptista<\/a><br>\r\n<a href=\"#\" target=\"_blank\">Jos\u00e9 de Sousa Silva<\/a><br>\r\n<a href=\"#\" target=\"_blank\">Jose Mario de Oliveira Mattosinho<\/a><br>\r\n<\/td>\r\n<td width=\"50%\">\r\n<a href=\"#\" target=\"_blank\">Jose Nilton de Figueiredo<\/a><br>\r\n<a href=\"#\" target=\"_blank\">Jose Sardinha dos Santos<\/a><br>\r\n<a href=\"#\" target=\"_blank\">J\u00falio Cesar Ribeiro<\/a><br>\r\n<a href=\"#\" target=\"_blank\">Jurandir Aparecido Macedo<\/a><br>\r\n<a href=\"#\" target=\"_blank\">Ludmar Luiz Nicolau da Silva<\/a><br>\r\n<a href=\"#\" target=\"_blank\">Luiz Antonio Baptista<\/a><br>\r\n<a href=\"#\" target=\"_blank\">Luis Carlos Gusm\u00e3o<\/a><br>\r\n<a href=\"#\" target=\"_blank\">Luis Aparecido de Souza<\/a><br>\r\n<a href=\"#\" target=\"_blank\">Maury Louren\u00e7o<\/a><br>\r\n<a href=\"#\" target=\"_blank\">Moises Nicolau da Silva<\/a><br>\r\n<a href=\"#\" target=\"_blank\">Norma Pereira Correia dos Santos<\/a><br>\r\n<a href=\"#\" target=\"_blank\">Paulo Sergio Barbetta<\/a><br>\r\n<a href=\"#\" target=\"_blank\">Rodrigo Marim<\/a><br>\r\n<a href=\"#\" target=\"_blank\">Sebasti\u00e3o Donato Colasan<\/a><br>\r\n<a href=\"#\" target=\"_blank\">Sergio Magalh\u00e3es Soares<\/a><br>\r\n<a href=\"#\" target=\"_blank\">Valdemir Antonio Petrelli<\/a><br>\r\n<a href=\"#\" target=\"_blank\">Valter Donizeti Defante<\/a><br>\r\n<a href=\"#\" target=\"_blank\">Walter Calandrin<\/a><br>\r\n<\/td>\r\n<\/tr>\r\n<\/table>\r\n<h2><strong>Contato<\/strong><br>\r\n<strong>Telefone:<\/strong> (19) 3429 4349<br>\r\n<strong>E-mail:<\/strong> <a href=\"mailto:seguranca.lq@usp.br\">seguranca.lq@usp.br<\/a>\r\n<\/h2>\r\n<br>&nbsp;\r\n<hr>\t\t<\/div>\n\t\t\t\t<\/div>\n\t\t\t\t\t<\/div>\n\t\t<\/div>\n\t\t\t\t\t<\/div>\n\t\t<\/section>\n\t\t\t\t<\/div>\n\t\t","protected":false},"excerpt":{"rendered":"<p>Se\u00e7\u00e3o T\u00e9cnica de Fiscaliza\u00e7\u00e3o e Seguran\u00e7a Hor\u00e1rio de funcionamento: 24 horas Chefe de Se\u00e7\u00e3o T\u00e9cnica Jos\u00e9 Antonio Alves Encarregado de Setor Antonio Rocha Dos Santos Claudio Cesar Jurado Leandro Carvalho de Souza Jonas Pinheiro Sousa Equipe Ademilson Lambertucci Adilson Lambertucci Ailton Alberto Alves de Miranda Admilson Benedito Adame Airton Alves dos Santos Alexandre Neves Alfredo [&hellip;]<\/p>\n","protected":false},"author":23873,"featured_media":0,"parent":3150,"menu_order":4,"comment_status":"closed","ping_status":"closed","template":"elementor_header_footer","meta":{"_monsterinsights_skip_tracking":false,"_monsterinsights_sitenote_active":false,"_monsterinsights_sitenote_note":"","_monsterinsights_sitenote_category":0,"footnotes":"","_links_to":"","_links_to_target":""},"class_list":["post-5272","page","type-page","status-publish","hentry","entry"],"_links":{"self":[{"href":"https:\/\/pusplq.usp.br\/index.php?rest_route=\/wp\/v2\/pages\/5272","targetHints":{"allow":["GET"]}}],"collection":[{"href":"https:\/\/pusplq.usp.br\/index.php?rest_route=\/wp\/v2\/pages"}],"about":[{"href":"https:\/\/pusplq.usp.br\/index.php?rest_route=\/wp\/v2\/types\/page"}],"author":[{"embeddable":true,"href":"https:\/\/pusplq.usp.br\/index.php?rest_route=\/wp\/v2\/users\/23873"}],"replies":[{"embeddable":true,"href":"https:\/\/pusplq.usp.br\/index.php?rest_route=%2Fwp%2Fv2%2Fcomments&post=5272"}],"version-history":[{"count":4,"href":"https:\/\/pusplq.usp.br\/index.php?rest_route=\/wp\/v2\/pages\/5272\/revisions"}],"predecessor-version":[{"id":13743,"href":"https:\/\/pusplq.usp.br\/index.php?rest_route=\/wp\/v2\/pages\/5272\/revisions\/13743"}],"up":[{"embeddable":true,"href":"https:\/\/pusplq.usp.br\/index.php?rest_route=\/wp\/v2\/pages\/3150"}],"wp:attachment":[{"href":"https:\/\/pusplq.usp.br\/index.php?rest_route=%2Fwp%2Fv2%2Fmedia&parent=5272"}],"curies":[{"name":"wp","href":"https:\/\/api.w.org\/{rel}","templated":true}]}}