{"id":5659,"date":"2024-09-11T11:40:32","date_gmt":"2024-09-11T14:40:32","guid":{"rendered":"https:\/\/sites.usp.br\/pusplq\/?page_id=5659"},"modified":"2025-09-09T11:15:01","modified_gmt":"2025-09-09T14:15:01","slug":"secao-de-eletricidade","status":"publish","type":"page","link":"https:\/\/pusplq.usp.br\/?page_id=5659","title":{"rendered":"Se\u00e7\u00e3o de Eletricidade"},"content":{"rendered":"\t\t<div data-elementor-type=\"wp-page\" data-elementor-id=\"5659\" class=\"elementor elementor-5659\" data-elementor-post-type=\"page\">\n\t\t\t\t\t\t<section class=\"elementor-section elementor-top-section elementor-element elementor-element-f777a46 elementor-section-boxed elementor-section-height-default elementor-section-height-default\" data-id=\"f777a46\" data-element_type=\"section\">\n\t\t\t\t\t\t<div class=\"elementor-container elementor-column-gap-default\">\n\t\t\t\t\t<div class=\"elementor-column elementor-col-100 elementor-top-column elementor-element elementor-element-fc1e068\" data-id=\"fc1e068\" data-element_type=\"column\">\n\t\t\t<div class=\"elementor-widget-wrap elementor-element-populated\">\n\t\t\t\t\t\t<div class=\"elementor-element elementor-element-9fb5bc7 elementor-widget elementor-widget-heading\" data-id=\"9fb5bc7\" data-element_type=\"widget\" data-widget_type=\"heading.default\">\n\t\t\t\t<div class=\"elementor-widget-container\">\n\t\t\t<h2 class=\"elementor-heading-title elementor-size-default\">Se\u00e7\u00e3o de Eletricidade<\/h2>\t\t<\/div>\n\t\t\t\t<\/div>\n\t\t\t\t\t<\/div>\n\t\t<\/div>\n\t\t\t\t\t<\/div>\n\t\t<\/section>\n\t\t\t\t<section class=\"elementor-section elementor-top-section elementor-element elementor-element-fb843a8 elementor-section-boxed elementor-section-height-default elementor-section-height-default\" data-id=\"fb843a8\" data-element_type=\"section\">\n\t\t\t\t\t\t<div class=\"elementor-container elementor-column-gap-default\">\n\t\t\t\t\t<div class=\"elementor-column elementor-col-100 elementor-top-column elementor-element elementor-element-c46a466\" data-id=\"c46a466\" data-element_type=\"column\">\n\t\t\t<div class=\"elementor-widget-wrap elementor-element-populated\">\n\t\t\t\t\t\t<div class=\"elementor-element elementor-element-04fd5cd elementor-widget__width-initial elementor-widget elementor-widget-image\" data-id=\"04fd5cd\" data-element_type=\"widget\" data-widget_type=\"image.default\">\n\t\t\t\t<div class=\"elementor-widget-container\">\n\t\t\t\t\t\t\t\t\t\t\t\t\t<img fetchpriority=\"high\" decoding=\"async\" width=\"1024\" height=\"768\" src=\"https:\/\/pusplq.usp.br\/wp-content\/uploads\/sites\/1403\/2024\/11\/fig_eletricidade-1024x768.png\" class=\"attachment-large size-large wp-image-6727\" alt=\"\" srcset=\"https:\/\/pusplq.usp.br\/wp-content\/uploads\/sites\/1403\/2024\/11\/fig_eletricidade-1024x768.png 1024w, https:\/\/pusplq.usp.br\/wp-content\/uploads\/sites\/1403\/2024\/11\/fig_eletricidade-300x225.png 300w, https:\/\/pusplq.usp.br\/wp-content\/uploads\/sites\/1403\/2024\/11\/fig_eletricidade-768x576.png 768w, https:\/\/pusplq.usp.br\/wp-content\/uploads\/sites\/1403\/2024\/11\/fig_eletricidade-80x60.png 80w, https:\/\/pusplq.usp.br\/wp-content\/uploads\/sites\/1403\/2024\/11\/fig_eletricidade-280x210.png 280w, https:\/\/pusplq.usp.br\/wp-content\/uploads\/sites\/1403\/2024\/11\/fig_eletricidade-400x300.png 400w, https:\/\/pusplq.usp.br\/wp-content\/uploads\/sites\/1403\/2024\/11\/fig_eletricidade.png 1250w\" sizes=\"(max-width: 1024px) 100vw, 1024px\" \/>\t\t\t\t\t\t\t\t\t\t\t\t\t<\/div>\n\t\t\t\t<\/div>\n\t\t\t\t<div class=\"elementor-element elementor-element-cea79d1 elementor-widget elementor-widget-html\" data-id=\"cea79d1\" data-element_type=\"widget\" data-widget_type=\"html.default\">\n\t\t\t\t<div class=\"elementor-widget-container\">\n\t\t\tA Se\u00e7\u00e3o de Eletricidade realiza a manuten\u00e7\u00e3o das instala\u00e7\u00f5es el\u00e9tricas no campus \"Luiz de Queiroz\".\r\n<br>\r\n<br>\r\n<strong>Hor\u00e1rio de funcionamento: <BR> de segunda a sexta-feira das 07:30 \u00e0s 11:30 e das 12:30 \u00e0s 16:30 <br>(exceto feriados e recesso.)<\/strong>\r\n<br>\r\n<br>\r\n<strong>Chefe de Se\u00e7\u00e3o<\/strong><br>\r\n<a href=\"#\" target=\"_blank\">Ornelino Ferreira Matos<\/a>\r\n<br>\r\n<br>\r\n<strong><a href=\"#\" target=\"_blank\">Equipe<\/a><\/strong><br>\r\n<a href=\"#\" target=\"_blank\">Amarildo Natalicio da Silva<\/a><br>\r\n<a href=\"#\" target=\"_blank\">Jacinto Soares de Oliveira<\/a><br>\r\n<a href=\"#>\" target=\"_blank\">Kleber Lucas Ferreira Souza dos Santos<\/a>\r\n<br>\r\n<a href=\"#\" target=\"_blank\">Luis Antonio Garcia<\/a>\r\n<br>\r\n<a href=\"#\" target=\"_blank\">Marcos Cesar Engel<\/a><br>\r\n<a href=\"#\" target=\"_blank\">Marlucio Gusm\u00e3o da Silva<\/a><br>\r\n<a href=\"#\" target=\"_blank\">Paulo Henrique Formagio<\/a><br>\r\n\t\t<\/div>\n\t\t\t\t<\/div>\n\t\t\t\t\t<\/div>\n\t\t<\/div>\n\t\t\t\t\t<\/div>\n\t\t<\/section>\n\t\t\t\t<\/div>\n\t\t","protected":false},"excerpt":{"rendered":"<p>Se\u00e7\u00e3o de Eletricidade A Se\u00e7\u00e3o de Eletricidade realiza a manuten\u00e7\u00e3o das instala\u00e7\u00f5es el\u00e9tricas no campus &#8220;Luiz de Queiroz&#8221;. Hor\u00e1rio de funcionamento: de segunda a sexta-feira das 07:30 \u00e0s 11:30 e das 12:30 \u00e0s 16:30 (exceto feriados e recesso.) Chefe de Se\u00e7\u00e3o Ornelino Ferreira Matos Equipe Amarildo Natalicio da Silva Jacinto Soares de Oliveira<\/p>\n","protected":false},"author":23873,"featured_media":0,"parent":4876,"menu_order":20,"comment_status":"closed","ping_status":"closed","template":"elementor_header_footer","meta":{"_monsterinsights_skip_tracking":false,"_monsterinsights_sitenote_active":false,"_monsterinsights_sitenote_note":"","_monsterinsights_sitenote_category":0,"footnotes":"","_links_to":"","_links_to_target":""},"class_list":["post-5659","page","type-page","status-publish","hentry","entry"],"_links":{"self":[{"href":"https:\/\/pusplq.usp.br\/index.php?rest_route=\/wp\/v2\/pages\/5659","targetHints":{"allow":["GET"]}}],"collection":[{"href":"https:\/\/pusplq.usp.br\/index.php?rest_route=\/wp\/v2\/pages"}],"about":[{"href":"https:\/\/pusplq.usp.br\/index.php?rest_route=\/wp\/v2\/types\/page"}],"author":[{"embeddable":true,"href":"https:\/\/pusplq.usp.br\/index.php?rest_route=\/wp\/v2\/users\/23873"}],"replies":[{"embeddable":true,"href":"https:\/\/pusplq.usp.br\/index.php?rest_route=%2Fwp%2Fv2%2Fcomments&post=5659"}],"version-history":[{"count":4,"href":"https:\/\/pusplq.usp.br\/index.php?rest_route=\/wp\/v2\/pages\/5659\/revisions"}],"predecessor-version":[{"id":11740,"href":"https:\/\/pusplq.usp.br\/index.php?rest_route=\/wp\/v2\/pages\/5659\/revisions\/11740"}],"up":[{"embeddable":true,"href":"https:\/\/pusplq.usp.br\/index.php?rest_route=\/wp\/v2\/pages\/4876"}],"wp:attachment":[{"href":"https:\/\/pusplq.usp.br\/index.php?rest_route=%2Fwp%2Fv2%2Fmedia&parent=5659"}],"curies":[{"name":"wp","href":"https:\/\/api.w.org\/{rel}","templated":true}]}}