{"id":5661,"date":"2024-09-11T11:41:33","date_gmt":"2024-09-11T14:41:33","guid":{"rendered":"https:\/\/sites.usp.br\/pusplq\/?page_id=5661"},"modified":"2026-01-21T08:30:55","modified_gmt":"2026-01-21T11:30:55","slug":"secao-de-hidraulica-e-manutencao-predial","status":"publish","type":"page","link":"https:\/\/pusplq.usp.br\/?page_id=5661","title":{"rendered":"Se\u00e7\u00e3o de Hidr\u00e1ulica e Manuten\u00e7\u00e3o Predial"},"content":{"rendered":"\t\t<div data-elementor-type=\"wp-page\" data-elementor-id=\"5661\" class=\"elementor elementor-5661\" data-elementor-post-type=\"page\">\n\t\t\t\t\t\t<section class=\"elementor-section elementor-top-section elementor-element elementor-element-4edfcbf elementor-section-boxed elementor-section-height-default elementor-section-height-default\" data-id=\"4edfcbf\" data-element_type=\"section\">\n\t\t\t\t\t\t<div class=\"elementor-container elementor-column-gap-default\">\n\t\t\t\t\t<div class=\"elementor-column elementor-col-100 elementor-top-column elementor-element elementor-element-a053f7e\" data-id=\"a053f7e\" data-element_type=\"column\">\n\t\t\t<div class=\"elementor-widget-wrap elementor-element-populated\">\n\t\t\t\t\t\t<div class=\"elementor-element elementor-element-7b953bf elementor-widget elementor-widget-heading\" data-id=\"7b953bf\" data-element_type=\"widget\" data-widget_type=\"heading.default\">\n\t\t\t\t<div class=\"elementor-widget-container\">\n\t\t\t<h2 class=\"elementor-heading-title elementor-size-default\">Se\u00e7\u00e3o de Hidr\u00e1ulica e Manuten\u00e7\u00e3o Predial<\/h2>\t\t<\/div>\n\t\t\t\t<\/div>\n\t\t\t\t\t<\/div>\n\t\t<\/div>\n\t\t\t\t\t<\/div>\n\t\t<\/section>\n\t\t\t\t<section class=\"elementor-section elementor-top-section elementor-element elementor-element-c05d751 elementor-section-boxed elementor-section-height-default elementor-section-height-default\" data-id=\"c05d751\" data-element_type=\"section\">\n\t\t\t\t\t\t<div class=\"elementor-container elementor-column-gap-default\">\n\t\t\t\t\t<div class=\"elementor-column elementor-col-100 elementor-top-column elementor-element elementor-element-ff39f3a\" data-id=\"ff39f3a\" data-element_type=\"column\">\n\t\t\t<div class=\"elementor-widget-wrap elementor-element-populated\">\n\t\t\t\t\t\t<div class=\"elementor-element elementor-element-2e6a1c0 elementor-widget__width-initial elementor-widget elementor-widget-image\" data-id=\"2e6a1c0\" data-element_type=\"widget\" data-widget_type=\"image.default\">\n\t\t\t\t<div class=\"elementor-widget-container\">\n\t\t\t\t\t\t\t\t\t\t\t\t\t<img fetchpriority=\"high\" decoding=\"async\" width=\"1024\" height=\"768\" src=\"https:\/\/pusplq.usp.br\/wp-content\/uploads\/sites\/1403\/2024\/11\/fig_hidraulicapredial-1024x768.png\" class=\"attachment-large size-large wp-image-6734\" alt=\"\" srcset=\"https:\/\/pusplq.usp.br\/wp-content\/uploads\/sites\/1403\/2024\/11\/fig_hidraulicapredial-1024x768.png 1024w, https:\/\/pusplq.usp.br\/wp-content\/uploads\/sites\/1403\/2024\/11\/fig_hidraulicapredial-300x225.png 300w, https:\/\/pusplq.usp.br\/wp-content\/uploads\/sites\/1403\/2024\/11\/fig_hidraulicapredial-768x576.png 768w, https:\/\/pusplq.usp.br\/wp-content\/uploads\/sites\/1403\/2024\/11\/fig_hidraulicapredial-80x60.png 80w, https:\/\/pusplq.usp.br\/wp-content\/uploads\/sites\/1403\/2024\/11\/fig_hidraulicapredial-280x210.png 280w, https:\/\/pusplq.usp.br\/wp-content\/uploads\/sites\/1403\/2024\/11\/fig_hidraulicapredial-400x300.png 400w, https:\/\/pusplq.usp.br\/wp-content\/uploads\/sites\/1403\/2024\/11\/fig_hidraulicapredial.png 1250w\" sizes=\"(max-width: 1024px) 100vw, 1024px\" \/>\t\t\t\t\t\t\t\t\t\t\t\t\t<\/div>\n\t\t\t\t<\/div>\n\t\t\t\t<div class=\"elementor-element elementor-element-88c7d7a elementor-widget elementor-widget-html\" data-id=\"88c7d7a\" data-element_type=\"widget\" data-widget_type=\"html.default\">\n\t\t\t\t<div class=\"elementor-widget-container\">\n\t\t\tEsta se\u00e7\u00e3o \u00e9 respons\u00e1vel pela manuten\u00e7\u00e3o hidr\u00e1ulica do campus \"Luiz de Queiroz\"<br><br>\r\n<strong>Hor\u00e1rio de funcionamento: <BR> de segunda a sexta-feira das 07:30 \u00e0s 11:30 e das 12:30 \u00e0s 16:30 <br> (exceto feriados e recesso.)<\/strong>\r\n<br><br>\r\n<strong>Chefe de Se\u00e7\u00e3o<\/strong><br>\r\n<a href=\"#\" target=\"_blank\">Jose Eduardo Messias<\/a>\r\n<br><br>\r\n<strong>\r\n<a href=\"#\" target=\"_blank\">Equipe<\/a><\/strong><br>\r\n<a href=\"#\" target=\"_blank\">Agnaldo Caro Colletti<\/a><br>\r\n<a href=\"#\" target=\"_blank\">Allan Eleut\u00e9rio de Mello<\/a><br>\r\n<a href=\"#\" target=\"_blank\">Daniel Tomas Albino<\/a><br>\r\n<a href=\"#\" target=\"_blank\">Francisco de Assis Gonzalez Sanches<\/a><br>\r\n<a href=\"#\" target=\"_blank\">Francisco de Assis Maschio<\/a><br>\r\n<a href=\"#\" target=\"_blank\">Gentil Altarugio<\/a><br>\r\n<a href=\"#\" target=\"_blank\">H\u00e9lio Lopes Alves<\/a><br>\r\n<a href=\"#\" target=\"_blank\">Herminio Boaratti Neto<\/a><br>\r\n<a href=\"#\" target=\"_blank\">Jose Geraldo Arthur<\/a><br>\r\n<a href=\"#\" target=\"_blank\">Jose de Carvalho Pereira<\/a><br>\r\n<a href=\"#\" target=\"_blank\">Manoel Fran\u00e7a dos Santos<\/a><br>\r\n<a href=\"#\" target=\"_blank\">Moises de Oliveira<\/a><br>\r\n<a href=\"#\" target=\"_blank\">Paulo Guimar\u00e3es Cipriano<\/a><br>\r\n<a href=\"#\" target=\"_blank\">Rubens Lourival Lambertucci <\/a><br>\r\n<a href=\"#\" target=\"_blank\">Wilson di Giacomo Fidelis<\/a><br>\t\t<\/div>\n\t\t\t\t<\/div>\n\t\t\t\t\t<\/div>\n\t\t<\/div>\n\t\t\t\t\t<\/div>\n\t\t<\/section>\n\t\t\t\t<\/div>\n\t\t","protected":false},"excerpt":{"rendered":"<p>Se\u00e7\u00e3o de Hidr\u00e1ulica e Manuten\u00e7\u00e3o Predial Esta se\u00e7\u00e3o \u00e9 respons\u00e1vel pela manuten\u00e7\u00e3o hidr\u00e1ulica do campus &#8220;Luiz de Queiroz&#8221; Hor\u00e1rio de funcionamento: de segunda a sexta-feira das 07:30 \u00e0s 11:30 e das 12:30 \u00e0s 16:30 (exceto feriados e recesso.) Chefe de Se\u00e7\u00e3o Jose Eduardo Messias Equipe Agnaldo Caro Colletti Allan Eleut\u00e9rio de Mello Daniel Tomas Albino [&hellip;]<\/p>\n","protected":false},"author":23873,"featured_media":0,"parent":4876,"menu_order":30,"comment_status":"closed","ping_status":"closed","template":"elementor_header_footer","meta":{"_monsterinsights_skip_tracking":false,"_monsterinsights_sitenote_active":false,"_monsterinsights_sitenote_note":"","_monsterinsights_sitenote_category":0,"footnotes":"","_links_to":"","_links_to_target":""},"class_list":["post-5661","page","type-page","status-publish","hentry","entry"],"_links":{"self":[{"href":"https:\/\/pusplq.usp.br\/index.php?rest_route=\/wp\/v2\/pages\/5661","targetHints":{"allow":["GET"]}}],"collection":[{"href":"https:\/\/pusplq.usp.br\/index.php?rest_route=\/wp\/v2\/pages"}],"about":[{"href":"https:\/\/pusplq.usp.br\/index.php?rest_route=\/wp\/v2\/types\/page"}],"author":[{"embeddable":true,"href":"https:\/\/pusplq.usp.br\/index.php?rest_route=\/wp\/v2\/users\/23873"}],"replies":[{"embeddable":true,"href":"https:\/\/pusplq.usp.br\/index.php?rest_route=%2Fwp%2Fv2%2Fcomments&post=5661"}],"version-history":[{"count":4,"href":"https:\/\/pusplq.usp.br\/index.php?rest_route=\/wp\/v2\/pages\/5661\/revisions"}],"predecessor-version":[{"id":13004,"href":"https:\/\/pusplq.usp.br\/index.php?rest_route=\/wp\/v2\/pages\/5661\/revisions\/13004"}],"up":[{"embeddable":true,"href":"https:\/\/pusplq.usp.br\/index.php?rest_route=\/wp\/v2\/pages\/4876"}],"wp:attachment":[{"href":"https:\/\/pusplq.usp.br\/index.php?rest_route=%2Fwp%2Fv2%2Fmedia&parent=5661"}],"curies":[{"name":"wp","href":"https:\/\/api.w.org\/{rel}","templated":true}]}}