{"id":5672,"date":"2024-09-11T11:50:05","date_gmt":"2024-09-11T14:50:05","guid":{"rendered":"https:\/\/sites.usp.br\/pusplq\/?page_id=5672"},"modified":"2026-01-21T09:00:56","modified_gmt":"2026-01-21T12:00:56","slug":"secao-de-oficina-de-manutencao","status":"publish","type":"page","link":"https:\/\/pusplq.usp.br\/?page_id=5672","title":{"rendered":"Se\u00e7\u00e3o de Oficina de Manuten\u00e7\u00e3o"},"content":{"rendered":"\t\t<div data-elementor-type=\"wp-page\" data-elementor-id=\"5672\" class=\"elementor elementor-5672\" data-elementor-post-type=\"page\">\n\t\t\t\t\t\t<section class=\"elementor-section elementor-top-section elementor-element elementor-element-1a2b6ca elementor-section-boxed elementor-section-height-default elementor-section-height-default\" data-id=\"1a2b6ca\" data-element_type=\"section\">\n\t\t\t\t\t\t<div class=\"elementor-container elementor-column-gap-default\">\n\t\t\t\t\t<div class=\"elementor-column elementor-col-100 elementor-top-column elementor-element elementor-element-8ccfff9\" data-id=\"8ccfff9\" data-element_type=\"column\">\n\t\t\t<div class=\"elementor-widget-wrap elementor-element-populated\">\n\t\t\t\t\t\t<div class=\"elementor-element elementor-element-cdc22fe elementor-widget elementor-widget-heading\" data-id=\"cdc22fe\" data-element_type=\"widget\" data-widget_type=\"heading.default\">\n\t\t\t\t<div class=\"elementor-widget-container\">\n\t\t\t<h2 class=\"elementor-heading-title elementor-size-default\">Se\u00e7\u00e3o de Oficina de Manuten\u00e7\u00e3o<\/h2>\t\t<\/div>\n\t\t\t\t<\/div>\n\t\t\t\t\t<\/div>\n\t\t<\/div>\n\t\t\t\t\t<\/div>\n\t\t<\/section>\n\t\t\t\t<section class=\"elementor-section elementor-top-section elementor-element elementor-element-38da951 elementor-section-boxed elementor-section-height-default elementor-section-height-default\" data-id=\"38da951\" data-element_type=\"section\">\n\t\t\t\t\t\t<div class=\"elementor-container elementor-column-gap-default\">\n\t\t\t\t\t<div class=\"elementor-column elementor-col-100 elementor-top-column elementor-element elementor-element-f21881e\" data-id=\"f21881e\" data-element_type=\"column\">\n\t\t\t<div class=\"elementor-widget-wrap elementor-element-populated\">\n\t\t\t\t\t\t<div class=\"elementor-element elementor-element-a6c6393 elementor-widget__width-initial elementor-widget elementor-widget-image\" data-id=\"a6c6393\" data-element_type=\"widget\" data-widget_type=\"image.default\">\n\t\t\t\t<div class=\"elementor-widget-container\">\n\t\t\t\t\t\t\t\t\t\t\t\t\t<img fetchpriority=\"high\" decoding=\"async\" width=\"1024\" height=\"682\" src=\"https:\/\/pusplq.usp.br\/wp-content\/uploads\/sites\/1403\/2024\/11\/fig_garage-1024x682.png\" class=\"attachment-large size-large wp-image-6746\" alt=\"\" srcset=\"https:\/\/pusplq.usp.br\/wp-content\/uploads\/sites\/1403\/2024\/11\/fig_garage-1024x682.png 1024w, https:\/\/pusplq.usp.br\/wp-content\/uploads\/sites\/1403\/2024\/11\/fig_garage-300x200.png 300w, https:\/\/pusplq.usp.br\/wp-content\/uploads\/sites\/1403\/2024\/11\/fig_garage-768x512.png 768w, https:\/\/pusplq.usp.br\/wp-content\/uploads\/sites\/1403\/2024\/11\/fig_garage-280x187.png 280w, https:\/\/pusplq.usp.br\/wp-content\/uploads\/sites\/1403\/2024\/11\/fig_garage-400x267.png 400w, https:\/\/pusplq.usp.br\/wp-content\/uploads\/sites\/1403\/2024\/11\/fig_garage.png 1250w\" sizes=\"(max-width: 1024px) 100vw, 1024px\" \/>\t\t\t\t\t\t\t\t\t\t\t\t\t<\/div>\n\t\t\t\t<\/div>\n\t\t\t\t<div class=\"elementor-element elementor-element-7aa3e3f elementor-widget elementor-widget-html\" data-id=\"7aa3e3f\" data-element_type=\"widget\" data-widget_type=\"html.default\">\n\t\t\t\t<div class=\"elementor-widget-container\">\n\t\t\tRealiza a manuten\u00e7\u00e3o dos ve\u00edculos do campus \"Luiz de Queiroz\".\r\n<br>\r\n<br>\r\n<h2>\r\n<strong>Hor\u00e1rio de funcionamento: <BR> de segunda a sexta-feira das 07:30 \u00e0s 11:30 e das 12:30 \u00e0s 16:30<br>(exceto feriados e recesso.)<\/strong><\/h2>\r\n\r\n\r\n<h2><strong>Normas &amp; Formul\u00e1rios<\/strong><\/h2>\r\n<ul>\r\n<li><a href=\"http:\/\/www.pusplq.usp.br\/wp-content\/uploads\/2015\/02\/procs_pool1.docx\" target=\"_blank\">Procedimentos para o agendamento dos ve\u00edculos oficiais atrav\u00e9s do Sistema Pool<\/a><\/li><\/ul>\r\n<br>\r\n<strong>Chefe de Se\u00e7\u00e3o<\/strong><br>\r\n<em><a href=\"#\" target=\"_blank\"> Juanito Mafinato<\/a> <\/em>\r\n<br>\r\n<br>\r\n<strong><a href=\"#\" target=\"_blank\">Equipe<\/a><\/strong><br>\r\n<a href=\"#\" target=\"_blank\">Arnaldo Luis Gandelini<\/a><br>\r\n<a href=\"#\" target=\"_blank\">Carlos Humberto Rodrigues<\/a><br>\r\n<a href=\"#\" target=\"_blank\">Mauricio Jose Bandoria<\/a><br>\r\n<a href=\"#\" target=\"_blank\">Natal Jesus dos Santos<\/a>\r\n    <br><a href=\"#\" target=\"_blank\">Walter Antonio Dias da Costa Junior<\/a>\r\n<br>\r\n<br>\r\n<h2><strong>Contato:<\/strong><br>\r\n<strong>Fone:(19) 3429 4039<\/strong><br>\r\n<strong>E-mail: <a href=\"mailto:oficina.lq@usp.br\">oficina.lq@usp.br<\/a><\/strong><br>\r\n\r\n<strong>Localiza\u00e7\u00e3o: <\/strong> Garagem <br> (Pr\u00f3xima a sede da DA\/DVMO - Pr\u00e9dio do antigo DER)\r\n<br><\/h2>\r\n\t\t<\/div>\n\t\t\t\t<\/div>\n\t\t\t\t\t<\/div>\n\t\t<\/div>\n\t\t\t\t\t<\/div>\n\t\t<\/section>\n\t\t\t\t<\/div>\n\t\t","protected":false},"excerpt":{"rendered":"<p>Se\u00e7\u00e3o de Oficina de Manuten\u00e7\u00e3o Realiza a manuten\u00e7\u00e3o dos ve\u00edculos do campus &#8220;Luiz de Queiroz&#8221;. Hor\u00e1rio de funcionamento: de segunda a sexta-feira das 07:30 \u00e0s 11:30 e das 12:30 \u00e0s 16:30(exceto feriados e recesso.) Normas &amp; Formul\u00e1rios Procedimentos para o agendamento dos ve\u00edculos oficiais atrav\u00e9s do Sistema Pool Chefe de Se\u00e7\u00e3o Juanito Mafinato Equipe Arnaldo [&hellip;]<\/p>\n","protected":false},"author":23873,"featured_media":0,"parent":4880,"menu_order":10,"comment_status":"closed","ping_status":"closed","template":"elementor_header_footer","meta":{"_monsterinsights_skip_tracking":false,"_monsterinsights_sitenote_active":false,"_monsterinsights_sitenote_note":"","_monsterinsights_sitenote_category":0,"footnotes":"","_links_to":"","_links_to_target":""},"class_list":["post-5672","page","type-page","status-publish","hentry","entry"],"_links":{"self":[{"href":"https:\/\/pusplq.usp.br\/index.php?rest_route=\/wp\/v2\/pages\/5672","targetHints":{"allow":["GET"]}}],"collection":[{"href":"https:\/\/pusplq.usp.br\/index.php?rest_route=\/wp\/v2\/pages"}],"about":[{"href":"https:\/\/pusplq.usp.br\/index.php?rest_route=\/wp\/v2\/types\/page"}],"author":[{"embeddable":true,"href":"https:\/\/pusplq.usp.br\/index.php?rest_route=\/wp\/v2\/users\/23873"}],"replies":[{"embeddable":true,"href":"https:\/\/pusplq.usp.br\/index.php?rest_route=%2Fwp%2Fv2%2Fcomments&post=5672"}],"version-history":[{"count":4,"href":"https:\/\/pusplq.usp.br\/index.php?rest_route=\/wp\/v2\/pages\/5672\/revisions"}],"predecessor-version":[{"id":13019,"href":"https:\/\/pusplq.usp.br\/index.php?rest_route=\/wp\/v2\/pages\/5672\/revisions\/13019"}],"up":[{"embeddable":true,"href":"https:\/\/pusplq.usp.br\/index.php?rest_route=\/wp\/v2\/pages\/4880"}],"wp:attachment":[{"href":"https:\/\/pusplq.usp.br\/index.php?rest_route=%2Fwp%2Fv2%2Fmedia&parent=5672"}],"curies":[{"name":"wp","href":"https:\/\/api.w.org\/{rel}","templated":true}]}}