{"id":6791,"date":"2024-11-18T09:42:27","date_gmt":"2024-11-18T12:42:27","guid":{"rendered":"https:\/\/pusplq.usp.br\/?page_id=6791"},"modified":"2024-11-18T09:47:42","modified_gmt":"2024-11-18T12:47:42","slug":"programa-de-reabilitacao-profissional-do-campus-usp-luiz-de-queiroz","status":"publish","type":"page","link":"https:\/\/pusplq.usp.br\/?page_id=6791","title":{"rendered":"Programa de Reabilita\u00e7\u00e3o Profissional do Campus USP \u201cLuiz de Queiroz\u201d."},"content":{"rendered":"\t\t<div data-elementor-type=\"wp-page\" data-elementor-id=\"6791\" class=\"elementor elementor-6791\" data-elementor-post-type=\"page\">\n\t\t\t\t\t\t<section class=\"elementor-section elementor-top-section elementor-element elementor-element-22e62b8 elementor-section-boxed elementor-section-height-default elementor-section-height-default\" data-id=\"22e62b8\" data-element_type=\"section\">\n\t\t\t\t\t\t<div class=\"elementor-container elementor-column-gap-default\">\n\t\t\t\t\t<div class=\"elementor-column elementor-col-100 elementor-top-column elementor-element elementor-element-aa11f03\" data-id=\"aa11f03\" data-element_type=\"column\">\n\t\t\t<div class=\"elementor-widget-wrap elementor-element-populated\">\n\t\t\t\t\t\t<div class=\"elementor-element elementor-element-a75ef16 elementor-widget elementor-widget-heading\" data-id=\"a75ef16\" data-element_type=\"widget\" data-widget_type=\"heading.default\">\n\t\t\t\t<div class=\"elementor-widget-container\">\n\t\t\t<h2 class=\"elementor-heading-title elementor-size-default\">Programa de Reabilita\u00e7\u00e3o Profissional do Campus USP \u201cLuiz de Queiroz\u201d.<\/h2>\t\t<\/div>\n\t\t\t\t<\/div>\n\t\t\t\t\t<\/div>\n\t\t<\/div>\n\t\t\t\t\t<\/div>\n\t\t<\/section>\n\t\t\t\t<section class=\"elementor-section elementor-top-section elementor-element elementor-element-4134106 elementor-section-boxed elementor-section-height-default elementor-section-height-default\" data-id=\"4134106\" data-element_type=\"section\">\n\t\t\t\t\t\t<div class=\"elementor-container elementor-column-gap-default\">\n\t\t\t\t\t<div class=\"elementor-column elementor-col-100 elementor-top-column elementor-element elementor-element-e46556f\" data-id=\"e46556f\" data-element_type=\"column\">\n\t\t\t<div class=\"elementor-widget-wrap elementor-element-populated\">\n\t\t\t\t\t\t<div class=\"elementor-element elementor-element-9ebdf05 elementor-widget elementor-widget-html\" data-id=\"9ebdf05\" data-element_type=\"widget\" data-widget_type=\"html.default\">\n\t\t\t\t<div class=\"elementor-widget-container\">\n\t\t\t<table class=\"comissoes\" border=\"0\" width=\"900\" cellspacing=\"0\" cellpadding=\"0\">\r\n\r\n  <tr>\r\n    <td width=\"161\" valign=\"top\"><\/td>\r\n    <td width=\"509\" valign=\"top\"><\/h3<\/td>\r\n  <\/tr>\r\n  <tr>\r\n    <td width=\"161\" valign=\"top\"><p align=\"right\"><strong>Objetivo:<\/strong><\/p><\/td>\r\n    <td width=\"509\" valign=\"top\"><p>Grupo de Trabalho para o desenvolvimento do Projeto de Reabilita\u00e7\u00e3o Profissional do Campus USP &quot;Luiz de Queiroz&quot;<br \/>\r\n      Em 21\/05\/18, na 56\u00aa Reuni\u00e3o do Conselho Gestor do Campus, foi alterado para: <strong>Programa de Reabilita\u00e7\u00e3o Profissional do    Campus USP \u201cLuiz de Queiroz\u201d<\/strong><\/p><\/td>\r\n  <\/tr>\r\n  <tr>\r\n    <td width=\"161\" valign=\"top\"><p align=\"right\"><strong>Membros atuais:<\/strong><\/p><\/td>\r\n    <td width=\"509\" valign=\"bottom\"><p> Vera Lucia Martinez Vieira - Coordenadora -UBAS, Alexandre Jos\u00e9 Tranquilin - CENA, Dr. Tufi Chalita - UBAS, Erica Hitome Narazaki - CSCRH-LQ, M\u00e1rcia Games Marcondes Veiga- CeTI-LQ, Marilia Ribeiro Garcia Henyei - Biblioteca\/CENA,  Paulo Roberto Latanze - SESMT,  Profa. Maria Elisa de Paula E. Garavello - LES\/ESALQ, Rosemeire Ap. Mellega Checa Leite - SVCONT\/ESALQ, S\u00f4nia Maria Mendes Fiore - DVATCOM\/PUSP-LQ, Beatriz Bortoletto Costa - DA\/PUSP-LQ, Ivete Aparecida Steffe - ATAD\/ESALQ\r\n <\/p><\/td>\r\n  <\/tr>\r\n  <tr>\r\n    <td width=\"161\" valign=\"top\"><p align=\"right\"><strong>Coordenadora:<\/strong><\/p><\/td>\r\n    <td width=\"509\" valign=\"top\"><p>Vera Lucia    Martinez Vieira \u2013 UBAS <\/p><\/td>\r\n  <\/tr>\r\n  <tr>\r\n    <td width=\"161\" valign=\"top\"><p align=\"right\"><strong>Portaria:<\/strong><\/p><\/td>\r\n    <td width=\"509\" valign=\"top\"><p>Portaria CG 008\/2021 - Publicada no Di\u00e1rio Oficial em 05\/08\/2021<\/p><\/td>\r\n  <\/tr>\r\n<\/table>\r\n<br>\t\t<\/div>\n\t\t\t\t<\/div>\n\t\t\t\t\t<\/div>\n\t\t<\/div>\n\t\t\t\t\t<\/div>\n\t\t<\/section>\n\t\t\t\t<\/div>\n\t\t","protected":false},"excerpt":{"rendered":"<p>Programa de Reabilita\u00e7\u00e3o Profissional do Campus USP \u201cLuiz de Queiroz\u201d.<\/p>\n","protected":false},"author":23873,"featured_media":0,"parent":4781,"menu_order":10,"comment_status":"closed","ping_status":"closed","template":"elementor_header_footer","meta":{"_monsterinsights_skip_tracking":false,"_monsterinsights_sitenote_active":false,"_monsterinsights_sitenote_note":"","_monsterinsights_sitenote_category":0,"footnotes":"","_links_to":"","_links_to_target":""},"class_list":["post-6791","page","type-page","status-publish","hentry","entry"],"_links":{"self":[{"href":"https:\/\/pusplq.usp.br\/index.php?rest_route=\/wp\/v2\/pages\/6791","targetHints":{"allow":["GET"]}}],"collection":[{"href":"https:\/\/pusplq.usp.br\/index.php?rest_route=\/wp\/v2\/pages"}],"about":[{"href":"https:\/\/pusplq.usp.br\/index.php?rest_route=\/wp\/v2\/types\/page"}],"author":[{"embeddable":true,"href":"https:\/\/pusplq.usp.br\/index.php?rest_route=\/wp\/v2\/users\/23873"}],"replies":[{"embeddable":true,"href":"https:\/\/pusplq.usp.br\/index.php?rest_route=%2Fwp%2Fv2%2Fcomments&post=6791"}],"version-history":[{"count":4,"href":"https:\/\/pusplq.usp.br\/index.php?rest_route=\/wp\/v2\/pages\/6791\/revisions"}],"predecessor-version":[{"id":6795,"href":"https:\/\/pusplq.usp.br\/index.php?rest_route=\/wp\/v2\/pages\/6791\/revisions\/6795"}],"up":[{"embeddable":true,"href":"https:\/\/pusplq.usp.br\/index.php?rest_route=\/wp\/v2\/pages\/4781"}],"wp:attachment":[{"href":"https:\/\/pusplq.usp.br\/index.php?rest_route=%2Fwp%2Fv2%2Fmedia&parent=6791"}],"curies":[{"name":"wp","href":"https:\/\/api.w.org\/{rel}","templated":true}]}}