{"id":6799,"date":"2024-11-18T09:53:21","date_gmt":"2024-11-18T12:53:21","guid":{"rendered":"https:\/\/pusplq.usp.br\/?page_id=6799"},"modified":"2024-11-19T08:44:50","modified_gmt":"2024-11-19T11:44:50","slug":"comissao-de-treinamento-desenvolvimento-da-prefeitura-do-campus-luiz-de-queiroz","status":"publish","type":"page","link":"https:\/\/pusplq.usp.br\/?page_id=6799","title":{"rendered":"Comiss\u00e3o de Treinamento &#038; Desenvolvimento da Prefeitura do Campus &#8220;Luiz de Queiroz&#8221;"},"content":{"rendered":"\t\t<div data-elementor-type=\"wp-page\" data-elementor-id=\"6799\" class=\"elementor elementor-6799\" data-elementor-post-type=\"page\">\n\t\t\t\t\t\t<section class=\"elementor-section elementor-top-section elementor-element elementor-element-27be53e elementor-section-boxed elementor-section-height-default elementor-section-height-default\" data-id=\"27be53e\" data-element_type=\"section\">\n\t\t\t\t\t\t<div class=\"elementor-container elementor-column-gap-default\">\n\t\t\t\t\t<div class=\"elementor-column elementor-col-100 elementor-top-column elementor-element elementor-element-d8d1751\" data-id=\"d8d1751\" data-element_type=\"column\">\n\t\t\t<div class=\"elementor-widget-wrap elementor-element-populated\">\n\t\t\t\t\t\t<div class=\"elementor-element elementor-element-71ab2c0 elementor-widget elementor-widget-heading\" data-id=\"71ab2c0\" data-element_type=\"widget\" data-widget_type=\"heading.default\">\n\t\t\t\t<div class=\"elementor-widget-container\">\n\t\t\t<h2 class=\"elementor-heading-title elementor-size-default\">Comiss\u00e3o de Treinamento &amp; Desenvolvimento da Prefeitura do Campus\"Luiz de Queiroz\"<\/h2>\t\t<\/div>\n\t\t\t\t<\/div>\n\t\t\t\t\t<\/div>\n\t\t<\/div>\n\t\t\t\t\t<\/div>\n\t\t<\/section>\n\t\t\t\t<section class=\"elementor-section elementor-top-section elementor-element elementor-element-e0a73af elementor-section-boxed elementor-section-height-default elementor-section-height-default\" data-id=\"e0a73af\" data-element_type=\"section\">\n\t\t\t\t\t\t<div class=\"elementor-container elementor-column-gap-default\">\n\t\t\t\t\t<div class=\"elementor-column elementor-col-100 elementor-top-column elementor-element elementor-element-bc5da63\" data-id=\"bc5da63\" data-element_type=\"column\">\n\t\t\t<div class=\"elementor-widget-wrap elementor-element-populated\">\n\t\t\t\t\t\t<div class=\"elementor-element elementor-element-e4b8f65 elementor-widget elementor-widget-html\" data-id=\"e4b8f65\" data-element_type=\"widget\" data-widget_type=\"html.default\">\n\t\t\t\t<div class=\"elementor-widget-container\">\n\t\t\t<table class=\"comissoes\" border=\"0\" cellspacing=\"0\" cellpadding=\"0\" width=\"900\">\r\n  <tr>\r\n    <td width=\"170\" valign=\"top\"><p align=\"right\"><strong>Objetivos:&nbsp;<\/strong><\/p><\/td>\r\n    <td width=\"528\" valign=\"top\"><p>Proporcionar cursos, palestras, treinamentos etc aos servidores t\u00e9cnicos e administrativos lotados na Prefeitura do Campus, visando sua capacita\u00e7\u00e3o e seu desenvolvimento<\/p><\/td>\r\n  <\/tr>\r\n  <tr>\r\n    <td width=\"170\" valign=\"top\"><p align=\"right\"><strong>Membros atuais:<\/strong><\/p><\/td>\r\n    <td width=\"528\" valign=\"top\"><p>Angelo Gabriel de Oliveira, Giane Smaniotto Dantas, Giuliano de Padua e Silva, Marcia Cristina Guidi Ganzella.<\/p><\/td>\r\n  <\/tr>\r\n  <tr>\r\n    <td width=\"170\" valign=\"top\"><p align=\"right\"><strong>Coordenador:<\/strong><\/p><\/td>\r\n    <td width=\"528\" valign=\"top\"><p>Marcia Cristina Guidi Ganzella<\/p><\/td>\r\n  <\/tr>\r\n  <tr>\r\n    <td width=\"170\" valign=\"top\"><p align=\"right\"><strong>Comiss\u00e3o institu\u00edda em: <\/strong><\/p><\/td>\r\n    <td width=\"528\" valign=\"top\"><p>30 de abril de 2024. Processo 2024.1.134.66.5<\/p><\/td>\r\n  <\/tr>\r\n  <tr>\r\n    <td width=\"170\" valign=\"top\"><p align=\"right\"><strong>Portaria:<\/strong><\/p><\/td>\r\n    <td width=\"528\" valign=\"top\"><p>PORTARIA PUSP-LQ No. 04\/2024<\/p><\/td>\r\n  <\/tr>\r\n  <tr>\r\n    <td width=\"170\" valign=\"top\"><p align=\"right\"><strong>Mandato<\/strong><\/p><\/td>\r\n    <td width=\"528\" valign=\"top\"><p>O mandato de todos os membros ser\u00e1 de dois anos. Permitindo-se recondu\u00e7\u00f5es<\/p><\/td>\r\n  <\/tr>\r\n<\/table>\r\n<p>&nbsp;<\/p>\t\t<\/div>\n\t\t\t\t<\/div>\n\t\t\t\t\t<\/div>\n\t\t<\/div>\n\t\t\t\t\t<\/div>\n\t\t<\/section>\n\t\t\t\t<\/div>\n\t\t","protected":false},"excerpt":{"rendered":"<p>Comiss\u00e3o de Treinamento &amp; Desenvolvimento da Prefeitura do Campus&#8221;Luiz de Queiroz&#8221; Objetivos:\u00a0 Proporcionar cursos, palestras, treinamentos etc aos servidores t\u00e9cnicos e administrativos lotados na Prefeitura do Campus, visando sua capacita\u00e7\u00e3o e seu desenvolvimento Membros atuais: Angelo Gabriel de Oliveira, Giane Smaniotto Dantas, Giuliano de Padua e Silva, Marcia Cristina Guidi Ganzella. Coordenador: Marcia Cristina Guidi [&hellip;]<\/p>\n","protected":false},"author":23873,"featured_media":0,"parent":4781,"menu_order":20,"comment_status":"closed","ping_status":"closed","template":"elementor_header_footer","meta":{"_monsterinsights_skip_tracking":false,"_monsterinsights_sitenote_active":false,"_monsterinsights_sitenote_note":"","_monsterinsights_sitenote_category":0,"footnotes":"","_links_to":"","_links_to_target":""},"class_list":["post-6799","page","type-page","status-publish","hentry","entry"],"_links":{"self":[{"href":"https:\/\/pusplq.usp.br\/index.php?rest_route=\/wp\/v2\/pages\/6799","targetHints":{"allow":["GET"]}}],"collection":[{"href":"https:\/\/pusplq.usp.br\/index.php?rest_route=\/wp\/v2\/pages"}],"about":[{"href":"https:\/\/pusplq.usp.br\/index.php?rest_route=\/wp\/v2\/types\/page"}],"author":[{"embeddable":true,"href":"https:\/\/pusplq.usp.br\/index.php?rest_route=\/wp\/v2\/users\/23873"}],"replies":[{"embeddable":true,"href":"https:\/\/pusplq.usp.br\/index.php?rest_route=%2Fwp%2Fv2%2Fcomments&post=6799"}],"version-history":[{"count":4,"href":"https:\/\/pusplq.usp.br\/index.php?rest_route=\/wp\/v2\/pages\/6799\/revisions"}],"predecessor-version":[{"id":6997,"href":"https:\/\/pusplq.usp.br\/index.php?rest_route=\/wp\/v2\/pages\/6799\/revisions\/6997"}],"up":[{"embeddable":true,"href":"https:\/\/pusplq.usp.br\/index.php?rest_route=\/wp\/v2\/pages\/4781"}],"wp:attachment":[{"href":"https:\/\/pusplq.usp.br\/index.php?rest_route=%2Fwp%2Fv2%2Fmedia&parent=6799"}],"curies":[{"name":"wp","href":"https:\/\/api.w.org\/{rel}","templated":true}]}}