{"id":6814,"date":"2024-11-18T10:10:06","date_gmt":"2024-11-18T13:10:06","guid":{"rendered":"https:\/\/pusplq.usp.br\/?page_id=6814"},"modified":"2025-09-11T14:00:13","modified_gmt":"2025-09-11T17:00:13","slug":"conselho-consultivo-da-casa-do-estudante-universitario-do-campus-luiz-de-queiroz","status":"publish","type":"page","link":"https:\/\/pusplq.usp.br\/?page_id=6814","title":{"rendered":"Conselho Consultivo da Casa do Estudante Universit\u00e1rio do Campus  &#8220;Luiz de Queiroz&#8221;"},"content":{"rendered":"\t\t<div data-elementor-type=\"wp-page\" data-elementor-id=\"6814\" class=\"elementor elementor-6814\" data-elementor-post-type=\"page\">\n\t\t\t\t\t\t<section class=\"elementor-section elementor-top-section elementor-element elementor-element-1e399e7 elementor-section-boxed elementor-section-height-default elementor-section-height-default\" data-id=\"1e399e7\" data-element_type=\"section\">\n\t\t\t\t\t\t<div class=\"elementor-container elementor-column-gap-default\">\n\t\t\t\t\t<div class=\"elementor-column elementor-col-100 elementor-top-column elementor-element elementor-element-f3dd95e\" data-id=\"f3dd95e\" data-element_type=\"column\">\n\t\t\t<div class=\"elementor-widget-wrap elementor-element-populated\">\n\t\t\t\t\t\t<div class=\"elementor-element elementor-element-3c9f7d4 elementor-widget elementor-widget-heading\" data-id=\"3c9f7d4\" data-element_type=\"widget\" data-widget_type=\"heading.default\">\n\t\t\t\t<div class=\"elementor-widget-container\">\n\t\t\t<h2 class=\"elementor-heading-title elementor-size-default\">Conselho Consultivo da Casa do Estudante Universit\u00e1rio do Campus  \"Luiz de Queiroz\"<\/h2>\t\t<\/div>\n\t\t\t\t<\/div>\n\t\t\t\t\t<\/div>\n\t\t<\/div>\n\t\t\t\t\t<\/div>\n\t\t<\/section>\n\t\t\t\t<section class=\"elementor-section elementor-top-section elementor-element elementor-element-1de931b elementor-section-boxed elementor-section-height-default elementor-section-height-default\" data-id=\"1de931b\" data-element_type=\"section\">\n\t\t\t\t\t\t<div class=\"elementor-container elementor-column-gap-default\">\n\t\t\t\t\t<div class=\"elementor-column elementor-col-100 elementor-top-column elementor-element elementor-element-4e2e78c\" data-id=\"4e2e78c\" data-element_type=\"column\">\n\t\t\t<div class=\"elementor-widget-wrap elementor-element-populated\">\n\t\t\t\t\t\t<div class=\"elementor-element elementor-element-be6eeae elementor-widget elementor-widget-html\" data-id=\"be6eeae\" data-element_type=\"widget\" data-widget_type=\"html.default\">\n\t\t\t\t<div class=\"elementor-widget-container\">\n\t\t\t<table class=\"comissoes\" width=\"900\" border=\"0\" width=\"900\" cellspacing=\"0\" cellpadding=\"0\"> \r\n  <tr>\r\n    <td width=\"189\" valign=\"top\"><p align=\"right\"><strong>Membros atuais:<\/strong><\/p><\/td>\r\n    <td width=\"508\" valign=\"top\"><p>Prof. Carlos Eduardo de Freitas Vian (LES\/ESALQ)(representa\u00e7\u00e3o docente) - \r\nProfa. Vania Galindo Massabni (LES\/ESALQ)(representa\u00e7\u00e3o docente) - \r\nMariana Nascimento Montenegro Bas\u00edlio (Repres. Discente-presidente da CEU) \r\nIngrid Matias do Nascimento (Repres. Discente-vice-presid. da CEU)\r\nEliana Maria de Souza P. Valsechi (DVATCOM\/PUSP-LQ)\r\nSolange Calabresi do Couto Souza (DVATCOM\/PUSP-LQ)\r\n<\/p><\/td>\r\n  <\/tr>\r\n  <tr>\r\n    <td width=\"189\" valign=\"top\"><p align=\"right\"><strong>Comiss\u00e3o institu\u00edda em:<\/strong><\/p><\/td>\r\n    <td width=\"508\" valign=\"top\"><p>18 de julho de 2023<\/p><\/td>\r\n  <\/tr>\r\n  <tr>\r\n    <td width=\"189\" valign=\"top\"><p align=\"right\"><strong>Portaria:<\/strong><\/p><\/td>\r\n    <td width=\"508\" valign=\"top\"><p>PORTARIA PUSP-LQ N\u00ba 010\/2023, de 18 de julho de 2023<br \/>\r\n      <\/p><\/td>\r\n  <\/tr>\r\n  <tr>\r\n    <td width=\"189\" valign=\"top\"><p align=\"right\"><strong>Mandato:<\/strong><\/p><\/td>\r\n    <td width=\"508\" valign=\"top\"><p>per\u00edodo 2023\/2025<\/p><\/td>\r\n  <\/tr>\r\n<\/table>\r\n<br>\r\n<p><strong>&nbsp;<\/strong><\/p>\t\t<\/div>\n\t\t\t\t<\/div>\n\t\t\t\t\t<\/div>\n\t\t<\/div>\n\t\t\t\t\t<\/div>\n\t\t<\/section>\n\t\t\t\t<\/div>\n\t\t","protected":false},"excerpt":{"rendered":"<p>Conselho Consultivo da Casa do Estudante Universit\u00e1rio do Campus &#8220;Luiz de Queiroz&#8221; Membros atuais: Prof. Carlos Eduardo de Freitas Vian (LES\/ESALQ)(representa\u00e7\u00e3o docente) &#8211; Profa. Vania Galindo Massabni (LES\/ESALQ)(representa\u00e7\u00e3o docente) &#8211; Mariana Nascimento Montenegro Bas\u00edlio (Repres. Discente-presidente da CEU) Ingrid Matias do Nascimento (Repres. Discente-vice-presid. da CEU) Eliana Maria de Souza P. Valsechi (DVATCOM\/PUSP-LQ) Solange Calabresi [&hellip;]<\/p>\n","protected":false},"author":23873,"featured_media":0,"parent":4781,"menu_order":50,"comment_status":"closed","ping_status":"closed","template":"elementor_header_footer","meta":{"_monsterinsights_skip_tracking":false,"_monsterinsights_sitenote_active":false,"_monsterinsights_sitenote_note":"","_monsterinsights_sitenote_category":0,"footnotes":"","_links_to":"","_links_to_target":""},"class_list":["post-6814","page","type-page","status-publish","hentry","entry"],"_links":{"self":[{"href":"https:\/\/pusplq.usp.br\/index.php?rest_route=\/wp\/v2\/pages\/6814","targetHints":{"allow":["GET"]}}],"collection":[{"href":"https:\/\/pusplq.usp.br\/index.php?rest_route=\/wp\/v2\/pages"}],"about":[{"href":"https:\/\/pusplq.usp.br\/index.php?rest_route=\/wp\/v2\/types\/page"}],"author":[{"embeddable":true,"href":"https:\/\/pusplq.usp.br\/index.php?rest_route=\/wp\/v2\/users\/23873"}],"replies":[{"embeddable":true,"href":"https:\/\/pusplq.usp.br\/index.php?rest_route=%2Fwp%2Fv2%2Fcomments&post=6814"}],"version-history":[{"count":4,"href":"https:\/\/pusplq.usp.br\/index.php?rest_route=\/wp\/v2\/pages\/6814\/revisions"}],"predecessor-version":[{"id":11811,"href":"https:\/\/pusplq.usp.br\/index.php?rest_route=\/wp\/v2\/pages\/6814\/revisions\/11811"}],"up":[{"embeddable":true,"href":"https:\/\/pusplq.usp.br\/index.php?rest_route=\/wp\/v2\/pages\/4781"}],"wp:attachment":[{"href":"https:\/\/pusplq.usp.br\/index.php?rest_route=%2Fwp%2Fv2%2Fmedia&parent=6814"}],"curies":[{"name":"wp","href":"https:\/\/api.w.org\/{rel}","templated":true}]}}