{"id":6819,"date":"2024-11-18T10:13:07","date_gmt":"2024-11-18T13:13:07","guid":{"rendered":"https:\/\/pusplq.usp.br\/?page_id=6819"},"modified":"2025-09-11T14:30:53","modified_gmt":"2025-09-11T17:30:53","slug":"comissao-de-mobilidade-sustentavel-do-campus-luiz-de-queiroz","status":"publish","type":"page","link":"https:\/\/pusplq.usp.br\/?page_id=6819","title":{"rendered":"Comiss\u00e3o de Mobilidade Sustent\u00e1vel do Campus \u201cLuiz de Queiroz\u201d"},"content":{"rendered":"\t\t<div data-elementor-type=\"wp-page\" data-elementor-id=\"6819\" class=\"elementor elementor-6819\" data-elementor-post-type=\"page\">\n\t\t\t\t\t\t<section class=\"elementor-section elementor-top-section elementor-element elementor-element-1a710ec elementor-section-boxed elementor-section-height-default elementor-section-height-default\" data-id=\"1a710ec\" data-element_type=\"section\">\n\t\t\t\t\t\t<div class=\"elementor-container elementor-column-gap-default\">\n\t\t\t\t\t<div class=\"elementor-column elementor-col-100 elementor-top-column elementor-element elementor-element-8f75c97\" data-id=\"8f75c97\" data-element_type=\"column\">\n\t\t\t<div class=\"elementor-widget-wrap elementor-element-populated\">\n\t\t\t\t\t\t<div class=\"elementor-element elementor-element-39180a5 elementor-widget elementor-widget-heading\" data-id=\"39180a5\" data-element_type=\"widget\" data-widget_type=\"heading.default\">\n\t\t\t\t<div class=\"elementor-widget-container\">\n\t\t\t<h2 class=\"elementor-heading-title elementor-size-default\">Comiss\u00e3o de Mobilidade Sustent\u00e1vel do Campus \u201cLuiz de Queiroz\u201d<\/h2>\t\t<\/div>\n\t\t\t\t<\/div>\n\t\t\t\t\t<\/div>\n\t\t<\/div>\n\t\t\t\t\t<\/div>\n\t\t<\/section>\n\t\t\t\t<section class=\"elementor-section elementor-top-section elementor-element elementor-element-a65fea7 elementor-section-boxed elementor-section-height-default elementor-section-height-default\" data-id=\"a65fea7\" data-element_type=\"section\">\n\t\t\t\t\t\t<div class=\"elementor-container elementor-column-gap-default\">\n\t\t\t\t\t<div class=\"elementor-column elementor-col-100 elementor-top-column elementor-element elementor-element-8b894e7\" data-id=\"8b894e7\" data-element_type=\"column\">\n\t\t\t<div class=\"elementor-widget-wrap elementor-element-populated\">\n\t\t\t\t\t\t<div class=\"elementor-element elementor-element-e554d1c elementor-widget elementor-widget-html\" data-id=\"e554d1c\" data-element_type=\"widget\" data-widget_type=\"html.default\">\n\t\t\t\t<div class=\"elementor-widget-container\">\n\t\t\t<table class=\"comissoes\" border=\"0\" width=\"900\" cellspacing=\"0\" cellpadding=\"0\">\r\n\r\n  <tr>\r\n    <td width=\"170\" valign=\"top\"><p align=\"right\"><strong>Objetivo:<\/strong><\/p><\/td>\r\n    <td width=\"527\" valign=\"top\"><p>A Comiss\u00e3o de Mobilidade Sustent\u00e1vel do Campus \u201cLuiz de Queiroz possui atribui\u00e7\u00e3o \r\ntornar a mobilidade o eixo central para ocupa\u00e7\u00e3o do espa\u00e7o e intera\u00e7\u00e3o entre as pessoas.<\/p><\/td>\r\n  <\/tr>\r\n  <tr>\r\n    <td width=\"170\" valign=\"top\"><p align=\"right\"><strong>Membros atuais: <\/strong><\/p><\/td>\r\n    <td width=\"527\" valign=\"top\"><p>Prof. Ciro Abbud Righi (CF\/ESALQ)(OORDENADOR) -\r\nAna Maria Meira de Lello (VGESTAMB\/PUSP-LQ) -\r\nJo\u00e3o Paulo da Silva (VMANOPER\/PUSP-LQ) - \r\nJos\u00e9 Antonio Alves (SCFISEG\/PUSP-LQ) -\r\nM\u00e1rcia Cristina Guidi Ganzella\t(DVMANOPER\/PUSP-LQ) - \r\nRoberta Helena Fiorotto Rodrigues Bacha (PUSP-LQ) -\r\nSonia Maria Mendes Fiore (DVATCOM\/PUSP-LQ) - \r\nValter Antonio Milanez (DVEF\/PUSP-LQ) - \r\nProf. Victor Alexandre Vitorello (CENA) -\r\nLucas Gabriel Marinho dos Santos (DVEF\/PUSP-LQ) -\r\nAcad. Leandro Dri Manfiolete Troncoso (Gradua\u00e7\u00e3o - ESALQ)\r\n<\/p><\/td>\r\n  <\/tr>\r\n  <tr>\r\n    <td width=\"170\" valign=\"top\"><p align=\"right\"><strong>Coordenador:<\/strong><\/p><\/td>\r\n    <td width=\"527\" valign=\"top\"><p>Prof. Dr. Ciro Abbud Righi<\/p><\/td>\r\n  <\/tr>\r\n  <tr>\r\n    <td width=\"170\" valign=\"top\"><p align=\"right\"><strong>Comiss\u00e3o institu\u00edda em:<\/strong><\/p><\/td>\r\n    <td width=\"527\" valign=\"top\"><p>31 de julho de 2023.<\/p><\/td>\r\n  <\/tr>\r\n  <tr>\r\n    <td width=\"170\" valign=\"top\"><p align=\"right\"><strong>Portaria:<\/strong><\/p><\/td>\r\n    <td width=\"527\" valign=\"top\"><p>PORTARIA CG No. 07\/2025, de 14 de julho de 2025.<\/p><\/td>\r\n  <\/tr>\r\n   <tr>\r\n    <td width=\"170\" valign=\"top\"><p align=\"right\"><strong>Mandato:<\/strong><\/p><\/td>\r\n    <td width=\"527\" valign=\"top\"><p>Docentes \u00a0\u00a0e servidores ser\u00e1 de dois anos e dos    acad\u00eamicos, de um ano. Permitindo-se recondu\u00e7\u00f5es<\/p><\/td>\r\n  <\/tr>\r\n<\/table>\r\n<br>\r\n<p>&nbsp;<\/p>\t\t<\/div>\n\t\t\t\t<\/div>\n\t\t\t\t\t<\/div>\n\t\t<\/div>\n\t\t\t\t\t<\/div>\n\t\t<\/section>\n\t\t\t\t<\/div>\n\t\t","protected":false},"excerpt":{"rendered":"<p>Comiss\u00e3o de Mobilidade Sustent\u00e1vel do Campus \u201cLuiz de Queiroz\u201d Objetivo: A Comiss\u00e3o de Mobilidade Sustent\u00e1vel do Campus \u201cLuiz de Queiroz possui atribui\u00e7\u00e3o tornar a mobilidade o eixo central para ocupa\u00e7\u00e3o do espa\u00e7o e intera\u00e7\u00e3o entre as pessoas. Membros atuais: Prof. Ciro Abbud Righi (CF\/ESALQ)(OORDENADOR) &#8211; Ana Maria Meira de Lello (VGESTAMB\/PUSP-LQ) &#8211; Jo\u00e3o Paulo da [&hellip;]<\/p>\n","protected":false},"author":23873,"featured_media":0,"parent":4781,"menu_order":60,"comment_status":"closed","ping_status":"closed","template":"elementor_header_footer","meta":{"_monsterinsights_skip_tracking":false,"_monsterinsights_sitenote_active":false,"_monsterinsights_sitenote_note":"","_monsterinsights_sitenote_category":0,"footnotes":"","_links_to":"","_links_to_target":""},"class_list":["post-6819","page","type-page","status-publish","hentry","entry"],"_links":{"self":[{"href":"https:\/\/pusplq.usp.br\/index.php?rest_route=\/wp\/v2\/pages\/6819","targetHints":{"allow":["GET"]}}],"collection":[{"href":"https:\/\/pusplq.usp.br\/index.php?rest_route=\/wp\/v2\/pages"}],"about":[{"href":"https:\/\/pusplq.usp.br\/index.php?rest_route=\/wp\/v2\/types\/page"}],"author":[{"embeddable":true,"href":"https:\/\/pusplq.usp.br\/index.php?rest_route=\/wp\/v2\/users\/23873"}],"replies":[{"embeddable":true,"href":"https:\/\/pusplq.usp.br\/index.php?rest_route=%2Fwp%2Fv2%2Fcomments&post=6819"}],"version-history":[{"count":4,"href":"https:\/\/pusplq.usp.br\/index.php?rest_route=\/wp\/v2\/pages\/6819\/revisions"}],"predecessor-version":[{"id":11817,"href":"https:\/\/pusplq.usp.br\/index.php?rest_route=\/wp\/v2\/pages\/6819\/revisions\/11817"}],"up":[{"embeddable":true,"href":"https:\/\/pusplq.usp.br\/index.php?rest_route=\/wp\/v2\/pages\/4781"}],"wp:attachment":[{"href":"https:\/\/pusplq.usp.br\/index.php?rest_route=%2Fwp%2Fv2%2Fmedia&parent=6819"}],"curies":[{"name":"wp","href":"https:\/\/api.w.org\/{rel}","templated":true}]}}