{"id":6842,"date":"2024-11-18T10:28:31","date_gmt":"2024-11-18T13:28:31","guid":{"rendered":"https:\/\/pusplq.usp.br\/?page_id=6842"},"modified":"2025-09-12T10:45:30","modified_gmt":"2025-09-12T13:45:30","slug":"comissao-tecnica-para-apoio-ao-manejo-do-parque-phillipe-westin-cabral-de-vasconcelos-no-campus-luiz-de-queiroz","status":"publish","type":"page","link":"https:\/\/pusplq.usp.br\/?page_id=6842","title":{"rendered":"Comiss\u00e3o T\u00e9cnica para apoio ao manejo do parque Phillipe Westin Cabral de Vasconcelos no Campus \u201cLuiz de Queiroz\u201d"},"content":{"rendered":"\t\t<div data-elementor-type=\"wp-page\" data-elementor-id=\"6842\" class=\"elementor elementor-6842\" data-elementor-post-type=\"page\">\n\t\t\t\t\t\t<section class=\"elementor-section elementor-top-section elementor-element elementor-element-267f31c elementor-section-boxed elementor-section-height-default elementor-section-height-default\" data-id=\"267f31c\" data-element_type=\"section\">\n\t\t\t\t\t\t<div class=\"elementor-container elementor-column-gap-default\">\n\t\t\t\t\t<div class=\"elementor-column elementor-col-100 elementor-top-column elementor-element elementor-element-3112299\" data-id=\"3112299\" data-element_type=\"column\">\n\t\t\t<div class=\"elementor-widget-wrap elementor-element-populated\">\n\t\t\t\t\t\t<div class=\"elementor-element elementor-element-d4ab6d1 elementor-widget elementor-widget-heading\" data-id=\"d4ab6d1\" data-element_type=\"widget\" data-widget_type=\"heading.default\">\n\t\t\t\t<div class=\"elementor-widget-container\">\n\t\t\t<h2 class=\"elementor-heading-title elementor-size-default\">Comiss\u00e3o T\u00e9cnica para apoio ao manejo do parque <em>Phillipe\u00a0Westin Cabral de Vasconcelos<\/em> no Campus \u201cLuiz de Queiroz\u201d<\/h2>\t\t<\/div>\n\t\t\t\t<\/div>\n\t\t\t\t\t<\/div>\n\t\t<\/div>\n\t\t\t\t\t<\/div>\n\t\t<\/section>\n\t\t\t\t<section class=\"elementor-section elementor-top-section elementor-element elementor-element-f1cb8d4 elementor-section-boxed elementor-section-height-default elementor-section-height-default\" data-id=\"f1cb8d4\" data-element_type=\"section\">\n\t\t\t\t\t\t<div class=\"elementor-container elementor-column-gap-default\">\n\t\t\t\t\t<div class=\"elementor-column elementor-col-100 elementor-top-column elementor-element elementor-element-f2cb2ac\" data-id=\"f2cb2ac\" data-element_type=\"column\">\n\t\t\t<div class=\"elementor-widget-wrap elementor-element-populated\">\n\t\t\t\t\t\t<div class=\"elementor-element elementor-element-25dfaed elementor-widget elementor-widget-html\" data-id=\"25dfaed\" data-element_type=\"widget\" data-widget_type=\"html.default\">\n\t\t\t\t<div class=\"elementor-widget-container\">\n\t\t\t<table class=\"comissoes\" border=\"0\" cellspacing=\"0\" cellpadding=\"0\" width=\"900\">\r\n\r\n  <tr>\r\n    <td width=\"189\" valign=\"top\"><p align=\"right\"><strong>Objetivo:<\/strong><\/p><\/td>\r\n    <td width=\"508\" valign=\"top\"><p>\u00c0 referida Comiss\u00e3o caber\u00e1: dar suporte as    atividades relacionados a manuten\u00e7\u00e3o e conserva\u00e7\u00e3o do Parque\u00a0 <em>Phillipe Westin Cabral de Vasconcelos<\/em>, em substitui\u00e7\u00e3o \u00e0 Comiss\u00e3o de \u00c1reas Verdes e Patrim\u00f4nio Hist\u00f3rico.\u00a0 <\/p><\/td>\r\n  <\/tr>\r\n  <tr>\r\n    <td width=\"189\" valign=\"top\"><p align=\"right\"><strong>Membros atuais:<\/strong><\/p><\/td>\r\n    <td width=\"508\" valign=\"top\"><p>\r\nAna Maria Meira de Lello (SVGESTAMB\/PUSP-LQ)(COORDENADORA) - \r\nProfa. Claudia Fabrino Machado Mattiuz (LPV\/ESALQ) -\r\nCl\u00e1udio Roberto Segatelli (LGN\/ESALQ) -\r\nProf. Dem\u00f3stenes Ferreira da Silva Filho (LCF\/ESALQ) -\r\nErreinaldo Donizeti Bortolazzo\t(LPV\/ESALQ) -\r\nProfa. Helaine Carrer\t(LCB\/ESALQ) -\r\nJo\u00e3o Carlos Teixeira Mendes (LCF\/ESALQ) -\r\nJefferson Lordello Polizel (LCF\/ESALQ) -\r\nProf. Jos\u00e9 Lavres Junior (CENA) -\r\nMarco Antonio Ferreira Perencin\t(SCAVMA\/PUSP-LQ) -\r\nProf. Pedro Henrique Santin Brancalion (LCF\/ESALQ) -\r\nProf. Renato Augusto Ferreira de Lima (LCB\/ESALQ) -\r\nFl\u00e1vio Adan Bonatti (LCB\/ESALQ) - \r\nProf. Lindolpho Capellari J\u00fanior (LCB\/ESALQ) -\r\nProf. Ricardo Ribeiro Rodrigues\t(LCB\/ESALQ) -\r\nLucas Gabriel Marinho dos Santos (DVEF\/PUSP-LQ) -\r\nProfa. Nathalia Cristina Costa do Nascimento (LCF\/ESALQ) -\r\nValter Antonio Milanez\t(DVEF\/PUSP-LQ) -\r\nViviane Yuri Jono (LCB\/ESALQ) <\/p><\/td>\r\n  <\/tr>\r\n  <tr>\r\n    <td width=\"189\" valign=\"top\"><p align=\"right\"><strong>Coordenador:<\/strong><\/p><\/td>\r\n    <td width=\"508\" valign=\"top\"><p>Sra. Ana Maria Meira de Lello - SVGESTAMB-66.<\/p><\/td>\r\n  <\/tr>\r\n  <tr>\r\n    <td width=\"189\" valign=\"top\"><p align=\"right\"><strong>Comiss\u00e3o institu\u00edda em:<\/strong><\/p><\/td>\r\n    <td width=\"508\" valign=\"top\"><p>78\u00aa Reuni\u00e3o Ordinaria do Conselho do Campus, de 19\/04\/2000; Reativada na 134\u00ba Reuni\u00e3o do Conselho, em 16\/08\/2006<\/p><\/td>\r\n  <\/tr>\r\n  <tr>\r\n    <td width=\"189\" valign=\"top\"><p align=\"right\"><strong>Portaria:<\/strong><\/p><\/td>\r\n    <td width=\"508\" valign=\"top\"><p>PORTARIA CG No. 14\/2025, de 15 de julho de 2025.\r\n<\/p><\/td>\r\n  <\/tr>\r\n   <tr>\r\n    <td width=\"189\" valign=\"top\"><p align=\"right\"><strong>Mandato:<\/strong><\/p><\/td>\r\n    <td width=\"508\" valign=\"top\"><p>2 anos (a contar da data de publica\u00e7\u00e3o da portaria) (permitido recondu\u00e7\u00e3o)<\/p><\/td>\r\n  <\/tr>\r\n<\/table>\t\t<\/div>\n\t\t\t\t<\/div>\n\t\t\t\t\t<\/div>\n\t\t<\/div>\n\t\t\t\t\t<\/div>\n\t\t<\/section>\n\t\t\t\t<\/div>\n\t\t","protected":false},"excerpt":{"rendered":"<p>Comiss\u00e3o T\u00e9cnica para apoio ao manejo do parque Phillipe\u00a0Westin Cabral de Vasconcelos no Campus \u201cLuiz de Queiroz\u201d Objetivo: \u00c0 referida Comiss\u00e3o caber\u00e1: dar suporte as atividades relacionados a manuten\u00e7\u00e3o e conserva\u00e7\u00e3o do Parque\u00a0 Phillipe Westin Cabral de Vasconcelos, em substitui\u00e7\u00e3o \u00e0 Comiss\u00e3o de \u00c1reas Verdes e Patrim\u00f4nio Hist\u00f3rico.\u00a0 Membros atuais: Ana Maria Meira de Lello [&hellip;]<\/p>\n","protected":false},"author":23873,"featured_media":0,"parent":4781,"menu_order":100,"comment_status":"closed","ping_status":"closed","template":"elementor_header_footer","meta":{"_monsterinsights_skip_tracking":false,"_monsterinsights_sitenote_active":false,"_monsterinsights_sitenote_note":"","_monsterinsights_sitenote_category":0,"footnotes":"","_links_to":"","_links_to_target":""},"class_list":["post-6842","page","type-page","status-publish","hentry","entry"],"_links":{"self":[{"href":"https:\/\/pusplq.usp.br\/index.php?rest_route=\/wp\/v2\/pages\/6842","targetHints":{"allow":["GET"]}}],"collection":[{"href":"https:\/\/pusplq.usp.br\/index.php?rest_route=\/wp\/v2\/pages"}],"about":[{"href":"https:\/\/pusplq.usp.br\/index.php?rest_route=\/wp\/v2\/types\/page"}],"author":[{"embeddable":true,"href":"https:\/\/pusplq.usp.br\/index.php?rest_route=\/wp\/v2\/users\/23873"}],"replies":[{"embeddable":true,"href":"https:\/\/pusplq.usp.br\/index.php?rest_route=%2Fwp%2Fv2%2Fcomments&post=6842"}],"version-history":[{"count":4,"href":"https:\/\/pusplq.usp.br\/index.php?rest_route=\/wp\/v2\/pages\/6842\/revisions"}],"predecessor-version":[{"id":11845,"href":"https:\/\/pusplq.usp.br\/index.php?rest_route=\/wp\/v2\/pages\/6842\/revisions\/11845"}],"up":[{"embeddable":true,"href":"https:\/\/pusplq.usp.br\/index.php?rest_route=\/wp\/v2\/pages\/4781"}],"wp:attachment":[{"href":"https:\/\/pusplq.usp.br\/index.php?rest_route=%2Fwp%2Fv2%2Fmedia&parent=6842"}],"curies":[{"name":"wp","href":"https:\/\/api.w.org\/{rel}","templated":true}]}}