{"id":6847,"date":"2024-11-18T10:32:30","date_gmt":"2024-11-18T13:32:30","guid":{"rendered":"https:\/\/pusplq.usp.br\/?page_id=6847"},"modified":"2025-09-12T14:17:24","modified_gmt":"2025-09-12T17:17:24","slug":"comissao-tecnica-permanente-de-prevencao-e-controle-da-febre-maculosa-brasileira-no-campus-luiz-de-queiroz","status":"publish","type":"page","link":"https:\/\/pusplq.usp.br\/?page_id=6847","title":{"rendered":"Comiss\u00e3o T\u00e9cnica Permanente de Preven\u00e7\u00e3o e Controle da Febre Maculosa Brasileira no Campus \u201cLuiz de Queiroz\u201d."},"content":{"rendered":"\t\t<div data-elementor-type=\"wp-page\" data-elementor-id=\"6847\" class=\"elementor elementor-6847\" data-elementor-post-type=\"page\">\n\t\t\t\t\t\t<section class=\"elementor-section elementor-top-section elementor-element elementor-element-7fa75e4 elementor-section-boxed elementor-section-height-default elementor-section-height-default\" data-id=\"7fa75e4\" data-element_type=\"section\">\n\t\t\t\t\t\t<div class=\"elementor-container elementor-column-gap-default\">\n\t\t\t\t\t<div class=\"elementor-column elementor-col-100 elementor-top-column elementor-element elementor-element-47aaa0a\" data-id=\"47aaa0a\" data-element_type=\"column\">\n\t\t\t<div class=\"elementor-widget-wrap elementor-element-populated\">\n\t\t\t\t\t\t<div class=\"elementor-element elementor-element-63644f2 elementor-widget elementor-widget-heading\" data-id=\"63644f2\" data-element_type=\"widget\" data-widget_type=\"heading.default\">\n\t\t\t\t<div class=\"elementor-widget-container\">\n\t\t\t<h2 class=\"elementor-heading-title elementor-size-default\">Comiss\u00e3o T\u00e9cnica Permanente de Preven\u00e7\u00e3o e Controle da Febre Maculosa Brasileira no Campus \u201cLuiz de Queiroz\u201d.<\/h2>\t\t<\/div>\n\t\t\t\t<\/div>\n\t\t\t\t\t<\/div>\n\t\t<\/div>\n\t\t\t\t\t<\/div>\n\t\t<\/section>\n\t\t\t\t<section class=\"elementor-section elementor-top-section elementor-element elementor-element-823f2bf elementor-section-boxed elementor-section-height-default elementor-section-height-default\" data-id=\"823f2bf\" data-element_type=\"section\">\n\t\t\t\t\t\t<div class=\"elementor-container elementor-column-gap-default\">\n\t\t\t\t\t<div class=\"elementor-column elementor-col-100 elementor-top-column elementor-element elementor-element-b167021\" data-id=\"b167021\" data-element_type=\"column\">\n\t\t\t<div class=\"elementor-widget-wrap elementor-element-populated\">\n\t\t\t\t\t\t<div class=\"elementor-element elementor-element-b144c09 elementor-widget elementor-widget-html\" data-id=\"b144c09\" data-element_type=\"widget\" data-widget_type=\"html.default\">\n\t\t\t\t<div class=\"elementor-widget-container\">\n\t\t\t<table class=\"comissoes\" border=\"0\" cellspacing=\"0\" cellpadding=\"0\">\r\n\r\n  <tr>\r\n    <td width=\"198\" valign=\"top\"><p align=\"right\"><strong>Objetivos: <\/strong><\/p><\/td>\r\n    <td width=\"499\" valign=\"top\"><p>S\u00e3o atribui\u00e7\u00f5es da Comiss\u00e3o T\u00e9cnica:    desenvolvimento de atividades relacionadas \u00e0 preven\u00e7\u00e3o e controle da Febre    Maculosa Brasileira, por meio de campanhas educativas, exclus\u00e3o de capivaras    das \u00e1reas de circula\u00e7\u00e3o de pessoas, monitoramento do carrapato estrela,    manejo reprodutivo de capivaras entre outras.<\/p><\/td>\r\n  <\/tr>\r\n  <tr>\r\n    <td width=\"198\" valign=\"top\"><p align=\"right\"><strong>Membros atuais:<\/strong><\/p><\/td>\r\n    <td width=\"499\"><p><\/strong>Prof. Evandro Maia Ferreira (ZT\/ESALQ)(OORDENADOR) -\r\nProf. Diogo Fleury Azevedo Costa (ZT\/ESALQ) (ICECOORDENADOR) -\r\nDra. Aurea Maria Oliveira Canavessi (PUSP-LQ) - \r\nDr. Carlos Alberto Perez consultor externo)(LNLS) -\r\nProf. Gilberto Jos\u00e9 de Moraes (LEA\/ESALQ) -\r\nProf. Adriano Pinter dos Santos\t(FMVZ\/USP) - \r\nDr. Cl\u00e1udio Roberto Segateli (LGN\/ESALQ) -\r\nDra. Darci Moraes Barros Battesti (DPRSU\/UNESP) -\r\nEduardo de Oliveira Costa Pini\t(ESALQ) -\r\nDr. Erreinaldo Donizeti Bortolazzo (LVP\/ESALQ) -\r\nProfa. Fernanda Battistella Passos Nunes (AZNUNES & CIA LTDA) -\r\nProf. Fl\u00e1vio Bertin Gandara Mendes\t(LCB\/ESALQ) -\r\nDr. Jo\u00e3o Carlos Teixeira Mendes\t(LCF\/ESALQ) -\r\n Eng. Agr. Jos\u00e9 Mauro Correa Alvarenga\t(SEMADES) -\r\nDra. Mait\u00ea Souza Sandoval (DEFAU\/SP) -\r\nProf. Marcelo Bahia Labruna (FMVZ\/USP) -\r\nDra. Monique Silva Pereira (DEFAU\/SEMIL) -\r\nMoys\u00e9s Sim\u00e3o Neto (DVADM\/CENA) -\r\nDra. Patr\u00edcia Locoste Ramos (DEFAU\/SP) -\r\nDra. Regina Lex Engel (CCZ\/Piracicaba) -\r\nProf. Ricardo Ribeiro Rodrigues\t(LCB\/ESALQ) -\r\nDra. Simone Simons (Instit. BUTANTAN) -\r\nProfa. S\u00f4nia Maria de Stefano Piedade (LCE\/ESALQ) -\r\nDr. Thiago Fernandes Martins (LEB\/ESALQ) -\r\nDr. Tufi Chalita (UBAS) - \r\n<\/p><\/td>\r\n  <\/tr>\r\n  <tr>\r\n    <td width=\"198\" valign=\"top\"><p align=\"right\"><strong>Coordenador:<\/strong><\/p><\/td>\r\n    <td width=\"499\" valign=\"top\"><p>Prof. Evandro Maia Ferreira \u2013 LZT\/ESALQ<\/p><\/td>\r\n  <\/tr>\r\n  <tr>\r\n    <td width=\"198\" valign=\"top\"><p align=\"right\"><strong>Comiss\u00e3o institu\u00edda em: <\/strong><\/p><\/td>\r\n    <td width=\"499\" valign=\"top\"><p>Portaria CG-LQ 01\/2014, de 03\/01\/2014. Publicado no D.O. em 10\/01\/2014<\/p><\/td>\r\n  <\/tr>\r\n  <tr>\r\n    <td width=\"198\" valign=\"top\"><p align=\"right\"><strong>Portaria:<\/strong><\/p><\/td>\r\n    <td width=\"499\"><p>PORTARIA CG No. 05\/2025, de  14 de julho de 2025.<br \/>\r\n   <\/p><\/td>\r\n  <\/tr>\r\n  <tr>\r\n    <td width=\"198\" valign=\"top\"><p align=\"right\"><strong>Mandato:<\/strong><\/p><\/td>\r\n    <td width=\"499\" valign=\"top\"><p>2 anos, para servidores e docentes\r\n-1 ano para acad\u00eamicos\r\n(permitido recondu\u00e7\u00f5es)\r\n<\/p><\/td>\r\n  <\/tr>\r\n<\/table>\r\n<p>&nbsp;<\/p>\t\t<\/div>\n\t\t\t\t<\/div>\n\t\t\t\t\t<\/div>\n\t\t<\/div>\n\t\t\t\t\t<\/div>\n\t\t<\/section>\n\t\t\t\t<\/div>\n\t\t","protected":false},"excerpt":{"rendered":"<p>Comiss\u00e3o T\u00e9cnica Permanente de Preven\u00e7\u00e3o e Controle da Febre Maculosa Brasileira no Campus \u201cLuiz de Queiroz\u201d. Objetivos: S\u00e3o atribui\u00e7\u00f5es da Comiss\u00e3o T\u00e9cnica: desenvolvimento de atividades relacionadas \u00e0 preven\u00e7\u00e3o e controle da Febre Maculosa Brasileira, por meio de campanhas educativas, exclus\u00e3o de capivaras das \u00e1reas de circula\u00e7\u00e3o de pessoas, monitoramento do carrapato estrela, manejo reprodutivo de [&hellip;]<\/p>\n","protected":false},"author":23873,"featured_media":0,"parent":4781,"menu_order":110,"comment_status":"closed","ping_status":"closed","template":"elementor_header_footer","meta":{"_monsterinsights_skip_tracking":false,"_monsterinsights_sitenote_active":false,"_monsterinsights_sitenote_note":"","_monsterinsights_sitenote_category":0,"footnotes":"","_links_to":"","_links_to_target":""},"class_list":["post-6847","page","type-page","status-publish","hentry","entry"],"_links":{"self":[{"href":"https:\/\/pusplq.usp.br\/index.php?rest_route=\/wp\/v2\/pages\/6847","targetHints":{"allow":["GET"]}}],"collection":[{"href":"https:\/\/pusplq.usp.br\/index.php?rest_route=\/wp\/v2\/pages"}],"about":[{"href":"https:\/\/pusplq.usp.br\/index.php?rest_route=\/wp\/v2\/types\/page"}],"author":[{"embeddable":true,"href":"https:\/\/pusplq.usp.br\/index.php?rest_route=\/wp\/v2\/users\/23873"}],"replies":[{"embeddable":true,"href":"https:\/\/pusplq.usp.br\/index.php?rest_route=%2Fwp%2Fv2%2Fcomments&post=6847"}],"version-history":[{"count":4,"href":"https:\/\/pusplq.usp.br\/index.php?rest_route=\/wp\/v2\/pages\/6847\/revisions"}],"predecessor-version":[{"id":11867,"href":"https:\/\/pusplq.usp.br\/index.php?rest_route=\/wp\/v2\/pages\/6847\/revisions\/11867"}],"up":[{"embeddable":true,"href":"https:\/\/pusplq.usp.br\/index.php?rest_route=\/wp\/v2\/pages\/4781"}],"wp:attachment":[{"href":"https:\/\/pusplq.usp.br\/index.php?rest_route=%2Fwp%2Fv2%2Fmedia&parent=6847"}],"curies":[{"name":"wp","href":"https:\/\/api.w.org\/{rel}","templated":true}]}}