{"id":6852,"date":"2024-11-18T10:38:30","date_gmt":"2024-11-18T13:38:30","guid":{"rendered":"https:\/\/pusplq.usp.br\/?page_id=6852"},"modified":"2025-09-12T11:25:22","modified_gmt":"2025-09-12T14:25:22","slug":"crh-comissao-de-recursos-hidricos","status":"publish","type":"page","link":"https:\/\/pusplq.usp.br\/?page_id=6852","title":{"rendered":"CRH \u2013 Comiss\u00e3o de Recursos H\u00eddricos"},"content":{"rendered":"\t\t<div data-elementor-type=\"wp-page\" data-elementor-id=\"6852\" class=\"elementor elementor-6852\" data-elementor-post-type=\"page\">\n\t\t\t\t\t\t<section class=\"elementor-section elementor-top-section elementor-element elementor-element-ef2c3ad elementor-section-boxed elementor-section-height-default elementor-section-height-default\" data-id=\"ef2c3ad\" data-element_type=\"section\">\n\t\t\t\t\t\t<div class=\"elementor-container elementor-column-gap-default\">\n\t\t\t\t\t<div class=\"elementor-column elementor-col-100 elementor-top-column elementor-element elementor-element-e867f85\" data-id=\"e867f85\" data-element_type=\"column\">\n\t\t\t<div class=\"elementor-widget-wrap elementor-element-populated\">\n\t\t\t\t\t\t<div class=\"elementor-element elementor-element-8a1c7a7 elementor-widget elementor-widget-heading\" data-id=\"8a1c7a7\" data-element_type=\"widget\" data-widget_type=\"heading.default\">\n\t\t\t\t<div class=\"elementor-widget-container\">\n\t\t\t<h2 class=\"elementor-heading-title elementor-size-default\">CRH - Comiss\u00e3o de Recursos H\u00eddricos<\/h2>\t\t<\/div>\n\t\t\t\t<\/div>\n\t\t\t\t\t<\/div>\n\t\t<\/div>\n\t\t\t\t\t<\/div>\n\t\t<\/section>\n\t\t\t\t<section class=\"elementor-section elementor-top-section elementor-element elementor-element-9797126 elementor-section-boxed elementor-section-height-default elementor-section-height-default\" data-id=\"9797126\" data-element_type=\"section\">\n\t\t\t\t\t\t<div class=\"elementor-container elementor-column-gap-default\">\n\t\t\t\t\t<div class=\"elementor-column elementor-col-100 elementor-top-column elementor-element elementor-element-3ce9cc4\" data-id=\"3ce9cc4\" data-element_type=\"column\">\n\t\t\t<div class=\"elementor-widget-wrap elementor-element-populated\">\n\t\t\t\t\t\t<div class=\"elementor-element elementor-element-0addd52 elementor-widget elementor-widget-html\" data-id=\"0addd52\" data-element_type=\"widget\" data-widget_type=\"html.default\">\n\t\t\t\t<div class=\"elementor-widget-container\">\n\t\t\t<table class=\"comissoes\" border=\"0\" width=\"900\" cellspacing=\"0\" cellpadding=\"0\">\r\n  <tr>\r\n    <td width=\"189\" valign=\"top\"><p align=\"right\"><strong>Objetivo:<\/strong><\/p><\/td>\r\n    <td width=\"508\" valign=\"top\"><p style=\"text-align: justify;\">A Comiss\u00e3o de Recursos H\u00eddricos do Campus \u201cLuiz de Queiroz\u201d realiza an\u00e1lises, reflex\u00f5es e sugest\u00f5es das ocorr\u00eancias cotidianas do Campus relacionadas \u00e0 \u00e1gua, procurando atuar na manuten\u00e7\u00e3o de preven\u00e7\u00e3o econ\u00f4mica e ambiental dos recursos h\u00eddricos existentes.<\/p>\r\n    <\/td>\r\n  <\/tr>\r\n  <tr>\r\n    <td width=\"189\" valign=\"top\"><p align=\"right\"><strong>Membros atuais: <\/strong><\/p><\/td>\r\n    <td width=\"508\"><p style=\"text-align: justify;\">Prof. Fernando Campos Mendon\u00e7a (LEB\/ESALQ) (COORDENADOR) -\r\nJair Sebasti\u00e3o da Silva Pinto (SECRET\u00c1RIO)(SCFISCALUP\/PUSP-LQ) - \r\nAna Maria Meira de Lello (SVGESTAMB\/PUSP-LQ) - \r\nCl\u00e1udio Roberto Segatelli (LGN\/ESALQ) - \r\nProf. Ernani Pinto Junior (CENA) -\r\nErreinaldo Donizeti Bortolazo (LPV\/ESALQ) -\r\nJo\u00e3o Carlos Teixeira Mendes (LCF\/ESALQ) -\r\nJo\u00e3o Paulo da Silva (DVMANOPER\/PUSP-LQ) -\r\nJos\u00e9 Carlos Ferreira (DVEF\/PUSP-LQ) - \r\nLuiz Fernando Gomes (SCCATRA\/PUSP-LQ) -\r\nProf. Pl\u00ednio Barbosa de Camargo\t(CENA) -\r\nRildo Moreira e Moreira\t(LCF\/ESALQ) -\r\nProf. Silvio Frosini de Barros Ferraz (LCF\/ESALQ) -\r\nValter Antonio Milanez\t(DVEF\/PUSP-LQ)  <\/p><\/td>\r\n  <\/tr>\r\n  <tr>\r\n    <td width=\"189\" valign=\"top\"><p align=\"right\"><strong>Coordenador:<\/strong><\/p><\/td>\r\n    <td width=\"508\" valign=\"top\"><p>Prof. Dr. Fernando Campos Mendon\u00e7a<strong> <\/strong><\/p><\/td>\r\n  <\/tr>\r\n  <tr>\r\n    <td width=\"189\" valign=\"top\"><p align=\"right\"><strong>Secret\u00e1rio:<\/strong><\/p><\/td>\r\n    <td width=\"508\" valign=\"top\"><p>Engo. Jair Sebasti\u00e3o S. Pinto.<strong> <\/strong><\/p><\/td>\r\n  <\/tr>\r\n  <tr>\r\n    <td width=\"189\" valign=\"top\"><p align=\"right\"><strong>Comiss\u00e3o institu\u00edda em:<\/strong><\/p><\/td>\r\n    <td width=\"508\" valign=\"top\"><p>Despacho do Prefeito do Campus \"Luiz de Queiroz\", em 17\/12\/2012<\/p><\/td>\r\n  <\/tr>\r\n  <tr>\r\n    <td width=\"189\" valign=\"top\"><p align=\"right\"><strong>Portaria:<\/strong><\/p><\/td>\r\n    <td width=\"508\" valign=\"top\"><p>PORTARIA CG No. 13\/2025, de 14 de julho de 2025.<\/p><\/td>\r\n  <\/tr>\r\n  <tr>\r\n    <td width=\"189\" valign=\"top\"><p align=\"right\"><strong>Site:<\/strong><\/p><\/td>\r\n    <td width=\"508\" valign=\"top\"><p><a href=\"https:\/\/www.pusplq.usp.br\/crh\">https:\/\/www.pusplq.usp.br\/crh<\/a><\/p><\/td>\r\n  <\/tr>\r\n  <tr>\r\n    <td width=\"189\" valign=\"top\"><p align=\"right\"><strong>E-mail<\/strong><\/p><\/td>\r\n    <td width=\"508\" valign=\"top\"><p>comissaorecursoshidricos@usp.br<\/p><\/td>\r\n  <\/tr>\r\n<\/table>\r\n<p>&nbsp;<\/p>\t\t<\/div>\n\t\t\t\t<\/div>\n\t\t\t\t\t<\/div>\n\t\t<\/div>\n\t\t\t\t\t<\/div>\n\t\t<\/section>\n\t\t\t\t<\/div>\n\t\t","protected":false},"excerpt":{"rendered":"<p>CRH &#8211; Comiss\u00e3o de Recursos H\u00eddricos Objetivo: A Comiss\u00e3o de Recursos H\u00eddricos do Campus \u201cLuiz de Queiroz\u201d realiza an\u00e1lises, reflex\u00f5es e sugest\u00f5es das ocorr\u00eancias cotidianas do Campus relacionadas \u00e0 \u00e1gua, procurando atuar na manuten\u00e7\u00e3o de preven\u00e7\u00e3o econ\u00f4mica e ambiental dos recursos h\u00eddricos existentes. Membros atuais: Prof. Fernando Campos Mendon\u00e7a (LEB\/ESALQ) (COORDENADOR) &#8211; Jair Sebasti\u00e3o da [&hellip;]<\/p>\n","protected":false},"author":23873,"featured_media":0,"parent":4781,"menu_order":120,"comment_status":"closed","ping_status":"closed","template":"elementor_header_footer","meta":{"_monsterinsights_skip_tracking":false,"_monsterinsights_sitenote_active":false,"_monsterinsights_sitenote_note":"","_monsterinsights_sitenote_category":0,"footnotes":"","_links_to":"","_links_to_target":""},"class_list":["post-6852","page","type-page","status-publish","hentry","entry"],"_links":{"self":[{"href":"https:\/\/pusplq.usp.br\/index.php?rest_route=\/wp\/v2\/pages\/6852","targetHints":{"allow":["GET"]}}],"collection":[{"href":"https:\/\/pusplq.usp.br\/index.php?rest_route=\/wp\/v2\/pages"}],"about":[{"href":"https:\/\/pusplq.usp.br\/index.php?rest_route=\/wp\/v2\/types\/page"}],"author":[{"embeddable":true,"href":"https:\/\/pusplq.usp.br\/index.php?rest_route=\/wp\/v2\/users\/23873"}],"replies":[{"embeddable":true,"href":"https:\/\/pusplq.usp.br\/index.php?rest_route=%2Fwp%2Fv2%2Fcomments&post=6852"}],"version-history":[{"count":4,"href":"https:\/\/pusplq.usp.br\/index.php?rest_route=\/wp\/v2\/pages\/6852\/revisions"}],"predecessor-version":[{"id":11852,"href":"https:\/\/pusplq.usp.br\/index.php?rest_route=\/wp\/v2\/pages\/6852\/revisions\/11852"}],"up":[{"embeddable":true,"href":"https:\/\/pusplq.usp.br\/index.php?rest_route=\/wp\/v2\/pages\/4781"}],"wp:attachment":[{"href":"https:\/\/pusplq.usp.br\/index.php?rest_route=%2Fwp%2Fv2%2Fmedia&parent=6852"}],"curies":[{"name":"wp","href":"https:\/\/api.w.org\/{rel}","templated":true}]}}