{"id":6860,"date":"2024-11-18T10:45:15","date_gmt":"2024-11-18T13:45:15","guid":{"rendered":"https:\/\/pusplq.usp.br\/?page_id=6860"},"modified":"2024-11-18T10:47:27","modified_gmt":"2024-11-18T13:47:27","slug":"gade-adequacao-ambiental-do-campus-luiz-de-queiroz","status":"publish","type":"page","link":"https:\/\/pusplq.usp.br\/?page_id=6860","title":{"rendered":"GADE &#8211; Adequa\u00e7\u00e3o Ambiental do Campus \u201cLuiz de Queiroz\u201d."},"content":{"rendered":"\t\t<div data-elementor-type=\"wp-page\" data-elementor-id=\"6860\" class=\"elementor elementor-6860\" data-elementor-post-type=\"page\">\n\t\t\t\t\t\t<section class=\"elementor-section elementor-top-section elementor-element elementor-element-1312e0c elementor-section-boxed elementor-section-height-default elementor-section-height-default\" data-id=\"1312e0c\" data-element_type=\"section\">\n\t\t\t\t\t\t<div class=\"elementor-container elementor-column-gap-default\">\n\t\t\t\t\t<div class=\"elementor-column elementor-col-100 elementor-top-column elementor-element elementor-element-586b558\" data-id=\"586b558\" data-element_type=\"column\">\n\t\t\t<div class=\"elementor-widget-wrap elementor-element-populated\">\n\t\t\t\t\t\t<div class=\"elementor-element elementor-element-f8d2330 elementor-widget elementor-widget-heading\" data-id=\"f8d2330\" data-element_type=\"widget\" data-widget_type=\"heading.default\">\n\t\t\t\t<div class=\"elementor-widget-container\">\n\t\t\t<h2 class=\"elementor-heading-title elementor-size-default\">GADE - Adequa\u00e7\u00e3o Ambiental do Campus \u201cLuiz de Queiroz\u201d.<\/h2>\t\t<\/div>\n\t\t\t\t<\/div>\n\t\t\t\t\t<\/div>\n\t\t<\/div>\n\t\t\t\t\t<\/div>\n\t\t<\/section>\n\t\t\t\t<section class=\"elementor-section elementor-top-section elementor-element elementor-element-e251a43 elementor-section-boxed elementor-section-height-default elementor-section-height-default\" data-id=\"e251a43\" data-element_type=\"section\">\n\t\t\t\t\t\t<div class=\"elementor-container elementor-column-gap-default\">\n\t\t\t\t\t<div class=\"elementor-column elementor-col-100 elementor-top-column elementor-element elementor-element-84af033\" data-id=\"84af033\" data-element_type=\"column\">\n\t\t\t<div class=\"elementor-widget-wrap elementor-element-populated\">\n\t\t\t\t\t\t<div class=\"elementor-element elementor-element-f488569 elementor-widget elementor-widget-html\" data-id=\"f488569\" data-element_type=\"widget\" data-widget_type=\"html.default\">\n\t\t\t\t<div class=\"elementor-widget-container\">\n\t\t\t<table width=\"900\" class=\"comissoes\" border=\"0\" cellspacing=\"0\" cellpadding=\"0\">\r\n\r\n  <tr>\r\n    <td width=\"189\" valign=\"top\"><p align=\"right\"><strong>Objetivos:<\/strong><\/p><\/td>\r\n    <td width=\"508\" valign=\"top\"><p>O grupo de trabalho possui atribui\u00e7\u00e3o para implantar o Projeto de Adequa\u00e7\u00e3o Ambiental do    Campus, gerenciamento de atividades e intera\u00e7\u00e3o teoria-pr\u00e1tica com o\u00a0 envolvimento\u00a0 de discentes.<\/p><\/td>\r\n  <\/tr>\r\n  <tr>\r\n    <td width=\"189\" valign=\"top\"><p align=\"right\"><strong>Membros atuais:<\/strong><\/p><\/td>\r\n    <td width=\"508\"><p>Prof. Pedro Henrique S. Brancalion - Orientador - LCF\/ESALQ, Prof. Ricardo Ribeiro Rodrigues \u2013 Vice- coordenador\tLCB\/ESALQ, Ramon Garrido Henrique \u2013 Coordenador acad\u00eamico - Acad. Eng. Florestal\/Agro Camille Castaldo Neiva Dias \u2013 Coordenadora acad\u00eamica - Acad\u00eamico Ci\u00eancias Biologicas, Ana Paula Pereira - Acad\u00eamicos, Beatriz de Paula Souza - Acad\u00eamicos, Caio Marcelino Soave - Acad\u00eamicos, Camila Mayume - Acad\u00eamicos, Caroline Kudlawiec - Acad\u00eamicos, Enzo Dias Claudio - Acad\u00eamicos, Igor Marques - Acad\u00eamicos, Gabriel Parreiras - Acad\u00eamicos, Giovanna Campanholi Delghingaro - Acad\u00eamicos, Giovanna Gouveia - Acad\u00eamicos, Kesya Marcia Alves - Acad\u00eamicos, Laura Coltro Estella - Acad\u00eamicos, Let\u00edcia de Souza Fazio - Acad\u00eamicos.\r\n<\/p><\/td>\r\n  <\/tr>\r\n  <tr>\r\n    <td width=\"189\" valign=\"top\"><p align=\"right\"><strong>Orientador:<\/strong><\/p><\/td>\r\n    <td width=\"508\" valign=\"top\"><p>Prof Pedro    Henrique S. Brancalion<\/p><\/td>\r\n  <\/tr>\r\n  <tr>\r\n    <td width=\"189\" valign=\"top\"><p align=\"right\"><strong>Vice coordenador:<\/strong><\/p><\/td>\r\n    <td width=\"508\" valign=\"top\"><p>Prof. Ricardo Ribeiro    Rodrigues<\/p><\/td>\r\n  <\/tr>\r\n  <tr>\r\n    <td width=\"189\" valign=\"top\"><p align=\"right\"><strong>Coordena\u00e7\u00e3o acad\u00eamica:<\/strong><\/p><\/td>\r\n    <td width=\"508\" valign=\"top\"><p>Ramon Garrido Henriques e Camille Castaldo Neiva Dias.<\/p><\/td>\r\n  <\/tr>\r\n  <tr>\r\n    <td width=\"189\" valign=\"top\"><p align=\"right\"><strong>Comiss\u00e3o institu\u00edda em:<\/strong><\/p><\/td>\r\n    <td width=\"508\" valign=\"top\"><p>2002<\/p><\/td>\r\n  <\/tr>\r\n  <tr>\r\n    <td width=\"189\" valign=\"top\"><p align=\"right\"><strong>Portaria: <\/strong><\/p><\/td>\r\n    <td width=\"508\" valign=\"top\"><p>Portaria CG 006\/21 \u2013 Publicada no Di\u00e1rio Oficial de 05\/08\/21<\/p><\/td>\r\n  <\/tr>\r\n  <tr>\r\n    <td width=\"189\" valign=\"top\"><p align=\"right\"><strong>Mandato: <\/strong><\/p><\/td>\r\n    <td width=\"508\" valign=\"top\"><p>2 anos para docentes - 1 ano para  acad\u00eamicos (permitido recondu\u00e7\u00f5es)\r\n<\/p><\/td>\r\n  <\/tr>\r\n<\/table>\r\n<p>&nbsp;<\/p><br clear=\"all\" \/>\t\t<\/div>\n\t\t\t\t<\/div>\n\t\t\t\t\t<\/div>\n\t\t<\/div>\n\t\t\t\t\t<\/div>\n\t\t<\/section>\n\t\t\t\t<\/div>\n\t\t","protected":false},"excerpt":{"rendered":"<p>GADE &#8211; Adequa\u00e7\u00e3o Ambiental do Campus \u201cLuiz de Queiroz\u201d. Objetivos: O grupo de trabalho possui atribui\u00e7\u00e3o para implantar o Projeto de Adequa\u00e7\u00e3o Ambiental do Campus, gerenciamento de atividades e intera\u00e7\u00e3o teoria-pr\u00e1tica com o\u00a0 envolvimento\u00a0 de discentes. Membros atuais: Prof. Pedro Henrique S. Brancalion &#8211; Orientador &#8211; LCF\/ESALQ, Prof. Ricardo Ribeiro Rodrigues \u2013 Vice- coordenador LCB\/ESALQ, [&hellip;]<\/p>\n","protected":false},"author":23873,"featured_media":0,"parent":4781,"menu_order":130,"comment_status":"closed","ping_status":"closed","template":"elementor_header_footer","meta":{"_monsterinsights_skip_tracking":false,"_monsterinsights_sitenote_active":false,"_monsterinsights_sitenote_note":"","_monsterinsights_sitenote_category":0,"footnotes":"","_links_to":"","_links_to_target":""},"class_list":["post-6860","page","type-page","status-publish","hentry","entry"],"_links":{"self":[{"href":"https:\/\/pusplq.usp.br\/index.php?rest_route=\/wp\/v2\/pages\/6860","targetHints":{"allow":["GET"]}}],"collection":[{"href":"https:\/\/pusplq.usp.br\/index.php?rest_route=\/wp\/v2\/pages"}],"about":[{"href":"https:\/\/pusplq.usp.br\/index.php?rest_route=\/wp\/v2\/types\/page"}],"author":[{"embeddable":true,"href":"https:\/\/pusplq.usp.br\/index.php?rest_route=\/wp\/v2\/users\/23873"}],"replies":[{"embeddable":true,"href":"https:\/\/pusplq.usp.br\/index.php?rest_route=%2Fwp%2Fv2%2Fcomments&post=6860"}],"version-history":[{"count":4,"href":"https:\/\/pusplq.usp.br\/index.php?rest_route=\/wp\/v2\/pages\/6860\/revisions"}],"predecessor-version":[{"id":6864,"href":"https:\/\/pusplq.usp.br\/index.php?rest_route=\/wp\/v2\/pages\/6860\/revisions\/6864"}],"up":[{"embeddable":true,"href":"https:\/\/pusplq.usp.br\/index.php?rest_route=\/wp\/v2\/pages\/4781"}],"wp:attachment":[{"href":"https:\/\/pusplq.usp.br\/index.php?rest_route=%2Fwp%2Fv2%2Fmedia&parent=6860"}],"curies":[{"name":"wp","href":"https:\/\/api.w.org\/{rel}","templated":true}]}}