{"id":6865,"date":"2024-11-18T10:57:45","date_gmt":"2024-11-18T13:57:45","guid":{"rendered":"https:\/\/pusplq.usp.br\/?page_id=6865"},"modified":"2024-11-18T11:01:06","modified_gmt":"2024-11-18T14:01:06","slug":"comissao-assessora-de-apoio-social-campus-luiz-de-queiroz","status":"publish","type":"page","link":"https:\/\/pusplq.usp.br\/?page_id=6865","title":{"rendered":"Comiss\u00e3o Assessora de Apoio Social \u2013 Campus \u201cLuiz de Queiroz\u201d"},"content":{"rendered":"\t\t<div data-elementor-type=\"wp-page\" data-elementor-id=\"6865\" class=\"elementor elementor-6865\" data-elementor-post-type=\"page\">\n\t\t\t\t\t\t<section class=\"elementor-section elementor-top-section elementor-element elementor-element-93932f9 elementor-section-boxed elementor-section-height-default elementor-section-height-default\" data-id=\"93932f9\" data-element_type=\"section\">\n\t\t\t\t\t\t<div class=\"elementor-container elementor-column-gap-default\">\n\t\t\t\t\t<div class=\"elementor-column elementor-col-100 elementor-top-column elementor-element elementor-element-441c39f\" data-id=\"441c39f\" data-element_type=\"column\">\n\t\t\t<div class=\"elementor-widget-wrap elementor-element-populated\">\n\t\t\t\t\t\t<div class=\"elementor-element elementor-element-de561af elementor-widget elementor-widget-heading\" data-id=\"de561af\" data-element_type=\"widget\" data-widget_type=\"heading.default\">\n\t\t\t\t<div class=\"elementor-widget-container\">\n\t\t\t<h2 class=\"elementor-heading-title elementor-size-default\">Comiss\u00e3o Assessora de Apoio Social \u2013 Campus \u201cLuiz de Queiroz\u201d<\/h2>\t\t<\/div>\n\t\t\t\t<\/div>\n\t\t\t\t\t<\/div>\n\t\t<\/div>\n\t\t\t\t\t<\/div>\n\t\t<\/section>\n\t\t\t\t<section class=\"elementor-section elementor-top-section elementor-element elementor-element-736468d elementor-section-boxed elementor-section-height-default elementor-section-height-default\" data-id=\"736468d\" data-element_type=\"section\">\n\t\t\t\t\t\t<div class=\"elementor-container elementor-column-gap-default\">\n\t\t\t\t\t<div class=\"elementor-column elementor-col-100 elementor-top-column elementor-element elementor-element-312ead0\" data-id=\"312ead0\" data-element_type=\"column\">\n\t\t\t<div class=\"elementor-widget-wrap elementor-element-populated\">\n\t\t\t\t\t\t<div class=\"elementor-element elementor-element-faf1dc9 elementor-widget elementor-widget-html\" data-id=\"faf1dc9\" data-element_type=\"widget\" data-widget_type=\"html.default\">\n\t\t\t\t<div class=\"elementor-widget-container\">\n\t\t\t<table class=\"comissoes\" border=\"0\" width=\"900\" cellspacing=\"0\" cellpadding=\"0\">\r\n\r\n  <tr>\r\n    <td width=\"198\" valign=\"top\"><p align=\"right\"><strong>Membros atuais:<\/strong><\/p><\/td>\r\n    <td width=\"499\" valign=\"top\"><p>Sra Eliana Maria de Souza Pacheco Valsechi (em recondu\u00e7\u00e3o), Sra. Sandra de F\u00e1tima Cruz e    Sra. Paula Telles Poeta (em recondu\u00e7\u00e3o), sob a presid\u00eancia da primeira.<\/p><\/td>\r\n  <\/tr>\r\n  <tr>\r\n    <td width=\"198\" valign=\"top\"><p align=\"right\"><strong>Presidente: <\/strong><\/p><\/td>\r\n    <td width=\"499\" valign=\"top\"><p>Eliana Maria de S. P. Valsechi - \u00a0DVATCOM\/PUSP<\/p><\/td>\r\n  <\/tr>\r\n  <tr>\r\n    <td width=\"198\" valign=\"top\"><p align=\"right\"><strong>Comiss\u00e3o institu\u00edda em:<\/strong><\/p><\/td>\r\n    <td width=\"499\" valign=\"top\"><p>Portaria GR-4.563, de 09\/11\/2009(ambito USP);\u00a0 Portaria\u00a0 n\u00ba27, de 30\/11\/2009<\/p><\/td>\r\n  <\/tr>\r\n  <tr>\r\n    <td width=\"198\" valign=\"top\"><p align=\"right\"><strong>Portaria:<\/strong><\/p><\/td>\r\n    <td width=\"499\" valign=\"top\"><p>PORTARIA N\u00ba 018\u2013 28-10-2021<\/p><\/td>\r\n  <\/tr>\r\n  <tr>\r\n    <td width=\"198\" valign=\"top\"><p align=\"right\"><strong>Mandato: <\/strong><\/p><\/td>\r\n    <td width=\"499\" valign=\"top\"><p>1 ano, sendo poss\u00edvel recondu\u00e7\u00e3o<\/p><\/td>\r\n  <\/tr>\r\n<\/table>\t\t<\/div>\n\t\t\t\t<\/div>\n\t\t\t\t\t<\/div>\n\t\t<\/div>\n\t\t\t\t\t<\/div>\n\t\t<\/section>\n\t\t\t\t<\/div>\n\t\t","protected":false},"excerpt":{"rendered":"<p>Comiss\u00e3o Assessora de Apoio Social \u2013 Campus \u201cLuiz de Queiroz\u201d Membros atuais: Sra Eliana Maria de Souza Pacheco Valsechi (em recondu\u00e7\u00e3o), Sra. Sandra de F\u00e1tima Cruz e Sra. Paula Telles Poeta (em recondu\u00e7\u00e3o), sob a presid\u00eancia da primeira. Presidente: Eliana Maria de S. P. Valsechi &#8211; \u00a0DVATCOM\/PUSP Comiss\u00e3o institu\u00edda em: Portaria GR-4.563, de 09\/11\/2009(ambito USP);\u00a0 [&hellip;]<\/p>\n","protected":false},"author":23873,"featured_media":0,"parent":4781,"menu_order":140,"comment_status":"closed","ping_status":"closed","template":"elementor_header_footer","meta":{"_monsterinsights_skip_tracking":false,"_monsterinsights_sitenote_active":false,"_monsterinsights_sitenote_note":"","_monsterinsights_sitenote_category":0,"footnotes":"","_links_to":"","_links_to_target":""},"class_list":["post-6865","page","type-page","status-publish","hentry","entry"],"_links":{"self":[{"href":"https:\/\/pusplq.usp.br\/index.php?rest_route=\/wp\/v2\/pages\/6865","targetHints":{"allow":["GET"]}}],"collection":[{"href":"https:\/\/pusplq.usp.br\/index.php?rest_route=\/wp\/v2\/pages"}],"about":[{"href":"https:\/\/pusplq.usp.br\/index.php?rest_route=\/wp\/v2\/types\/page"}],"author":[{"embeddable":true,"href":"https:\/\/pusplq.usp.br\/index.php?rest_route=\/wp\/v2\/users\/23873"}],"replies":[{"embeddable":true,"href":"https:\/\/pusplq.usp.br\/index.php?rest_route=%2Fwp%2Fv2%2Fcomments&post=6865"}],"version-history":[{"count":4,"href":"https:\/\/pusplq.usp.br\/index.php?rest_route=\/wp\/v2\/pages\/6865\/revisions"}],"predecessor-version":[{"id":6869,"href":"https:\/\/pusplq.usp.br\/index.php?rest_route=\/wp\/v2\/pages\/6865\/revisions\/6869"}],"up":[{"embeddable":true,"href":"https:\/\/pusplq.usp.br\/index.php?rest_route=\/wp\/v2\/pages\/4781"}],"wp:attachment":[{"href":"https:\/\/pusplq.usp.br\/index.php?rest_route=%2Fwp%2Fv2%2Fmedia&parent=6865"}],"curies":[{"name":"wp","href":"https:\/\/api.w.org\/{rel}","templated":true}]}}