{"id":6870,"date":"2024-11-18T11:04:12","date_gmt":"2024-11-18T14:04:12","guid":{"rendered":"https:\/\/pusplq.usp.br\/?page_id=6870"},"modified":"2025-09-12T14:32:03","modified_gmt":"2025-09-12T17:32:03","slug":"comissao-de-integracao-de-recursos-humanos","status":"publish","type":"page","link":"https:\/\/pusplq.usp.br\/?page_id=6870","title":{"rendered":"Comiss\u00e3o de Integra\u00e7\u00e3o de Recursos Humanos"},"content":{"rendered":"\t\t<div data-elementor-type=\"wp-page\" data-elementor-id=\"6870\" class=\"elementor elementor-6870\" data-elementor-post-type=\"page\">\n\t\t\t\t\t\t<section class=\"elementor-section elementor-top-section elementor-element elementor-element-10a42c4 elementor-section-boxed elementor-section-height-default elementor-section-height-default\" data-id=\"10a42c4\" data-element_type=\"section\">\n\t\t\t\t\t\t<div class=\"elementor-container elementor-column-gap-default\">\n\t\t\t\t\t<div class=\"elementor-column elementor-col-100 elementor-top-column elementor-element elementor-element-e9eb3c8\" data-id=\"e9eb3c8\" data-element_type=\"column\">\n\t\t\t<div class=\"elementor-widget-wrap elementor-element-populated\">\n\t\t\t\t\t\t<div class=\"elementor-element elementor-element-1e56aa8 elementor-widget elementor-widget-heading\" data-id=\"1e56aa8\" data-element_type=\"widget\" data-widget_type=\"heading.default\">\n\t\t\t\t<div class=\"elementor-widget-container\">\n\t\t\t<h2 class=\"elementor-heading-title elementor-size-default\">Comiss\u00e3o de Integra\u00e7\u00e3o de Recursos Humanos<\/h2>\t\t<\/div>\n\t\t\t\t<\/div>\n\t\t\t\t\t<\/div>\n\t\t<\/div>\n\t\t\t\t\t<\/div>\n\t\t<\/section>\n\t\t\t\t<section class=\"elementor-section elementor-top-section elementor-element elementor-element-97e9228 elementor-section-boxed elementor-section-height-default elementor-section-height-default\" data-id=\"97e9228\" data-element_type=\"section\">\n\t\t\t\t\t\t<div class=\"elementor-container elementor-column-gap-default\">\n\t\t\t\t\t<div class=\"elementor-column elementor-col-100 elementor-top-column elementor-element elementor-element-86d7385\" data-id=\"86d7385\" data-element_type=\"column\">\n\t\t\t<div class=\"elementor-widget-wrap elementor-element-populated\">\n\t\t\t\t\t\t<div class=\"elementor-element elementor-element-4f71cd3 elementor-widget elementor-widget-html\" data-id=\"4f71cd3\" data-element_type=\"widget\" data-widget_type=\"html.default\">\n\t\t\t\t<div class=\"elementor-widget-container\">\n\t\t\t<table class=\"comissoes\" border=\"0\" cellspacing=\"0\" cellpadding=\"0\">\r\n\r\n  <tr>\r\n    <td width=\"180\" valign=\"top\"><p align=\"right\"><strong>Membros atuais:<\/strong><\/p><\/td>\r\n    <td width=\"517\"><p>\r\nIvete Aparecida Steffe\t(ATAD\/ESALQ)\r\nDaniel Felipe de Camargo Franco\t(DA\/PUSP-LQ)\r\nMoyses Sim\u00e3o Neto (CENA)\r\nAna Claudia Camargo Ruffini (CeTI-LQ)<\/p><\/td>\r\n  <\/tr>\r\n  <tr>\r\n    <td width=\"180\" valign=\"top\"><p align=\"right\"><strong>Comiss\u00e3o institu\u00edda em:<\/strong><\/p><\/td>\r\n    <td width=\"517\" valign=\"top\"><p>40\u00aa    Reuni\u00e3o do Conselho Gestor do Campus, de 25 de abril de 2016 <\/p><\/td>\r\n  <\/tr>\r\n  <tr>\r\n    <td width=\"180\" valign=\"top\"><p align=\"right\"><strong>Portaria:<\/strong><\/p><\/td>\r\n    <td width=\"517\" valign=\"top\"><p>40\u00aa Reuni\u00e3o do Conselho Gestor do Campus,    de 25 de abril de 2016<\/p><\/td>\r\n  <\/tr>\r\n<\/table>\r\n<p>&nbsp;<\/p>\t\t<\/div>\n\t\t\t\t<\/div>\n\t\t\t\t\t<\/div>\n\t\t<\/div>\n\t\t\t\t\t<\/div>\n\t\t<\/section>\n\t\t\t\t<\/div>\n\t\t","protected":false},"excerpt":{"rendered":"<p>Comiss\u00e3o de Integra\u00e7\u00e3o de Recursos Humanos Membros atuais: Ivete Aparecida Steffe (ATAD\/ESALQ) Daniel Felipe de Camargo Franco (DA\/PUSP-LQ) Moyses Sim\u00e3o Neto (CENA) Ana Claudia Camargo Ruffini (CeTI-LQ) Comiss\u00e3o institu\u00edda em: 40\u00aa Reuni\u00e3o do Conselho Gestor do Campus, de 25 de abril de 2016 Portaria: 40\u00aa Reuni\u00e3o do Conselho Gestor do Campus, de 25 de abril [&hellip;]<\/p>\n","protected":false},"author":23873,"featured_media":0,"parent":4781,"menu_order":150,"comment_status":"closed","ping_status":"closed","template":"elementor_header_footer","meta":{"_monsterinsights_skip_tracking":false,"_monsterinsights_sitenote_active":false,"_monsterinsights_sitenote_note":"","_monsterinsights_sitenote_category":0,"footnotes":"","_links_to":"","_links_to_target":""},"class_list":["post-6870","page","type-page","status-publish","hentry","entry"],"_links":{"self":[{"href":"https:\/\/pusplq.usp.br\/index.php?rest_route=\/wp\/v2\/pages\/6870","targetHints":{"allow":["GET"]}}],"collection":[{"href":"https:\/\/pusplq.usp.br\/index.php?rest_route=\/wp\/v2\/pages"}],"about":[{"href":"https:\/\/pusplq.usp.br\/index.php?rest_route=\/wp\/v2\/types\/page"}],"author":[{"embeddable":true,"href":"https:\/\/pusplq.usp.br\/index.php?rest_route=\/wp\/v2\/users\/23873"}],"replies":[{"embeddable":true,"href":"https:\/\/pusplq.usp.br\/index.php?rest_route=%2Fwp%2Fv2%2Fcomments&post=6870"}],"version-history":[{"count":4,"href":"https:\/\/pusplq.usp.br\/index.php?rest_route=\/wp\/v2\/pages\/6870\/revisions"}],"predecessor-version":[{"id":11876,"href":"https:\/\/pusplq.usp.br\/index.php?rest_route=\/wp\/v2\/pages\/6870\/revisions\/11876"}],"up":[{"embeddable":true,"href":"https:\/\/pusplq.usp.br\/index.php?rest_route=\/wp\/v2\/pages\/4781"}],"wp:attachment":[{"href":"https:\/\/pusplq.usp.br\/index.php?rest_route=%2Fwp%2Fv2%2Fmedia&parent=6870"}],"curies":[{"name":"wp","href":"https:\/\/api.w.org\/{rel}","templated":true}]}}