{"id":6875,"date":"2024-11-18T13:22:02","date_gmt":"2024-11-18T16:22:02","guid":{"rendered":"https:\/\/pusplq.usp.br\/?page_id=6875"},"modified":"2025-09-12T14:39:17","modified_gmt":"2025-09-12T17:39:17","slug":"comissao-tecnica-permanente-de-combate-ao-mosquito-aedes-aegypti","status":"publish","type":"page","link":"https:\/\/pusplq.usp.br\/?page_id=6875","title":{"rendered":"Comiss\u00e3o T\u00e9cnica Permanente de Combate ao Mosquito Aedes aegypti"},"content":{"rendered":"\t\t<div data-elementor-type=\"wp-page\" data-elementor-id=\"6875\" class=\"elementor elementor-6875\" data-elementor-post-type=\"page\">\n\t\t\t\t\t\t<section class=\"elementor-section elementor-top-section elementor-element elementor-element-f4ac0a0 elementor-section-boxed elementor-section-height-default elementor-section-height-default\" data-id=\"f4ac0a0\" data-element_type=\"section\">\n\t\t\t\t\t\t<div class=\"elementor-container elementor-column-gap-default\">\n\t\t\t\t\t<div class=\"elementor-column elementor-col-100 elementor-top-column elementor-element elementor-element-b417ad3\" data-id=\"b417ad3\" data-element_type=\"column\">\n\t\t\t<div class=\"elementor-widget-wrap elementor-element-populated\">\n\t\t\t\t\t\t<div class=\"elementor-element elementor-element-c7e0de7 elementor-widget elementor-widget-heading\" data-id=\"c7e0de7\" data-element_type=\"widget\" data-widget_type=\"heading.default\">\n\t\t\t\t<div class=\"elementor-widget-container\">\n\t\t\t<h2 class=\"elementor-heading-title elementor-size-default\">Comiss\u00e3o T\u00e9cnica Permanente de Combate ao Mosquito <i>Aedes aegypti<\/i><\/h2>\t\t<\/div>\n\t\t\t\t<\/div>\n\t\t\t\t\t<\/div>\n\t\t<\/div>\n\t\t\t\t\t<\/div>\n\t\t<\/section>\n\t\t\t\t<section class=\"elementor-section elementor-top-section elementor-element elementor-element-70e2ffb elementor-section-boxed elementor-section-height-default elementor-section-height-default\" data-id=\"70e2ffb\" data-element_type=\"section\">\n\t\t\t\t\t\t<div class=\"elementor-container elementor-column-gap-default\">\n\t\t\t\t\t<div class=\"elementor-column elementor-col-100 elementor-top-column elementor-element elementor-element-62470da\" data-id=\"62470da\" data-element_type=\"column\">\n\t\t\t<div class=\"elementor-widget-wrap elementor-element-populated\">\n\t\t\t\t\t\t<div class=\"elementor-element elementor-element-f33a6fd elementor-widget elementor-widget-html\" data-id=\"f33a6fd\" data-element_type=\"widget\" data-widget_type=\"html.default\">\n\t\t\t\t<div class=\"elementor-widget-container\">\n\t\t\t<table border=\"0\" cellspacing=\"0\" cellpadding=\"0\" width=\"900\">\r\n  <tr>\r\n    <td width=\"180\" valign=\"top\"><p align=\"right\"><strong>Objetivo:<\/strong><\/p><\/td>\r\n    <td width=\"517\" valign=\"top\"><p>A atividade da Comiss\u00e3o \u00e9 desenvolver plano de a\u00e7\u00e3o de combate ao mosquito <em>Aedes aegypti<\/em>, com atividades voltadas ao monitoramento e de conten\u00e7\u00e3o da prolifera\u00e7\u00e3o de doen\u00e7as como a Dengue, Zika, Febre Amarela e Chikungunya, bem    como atividades educativas.\u00a0 <\/p><\/td>\r\n  <\/tr>\r\n  <tr>\r\n    <td width=\"180\" valign=\"top\"><p align=\"right\"><strong>Membros atuais:<\/strong><\/p><\/td>\r\n    <td width=\"517\"><p>Josenilton Luis Mandro (LEA\/ESALQ)(COORDENADOR)\r\nAna Maria Meira de Lello (SVGESTAMB\/PUSP-LQ)\r\nProf. Pedro Takao Yamamoto (LEA\/ESALQ)\r\nGilberto Messias Nascimento (CENA)\r\nJair Sebasti\u00e3o da Silva Pinto (SCFISCALUP\/PUSP-LQ)\r\nMarcelo Zacarias da Silva (CeTI-LQ)<\/p><\/td>\r\n  <\/tr>\r\n  <tr>\r\n    <td width=\"180\" valign=\"top\"><p align=\"right\"><strong>Coordenador:<\/strong><\/p><\/td>\r\n    <td width=\"517\" valign=\"top\"><p>Josenilton Luis Mandro (LEA\/ESALQ)<\/p><\/td>\r\n  <\/tr>\r\n  <tr>\r\n    <td width=\"180\" valign=\"top\"><p align=\"right\"><strong>Comiss\u00e3o institu\u00edda em: <\/strong><\/p><\/td>\r\n    <td width=\"517\" valign=\"top\"><p>44\u00aa Reuni\u00e3o do Conselho Gestor do Campus, de 24 de outubro de 2016<\/p><\/td>\r\n  <\/tr>\r\n  <tr>\r\n    <td width=\"180\" valign=\"top\"><p align=\"right\"><strong>Portaria: <\/strong><\/p><\/td>\r\n    <td width=\"517\" valign=\"top\"><p>PORTARIA CG No. 08\/2025, de  14 de julho de 2025.<\/p><\/td>\r\n  <\/tr>\r\n  <tr>\r\n    <td width=\"180\" valign=\"top\"><p align=\"right\"><strong>Mandato:<\/strong><\/p><\/td>\r\n    <td width=\"517\" valign=\"top\"><p>Docentes \u00a0e servidores ser\u00e1 de dois anos e dos    acad\u00eamicos, de um ano. Permitindo-se recondu\u00e7\u00f5es<\/p><\/td>\r\n  <\/tr>\r\n<\/table>\t\t<\/div>\n\t\t\t\t<\/div>\n\t\t\t\t\t<\/div>\n\t\t<\/div>\n\t\t\t\t\t<\/div>\n\t\t<\/section>\n\t\t\t\t<\/div>\n\t\t","protected":false},"excerpt":{"rendered":"<p>Comiss\u00e3o T\u00e9cnica Permanente de Combate ao Mosquito Aedes aegypti Objetivo: A atividade da Comiss\u00e3o \u00e9 desenvolver plano de a\u00e7\u00e3o de combate ao mosquito Aedes aegypti, com atividades voltadas ao monitoramento e de conten\u00e7\u00e3o da prolifera\u00e7\u00e3o de doen\u00e7as como a Dengue, Zika, Febre Amarela e Chikungunya, bem como atividades educativas.\u00a0 Membros atuais: Josenilton Luis Mandro (LEA\/ESALQ)(COORDENADOR) [&hellip;]<\/p>\n","protected":false},"author":23873,"featured_media":0,"parent":4781,"menu_order":200,"comment_status":"closed","ping_status":"closed","template":"elementor_header_footer","meta":{"_monsterinsights_skip_tracking":false,"_monsterinsights_sitenote_active":false,"_monsterinsights_sitenote_note":"","_monsterinsights_sitenote_category":0,"footnotes":"","_links_to":"","_links_to_target":""},"class_list":["post-6875","page","type-page","status-publish","hentry","entry"],"_links":{"self":[{"href":"https:\/\/pusplq.usp.br\/index.php?rest_route=\/wp\/v2\/pages\/6875","targetHints":{"allow":["GET"]}}],"collection":[{"href":"https:\/\/pusplq.usp.br\/index.php?rest_route=\/wp\/v2\/pages"}],"about":[{"href":"https:\/\/pusplq.usp.br\/index.php?rest_route=\/wp\/v2\/types\/page"}],"author":[{"embeddable":true,"href":"https:\/\/pusplq.usp.br\/index.php?rest_route=\/wp\/v2\/users\/23873"}],"replies":[{"embeddable":true,"href":"https:\/\/pusplq.usp.br\/index.php?rest_route=%2Fwp%2Fv2%2Fcomments&post=6875"}],"version-history":[{"count":4,"href":"https:\/\/pusplq.usp.br\/index.php?rest_route=\/wp\/v2\/pages\/6875\/revisions"}],"predecessor-version":[{"id":11882,"href":"https:\/\/pusplq.usp.br\/index.php?rest_route=\/wp\/v2\/pages\/6875\/revisions\/11882"}],"up":[{"embeddable":true,"href":"https:\/\/pusplq.usp.br\/index.php?rest_route=\/wp\/v2\/pages\/4781"}],"wp:attachment":[{"href":"https:\/\/pusplq.usp.br\/index.php?rest_route=%2Fwp%2Fv2%2Fmedia&parent=6875"}],"curies":[{"name":"wp","href":"https:\/\/api.w.org\/{rel}","templated":true}]}}