{"id":6876,"date":"2024-11-18T11:09:46","date_gmt":"2024-11-18T14:09:46","guid":{"rendered":"https:\/\/pusplq.usp.br\/?page_id=6876"},"modified":"2025-09-12T10:02:16","modified_gmt":"2025-09-12T13:02:16","slug":"ccin-comissao-do-centro-de-convivencia-infantil-do-campus-luiz-de-queiroz","status":"publish","type":"page","link":"https:\/\/pusplq.usp.br\/?page_id=6876","title":{"rendered":"CCin &#8211; Comiss\u00e3o do Centro de Conviv\u00eancia Infantil do Campus &#8220;Luiz de Queiroz&#8221;"},"content":{"rendered":"\t\t<div data-elementor-type=\"wp-page\" data-elementor-id=\"6876\" class=\"elementor elementor-6876\" data-elementor-post-type=\"page\">\n\t\t\t\t\t\t<section class=\"elementor-section elementor-top-section elementor-element elementor-element-64c17b6 elementor-section-boxed elementor-section-height-default elementor-section-height-default\" data-id=\"64c17b6\" data-element_type=\"section\">\n\t\t\t\t\t\t<div class=\"elementor-container elementor-column-gap-default\">\n\t\t\t\t\t<div class=\"elementor-column elementor-col-100 elementor-top-column elementor-element elementor-element-030cea0\" data-id=\"030cea0\" data-element_type=\"column\">\n\t\t\t<div class=\"elementor-widget-wrap elementor-element-populated\">\n\t\t\t\t\t\t<div class=\"elementor-element elementor-element-0ec8ef0 elementor-widget elementor-widget-heading\" data-id=\"0ec8ef0\" data-element_type=\"widget\" data-widget_type=\"heading.default\">\n\t\t\t\t<div class=\"elementor-widget-container\">\n\t\t\t<h2 class=\"elementor-heading-title elementor-size-default\">CCin - Comiss\u00e3o do Centro de Conviv\u00eancia Infantil do Campus \"Luiz de Queiroz\"<\/h2>\t\t<\/div>\n\t\t\t\t<\/div>\n\t\t\t\t\t<\/div>\n\t\t<\/div>\n\t\t\t\t\t<\/div>\n\t\t<\/section>\n\t\t\t\t<section class=\"elementor-section elementor-top-section elementor-element elementor-element-41e40ed elementor-section-boxed elementor-section-height-default elementor-section-height-default\" data-id=\"41e40ed\" data-element_type=\"section\">\n\t\t\t\t\t\t<div class=\"elementor-container elementor-column-gap-default\">\n\t\t\t\t\t<div class=\"elementor-column elementor-col-100 elementor-top-column elementor-element elementor-element-5996286\" data-id=\"5996286\" data-element_type=\"column\">\n\t\t\t<div class=\"elementor-widget-wrap elementor-element-populated\">\n\t\t\t\t\t\t<div class=\"elementor-element elementor-element-0dedaf6 elementor-widget elementor-widget-html\" data-id=\"0dedaf6\" data-element_type=\"widget\" data-widget_type=\"html.default\">\n\t\t\t\t<div class=\"elementor-widget-container\">\n\t\t\t<table class=\"comissoes\" width=\"900\" border=\"0\" cellspacing=\"0\" cellpadding=\"0\">\r\n\r\n  <tr>\r\n    <td width=\"161\" valign=\"top\"><p align=\"right\"><strong>Objetivo:<\/strong><\/p><\/td>\r\n    <td width=\"536\" valign=\"top\"><p>Tem a incumb\u00eancia de tra\u00e7ar diretrizes para o bom funcionamento do Centro de Conviv\u00eancia Infantil e tomar decis\u00f5es no que se refere \u00e0 sele\u00e7\u00e3o    das crian\u00e7as, disciplina interna e outros assuntos relacionados aos    servidores e pais, zelando pelo cumprimento do seu Regimento Interno.<\/p><\/td>\r\n  <\/tr>\r\n  <tr>\r\n    <td width=\"161\" valign=\"top\"><p align=\"right\"><strong>Membros    atuais:<\/strong><\/p><\/td>\r\n    <td width=\"536\" valign=\"top\"><p>\r\nThais Cristiane Campos de Moraes (VBIBL\/ESALQ)(Titular) - \t\r\nProf. Caio Cesar Coelho Rodrigues (LES\/ESALQ)(Titular)-\r\nAcad. Murilo Batista de Carvalho (Gradua\u00e7\u00e3o \u2013 ESALQ) (Titular) -\r\nAcad. Jessica Fernanda de Oliveira Jacob (P\u00f3s-Gradua\u00e7\u00e3o \u2013 ESALQ) (Titular) - \r\nKelly Beatriz Danelon Anselmo (CCIn\/PUSP-LQ)(Titular) -\r\nEliana Maria de Souza Pacheco Valsechi (DVATCOM\/PUSP-LQ) (Titular) - \r\nProf. Marcoandre Savaris (LEA\/ESALQ)(suplente) - \r\nAcad. La\u00eds Lima Chaves Fran\u00e7a (Gradua\u00e7\u00e3o \u2013 ESALQ)  (suplente) -\r\nAcad. Lila Soares Lima (P\u00f3s-Gradua\u00e7\u00e3o \u2013 ESALQ)(suplente) -\r\nBeatriz Soares Hungria Giannetti (CCIn\/PUSP-LQ)(Suplente) -\r\nSandra de F\u00e1tima Cruz (CCIn\/PUSP-LQ)(Suplente)\t\r\n<\/p><\/td>\r\n  <\/tr>\r\n  <tr>\r\n    <td width=\"161\" valign=\"top\"><p align=\"right\"><strong>Portaria:<\/strong><\/p><\/td>\r\n    <td width=\"536\" valign=\"top\"><p>PORTARIA  PUSPLQ n\u00ba011\/2023, 18 de julho de 2023   <\/p><\/td>\r\n  <\/tr>\r\n  <tr>\r\n    <td width=\"161\" valign=\"top\"><p align=\"right\"><strong>Comiss\u00e3o institu\u00edda em:<\/strong><\/p><\/td>\r\n    <td width=\"536\" valign=\"top\"><p > 18 de julho de 2023 <\/p><\/td>\r\n  <\/tr>\r\n  <tr>\r\n    <td width=\"161\" valign=\"top\"><p align=\"right\"><strong>Mandato:<\/strong><\/p><\/td>\r\n    <td width=\"536\" valign=\"top\"><p>O mandato dos membros dessa Comiss\u00e3o ser\u00e1 de um ano<\/p><\/td>\r\n  <\/tr>\r\n<\/table>\t\t<\/div>\n\t\t\t\t<\/div>\n\t\t\t\t\t<\/div>\n\t\t<\/div>\n\t\t\t\t\t<\/div>\n\t\t<\/section>\n\t\t\t\t<\/div>\n\t\t","protected":false},"excerpt":{"rendered":"<p>CCin &#8211; Comiss\u00e3o do Centro de Conviv\u00eancia Infantil do Campus &#8220;Luiz de Queiroz&#8221; Objetivo: Tem a incumb\u00eancia de tra\u00e7ar diretrizes para o bom funcionamento do Centro de Conviv\u00eancia Infantil e tomar decis\u00f5es no que se refere \u00e0 sele\u00e7\u00e3o das crian\u00e7as, disciplina interna e outros assuntos relacionados aos servidores e pais, zelando pelo cumprimento do seu [&hellip;]<\/p>\n","protected":false},"author":23873,"featured_media":0,"parent":4781,"menu_order":160,"comment_status":"closed","ping_status":"closed","template":"elementor_header_footer","meta":{"_monsterinsights_skip_tracking":false,"_monsterinsights_sitenote_active":false,"_monsterinsights_sitenote_note":"","_monsterinsights_sitenote_category":0,"footnotes":"","_links_to":"","_links_to_target":""},"class_list":["post-6876","page","type-page","status-publish","hentry","entry"],"_links":{"self":[{"href":"https:\/\/pusplq.usp.br\/index.php?rest_route=\/wp\/v2\/pages\/6876","targetHints":{"allow":["GET"]}}],"collection":[{"href":"https:\/\/pusplq.usp.br\/index.php?rest_route=\/wp\/v2\/pages"}],"about":[{"href":"https:\/\/pusplq.usp.br\/index.php?rest_route=\/wp\/v2\/types\/page"}],"author":[{"embeddable":true,"href":"https:\/\/pusplq.usp.br\/index.php?rest_route=\/wp\/v2\/users\/23873"}],"replies":[{"embeddable":true,"href":"https:\/\/pusplq.usp.br\/index.php?rest_route=%2Fwp%2Fv2%2Fcomments&post=6876"}],"version-history":[{"count":4,"href":"https:\/\/pusplq.usp.br\/index.php?rest_route=\/wp\/v2\/pages\/6876\/revisions"}],"predecessor-version":[{"id":11833,"href":"https:\/\/pusplq.usp.br\/index.php?rest_route=\/wp\/v2\/pages\/6876\/revisions\/11833"}],"up":[{"embeddable":true,"href":"https:\/\/pusplq.usp.br\/index.php?rest_route=\/wp\/v2\/pages\/4781"}],"wp:attachment":[{"href":"https:\/\/pusplq.usp.br\/index.php?rest_route=%2Fwp%2Fv2%2Fmedia&parent=6876"}],"curies":[{"name":"wp","href":"https:\/\/api.w.org\/{rel}","templated":true}]}}