{"id":6887,"date":"2024-11-18T13:18:58","date_gmt":"2024-11-18T16:18:58","guid":{"rendered":"https:\/\/pusplq.usp.br\/?page_id=6887"},"modified":"2025-09-12T15:08:08","modified_gmt":"2025-09-12T18:08:08","slug":"comissao-tecnica-de-gestao-ambiental-do-campus-usp-luiz-de-queiroz","status":"publish","type":"page","link":"https:\/\/pusplq.usp.br\/?page_id=6887","title":{"rendered":"Comiss\u00e3o T\u00e9cnica de  Gest\u00e3o Ambiental do Campus USP &quot;Luiz de Queiroz&#8221;"},"content":{"rendered":"\t\t<div data-elementor-type=\"wp-page\" data-elementor-id=\"6887\" class=\"elementor elementor-6887\" data-elementor-post-type=\"page\">\n\t\t\t\t\t\t<section class=\"elementor-section elementor-top-section elementor-element elementor-element-c63ac39 elementor-section-boxed elementor-section-height-default elementor-section-height-default\" data-id=\"c63ac39\" data-element_type=\"section\">\n\t\t\t\t\t\t<div class=\"elementor-container elementor-column-gap-default\">\n\t\t\t\t\t<div class=\"elementor-column elementor-col-100 elementor-top-column elementor-element elementor-element-47fdb1d\" data-id=\"47fdb1d\" data-element_type=\"column\">\n\t\t\t<div class=\"elementor-widget-wrap elementor-element-populated\">\n\t\t\t\t\t\t<div class=\"elementor-element elementor-element-2795bea elementor-widget elementor-widget-heading\" data-id=\"2795bea\" data-element_type=\"widget\" data-widget_type=\"heading.default\">\n\t\t\t\t<div class=\"elementor-widget-container\">\n\t\t\t<h2 class=\"elementor-heading-title elementor-size-default\">Comiss\u00e3o T\u00e9cnica de  Gest\u00e3o Ambiental do Campus USP \"Luiz de Queiroz\"<\/h2>\t\t<\/div>\n\t\t\t\t<\/div>\n\t\t\t\t\t<\/div>\n\t\t<\/div>\n\t\t\t\t\t<\/div>\n\t\t<\/section>\n\t\t\t\t<section class=\"elementor-section elementor-top-section elementor-element elementor-element-8266b4d elementor-section-boxed elementor-section-height-default elementor-section-height-default\" data-id=\"8266b4d\" data-element_type=\"section\">\n\t\t\t\t\t\t<div class=\"elementor-container elementor-column-gap-default\">\n\t\t\t\t\t<div class=\"elementor-column elementor-col-100 elementor-top-column elementor-element elementor-element-030afc5\" data-id=\"030afc5\" data-element_type=\"column\">\n\t\t\t<div class=\"elementor-widget-wrap elementor-element-populated\">\n\t\t\t\t\t\t<div class=\"elementor-element elementor-element-8bfd742 elementor-widget elementor-widget-html\" data-id=\"8bfd742\" data-element_type=\"widget\" data-widget_type=\"html.default\">\n\t\t\t\t<div class=\"elementor-widget-container\">\n\t\t\t<table class=\"comissoes\" border=\"0\" cellspacing=\"0\" cellpadding=\"0\" width=\"900\" >\r\n\r\n  <tr>\r\n    <td width=\"180\" valign=\"top\"><p style=\"text-align: justify;\"><strong>Objetivo:&nbsp;<\/strong><\/p><\/td>\r\n    <td width=\"517\" valign=\"top\"><p style=\"text-align: justify;\">\u00c0 referida Comiss\u00e3o caber\u00e1: elaborar e monitorar o Plano Diretor Ambiental do Campus, revis\u00e1-lo a cada oito anos, disponibilizar informa\u00e7\u00f5es sobre a sua implementa\u00e7\u00e3o e operacionaliza\u00e7\u00e3o, elaborar relat\u00f3rios e auxiliar no enfretamento de problemas ambientais locais.   &nbsp;<\/p><\/td>\r\n  <\/tr>\r\n   <tr>\r\n    <td width=\"180\" valign=\"top\"><p style=\"text-align: justify;\"><strong>Membros atuais:<\/strong><\/p><\/td>\r\n    <td width=\"517\"><p style=\"text-align: justify;\">Prof. Miguel Cooper (LSO\/ESALQ)(COORDENADOR) -\r\nAna Maria Meira de Lello (SVGESTAMB\/PUSP-LQ)(VICECOORDENADORA) -\r\nArthur Roberto Silva (SVGAMRQ\/ESALQ) -\r\nProf. Carlos Eduardo de Freitas Vian (LES\/ESALQ) -\r\nProf. Carlos Eduardo Pellegrino Cerri (LSO\/ESALQ) -\r\nProf. Ciro Abbud Righi (LCF\/ESALQ) -\r\nCl\u00e1udio Roberto Segatelli (LGN\/ESALQ) -\r\nErreinaldo Donizeti Bortolazzo\t(LPV\/ESALQ) -\r\nGlauco Arnold Tavares (GTRES\/CENA) -\r\nJo\u00e3o Carlos Teixeira Mendes (LCF\/ESALQ) -\r\nProfa. Katia Maria Paschoaletto Micchi de Barros Ferraz\t(LCF\/ESALQ) -\r\nProf. Marcos Yassuo Kamogawa (LCE\/ESALQ) -\r\nProf. Pl\u00ednio Barbosa de Camargo\t(CENA) -\r\nProf. Ricardo Ribeiro Rodrigues\t(LCB\/ESALQ) -\r\nRoberta Helena Fiorotto Rodrigues Bacha\t(PUSP-LQ) -\r\nProf. Silvio Frosini de Barros Ferraz\t(LCF\/ESALQ) -\r\nProfa. Taciana Villela Savian (LCE\/ESALQ) -\r\nProf. Thiago Lib\u00f3rio Romanelli (LEB\/ESALQ) -\r\nValter Antonio Milanez (DVEF\/PUSP-LQ) -\r\nProf. Fernando Campos Mendon\u00e7a (LEB\/ESALQ) -\r\nLucas Gabriel Marinho dos Santos (DVEF\/PUSP-LQ) -\r\nProfa. Maria Paula Cardeal Volpi (LEB\/ESALQ) -\r\nAcad. Janaina Barreta\tDoutorado (ESALQ) -\r\nAcad. Sebastian Cooper\tGradua\u00e7\u00e3o (ESALQ)<\/p><\/td>\r\n  <\/tr>\r\n  <tr>\r\n    <td width=\"180\" valign=\"top\"><p align=\"right\"><strong>Coordenador:<\/strong><\/p><\/td>\r\n    <td width=\"517\" valign=\"top\"><p>Prof. Miguel Cooper <\/p><\/td>\r\n  <\/tr>\r\n  <tr>\r\n    <td width=\"180\" valign=\"top\"><p align=\"right\"><strong>Vice Coordenadora:<\/strong><\/p><\/td>\r\n    <td width=\"517\" valign=\"top\"><p>Ana Maria Meira de Lello (SVGESTAMB\/PUSP-LQ)<\/p><\/td>\r\n  <\/tr>\r\n  <tr>\r\n    <td width=\"180\" valign=\"top\"><p align=\"right\"><strong>Comiss\u00e3o institu\u00edda em:<\/strong><\/p><\/td>\r\n    <td width=\"517\" valign=\"top\"><p>31 de julho de 2023<\/p><\/td>\r\n  <\/tr>\r\n  <tr>\r\n    <td width=\"180\" valign=\"top\"><p align=\"right\"><strong>Portaria:<\/strong><\/p><\/td>\r\n    <td width=\"517\" valign=\"top\"><p>PORTARIA CG No. 12\/2025, de  14 de julho de 2025.<\/p><\/td>\r\n  <\/tr>\r\n  <tr>\r\n    <td width=\"180\" valign=\"top\"><p align=\"right\"><strong>Mandato:<\/strong><\/p><\/td>\r\n    <td width=\"517\"><p style=\"text-align: justify;\">O mandato dos docentes e dos servidores t\u00e9cnicos e administrativos ser\u00e1 de dois anos, permitindo-se recondu\u00e7\u00f5es<\/p><\/td>\r\n  <\/tr>\r\n<\/table>\t\t<\/div>\n\t\t\t\t<\/div>\n\t\t\t\t\t<\/div>\n\t\t<\/div>\n\t\t\t\t\t<\/div>\n\t\t<\/section>\n\t\t\t\t<\/div>\n\t\t","protected":false},"excerpt":{"rendered":"<p>Comiss\u00e3o T\u00e9cnica de Gest\u00e3o Ambiental do Campus USP &#8220;Luiz de Queiroz&#8221; Objetivo:&nbsp; \u00c0 referida Comiss\u00e3o caber\u00e1: elaborar e monitorar o Plano Diretor Ambiental do Campus, revis\u00e1-lo a cada oito anos, disponibilizar informa\u00e7\u00f5es sobre a sua implementa\u00e7\u00e3o e operacionaliza\u00e7\u00e3o, elaborar relat\u00f3rios e auxiliar no enfretamento de problemas ambientais locais. &nbsp; Membros atuais: Prof. Miguel Cooper (LSO\/ESALQ)(COORDENADOR) [&hellip;]<\/p>\n","protected":false},"author":23873,"featured_media":0,"parent":4781,"menu_order":180,"comment_status":"closed","ping_status":"closed","template":"elementor_header_footer","meta":{"_monsterinsights_skip_tracking":false,"_monsterinsights_sitenote_active":false,"_monsterinsights_sitenote_note":"","_monsterinsights_sitenote_category":0,"footnotes":"","_links_to":"","_links_to_target":""},"class_list":["post-6887","page","type-page","status-publish","hentry","entry"],"_links":{"self":[{"href":"https:\/\/pusplq.usp.br\/index.php?rest_route=\/wp\/v2\/pages\/6887","targetHints":{"allow":["GET"]}}],"collection":[{"href":"https:\/\/pusplq.usp.br\/index.php?rest_route=\/wp\/v2\/pages"}],"about":[{"href":"https:\/\/pusplq.usp.br\/index.php?rest_route=\/wp\/v2\/types\/page"}],"author":[{"embeddable":true,"href":"https:\/\/pusplq.usp.br\/index.php?rest_route=\/wp\/v2\/users\/23873"}],"replies":[{"embeddable":true,"href":"https:\/\/pusplq.usp.br\/index.php?rest_route=%2Fwp%2Fv2%2Fcomments&post=6887"}],"version-history":[{"count":4,"href":"https:\/\/pusplq.usp.br\/index.php?rest_route=\/wp\/v2\/pages\/6887\/revisions"}],"predecessor-version":[{"id":11888,"href":"https:\/\/pusplq.usp.br\/index.php?rest_route=\/wp\/v2\/pages\/6887\/revisions\/11888"}],"up":[{"embeddable":true,"href":"https:\/\/pusplq.usp.br\/index.php?rest_route=\/wp\/v2\/pages\/4781"}],"wp:attachment":[{"href":"https:\/\/pusplq.usp.br\/index.php?rest_route=%2Fwp%2Fv2%2Fmedia&parent=6887"}],"curies":[{"name":"wp","href":"https:\/\/api.w.org\/{rel}","templated":true}]}}