{"id":6903,"date":"2024-11-18T13:28:08","date_gmt":"2024-11-18T16:28:08","guid":{"rendered":"https:\/\/pusplq.usp.br\/?page_id=6903"},"modified":"2025-08-11T09:53:45","modified_gmt":"2025-08-11T12:53:45","slug":"grupo-de-trabalho-de-regularizacao-fundiaria-e-ambiental-do-campus","status":"publish","type":"page","link":"https:\/\/pusplq.usp.br\/?page_id=6903","title":{"rendered":"Grupo de Trabalho de Regulariza\u00e7\u00e3o Fundi\u00e1ria e Ambiental do Campus"},"content":{"rendered":"\t\t<div data-elementor-type=\"wp-page\" data-elementor-id=\"6903\" class=\"elementor elementor-6903\" data-elementor-post-type=\"page\">\n\t\t\t\t\t\t<section class=\"elementor-section elementor-top-section elementor-element elementor-element-ec1457a elementor-section-boxed elementor-section-height-default elementor-section-height-default\" data-id=\"ec1457a\" data-element_type=\"section\">\n\t\t\t\t\t\t<div class=\"elementor-container elementor-column-gap-default\">\n\t\t\t\t\t<div class=\"elementor-column elementor-col-100 elementor-top-column elementor-element elementor-element-e8d587b\" data-id=\"e8d587b\" data-element_type=\"column\">\n\t\t\t<div class=\"elementor-widget-wrap elementor-element-populated\">\n\t\t\t\t\t\t<div class=\"elementor-element elementor-element-c50aafc elementor-widget elementor-widget-heading\" data-id=\"c50aafc\" data-element_type=\"widget\" data-widget_type=\"heading.default\">\n\t\t\t\t<div class=\"elementor-widget-container\">\n\t\t\t<h2 class=\"elementor-heading-title elementor-size-default\">Grupo de Trabalho de Regulariza\u00e7\u00e3o Fundi\u00e1ria e Ambiental do Campus<\/h2>\t\t<\/div>\n\t\t\t\t<\/div>\n\t\t\t\t\t<\/div>\n\t\t<\/div>\n\t\t\t\t\t<\/div>\n\t\t<\/section>\n\t\t\t\t<section class=\"elementor-section elementor-top-section elementor-element elementor-element-53f3d40 elementor-section-boxed elementor-section-height-default elementor-section-height-default\" data-id=\"53f3d40\" data-element_type=\"section\">\n\t\t\t\t\t\t<div class=\"elementor-container elementor-column-gap-default\">\n\t\t\t\t\t<div class=\"elementor-column elementor-col-100 elementor-top-column elementor-element elementor-element-8264762\" data-id=\"8264762\" data-element_type=\"column\">\n\t\t\t<div class=\"elementor-widget-wrap elementor-element-populated\">\n\t\t\t\t\t\t<div class=\"elementor-element elementor-element-9e135f6 elementor-widget elementor-widget-html\" data-id=\"9e135f6\" data-element_type=\"widget\" data-widget_type=\"html.default\">\n\t\t\t\t<div class=\"elementor-widget-container\">\n\t\t\t<table class=\"comissoes\" border=\"0\" cellspacing=\"0\" cellpadding=\"0\" width=\"900\">\r\n  <tr>\r\n    <td width=\"180\" valign=\"top\"><p align=\"right\"><strong>Objetivo:<\/strong><\/p><\/td>\r\n    <td width=\"517\" valign=\"top\"><p>I- Realizar o diagn\u00f3stico da situa\u00e7\u00e3o do campus perante os \u00f3rg\u00e3os ambientais;<br \/>\r\n      II- Organizar as informa\u00e7\u00f5es e    necessidades para a adequa\u00e7\u00e3o fundi\u00e1ria e ambiental do campus;<br \/>\r\n      III -\u00a0    atuar na elabora\u00e7\u00e3o de um banco de dados ambientais e de uso do solo    do campus;<br \/>\r\n      III - Orientar procedimentos e elaborar    relat\u00f3rios para a resolu\u00e7\u00e3o de pend\u00eancias junto aos \u00f3rg\u00e3os ambientais e dar    direcionamentos aos processos afins;<br \/>\r\n      IV - Contribuir na elabora\u00e7\u00e3o de projetos, editais para licita\u00e7\u00f5es de servi\u00e7os para a adequa\u00e7\u00e3o ambiental do    campus.<\/p><\/td>\r\n  <\/tr>\r\n  <tr>\r\n    <td width=\"180\" valign=\"top\"><p align=\"right\"><strong>Membros t\u00e9cnicos:<\/strong><\/p><\/td>\r\n    <td width=\"517\"><p>Ana Maria Meira de Lello, Arthur Roberto Silva, Cl\u00e1udio Roberto Segatelli, Erreinaldo Donizeti Bortolazzo, Glauco Arnold Tavares, Jo\u00e3o Carlos Teixeira Mendes, Jo\u00e3o Paulo da Silva, Lucas Gabriel Marinho dos Santos, Rildo Moreira e Moreira e Valter Antonio Milanez.<\/p><\/td>\r\n  <\/tr>\r\n  <tr>\r\n    <td width=\"180\" valign=\"top\"><p align=\"right\"><strong>Membros da equipe de apoio:<\/strong><\/p><\/td>\r\n    <td width=\"517\"><p>Designar como membros da equipe de apoio do referido grupo, os seguintes docentes: Prof. Alexandre Reis Percequillo, Prof. Miguel Cooper e Prof. Pedro Henrique Santin Brancalion<\/p><\/td>\r\n  <\/tr>\r\n  <tr>\r\n    <td width=\"180\" valign=\"top\"><p align=\"right\"><strong>Coordenador: <\/strong><\/p><\/td>\r\n    <td width=\"517\" valign=\"top\"><p> Engo. Jo\u00e3o Carlos Teixeira Mendes<\/p><\/td>\r\n  <\/tr>\r\n   <tr>\r\n    <td width=\"180\" valign=\"top\"><p align=\"right\"><strong>Comiss\u00e3o institu\u00edda em: <\/strong><\/p><\/td>\r\n    <td width=\"517\" valign=\"top\"><p>PORTARIA CG No. 07\/2023, de 31 de julho de 2023.<\/p><\/td>\r\n  <\/tr>\r\n  <tr>\r\n    <td width=\"180\" valign=\"top\"><p align=\"right\"><strong>Portaria:<\/strong><\/p><\/td>\r\n    <td width=\"517\" valign=\"top\"><p>PORTARIA CG No. 16\/2025, de 14 de julho de 2025<\/p><\/td>\r\n  <\/tr>\r\n  <tr>\r\n    <td width=\"180\" valign=\"top\"><p align=\"right\"><strong>Mandato: <\/strong><\/p><\/td>\r\n    <td width=\"517\" valign=\"top\"><p>A representa\u00e7\u00e3o discente, eleita por seus pares, corresponder\u00e1 a dez por cento do total de docentes, com mandato de um ano, permitido recondu\u00e7\u00e3o. <\/p><\/td>\r\n  <\/tr>\r\n <\/table>\t\t<\/div>\n\t\t\t\t<\/div>\n\t\t\t\t\t<\/div>\n\t\t<\/div>\n\t\t\t\t\t<\/div>\n\t\t<\/section>\n\t\t\t\t<\/div>\n\t\t","protected":false},"excerpt":{"rendered":"<p>Grupo de Trabalho de Regulariza\u00e7\u00e3o Fundi\u00e1ria e Ambiental do Campus Objetivo: I- Realizar o diagn\u00f3stico da situa\u00e7\u00e3o do campus perante os \u00f3rg\u00e3os ambientais; II- Organizar as informa\u00e7\u00f5es e necessidades para a adequa\u00e7\u00e3o fundi\u00e1ria e ambiental do campus; III &#8211;\u00a0 atuar na elabora\u00e7\u00e3o de um banco de dados ambientais e de uso do solo do campus; [&hellip;]<\/p>\n","protected":false},"author":23873,"featured_media":0,"parent":4781,"menu_order":210,"comment_status":"closed","ping_status":"closed","template":"elementor_header_footer","meta":{"_monsterinsights_skip_tracking":false,"_monsterinsights_sitenote_active":false,"_monsterinsights_sitenote_note":"","_monsterinsights_sitenote_category":0,"footnotes":"","_links_to":"","_links_to_target":""},"class_list":["post-6903","page","type-page","status-publish","hentry","entry"],"_links":{"self":[{"href":"https:\/\/pusplq.usp.br\/index.php?rest_route=\/wp\/v2\/pages\/6903","targetHints":{"allow":["GET"]}}],"collection":[{"href":"https:\/\/pusplq.usp.br\/index.php?rest_route=\/wp\/v2\/pages"}],"about":[{"href":"https:\/\/pusplq.usp.br\/index.php?rest_route=\/wp\/v2\/types\/page"}],"author":[{"embeddable":true,"href":"https:\/\/pusplq.usp.br\/index.php?rest_route=\/wp\/v2\/users\/23873"}],"replies":[{"embeddable":true,"href":"https:\/\/pusplq.usp.br\/index.php?rest_route=%2Fwp%2Fv2%2Fcomments&post=6903"}],"version-history":[{"count":4,"href":"https:\/\/pusplq.usp.br\/index.php?rest_route=\/wp\/v2\/pages\/6903\/revisions"}],"predecessor-version":[{"id":11491,"href":"https:\/\/pusplq.usp.br\/index.php?rest_route=\/wp\/v2\/pages\/6903\/revisions\/11491"}],"up":[{"embeddable":true,"href":"https:\/\/pusplq.usp.br\/index.php?rest_route=\/wp\/v2\/pages\/4781"}],"wp:attachment":[{"href":"https:\/\/pusplq.usp.br\/index.php?rest_route=%2Fwp%2Fv2%2Fmedia&parent=6903"}],"curies":[{"name":"wp","href":"https:\/\/api.w.org\/{rel}","templated":true}]}}