{"id":6908,"date":"2024-11-18T13:32:06","date_gmt":"2024-11-18T16:32:06","guid":{"rendered":"https:\/\/pusplq.usp.br\/?page_id=6908"},"modified":"2025-09-12T15:27:10","modified_gmt":"2025-09-12T18:27:10","slug":"nucleo-de-radioprotecao-no-campus-luiz-de-queiroz","status":"publish","type":"page","link":"https:\/\/pusplq.usp.br\/?page_id=6908","title":{"rendered":"N\u00facleo de Radioprote\u00e7\u00e3o no Campus  &#8220;Luiz de Queiroz&#8221;"},"content":{"rendered":"\t\t<div data-elementor-type=\"wp-page\" data-elementor-id=\"6908\" class=\"elementor elementor-6908\" data-elementor-post-type=\"page\">\n\t\t\t\t\t\t<section class=\"elementor-section elementor-top-section elementor-element elementor-element-a3ea2ca elementor-section-boxed elementor-section-height-default elementor-section-height-default\" data-id=\"a3ea2ca\" data-element_type=\"section\">\n\t\t\t\t\t\t<div class=\"elementor-container elementor-column-gap-default\">\n\t\t\t\t\t<div class=\"elementor-column elementor-col-100 elementor-top-column elementor-element elementor-element-1d281b2\" data-id=\"1d281b2\" data-element_type=\"column\">\n\t\t\t<div class=\"elementor-widget-wrap elementor-element-populated\">\n\t\t\t\t\t\t<div class=\"elementor-element elementor-element-7e1c076 elementor-widget elementor-widget-heading\" data-id=\"7e1c076\" data-element_type=\"widget\" data-widget_type=\"heading.default\">\n\t\t\t\t<div class=\"elementor-widget-container\">\n\t\t\t<h2 class=\"elementor-heading-title elementor-size-default\">N\u00facleo de Radioprote\u00e7\u00e3o no Campus  \"Luiz de Queiroz\"<\/h2>\t\t<\/div>\n\t\t\t\t<\/div>\n\t\t\t\t\t<\/div>\n\t\t<\/div>\n\t\t\t\t\t<\/div>\n\t\t<\/section>\n\t\t\t\t<section class=\"elementor-section elementor-top-section elementor-element elementor-element-e1fc86a elementor-section-boxed elementor-section-height-default elementor-section-height-default\" data-id=\"e1fc86a\" data-element_type=\"section\">\n\t\t\t\t\t\t<div class=\"elementor-container elementor-column-gap-default\">\n\t\t\t\t\t<div class=\"elementor-column elementor-col-100 elementor-top-column elementor-element elementor-element-03f96e9\" data-id=\"03f96e9\" data-element_type=\"column\">\n\t\t\t<div class=\"elementor-widget-wrap elementor-element-populated\">\n\t\t\t\t\t\t<div class=\"elementor-element elementor-element-7b552a9 elementor-widget elementor-widget-html\" data-id=\"7b552a9\" data-element_type=\"widget\" data-widget_type=\"html.default\">\n\t\t\t\t<div class=\"elementor-widget-container\">\n\t\t\t<table class=\"comissoes\" border=\"0\" cellspacing=\"0\" cellpadding=\"0\" width=\"900\">\r\n\r\n  <tr>\r\n    <td width=\"180\" valign=\"top\"><p align=\"right\"><strong>Objetivo:<\/strong><\/p><\/td>\r\n    <td width=\"517\" valign=\"top\"><p>O N\u00facleo de Radioprote\u00e7\u00e3o do Campus \"Luiz de Queiroz\" foi criado para promover o desenvolvimento da prote\u00e7\u00e3o radiol\u00f3gica no campus e por extens\u00e3o \u00e0 sociedade, e contribuir para a forma\u00e7\u00e3o de cultura de seguran\u00e7a e prote\u00e7\u00e3o radiol\u00f3gica.\r\n\r\n\t<li>Planejar e coordenar a padroniza\u00e7\u00e3o de programas e procedimentos em prote\u00e7\u00e3o radiol\u00f3gica no Campus  \u201cLuiz de Queiroz\u201d e promover a sua divulga\u00e7\u00e3o, com vistas a sua  implementa\u00e7\u00e3o.<\/li>\r\n\r\n\t<li>Fomentar, atrav\u00e9s do assessoramento cuidadoso e de qualidade, a conscientiza\u00e7\u00e3o dos usu\u00e1rios de fontes emissoras de radia\u00e7\u00e3o ionizante no Campus, quanto aos aspectos de prote\u00e7\u00e3o radiol\u00f3gica.<\/li>\r\n\r\n\t<li>Disseminar informa\u00e7\u00f5es qualificadas em prote\u00e7\u00e3o radiol\u00f3gica, tecnicamente embasadas e com vi\u00e9s  para o o car\u00e1ter filos\u00f3fico de sua aplica\u00e7\u00e3o.<\/li>\r\n<li>Contribuir para na orienta\u00e7\u00e3o e educa\u00e7\u00e3o para forma\u00e7\u00e3o de recursos humanos na \u00e1rea de prote\u00e7\u00e3o radiol\u00f3gica.<\/li>\r\n      <\/ul><\/td>\r\n  <\/tr>\r\n  <tr>\r\n    <td width=\"180\" valign=\"top\"><p align=\"right\"><strong>Membros atuais:<\/strong><\/p><\/td>\r\n    <td width=\"517\"><p>Jo\u00e3o Carlos Teixeira Mendes (LCF\/ESALQ)(COORDENADOR)\r\nAna Maria Meira de Lello (SVGESTAMB\/PUSP-LQ) -\r\nArthur Roberto Silva (SVGAMRQ\/ESALQ) -\r\nCl\u00e1udio Roberto Segatelli (LGN\/ESALQ) -\r\nErreinaldo Donizeti Bortolazzo (LPV\/ESALQ) - \r\nGlauco Arnold Tavares (GTRES\/CENA) -\r\nJo\u00e3o Paulo da Silva (DVMANOPER\/PUSP-LQ) - \r\nLucas Gabriel Marinho dos Santos (DVEF\/PUSP-LQ) -\r\nRildo Moreira e Moreira\t(LCF\/ESALQ) -\r\nValter Antonio Milanez\t(DVEF\/PUSP-LQ) -\r\nProf. Alexandre Reis Percequillo (LCB\/ESALQ) -\r\nProf. Miguel Cooper (LSO\/ESALQ) -\r\nProf. Pedro Henrique Santin Brancalion (LCF\/ESALQ)\r\n<\/p><\/td>\r\n  <\/tr>\r\n   <tr>\r\n    <td width=\"180\"><p align=\"right\"><strong>Coordenador:<\/strong><\/p><\/td>\r\n    <td width=\"517\" valign=\"top\"><p>Sr Walter Siqueira Paes<\/p><\/td>\r\n  <\/tr>\r\n  <tr>\r\n    <td width=\"180\" valign=\"top\"><p align=\"right\"><strong>Comiss\u00e3o institu\u00edda em:<\/strong><\/p><\/td>\r\n    <td width=\"517\" valign=\"top\"><p>49\u00aa Reuni\u00e3o do Conselho Gestor do Campus, de 19 de junho de 2017 E 50\u00aa Reuni\u00e3o do Conselho Gestor do Campus, de 21 de agosto de 2017 (membros)\r\n<\/p><\/td>\r\n  <\/tr>\r\n  <tr>\r\n    <td width=\"180\" valign=\"top\"><p align=\"right\"><strong>Portaria:<\/strong><\/p><\/td>\r\n    <td width=\"517\" valign=\"top\"><p>PORTARIA CG No. 06\/2025, de 14 de julho de 2025<\/p><\/td>\r\n  <\/tr>\r\n  <tr>\r\n    <td width=\"180\" valign=\"top\"><p align=\"right\"><strong>Mandato:<\/strong><\/p><\/td>\r\n    <td width=\"517\" valign=\"top\"><p>com mandato de um ano.<\/td>\r\n  <\/tr>\r\n\r\n<\/table>\r\n<p>&nbsp;<\/p>\t\t<\/div>\n\t\t\t\t<\/div>\n\t\t\t\t\t<\/div>\n\t\t<\/div>\n\t\t\t\t\t<\/div>\n\t\t<\/section>\n\t\t\t\t<\/div>\n\t\t","protected":false},"excerpt":{"rendered":"<p>N\u00facleo de Radioprote\u00e7\u00e3o no Campus &#8220;Luiz de Queiroz&#8221; Objetivo: O N\u00facleo de Radioprote\u00e7\u00e3o do Campus &#8220;Luiz de Queiroz&#8221; foi criado para promover o desenvolvimento da prote\u00e7\u00e3o radiol\u00f3gica no campus e por extens\u00e3o \u00e0 sociedade, e contribuir para a forma\u00e7\u00e3o de cultura de seguran\u00e7a e prote\u00e7\u00e3o radiol\u00f3gica. Planejar e coordenar a padroniza\u00e7\u00e3o de programas e procedimentos [&hellip;]<\/p>\n","protected":false},"author":23873,"featured_media":0,"parent":4781,"menu_order":220,"comment_status":"closed","ping_status":"closed","template":"elementor_header_footer","meta":{"_monsterinsights_skip_tracking":false,"_monsterinsights_sitenote_active":false,"_monsterinsights_sitenote_note":"","_monsterinsights_sitenote_category":0,"footnotes":"","_links_to":"","_links_to_target":""},"class_list":["post-6908","page","type-page","status-publish","hentry","entry"],"_links":{"self":[{"href":"https:\/\/pusplq.usp.br\/index.php?rest_route=\/wp\/v2\/pages\/6908","targetHints":{"allow":["GET"]}}],"collection":[{"href":"https:\/\/pusplq.usp.br\/index.php?rest_route=\/wp\/v2\/pages"}],"about":[{"href":"https:\/\/pusplq.usp.br\/index.php?rest_route=\/wp\/v2\/types\/page"}],"author":[{"embeddable":true,"href":"https:\/\/pusplq.usp.br\/index.php?rest_route=\/wp\/v2\/users\/23873"}],"replies":[{"embeddable":true,"href":"https:\/\/pusplq.usp.br\/index.php?rest_route=%2Fwp%2Fv2%2Fcomments&post=6908"}],"version-history":[{"count":4,"href":"https:\/\/pusplq.usp.br\/index.php?rest_route=\/wp\/v2\/pages\/6908\/revisions"}],"predecessor-version":[{"id":11903,"href":"https:\/\/pusplq.usp.br\/index.php?rest_route=\/wp\/v2\/pages\/6908\/revisions\/11903"}],"up":[{"embeddable":true,"href":"https:\/\/pusplq.usp.br\/index.php?rest_route=\/wp\/v2\/pages\/4781"}],"wp:attachment":[{"href":"https:\/\/pusplq.usp.br\/index.php?rest_route=%2Fwp%2Fv2%2Fmedia&parent=6908"}],"curies":[{"name":"wp","href":"https:\/\/api.w.org\/{rel}","templated":true}]}}