{"id":6916,"date":"2024-11-18T13:51:06","date_gmt":"2024-11-18T16:51:06","guid":{"rendered":"https:\/\/pusplq.usp.br\/?page_id=6916"},"modified":"2025-09-10T15:21:46","modified_gmt":"2025-09-10T18:21:46","slug":"comissao-de-ocupacao-de-infraestrutura-do-campus-luiz-de-queiroz","status":"publish","type":"page","link":"https:\/\/pusplq.usp.br\/?page_id=6916","title":{"rendered":"Comiss\u00e3o de Ocupa\u00e7\u00e3o de Infraestrutura do Campus \u201cLuiz de Queiroz\u201d"},"content":{"rendered":"\t\t<div data-elementor-type=\"wp-page\" data-elementor-id=\"6916\" class=\"elementor elementor-6916\" data-elementor-post-type=\"page\">\n\t\t\t\t\t\t<section class=\"elementor-section elementor-top-section elementor-element elementor-element-e647d90 elementor-section-boxed elementor-section-height-default elementor-section-height-default\" data-id=\"e647d90\" data-element_type=\"section\">\n\t\t\t\t\t\t<div class=\"elementor-container elementor-column-gap-default\">\n\t\t\t\t\t<div class=\"elementor-column elementor-col-100 elementor-top-column elementor-element elementor-element-99734de\" data-id=\"99734de\" data-element_type=\"column\">\n\t\t\t<div class=\"elementor-widget-wrap elementor-element-populated\">\n\t\t\t\t\t\t<div class=\"elementor-element elementor-element-0cfc7cd elementor-widget elementor-widget-heading\" data-id=\"0cfc7cd\" data-element_type=\"widget\" data-widget_type=\"heading.default\">\n\t\t\t\t<div class=\"elementor-widget-container\">\n\t\t\t<h2 class=\"elementor-heading-title elementor-size-default\">Comiss\u00e3o de Ocupa\u00e7\u00e3o de Infraestrutura do Campus \u201cLuiz de Queiroz\u201d<\/h2>\t\t<\/div>\n\t\t\t\t<\/div>\n\t\t\t\t\t<\/div>\n\t\t<\/div>\n\t\t\t\t\t<\/div>\n\t\t<\/section>\n\t\t\t\t<section class=\"elementor-section elementor-top-section elementor-element elementor-element-078f5d4 elementor-section-boxed elementor-section-height-default elementor-section-height-default\" data-id=\"078f5d4\" data-element_type=\"section\">\n\t\t\t\t\t\t<div class=\"elementor-container elementor-column-gap-default\">\n\t\t\t\t\t<div class=\"elementor-column elementor-col-100 elementor-top-column elementor-element elementor-element-d15d49d\" data-id=\"d15d49d\" data-element_type=\"column\">\n\t\t\t<div class=\"elementor-widget-wrap elementor-element-populated\">\n\t\t\t\t\t\t<div class=\"elementor-element elementor-element-550b976 elementor-widget elementor-widget-html\" data-id=\"550b976\" data-element_type=\"widget\" data-widget_type=\"html.default\">\n\t\t\t\t<div class=\"elementor-widget-container\">\n\t\t\t<table class=\"comissoes\" border=\"0\" width=\"900\" cellspacing=\"0\" cellpadding=\"0\">\r\n  <tr>\r\n    <td width=\"198\" valign=\"top\"><p align=\"right\"><strong>Objetivo:<\/strong><\/p><\/td>\r\n    <td width=\"499\" valign=\"top\"><p>Alterar a    nomenclatura da Comiss\u00e3o de Ocupa\u00e7\u00e3o Territorial para Comiss\u00e3o de Ocupa\u00e7\u00e3o de    Infraestrutura do Campus \u201cLuiz de Queiroz\u201d, bem como renovar a sua    constitui\u00e7\u00e3o.<br \/>\r\n      A\u00a0 Comiss\u00e3o de Ocupa\u00e7\u00e3o de Infraestrutura do    Campus &quot;Luiz de Queiroz&quot;\u00a0 \u00e9    respons\u00e1vel pela an\u00e1lise dos pedidos de ocupa\u00e7\u00e3o das edifica\u00e7\u00f5es do Campus,    com base nas normas da Universidade de S\u00e3o Paulo.<\/p><\/td>\r\n  <\/tr>\r\n  <tr>\r\n    <td width=\"198\" valign=\"top\"><p align=\"right\"><strong>Membros atuais:<\/strong><strong> <\/strong><\/p><\/td>\r\n    <td width=\"499\" valign=\"top\"><p>Valter Antonio Milanez -(DVEF\/PUSP-LQ) (COORDENADOR) -\r\nProfa. Ana Cl\u00e1udia dos Santos Luciano (LEB\/ESALQ) -\r\nJo\u00e3o Augusto de Campos Avaristo\t(DVFIN\/ESALQ) -\r\nProf. Rodrigo Eiji Hakamada (LCF\/ESALQ) - \r\nProf. Simone Rodrigues da Silva\t(LPV\/ESALQ) -\r\nSamuel Rodrigo Senhorini (DIRE\/ESALQ) -\r\nProf. Helder Louvandini\t(CENA) - \r\nMoys\u00e9s Sim\u00e3o Neto (CENA) -\r\nJo\u00e3o Paulo da Silva (DVMANOPER\/PUSP-LQ) -\r\nLucas Gabriel Marinho dos Santos (DVEF\/PUSP-LQ) -\r\nMarco Antonio Ferreira Perecin\t(SCAVM\/PUSP-LQ) - \r\nRoberta Helena Fiorotto Rodrigues Bacha\t(PUSP-LQ) -\r\nTaisa Navarro Fiorini Soares\t(DVEF\/PUSP-LQ)  \r\n<\/p><\/td>\r\n  <\/tr>\r\n  <tr>\r\n    <td width=\"198\" valign=\"top\"><p align=\"right\"><strong>Coordenador:<\/strong><\/p><\/td>\r\n    <td width=\"499\" valign=\"top\"><p>o Sr. Valter Antonio Milanez <\/p><\/td>\r\n  <\/tr>\r\n    <tr>\r\n    <td width=\"198\" valign=\"top\"><p align=\"right\"><strong>Comiss\u00e3o institu\u00edda    em:<\/strong><\/p><\/td>\r\n    <td width=\"499\"><p>31 de julho de 2023.<strong><\/strong><\/p><\/td>\r\n  <\/tr>\r\n  <tr>\r\n    <td width=\"198\" valign=\"top\"><p align=\"right\"><strong>Portaria:<\/strong><\/p><\/td>\r\n    <td width=\"499\"><p>PORTARIA CG No. 09\/2025, de 14 de julho de 2025.<\/p><\/td>\r\n  <\/tr>\r\n  <tr>\r\n    <td width=\"198\" valign=\"top\"><p align=\"right\"><strong>Mandato:<\/strong><\/p><\/td>\r\n    <td width=\"499\"><p>O mandato dos docentes e servidores ser\u00e1 de dois anos. Permitindo-se recondu\u00e7\u00f5es<\/p><\/td>\r\n  <\/tr>\r\n<\/table>\r\n<br>\r\n\t\t<\/div>\n\t\t\t\t<\/div>\n\t\t\t\t\t<\/div>\n\t\t<\/div>\n\t\t\t\t\t<\/div>\n\t\t<\/section>\n\t\t\t\t<\/div>\n\t\t","protected":false},"excerpt":{"rendered":"<p>Comiss\u00e3o de Ocupa\u00e7\u00e3o de Infraestrutura do Campus \u201cLuiz de Queiroz\u201d Objetivo: Alterar a nomenclatura da Comiss\u00e3o de Ocupa\u00e7\u00e3o Territorial para Comiss\u00e3o de Ocupa\u00e7\u00e3o de Infraestrutura do Campus \u201cLuiz de Queiroz\u201d, bem como renovar a sua constitui\u00e7\u00e3o. A\u00a0 Comiss\u00e3o de Ocupa\u00e7\u00e3o de Infraestrutura do Campus &quot;Luiz de Queiroz&quot;\u00a0 \u00e9 respons\u00e1vel pela an\u00e1lise dos pedidos de ocupa\u00e7\u00e3o [&hellip;]<\/p>\n","protected":false},"author":23873,"featured_media":0,"parent":4781,"menu_order":5,"comment_status":"closed","ping_status":"closed","template":"elementor_header_footer","meta":{"_monsterinsights_skip_tracking":false,"_monsterinsights_sitenote_active":false,"_monsterinsights_sitenote_note":"","_monsterinsights_sitenote_category":0,"footnotes":"","_links_to":"","_links_to_target":""},"class_list":["post-6916","page","type-page","status-publish","hentry","entry"],"_links":{"self":[{"href":"https:\/\/pusplq.usp.br\/index.php?rest_route=\/wp\/v2\/pages\/6916","targetHints":{"allow":["GET"]}}],"collection":[{"href":"https:\/\/pusplq.usp.br\/index.php?rest_route=\/wp\/v2\/pages"}],"about":[{"href":"https:\/\/pusplq.usp.br\/index.php?rest_route=\/wp\/v2\/types\/page"}],"author":[{"embeddable":true,"href":"https:\/\/pusplq.usp.br\/index.php?rest_route=\/wp\/v2\/users\/23873"}],"replies":[{"embeddable":true,"href":"https:\/\/pusplq.usp.br\/index.php?rest_route=%2Fwp%2Fv2%2Fcomments&post=6916"}],"version-history":[{"count":4,"href":"https:\/\/pusplq.usp.br\/index.php?rest_route=\/wp\/v2\/pages\/6916\/revisions"}],"predecessor-version":[{"id":11783,"href":"https:\/\/pusplq.usp.br\/index.php?rest_route=\/wp\/v2\/pages\/6916\/revisions\/11783"}],"up":[{"embeddable":true,"href":"https:\/\/pusplq.usp.br\/index.php?rest_route=\/wp\/v2\/pages\/4781"}],"wp:attachment":[{"href":"https:\/\/pusplq.usp.br\/index.php?rest_route=%2Fwp%2Fv2%2Fmedia&parent=6916"}],"curies":[{"name":"wp","href":"https:\/\/api.w.org\/{rel}","templated":true}]}}