{"id":6927,"date":"2024-11-18T14:19:09","date_gmt":"2024-11-18T17:19:09","guid":{"rendered":"https:\/\/pusplq.usp.br\/?page_id=6927"},"modified":"2025-09-12T09:42:23","modified_gmt":"2025-09-12T12:42:23","slug":"comissao-permanente-de-acidentes-de-veiculos-e-infracoes-de-transito","status":"publish","type":"page","link":"https:\/\/pusplq.usp.br\/?page_id=6927","title":{"rendered":"Comiss\u00e3o Permanente de acidentes de ve\u00edculos e infra\u00e7\u00f5es de tr\u00e2nsito"},"content":{"rendered":"\t\t<div data-elementor-type=\"wp-page\" data-elementor-id=\"6927\" class=\"elementor elementor-6927\" data-elementor-post-type=\"page\">\n\t\t\t\t\t\t<section class=\"elementor-section elementor-top-section elementor-element elementor-element-ce6c6a6 elementor-section-boxed elementor-section-height-default elementor-section-height-default\" data-id=\"ce6c6a6\" data-element_type=\"section\">\n\t\t\t\t\t\t<div class=\"elementor-container elementor-column-gap-default\">\n\t\t\t\t\t<div class=\"elementor-column elementor-col-100 elementor-top-column elementor-element elementor-element-c9e9151\" data-id=\"c9e9151\" data-element_type=\"column\">\n\t\t\t<div class=\"elementor-widget-wrap elementor-element-populated\">\n\t\t\t\t\t\t<div class=\"elementor-element elementor-element-061ecfa elementor-widget elementor-widget-heading\" data-id=\"061ecfa\" data-element_type=\"widget\" data-widget_type=\"heading.default\">\n\t\t\t\t<div class=\"elementor-widget-container\">\n\t\t\t<h2 class=\"elementor-heading-title elementor-size-default\">Comiss\u00e3o Permanente de acidentes de ve\u00edculos e infra\u00e7\u00f5es de tr\u00e2nsito<\/h2>\t\t<\/div>\n\t\t\t\t<\/div>\n\t\t\t\t\t<\/div>\n\t\t<\/div>\n\t\t\t\t\t<\/div>\n\t\t<\/section>\n\t\t\t\t<section class=\"elementor-section elementor-top-section elementor-element elementor-element-36e3418 elementor-section-boxed elementor-section-height-default elementor-section-height-default\" data-id=\"36e3418\" data-element_type=\"section\">\n\t\t\t\t\t\t<div class=\"elementor-container elementor-column-gap-default\">\n\t\t\t\t\t<div class=\"elementor-column elementor-col-100 elementor-top-column elementor-element elementor-element-8792e51\" data-id=\"8792e51\" data-element_type=\"column\">\n\t\t\t<div class=\"elementor-widget-wrap elementor-element-populated\">\n\t\t\t\t\t\t<div class=\"elementor-element elementor-element-004c87a elementor-widget__width-initial elementor-widget elementor-widget-html\" data-id=\"004c87a\" data-element_type=\"widget\" data-widget_type=\"html.default\">\n\t\t\t\t<div class=\"elementor-widget-container\">\n\t\t\t<table class=\"comissoes\" border=\"0\" width=\"900\" cellspacing=\"0\" cellpadding=\"0\">\r\n  <tr>\r\n    <td width=\"217\" valign=\"top\"><p align=\"right\"><strong>Objetivo:<\/strong><\/p><\/td>\r\n    <td width=\"480\" valign=\"top\"><p>Disp\u00f5e sobre a unifica\u00e7\u00e3o da Comiss\u00e3o de Multas    do Campus Luiz de Queiroz e a Comiss\u00e3o Permanente do Campus USP &quot;Luiz de    Queiroz&quot; para atuar em processos de sindic\u00e2ncias e em processos administrativos    disciplinares referentes a acidentes de ve\u00edculos e infra\u00e7\u00f5es de tr\u00e2nsito.<br \/>\r\n      Considerando-se que as comiss\u00f5es de Multas do    Campus e Comiss\u00e3o Permanente do Campus USP &quot;Luiz de Queiroz&quot; para    atuar em processos de sindic\u00e2ncias e em processos administrativos    disciplinares referentes a acidentes de ve\u00edculos e infra\u00e7\u00f5es de tr\u00e2nsito. Possuem    fun\u00e7\u00f5es complementares, com base na Portaria GR 6734, de 05\/04\/2016, as duas    Comiss\u00f5es existentes ser\u00e3o unificadas <strong>em    Comiss\u00e3o Permanente de acidentes de ve\u00edculos e infra\u00e7\u00f5es de tr\u00e2nsito. <\/strong><br \/>\r\n      A em\u00a0\u00a0    Comiss\u00e3o \u00a0<strong>Comiss\u00e3o Permanente de acidentes de ve\u00edculos e infra\u00e7\u00f5es de tr\u00e2nsito    ser\u00e1 respons\u00e1vel por <\/strong>analisar as infra\u00e7\u00f5es de tr\u00e2nsito cometidas pelos    motoristas visando disciplinar a sua conduta em termos administrativos e    pecuni\u00e1rios, bem como conduzir sindic\u00e2ncias e processos administrativos    disciplinares em casos de transgress\u00f5es no C\u00f3digo Brasileiro de Tr\u00e2nsito.<\/p><\/td>\r\n  <\/tr>\r\n  <tr>\r\n    <td width=\"217\" valign=\"top\"><p align=\"right\"><strong>Membros atuais:<\/strong><\/p><\/td>\r\n    <td width=\"480\" valign=\"bottom\"><p>Juliano Longato (SVOPER\/PUSP-LQ)(COORDENADOR) -\r\nClaudia Ferreira dos Santos Nogueira (ATAC\/ESALQ)(SECRET\u00c1RIA) -\r\nF\u00e1bio Augusto Bazanelli\t(LCB\/ESALQ) - \r\nLuiz Cl\u00e1udio Paladini\t(STVEIC\/CENA) -\r\nPaulo Paes de Menezes Junior\t(SCTRANS\/PUSP-LQ) - \r\nCaciara Cristiane Barbosa Taba (CENA)(suplente)\t-\r\nCarlos Humberto Rodrigues (SCOFMAN\/PUSP-LQ)(suplente) -\r\nJ\u00f4natas Ayumi Susuki (SCTRANS\/ESALQ)(suplente) -\t\r\nRenato Frota de Souza Junior (ATAD\/ESALQ)(suplente). <\/p><\/td>\r\n  <\/tr>\r\n  <tr>\r\n    <td width=\"217\" valign=\"top\"><p align=\"right\"><strong> coordenador:<\/strong><\/p><\/td>\r\n    <td width=\"480\" valign=\"top\"><p> Sr. Juliano Longato <\/p><\/td>\r\n  <\/tr>\r\n  <tr>\r\n    <td width=\"217\" valign=\"top\"><p align=\"right\"><strong>Secretario:<\/strong><\/p><\/td>\r\n    <td width=\"480\" valign=\"top\"><p>Sra. Claudia Ferreira dos Santos Nogueira<\/p><\/td>\r\n  <\/tr>\r\n  <tr>\r\n    <td width=\"217\" valign=\"top\"><p align=\"right\"><strong>Comiss\u00e3o institu\u00edda em:<\/strong><\/p><\/td>\r\n    <td width=\"480\" valign=\"top\"><p>31 de julho de 2023.<\/p><\/td>\r\n  <\/tr>\r\n  <tr>\r\n    <td width=\"217\" valign=\"top\"><p align=\"right\"><strong>Portaria:<\/strong><\/p><\/td>\r\n    <td width=\"480\"><p>PORTARIA CG No. 10\/2025, de  14 de julho de 2025.<\/p><\/td>\r\n  <\/tr>\r\n  <tr>\r\n    <td width=\"217\" valign=\"top\"><p align=\"right\"><strong>Mandato:<\/strong><\/p><\/td>\r\n    <td width=\"480\" valign=\"top\"><p>servidores ser\u00e1 de dois anos. Permitindo-se recondu\u00e7\u00f5es.\r\n  \r\n<\/p><\/td>\r\n  <\/tr>\r\n<\/table>\r\n<br clear=\"all\" \/>\t\t<\/div>\n\t\t\t\t<\/div>\n\t\t\t\t\t<\/div>\n\t\t<\/div>\n\t\t\t\t\t<\/div>\n\t\t<\/section>\n\t\t\t\t<\/div>\n\t\t","protected":false},"excerpt":{"rendered":"<p>Comiss\u00e3o Permanente de acidentes de ve\u00edculos e infra\u00e7\u00f5es de tr\u00e2nsito Objetivo: Disp\u00f5e sobre a unifica\u00e7\u00e3o da Comiss\u00e3o de Multas do Campus Luiz de Queiroz e a Comiss\u00e3o Permanente do Campus USP &quot;Luiz de Queiroz&quot; para atuar em processos de sindic\u00e2ncias e em processos administrativos disciplinares referentes a acidentes de ve\u00edculos e infra\u00e7\u00f5es de tr\u00e2nsito. Considerando-se [&hellip;]<\/p>\n","protected":false},"author":23873,"featured_media":0,"parent":4781,"menu_order":7,"comment_status":"closed","ping_status":"closed","template":"elementor_header_footer","meta":{"_monsterinsights_skip_tracking":false,"_monsterinsights_sitenote_active":false,"_monsterinsights_sitenote_note":"","_monsterinsights_sitenote_category":0,"footnotes":"","_links_to":"","_links_to_target":""},"class_list":["post-6927","page","type-page","status-publish","hentry","entry"],"_links":{"self":[{"href":"https:\/\/pusplq.usp.br\/index.php?rest_route=\/wp\/v2\/pages\/6927","targetHints":{"allow":["GET"]}}],"collection":[{"href":"https:\/\/pusplq.usp.br\/index.php?rest_route=\/wp\/v2\/pages"}],"about":[{"href":"https:\/\/pusplq.usp.br\/index.php?rest_route=\/wp\/v2\/types\/page"}],"author":[{"embeddable":true,"href":"https:\/\/pusplq.usp.br\/index.php?rest_route=\/wp\/v2\/users\/23873"}],"replies":[{"embeddable":true,"href":"https:\/\/pusplq.usp.br\/index.php?rest_route=%2Fwp%2Fv2%2Fcomments&post=6927"}],"version-history":[{"count":4,"href":"https:\/\/pusplq.usp.br\/index.php?rest_route=\/wp\/v2\/pages\/6927\/revisions"}],"predecessor-version":[{"id":11824,"href":"https:\/\/pusplq.usp.br\/index.php?rest_route=\/wp\/v2\/pages\/6927\/revisions\/11824"}],"up":[{"embeddable":true,"href":"https:\/\/pusplq.usp.br\/index.php?rest_route=\/wp\/v2\/pages\/4781"}],"wp:attachment":[{"href":"https:\/\/pusplq.usp.br\/index.php?rest_route=%2Fwp%2Fv2%2Fmedia&parent=6927"}],"curies":[{"name":"wp","href":"https:\/\/api.w.org\/{rel}","templated":true}]}}