{"id":6943,"date":"2024-11-18T14:43:25","date_gmt":"2024-11-18T17:43:25","guid":{"rendered":"https:\/\/pusplq.usp.br\/?page_id=6943"},"modified":"2025-09-12T15:38:57","modified_gmt":"2025-09-12T18:38:57","slug":"brigada-arborista-do-campus-luiz-de-queiroz","status":"publish","type":"page","link":"https:\/\/pusplq.usp.br\/?page_id=6943","title":{"rendered":"Brigada Arborista do  Campus \u201cLuiz de Queiroz\u201d"},"content":{"rendered":"\t\t<div data-elementor-type=\"wp-page\" data-elementor-id=\"6943\" class=\"elementor elementor-6943\" data-elementor-post-type=\"page\">\n\t\t\t\t\t\t<section class=\"elementor-section elementor-top-section elementor-element elementor-element-894903f elementor-section-boxed elementor-section-height-default elementor-section-height-default\" data-id=\"894903f\" data-element_type=\"section\">\n\t\t\t\t\t\t<div class=\"elementor-container elementor-column-gap-default\">\n\t\t\t\t\t<div class=\"elementor-column elementor-col-100 elementor-top-column elementor-element elementor-element-9914334\" data-id=\"9914334\" data-element_type=\"column\">\n\t\t\t<div class=\"elementor-widget-wrap elementor-element-populated\">\n\t\t\t\t\t\t<div class=\"elementor-element elementor-element-b3e2b2e elementor-widget elementor-widget-heading\" data-id=\"b3e2b2e\" data-element_type=\"widget\" data-widget_type=\"heading.default\">\n\t\t\t\t<div class=\"elementor-widget-container\">\n\t\t\t<h2 class=\"elementor-heading-title elementor-size-default\">Brigada Arborista do  Campus \u201cLuiz de Queiroz\u201d<\/h2>\t\t<\/div>\n\t\t\t\t<\/div>\n\t\t\t\t\t<\/div>\n\t\t<\/div>\n\t\t\t\t\t<\/div>\n\t\t<\/section>\n\t\t\t\t<section class=\"elementor-section elementor-top-section elementor-element elementor-element-3dfc0d0 elementor-section-boxed elementor-section-height-default elementor-section-height-default\" data-id=\"3dfc0d0\" data-element_type=\"section\">\n\t\t\t\t\t\t<div class=\"elementor-container elementor-column-gap-default\">\n\t\t\t\t\t<div class=\"elementor-column elementor-col-100 elementor-top-column elementor-element elementor-element-9492851\" data-id=\"9492851\" data-element_type=\"column\">\n\t\t\t<div class=\"elementor-widget-wrap elementor-element-populated\">\n\t\t\t\t\t\t<div class=\"elementor-element elementor-element-69d3db8 elementor-widget__width-initial elementor-widget elementor-widget-html\" data-id=\"69d3db8\" data-element_type=\"widget\" data-widget_type=\"html.default\">\n\t\t\t\t<div class=\"elementor-widget-container\">\n\t\t\t<table class=\"comissoes\" border=\"0\" cellspacing=\"0\" cellpadding=\"0\" width=\"900\">\r\n  <tr>\r\n    <td width=\"227\" valign=\"top\"><p align=\"right\"><strong>Membros atuais: <\/strong><\/p><\/td>\r\n    <td width=\"470\" valign=\"top\"><p>F\u00e1bio Luis Bortoletto (LAN-ESALQ) -\r\nFrancisco Bernardo Dias\t(LEB-ESALQ) -\r\nJorge Alexandre Wiendl (LCE-ESALQ) -\r\nFelipe Gabriel Andrino (LCE-ESALQ) -\r\nJos\u00e9 Amarildo da Fonseca (LCF-ESALQ) -\r\nJo\u00e3o Angelo Cerignoni (LEA-ESALQ) - \r\nFl\u00e1vio Adan Bonatti (LCB-ESALQ) -\r\nFrancisco Jos\u00e9 Mandro (LGN-ESALQ) -\r\nEdin\u00e9zio Klimasewski de Souza (LZT-ESALQ) -\r\nGilberto da Silva Duarte (LZT-ESALQ) -\r\nAnanias Ferreira de Souza (LPV-ESALQ) -\r\nNaliel da Silva Duarte (LPV-ESALQ) -\r\nAndr\u00e9 Luiz Milanez (LES-ESALQ) -\r\nMois\u00e9s Ruiz Arroio (LSO-ESALQ) - \r\nC\u00e2ndida Vanderleia de Oliveira (SVPG-ESALQ) -\r\nM\u00e1rcia C. C. Bottene dos Santos\t(SVG-ESALQ) -\r\n\u00c1lvaro Sobreiro Filho (DVBIBL-ESALQ) -\r\nProf. Jos\u00e9 Lavres J\u00fanior (CENA)\r\n<\/p><\/td>\r\n  <\/tr>\r\n  <tr>\r\n    <td width=\"227\" valign=\"top\"><p align=\"right\"><strong>Comiss\u00e3o institu\u00edda em: <\/strong><\/p><\/td>\r\n    <td width=\"470\" valign=\"top\"><p>67\u00aa Reuni\u00e3o do Conselho Gestor do    Campus, de 19 de agosto de 2019<\/p><\/td>\r\n  <\/tr>\r\n<\/table>\r\n<p>&nbsp;<\/p>\t\t<\/div>\n\t\t\t\t<\/div>\n\t\t\t\t\t<\/div>\n\t\t<\/div>\n\t\t\t\t\t<\/div>\n\t\t<\/section>\n\t\t\t\t<\/div>\n\t\t","protected":false},"excerpt":{"rendered":"<p>Brigada Arborista do Campus \u201cLuiz de Queiroz\u201d Membros atuais: F\u00e1bio Luis Bortoletto (LAN-ESALQ) &#8211; Francisco Bernardo Dias (LEB-ESALQ) &#8211; Jorge Alexandre Wiendl (LCE-ESALQ) &#8211; Felipe Gabriel Andrino (LCE-ESALQ) &#8211; Jos\u00e9 Amarildo da Fonseca (LCF-ESALQ) &#8211; Jo\u00e3o Angelo Cerignoni (LEA-ESALQ) &#8211; Fl\u00e1vio Adan Bonatti (LCB-ESALQ) &#8211; Francisco Jos\u00e9 Mandro (LGN-ESALQ) &#8211; Edin\u00e9zio Klimasewski de Souza (LZT-ESALQ) [&hellip;]<\/p>\n","protected":false},"author":23873,"featured_media":0,"parent":4781,"menu_order":9,"comment_status":"closed","ping_status":"closed","template":"elementor_header_footer","meta":{"_monsterinsights_skip_tracking":false,"_monsterinsights_sitenote_active":false,"_monsterinsights_sitenote_note":"","_monsterinsights_sitenote_category":0,"footnotes":"","_links_to":"","_links_to_target":""},"class_list":["post-6943","page","type-page","status-publish","hentry","entry"],"_links":{"self":[{"href":"https:\/\/pusplq.usp.br\/index.php?rest_route=\/wp\/v2\/pages\/6943","targetHints":{"allow":["GET"]}}],"collection":[{"href":"https:\/\/pusplq.usp.br\/index.php?rest_route=\/wp\/v2\/pages"}],"about":[{"href":"https:\/\/pusplq.usp.br\/index.php?rest_route=\/wp\/v2\/types\/page"}],"author":[{"embeddable":true,"href":"https:\/\/pusplq.usp.br\/index.php?rest_route=\/wp\/v2\/users\/23873"}],"replies":[{"embeddable":true,"href":"https:\/\/pusplq.usp.br\/index.php?rest_route=%2Fwp%2Fv2%2Fcomments&post=6943"}],"version-history":[{"count":4,"href":"https:\/\/pusplq.usp.br\/index.php?rest_route=\/wp\/v2\/pages\/6943\/revisions"}],"predecessor-version":[{"id":11906,"href":"https:\/\/pusplq.usp.br\/index.php?rest_route=\/wp\/v2\/pages\/6943\/revisions\/11906"}],"up":[{"embeddable":true,"href":"https:\/\/pusplq.usp.br\/index.php?rest_route=\/wp\/v2\/pages\/4781"}],"wp:attachment":[{"href":"https:\/\/pusplq.usp.br\/index.php?rest_route=%2Fwp%2Fv2%2Fmedia&parent=6943"}],"curies":[{"name":"wp","href":"https:\/\/api.w.org\/{rel}","templated":true}]}}