{"id":7133,"date":"2024-11-27T15:59:54","date_gmt":"2024-11-27T18:59:54","guid":{"rendered":"https:\/\/pusplq.usp.br\/?page_id=7133"},"modified":"2024-11-27T16:04:45","modified_gmt":"2024-11-27T19:04:45","slug":"o-pusplq-e-o-covid-19","status":"publish","type":"page","link":"https:\/\/pusplq.usp.br\/?page_id=7133","title":{"rendered":"O PUSPLQ E O COVID-19"},"content":{"rendered":"\t\t<div data-elementor-type=\"wp-page\" data-elementor-id=\"7133\" class=\"elementor elementor-7133\" data-elementor-post-type=\"page\">\n\t\t\t\t\t\t<section class=\"elementor-section elementor-top-section elementor-element elementor-element-5bb9558 elementor-section-boxed elementor-section-height-default elementor-section-height-default\" data-id=\"5bb9558\" data-element_type=\"section\">\n\t\t\t\t\t\t<div class=\"elementor-container elementor-column-gap-default\">\n\t\t\t\t\t<div class=\"elementor-column elementor-col-100 elementor-top-column elementor-element elementor-element-6a16ee4\" data-id=\"6a16ee4\" data-element_type=\"column\">\n\t\t\t<div class=\"elementor-widget-wrap elementor-element-populated\">\n\t\t\t\t\t\t<div class=\"elementor-element elementor-element-2b76dff elementor-widget elementor-widget-heading\" data-id=\"2b76dff\" data-element_type=\"widget\" data-widget_type=\"heading.default\">\n\t\t\t\t<div class=\"elementor-widget-container\">\n\t\t\t<h2 class=\"elementor-heading-title elementor-size-default\">O PUSPLQ E O COVID-19<\/h2>\t\t<\/div>\n\t\t\t\t<\/div>\n\t\t\t\t\t<\/div>\n\t\t<\/div>\n\t\t\t\t\t<\/div>\n\t\t<\/section>\n\t\t\t\t<section class=\"elementor-section elementor-top-section elementor-element elementor-element-f4054a6 elementor-section-boxed elementor-section-height-default elementor-section-height-default\" data-id=\"f4054a6\" data-element_type=\"section\">\n\t\t\t\t\t\t<div class=\"elementor-container elementor-column-gap-default\">\n\t\t\t\t\t<div class=\"elementor-column elementor-col-100 elementor-top-column elementor-element elementor-element-133be23\" data-id=\"133be23\" data-element_type=\"column\">\n\t\t\t<div class=\"elementor-widget-wrap elementor-element-populated\">\n\t\t\t\t\t\t<div class=\"elementor-element elementor-element-8955151 elementor-widget elementor-widget-html\" data-id=\"8955151\" data-element_type=\"widget\" data-widget_type=\"html.default\">\n\t\t\t\t<div class=\"elementor-widget-container\">\n\t\t\t<ul>\r\n<h2>\r\n<li><a href=\"http:\/\/cloud.pusplq.usp.br\/pusplq\/wp-content\/uploads\/2020\/04\/OrientacoesCOVID191.gif\" target=\"_blank\">O que \u00e9 coronav\u00edrus? (COVID-19)<\/a><\/li>\r\n<br>\r\n<li><a href=\"https:\/\/coronavirus.usp.br\" target=\"_blank\">A USP E O COVID-19<\/a><\/li>\r\n<br>\r\n<li><a href=\"https:\/\/jornal.usp.br\/institucional\/usp-cria-comite-permanente-para-monitorar-coronavirus\/\" target=\"_blank\">USP cria comit\u00ea permanente \r\npara monitorar coronav\u00edrus nos campus.<\/a><\/li>\r\n<br>\r\n<li><a href=\"http:\/\/cloud.pusplq.usp.br\/ComunicadoCoronavirusII.pdf\" target=\"_blank\">Proibida a pr\u00e1tica de atividades desportivas e recreativas em GRUPO no Campus <\/a><\/li>\r\n<br>\r\n<li><a href=\"http:\/\/cloud.pusplq.usp.br\/pusplq\/wp-content\/uploads\/2020\/03\/COMUNICADO-PUSP1.pdf\">informamos que a entrada nas depend\u00eancias do Campus \u201cLuiz de Queiroz\u201d ser\u00e1 permitida somente para pessoas vinculadas \u00e0 USP.<\/a><\/li>\r\n<p>&nbsp;<\/p>\r\n<p>Est\u00e3o suspensos os servi\u00e7os de Acesso ao Campus, Entrega de Selos e Cadastro de Fot\u00f3grafos.<\/p>\r\n<\/h2>\r\n<\/ul>\t\t<\/div>\n\t\t\t\t<\/div>\n\t\t\t\t\t<\/div>\n\t\t<\/div>\n\t\t\t\t\t<\/div>\n\t\t<\/section>\n\t\t\t\t<\/div>\n\t\t","protected":false},"excerpt":{"rendered":"<p>O PUSPLQ E O COVID-19 O que \u00e9 coronav\u00edrus? (COVID-19) A USP E O COVID-19 USP cria comit\u00ea permanente para monitorar coronav\u00edrus nos campus. Proibida a pr\u00e1tica de atividades desportivas e recreativas em GRUPO no Campus informamos que a entrada nas depend\u00eancias do Campus \u201cLuiz de Queiroz\u201d ser\u00e1 permitida somente para pessoas vinculadas \u00e0 USP. [&hellip;]<\/p>\n","protected":false},"author":23873,"featured_media":0,"parent":3142,"menu_order":200,"comment_status":"closed","ping_status":"closed","template":"elementor_header_footer","meta":{"_monsterinsights_skip_tracking":false,"_monsterinsights_sitenote_active":false,"_monsterinsights_sitenote_note":"","_monsterinsights_sitenote_category":0,"footnotes":"","_links_to":"","_links_to_target":""},"class_list":["post-7133","page","type-page","status-publish","hentry","entry"],"_links":{"self":[{"href":"https:\/\/pusplq.usp.br\/index.php?rest_route=\/wp\/v2\/pages\/7133","targetHints":{"allow":["GET"]}}],"collection":[{"href":"https:\/\/pusplq.usp.br\/index.php?rest_route=\/wp\/v2\/pages"}],"about":[{"href":"https:\/\/pusplq.usp.br\/index.php?rest_route=\/wp\/v2\/types\/page"}],"author":[{"embeddable":true,"href":"https:\/\/pusplq.usp.br\/index.php?rest_route=\/wp\/v2\/users\/23873"}],"replies":[{"embeddable":true,"href":"https:\/\/pusplq.usp.br\/index.php?rest_route=%2Fwp%2Fv2%2Fcomments&post=7133"}],"version-history":[{"count":4,"href":"https:\/\/pusplq.usp.br\/index.php?rest_route=\/wp\/v2\/pages\/7133\/revisions"}],"predecessor-version":[{"id":7140,"href":"https:\/\/pusplq.usp.br\/index.php?rest_route=\/wp\/v2\/pages\/7133\/revisions\/7140"}],"up":[{"embeddable":true,"href":"https:\/\/pusplq.usp.br\/index.php?rest_route=\/wp\/v2\/pages\/3142"}],"wp:attachment":[{"href":"https:\/\/pusplq.usp.br\/index.php?rest_route=%2Fwp%2Fv2%2Fmedia&parent=7133"}],"curies":[{"name":"wp","href":"https:\/\/api.w.org\/{rel}","templated":true}]}}