{"id":7817,"date":"2025-01-06T16:17:47","date_gmt":"2025-01-06T19:17:47","guid":{"rendered":"https:\/\/pusplq.usp.br\/?page_id=7817"},"modified":"2025-10-09T14:54:26","modified_gmt":"2025-10-09T17:54:26","slug":"projetos-em-parceria-com-departamentos","status":"publish","type":"page","link":"https:\/\/pusplq.usp.br\/?page_id=7817","title":{"rendered":"Projetos em parceria com departamentos"},"content":{"rendered":"\t\t<div data-elementor-type=\"wp-page\" data-elementor-id=\"7817\" class=\"elementor elementor-7817\" data-elementor-post-type=\"page\">\n\t\t\t\t\t\t<section class=\"elementor-section elementor-top-section elementor-element elementor-element-15d7a5e elementor-section-boxed elementor-section-height-default elementor-section-height-default\" data-id=\"15d7a5e\" data-element_type=\"section\">\n\t\t\t\t\t\t<div class=\"elementor-container elementor-column-gap-default\">\n\t\t\t\t\t<div class=\"elementor-column elementor-col-100 elementor-top-column elementor-element elementor-element-9eab954\" data-id=\"9eab954\" data-element_type=\"column\">\n\t\t\t<div class=\"elementor-widget-wrap elementor-element-populated\">\n\t\t\t\t\t\t<div class=\"elementor-element elementor-element-19856d7 elementor-widget elementor-widget-heading\" data-id=\"19856d7\" data-element_type=\"widget\" data-widget_type=\"heading.default\">\n\t\t\t\t<div class=\"elementor-widget-container\">\n\t\t\t<h2 class=\"elementor-heading-title elementor-size-default\">Projetos em Parceria com Departamentos<\/h2>\t\t<\/div>\n\t\t\t\t<\/div>\n\t\t\t\t\t<\/div>\n\t\t<\/div>\n\t\t\t\t\t<\/div>\n\t\t<\/section>\n\t\t\t\t<section class=\"elementor-section elementor-top-section elementor-element elementor-element-e62b1c6 elementor-section-boxed elementor-section-height-default elementor-section-height-default\" data-id=\"e62b1c6\" data-element_type=\"section\">\n\t\t\t\t\t\t<div class=\"elementor-container elementor-column-gap-default\">\n\t\t\t\t\t<div class=\"elementor-column elementor-col-50 elementor-top-column elementor-element elementor-element-eb728a4\" data-id=\"eb728a4\" data-element_type=\"column\" data-settings=\"{&quot;background_background&quot;:&quot;classic&quot;}\">\n\t\t\t<div class=\"elementor-widget-wrap elementor-element-populated\">\n\t\t\t\t\t\t<div class=\"elementor-element elementor-element-1a89ca2 elementor-nav-menu__align-start elementor-widget__width-initial elementor-nav-menu--dropdown-tablet elementor-nav-menu__text-align-aside elementor-nav-menu--toggle elementor-nav-menu--burger elementor-widget elementor-widget-nav-menu\" data-id=\"1a89ca2\" data-element_type=\"widget\" data-settings=\"{&quot;layout&quot;:&quot;vertical&quot;,&quot;submenu_icon&quot;:{&quot;value&quot;:&quot;&lt;i class=\\&quot;fas fa-caret-down\\&quot;&gt;&lt;\\\/i&gt;&quot;,&quot;library&quot;:&quot;fa-solid&quot;},&quot;toggle&quot;:&quot;burger&quot;}\" data-widget_type=\"nav-menu.default\">\n\t\t\t\t<div class=\"elementor-widget-container\">\n\t\t\t\t\t\t<nav aria-label=\"Menu\" class=\"elementor-nav-menu--main elementor-nav-menu__container elementor-nav-menu--layout-vertical e--pointer-underline e--animation-fade\">\n\t\t\t\t<ul id=\"menu-1-1a89ca2\" class=\"elementor-nav-menu sm-vertical\"><li class=\"menu-item menu-item-type-custom menu-item-object-custom menu-item-7941\"><a href=\"?page_id=7806\" class=\"elementor-item\">Viveiro de mudas<\/a><\/li>\n<li class=\"menu-item menu-item-type-custom menu-item-object-custom menu-item-7942\"><a href=\"?page_id=7817\" class=\"elementor-item\">Projetos em Parceria com Departamentos<\/a><\/li>\n<li class=\"menu-item menu-item-type-custom menu-item-object-custom menu-item-7943\"><a href=\"?page_id=7877\" class=\"elementor-item\">Comiss\u00f5es e  Grupos de Apoio<\/a><\/li>\n<li class=\"menu-item menu-item-type-custom menu-item-object-custom menu-item-7944\"><a href=\"?page_id=7914\" class=\"elementor-item\">Projetos Desenvolvidos por Estudantes Bolsistas e Docentes Parceiro<\/a><\/li>\n<li class=\"menu-item menu-item-type-custom menu-item-object-custom menu-item-7945\"><a href=\"?page_id=7922\" class=\"elementor-item\">Projetos Desenvolvidos por meio de Projetos e Editais da SGA<\/a><\/li>\n<li class=\"menu-item menu-item-type-custom menu-item-object-custom menu-item-7946\"><a href=\"?page_id=7927\" class=\"elementor-item\">Formul\u00e1rios de apoio<\/a><\/li>\n<\/ul>\t\t\t<\/nav>\n\t\t\t\t\t<div class=\"elementor-menu-toggle\" role=\"button\" tabindex=\"0\" aria-label=\"Alternar menu\" aria-expanded=\"false\">\n\t\t\t<i aria-hidden=\"true\" role=\"presentation\" class=\"elementor-menu-toggle__icon--open eicon-menu-bar\"><\/i><i aria-hidden=\"true\" role=\"presentation\" class=\"elementor-menu-toggle__icon--close eicon-close\"><\/i>\t\t\t<span class=\"elementor-screen-only\">Menu<\/span>\n\t\t<\/div>\n\t\t\t\t\t<nav class=\"elementor-nav-menu--dropdown elementor-nav-menu__container\" aria-hidden=\"true\">\n\t\t\t\t<ul id=\"menu-2-1a89ca2\" class=\"elementor-nav-menu sm-vertical\"><li class=\"menu-item menu-item-type-custom menu-item-object-custom menu-item-7941\"><a href=\"?page_id=7806\" class=\"elementor-item\" tabindex=\"-1\">Viveiro de mudas<\/a><\/li>\n<li class=\"menu-item menu-item-type-custom menu-item-object-custom menu-item-7942\"><a href=\"?page_id=7817\" class=\"elementor-item\" tabindex=\"-1\">Projetos em Parceria com Departamentos<\/a><\/li>\n<li class=\"menu-item menu-item-type-custom menu-item-object-custom menu-item-7943\"><a href=\"?page_id=7877\" class=\"elementor-item\" tabindex=\"-1\">Comiss\u00f5es e  Grupos de Apoio<\/a><\/li>\n<li class=\"menu-item menu-item-type-custom menu-item-object-custom menu-item-7944\"><a href=\"?page_id=7914\" class=\"elementor-item\" tabindex=\"-1\">Projetos Desenvolvidos por Estudantes Bolsistas e Docentes Parceiro<\/a><\/li>\n<li class=\"menu-item menu-item-type-custom menu-item-object-custom menu-item-7945\"><a href=\"?page_id=7922\" class=\"elementor-item\" tabindex=\"-1\">Projetos Desenvolvidos por meio de Projetos e Editais da SGA<\/a><\/li>\n<li class=\"menu-item menu-item-type-custom menu-item-object-custom menu-item-7946\"><a href=\"?page_id=7927\" class=\"elementor-item\" tabindex=\"-1\">Formul\u00e1rios de apoio<\/a><\/li>\n<\/ul>\t\t\t<\/nav>\n\t\t\t\t<\/div>\n\t\t\t\t<\/div>\n\t\t\t\t<div class=\"elementor-element elementor-element-bf4e6c6 elementor-widget__width-initial elementor-widget elementor-widget-image\" data-id=\"bf4e6c6\" data-element_type=\"widget\" data-widget_type=\"image.default\">\n\t\t\t\t<div class=\"elementor-widget-container\">\n\t\t\t\t\t\t\t\t\t\t\t\t\t\t<a href=\"https:\/\/sga.usp.br\/\">\n\t\t\t\t\t\t\t<img fetchpriority=\"high\" decoding=\"async\" width=\"1024\" height=\"236\" src=\"https:\/\/pusplq.usp.br\/wp-content\/uploads\/sites\/1403\/2024\/10\/logo_sga-1024x236.png\" class=\"attachment-large size-large wp-image-5791\" alt=\"\" srcset=\"https:\/\/pusplq.usp.br\/wp-content\/uploads\/sites\/1403\/2024\/10\/logo_sga-1024x236.png 1024w, https:\/\/pusplq.usp.br\/wp-content\/uploads\/sites\/1403\/2024\/10\/logo_sga-300x69.png 300w, https:\/\/pusplq.usp.br\/wp-content\/uploads\/sites\/1403\/2024\/10\/logo_sga-768x177.png 768w, https:\/\/pusplq.usp.br\/wp-content\/uploads\/sites\/1403\/2024\/10\/logo_sga-400x92.png 400w, https:\/\/pusplq.usp.br\/wp-content\/uploads\/sites\/1403\/2024\/10\/logo_sga.png 1342w\" sizes=\"(max-width: 1024px) 100vw, 1024px\" \/>\t\t\t\t\t\t\t\t<\/a>\n\t\t\t\t\t\t\t\t\t\t\t\t\t<\/div>\n\t\t\t\t<\/div>\n\t\t\t\t<div class=\"elementor-element elementor-element-4e8415c elementor-widget__width-initial elementor-widget elementor-widget-image\" data-id=\"4e8415c\" data-element_type=\"widget\" data-widget_type=\"image.default\">\n\t\t\t\t<div class=\"elementor-widget-container\">\n\t\t\t\t\t\t\t\t\t\t\t\t\t\t<a href=\"https:\/\/leginf.usp.br\/\">\n\t\t\t\t\t\t\t<img decoding=\"async\" width=\"1024\" height=\"236\" src=\"https:\/\/pusplq.usp.br\/wp-content\/uploads\/sites\/1403\/2024\/10\/logo_normas-1024x236.png\" class=\"attachment-large size-large wp-image-5792\" alt=\"\" srcset=\"https:\/\/pusplq.usp.br\/wp-content\/uploads\/sites\/1403\/2024\/10\/logo_normas-1024x236.png 1024w, https:\/\/pusplq.usp.br\/wp-content\/uploads\/sites\/1403\/2024\/10\/logo_normas-300x69.png 300w, https:\/\/pusplq.usp.br\/wp-content\/uploads\/sites\/1403\/2024\/10\/logo_normas-768x177.png 768w, https:\/\/pusplq.usp.br\/wp-content\/uploads\/sites\/1403\/2024\/10\/logo_normas-400x92.png 400w, https:\/\/pusplq.usp.br\/wp-content\/uploads\/sites\/1403\/2024\/10\/logo_normas.png 1342w\" sizes=\"(max-width: 1024px) 100vw, 1024px\" \/>\t\t\t\t\t\t\t\t<\/a>\n\t\t\t\t\t\t\t\t\t\t\t\t\t<\/div>\n\t\t\t\t<\/div>\n\t\t\t\t<div class=\"elementor-element elementor-element-edee483 elementor-widget__width-initial elementor-widget elementor-widget-image\" data-id=\"edee483\" data-element_type=\"widget\" data-widget_type=\"image.default\">\n\t\t\t\t<div class=\"elementor-widget-container\">\n\t\t\t\t\t\t\t\t\t\t\t\t\t\t<a href=\"https:\/\/www.esalq.usp.br\/gestao-socioambiental\/ga-plano-diretor-participativo\">\n\t\t\t\t\t\t\t<img decoding=\"async\" width=\"495\" height=\"443\" src=\"https:\/\/pusplq.usp.br\/wp-content\/uploads\/sites\/1403\/2024\/10\/logo_pds.png\" class=\"attachment-large size-large wp-image-5793\" alt=\"\" srcset=\"https:\/\/pusplq.usp.br\/wp-content\/uploads\/sites\/1403\/2024\/10\/logo_pds.png 495w, https:\/\/pusplq.usp.br\/wp-content\/uploads\/sites\/1403\/2024\/10\/logo_pds-300x268.png 300w, https:\/\/pusplq.usp.br\/wp-content\/uploads\/sites\/1403\/2024\/10\/logo_pds-400x358.png 400w\" sizes=\"(max-width: 495px) 100vw, 495px\" \/>\t\t\t\t\t\t\t\t<\/a>\n\t\t\t\t\t\t\t\t\t\t\t\t\t<\/div>\n\t\t\t\t<\/div>\n\t\t\t\t<div class=\"elementor-element elementor-element-136c096 elementor-widget__width-initial elementor-widget elementor-widget-image\" data-id=\"136c096\" data-element_type=\"widget\" data-widget_type=\"image.default\">\n\t\t\t\t<div class=\"elementor-widget-container\">\n\t\t\t\t\t\t\t\t\t\t\t\t\t\t<a href=\"https:\/\/sga.usp.br\/usp-recicla\/\">\n\t\t\t\t\t\t\t<img loading=\"lazy\" decoding=\"async\" width=\"958\" height=\"590\" src=\"https:\/\/pusplq.usp.br\/wp-content\/uploads\/sites\/1403\/2024\/07\/logo-usprecicla.jpg\" class=\"attachment-large size-large wp-image-4674\" alt=\"\" srcset=\"https:\/\/pusplq.usp.br\/wp-content\/uploads\/sites\/1403\/2024\/07\/logo-usprecicla.jpg 958w, https:\/\/pusplq.usp.br\/wp-content\/uploads\/sites\/1403\/2024\/07\/logo-usprecicla-300x185.jpg 300w, https:\/\/pusplq.usp.br\/wp-content\/uploads\/sites\/1403\/2024\/07\/logo-usprecicla-768x473.jpg 768w, https:\/\/pusplq.usp.br\/wp-content\/uploads\/sites\/1403\/2024\/07\/logo-usprecicla-400x246.jpg 400w\" sizes=\"(max-width: 958px) 100vw, 958px\" \/>\t\t\t\t\t\t\t\t<\/a>\n\t\t\t\t\t\t\t\t\t\t\t\t\t<\/div>\n\t\t\t\t<\/div>\n\t\t\t\t\t<\/div>\n\t\t<\/div>\n\t\t\t\t<div class=\"elementor-column elementor-col-50 elementor-top-column elementor-element elementor-element-b9f1fb6\" data-id=\"b9f1fb6\" data-element_type=\"column\">\n\t\t\t<div class=\"elementor-widget-wrap elementor-element-populated\">\n\t\t\t\t\t\t<div class=\"elementor-element elementor-element-5e92cf1 elementor-widget__width-initial elementor-widget elementor-widget-html\" data-id=\"5e92cf1\" data-element_type=\"widget\" data-widget_type=\"html.default\">\n\t\t\t\t<div class=\"elementor-widget-container\">\n\t\t\t\r\n<h2><strong>Brigada Arborista<\/strong><\/h2>\r\n<p align=\"justify\">Formada por cerca de 25 servidores representantes de todos os Departamento\/Unidades do campus, Os membros da brigada arborista recebem forma\u00e7\u00e3o para que tenham condi\u00e7\u00f5es para realizar a an\u00e1lise visual das \u00e1rvores, a fim de prevenir poss\u00edveis riscos de queda; iniciar um processo de cria\u00e7\u00e3o de identidade do grupo como membros que se reconhe\u00e7am como brigada arborista; criar e fortalecer rede de contato entre membros da brigada, especialistas e servi\u00e7os do campus para prevenir e sanar problemas ligados a arboriza\u00e7\u00e3o do campus.<p>\t\t<\/div>\n\t\t\t\t<\/div>\n\t\t\t\t<div class=\"elementor-element elementor-element-caad815 elementor-widget__width-initial elementor-widget elementor-widget-image\" data-id=\"caad815\" data-element_type=\"widget\" data-widget_type=\"image.default\">\n\t\t\t\t<div class=\"elementor-widget-container\">\n\t\t\t\t\t\t\t\t\t\t\t\t\t<img loading=\"lazy\" decoding=\"async\" width=\"1024\" height=\"768\" src=\"https:\/\/pusplq.usp.br\/wp-content\/uploads\/sites\/1403\/2025\/01\/Foto8-1024x768.jpeg\" class=\"attachment-large size-large wp-image-7869\" alt=\"\" srcset=\"https:\/\/pusplq.usp.br\/wp-content\/uploads\/sites\/1403\/2025\/01\/Foto8-1024x768.jpeg 1024w, https:\/\/pusplq.usp.br\/wp-content\/uploads\/sites\/1403\/2025\/01\/Foto8-300x225.jpeg 300w, https:\/\/pusplq.usp.br\/wp-content\/uploads\/sites\/1403\/2025\/01\/Foto8-768x576.jpeg 768w, https:\/\/pusplq.usp.br\/wp-content\/uploads\/sites\/1403\/2025\/01\/Foto8-1536x1152.jpeg 1536w, https:\/\/pusplq.usp.br\/wp-content\/uploads\/sites\/1403\/2025\/01\/Foto8-80x60.jpeg 80w, https:\/\/pusplq.usp.br\/wp-content\/uploads\/sites\/1403\/2025\/01\/Foto8-280x210.jpeg 280w, https:\/\/pusplq.usp.br\/wp-content\/uploads\/sites\/1403\/2025\/01\/Foto8-400x300.jpeg 400w, https:\/\/pusplq.usp.br\/wp-content\/uploads\/sites\/1403\/2025\/01\/Foto8.jpeg 1600w\" sizes=\"(max-width: 1024px) 100vw, 1024px\" \/>\t\t\t\t\t\t\t\t\t\t\t\t\t<\/div>\n\t\t\t\t<\/div>\n\t\t\t\t<div class=\"elementor-element elementor-element-8d01af3 elementor-widget elementor-widget-html\" data-id=\"8d01af3\" data-element_type=\"widget\" data-widget_type=\"html.default\">\n\t\t\t\t<div class=\"elementor-widget-container\">\n\t\t\t<strong>Recadastramento e QR Code das \u00e1rvores<\/strong>\r\n<p align=\"justify\">O projeto \u00e9 uma parceria entre o laborat\u00f3rio de silvicultura urbana do Departamento de Ci\u00eancias Florestais da ESALQ\/USP e a Prefeitura do campus Luiz de Queiroz\u201d  visa realizar o necess\u00e1rio recadastramento das arvores do Parque do campus, incluindo a recoloca\u00e7\u00e3o de placas QRCode, reconhecimento bot\u00e2nico de esp\u00e9cies ainda n\u00e3o identificadas,  que permitir\u00e3o aos usu\u00e1rios do campus acessar informa\u00e7\u00f5es sobre o indiv\u00edduo e ter mais autonomia para reconhecimento das esp\u00e9cies possibilitando maior conhecimento e v\u00ednculo afetivo. O recadastramento estar\u00e1 ligado a um banco de dados informatizado que possibilitar\u00e1 informa\u00e7\u00f5es para melhoria do manejo arb\u00f3reo, que hoje \u00e9 emergencial para que se torne preventivo e possam contribuir para redu\u00e7\u00e3o de gastos com queda e conflitos com pessoas e equipamentos urbanos.<\/p>\t\t<\/div>\n\t\t\t\t<\/div>\n\t\t\t\t<div class=\"elementor-element elementor-element-85be23e elementor-widget elementor-widget-image\" data-id=\"85be23e\" data-element_type=\"widget\" data-widget_type=\"image.default\">\n\t\t\t\t<div class=\"elementor-widget-container\">\n\t\t\t\t\t\t\t\t\t\t\t\t\t<img loading=\"lazy\" decoding=\"async\" width=\"508\" height=\"379\" src=\"https:\/\/pusplq.usp.br\/wp-content\/uploads\/sites\/1403\/2025\/01\/Foto9.png\" class=\"attachment-large size-large wp-image-7870\" alt=\"\" srcset=\"https:\/\/pusplq.usp.br\/wp-content\/uploads\/sites\/1403\/2025\/01\/Foto9.png 508w, https:\/\/pusplq.usp.br\/wp-content\/uploads\/sites\/1403\/2025\/01\/Foto9-300x224.png 300w, https:\/\/pusplq.usp.br\/wp-content\/uploads\/sites\/1403\/2025\/01\/Foto9-80x60.png 80w, https:\/\/pusplq.usp.br\/wp-content\/uploads\/sites\/1403\/2025\/01\/Foto9-280x209.png 280w, https:\/\/pusplq.usp.br\/wp-content\/uploads\/sites\/1403\/2025\/01\/Foto9-400x298.png 400w\" sizes=\"(max-width: 508px) 100vw, 508px\" \/>\t\t\t\t\t\t\t\t\t\t\t\t\t<\/div>\n\t\t\t\t<\/div>\n\t\t\t\t<div class=\"elementor-element elementor-element-4e6c31a elementor-widget elementor-widget-html\" data-id=\"4e6c31a\" data-element_type=\"widget\" data-widget_type=\"html.default\">\n\t\t\t\t<div class=\"elementor-widget-container\">\n\t\t\t<strong>Trilhas do Parque<\/strong>\r\n<p align=\"justify\">Projeto desenvolvido em parceria com o LERF \u2013 Laborat\u00f3rio de Restaura\u00e7\u00e3o Florestal\/LCB e SGA, que engloba a cria\u00e7\u00e3o e cess\u00e3o de licen\u00e7a de um aplicativo (APP) educativo e interativo sobre as oito trilhas do campus \u201cLuiz de Queiroz\u201d a saber: (1) \u00e1rvores frut\u00edferas, (2) \u00e1rvores medicinais, (3) \u00e1rvores \u00fateis, (4) madeiras de lei, (5) Palmeiras I, (6) Palmeiras II, (7) Gimnosperma, 8) \u00c1rvores de Turmas de Formandos, com cerca de 50 \u00e1rvores por trilha, totalizando cerca de 400 \u00e1rvores. A plataforma dever\u00e1 oferecer abas de acesso a cada trilha e em cada trilha cada \u00e1rvore dever\u00e1 conter sua descri\u00e7\u00e3o e fotos, com interfaces interativas com o usu\u00e1rio e com linguagem acess\u00edvel aos diversos p\u00fablicos (infantil e adulto).<\/p>\r\n<strong>Plano de Manejo do Parque <\/strong>\r\n<br>\r\n<p align=\"justify\">Est\u00e1 em elabora\u00e7\u00e3o pela Comiss\u00e3o T\u00e9cnica de Manejo do Parque \u201cPhilipe Westin Cabral de Vasconcelos\u201d o plano de manejo do Parque, que trar\u00e1 as diretrizes e linhas de a\u00e7\u00e3o para as a\u00e7\u00f5es necess\u00e1rias para a conserva\u00e7\u00e3o do Parque.<\/p>\r\n<br>\r\n<hr>\t\t<\/div>\n\t\t\t\t<\/div>\n\t\t\t\t\t<\/div>\n\t\t<\/div>\n\t\t\t\t\t<\/div>\n\t\t<\/section>\n\t\t\t\t<\/div>\n\t\t","protected":false},"excerpt":{"rendered":"<p>Projetos em Parceria com Departamentos Brigada Arborista Formada por cerca de 25 servidores representantes de todos os Departamento\/Unidades do campus, Os membros da brigada arborista recebem forma\u00e7\u00e3o para que tenham condi\u00e7\u00f5es para realizar a an\u00e1lise visual das \u00e1rvores, a fim de prevenir poss\u00edveis riscos de queda; iniciar um processo de cria\u00e7\u00e3o de identidade do grupo [&hellip;]<\/p>\n","protected":false},"author":23873,"featured_media":0,"parent":3160,"menu_order":20,"comment_status":"closed","ping_status":"closed","template":"elementor_header_footer","meta":{"_monsterinsights_skip_tracking":false,"_monsterinsights_sitenote_active":false,"_monsterinsights_sitenote_note":"","_monsterinsights_sitenote_category":0,"footnotes":"","_links_to":"","_links_to_target":""},"class_list":["post-7817","page","type-page","status-publish","hentry","entry"],"_links":{"self":[{"href":"https:\/\/pusplq.usp.br\/index.php?rest_route=\/wp\/v2\/pages\/7817","targetHints":{"allow":["GET"]}}],"collection":[{"href":"https:\/\/pusplq.usp.br\/index.php?rest_route=\/wp\/v2\/pages"}],"about":[{"href":"https:\/\/pusplq.usp.br\/index.php?rest_route=\/wp\/v2\/types\/page"}],"author":[{"embeddable":true,"href":"https:\/\/pusplq.usp.br\/index.php?rest_route=\/wp\/v2\/users\/23873"}],"replies":[{"embeddable":true,"href":"https:\/\/pusplq.usp.br\/index.php?rest_route=%2Fwp%2Fv2%2Fcomments&post=7817"}],"version-history":[{"count":4,"href":"https:\/\/pusplq.usp.br\/index.php?rest_route=\/wp\/v2\/pages\/7817\/revisions"}],"predecessor-version":[{"id":12049,"href":"https:\/\/pusplq.usp.br\/index.php?rest_route=\/wp\/v2\/pages\/7817\/revisions\/12049"}],"up":[{"embeddable":true,"href":"https:\/\/pusplq.usp.br\/index.php?rest_route=\/wp\/v2\/pages\/3160"}],"wp:attachment":[{"href":"https:\/\/pusplq.usp.br\/index.php?rest_route=%2Fwp%2Fv2%2Fmedia&parent=7817"}],"curies":[{"name":"wp","href":"https:\/\/api.w.org\/{rel}","templated":true}]}}