{"id":7877,"date":"2025-01-07T15:20:57","date_gmt":"2025-01-07T18:20:57","guid":{"rendered":"https:\/\/pusplq.usp.br\/?page_id=7877"},"modified":"2025-10-09T14:57:24","modified_gmt":"2025-10-09T17:57:24","slug":"comissoes-de-apoio","status":"publish","type":"page","link":"https:\/\/pusplq.usp.br\/?page_id=7877","title":{"rendered":"Comiss\u00f5es de Apoio"},"content":{"rendered":"\t\t<div data-elementor-type=\"wp-page\" data-elementor-id=\"7877\" class=\"elementor elementor-7877\" data-elementor-post-type=\"page\">\n\t\t\t\t\t\t<section class=\"elementor-section elementor-top-section elementor-element elementor-element-220fb3e elementor-section-boxed elementor-section-height-default elementor-section-height-default\" data-id=\"220fb3e\" data-element_type=\"section\">\n\t\t\t\t\t\t<div class=\"elementor-container elementor-column-gap-default\">\n\t\t\t\t\t<div class=\"elementor-column elementor-col-100 elementor-top-column elementor-element elementor-element-d6ba01a\" data-id=\"d6ba01a\" data-element_type=\"column\">\n\t\t\t<div class=\"elementor-widget-wrap elementor-element-populated\">\n\t\t\t\t\t\t<div class=\"elementor-element elementor-element-e08abee elementor-widget elementor-widget-heading\" data-id=\"e08abee\" data-element_type=\"widget\" data-widget_type=\"heading.default\">\n\t\t\t\t<div class=\"elementor-widget-container\">\n\t\t\t<h2 class=\"elementor-heading-title elementor-size-default\">Comiss\u00f5es de Apoio ao Servi\u00e7o de Gest\u00e3o Ambiental<\/h2>\t\t<\/div>\n\t\t\t\t<\/div>\n\t\t\t\t\t<\/div>\n\t\t<\/div>\n\t\t\t\t\t<\/div>\n\t\t<\/section>\n\t\t\t\t<section class=\"elementor-section elementor-top-section elementor-element elementor-element-bfd2e3e elementor-section-boxed elementor-section-height-default elementor-section-height-default\" data-id=\"bfd2e3e\" data-element_type=\"section\">\n\t\t\t\t\t\t<div class=\"elementor-container elementor-column-gap-default\">\n\t\t\t\t\t<div class=\"elementor-column elementor-col-50 elementor-top-column elementor-element elementor-element-847dca3\" data-id=\"847dca3\" data-element_type=\"column\">\n\t\t\t<div class=\"elementor-widget-wrap elementor-element-populated\">\n\t\t\t\t\t\t<div class=\"elementor-element elementor-element-6dbff59 elementor-nav-menu__align-start elementor-widget__width-initial elementor-nav-menu--dropdown-tablet elementor-nav-menu__text-align-aside elementor-nav-menu--toggle elementor-nav-menu--burger elementor-widget elementor-widget-nav-menu\" data-id=\"6dbff59\" data-element_type=\"widget\" data-settings=\"{&quot;layout&quot;:&quot;vertical&quot;,&quot;submenu_icon&quot;:{&quot;value&quot;:&quot;&lt;i class=\\&quot;fas fa-caret-down\\&quot;&gt;&lt;\\\/i&gt;&quot;,&quot;library&quot;:&quot;fa-solid&quot;},&quot;toggle&quot;:&quot;burger&quot;}\" data-widget_type=\"nav-menu.default\">\n\t\t\t\t<div class=\"elementor-widget-container\">\n\t\t\t\t\t\t<nav aria-label=\"Menu\" class=\"elementor-nav-menu--main elementor-nav-menu__container elementor-nav-menu--layout-vertical e--pointer-underline e--animation-fade\">\n\t\t\t\t<ul id=\"menu-1-6dbff59\" class=\"elementor-nav-menu sm-vertical\"><li class=\"menu-item menu-item-type-custom menu-item-object-custom menu-item-7941\"><a href=\"?page_id=7806\" class=\"elementor-item\">Viveiro de mudas<\/a><\/li>\n<li class=\"menu-item menu-item-type-custom menu-item-object-custom menu-item-7942\"><a href=\"?page_id=7817\" class=\"elementor-item\">Projetos em Parceria com Departamentos<\/a><\/li>\n<li class=\"menu-item menu-item-type-custom menu-item-object-custom menu-item-7943\"><a href=\"?page_id=7877\" class=\"elementor-item\">Comiss\u00f5es e  Grupos de Apoio<\/a><\/li>\n<li class=\"menu-item menu-item-type-custom menu-item-object-custom menu-item-7944\"><a href=\"?page_id=7914\" class=\"elementor-item\">Projetos Desenvolvidos por Estudantes Bolsistas e Docentes Parceiro<\/a><\/li>\n<li class=\"menu-item menu-item-type-custom menu-item-object-custom menu-item-7945\"><a href=\"?page_id=7922\" class=\"elementor-item\">Projetos Desenvolvidos por meio de Projetos e Editais da SGA<\/a><\/li>\n<li class=\"menu-item menu-item-type-custom menu-item-object-custom menu-item-7946\"><a href=\"?page_id=7927\" class=\"elementor-item\">Formul\u00e1rios de apoio<\/a><\/li>\n<\/ul>\t\t\t<\/nav>\n\t\t\t\t\t<div class=\"elementor-menu-toggle\" role=\"button\" tabindex=\"0\" aria-label=\"Alternar menu\" aria-expanded=\"false\">\n\t\t\t<i aria-hidden=\"true\" role=\"presentation\" class=\"elementor-menu-toggle__icon--open eicon-menu-bar\"><\/i><i aria-hidden=\"true\" role=\"presentation\" class=\"elementor-menu-toggle__icon--close eicon-close\"><\/i>\t\t\t<span class=\"elementor-screen-only\">Menu<\/span>\n\t\t<\/div>\n\t\t\t\t\t<nav class=\"elementor-nav-menu--dropdown elementor-nav-menu__container\" aria-hidden=\"true\">\n\t\t\t\t<ul id=\"menu-2-6dbff59\" class=\"elementor-nav-menu sm-vertical\"><li class=\"menu-item menu-item-type-custom menu-item-object-custom menu-item-7941\"><a href=\"?page_id=7806\" class=\"elementor-item\" tabindex=\"-1\">Viveiro de mudas<\/a><\/li>\n<li class=\"menu-item menu-item-type-custom menu-item-object-custom menu-item-7942\"><a href=\"?page_id=7817\" class=\"elementor-item\" tabindex=\"-1\">Projetos em Parceria com Departamentos<\/a><\/li>\n<li class=\"menu-item menu-item-type-custom menu-item-object-custom menu-item-7943\"><a href=\"?page_id=7877\" class=\"elementor-item\" tabindex=\"-1\">Comiss\u00f5es e  Grupos de Apoio<\/a><\/li>\n<li class=\"menu-item menu-item-type-custom menu-item-object-custom menu-item-7944\"><a href=\"?page_id=7914\" class=\"elementor-item\" tabindex=\"-1\">Projetos Desenvolvidos por Estudantes Bolsistas e Docentes Parceiro<\/a><\/li>\n<li class=\"menu-item menu-item-type-custom menu-item-object-custom menu-item-7945\"><a href=\"?page_id=7922\" class=\"elementor-item\" tabindex=\"-1\">Projetos Desenvolvidos por meio de Projetos e Editais da SGA<\/a><\/li>\n<li class=\"menu-item menu-item-type-custom menu-item-object-custom menu-item-7946\"><a href=\"?page_id=7927\" class=\"elementor-item\" tabindex=\"-1\">Formul\u00e1rios de apoio<\/a><\/li>\n<\/ul>\t\t\t<\/nav>\n\t\t\t\t<\/div>\n\t\t\t\t<\/div>\n\t\t\t\t<div class=\"elementor-element elementor-element-847a984 elementor-widget__width-initial elementor-widget elementor-widget-image\" data-id=\"847a984\" data-element_type=\"widget\" data-widget_type=\"image.default\">\n\t\t\t\t<div class=\"elementor-widget-container\">\n\t\t\t\t\t\t\t\t\t\t\t\t\t\t<a href=\"https:\/\/sga.usp.br\/\">\n\t\t\t\t\t\t\t<img fetchpriority=\"high\" decoding=\"async\" width=\"1024\" height=\"236\" src=\"https:\/\/pusplq.usp.br\/wp-content\/uploads\/sites\/1403\/2024\/10\/logo_sga-1024x236.png\" class=\"attachment-large size-large wp-image-5791\" alt=\"\" srcset=\"https:\/\/pusplq.usp.br\/wp-content\/uploads\/sites\/1403\/2024\/10\/logo_sga-1024x236.png 1024w, https:\/\/pusplq.usp.br\/wp-content\/uploads\/sites\/1403\/2024\/10\/logo_sga-300x69.png 300w, https:\/\/pusplq.usp.br\/wp-content\/uploads\/sites\/1403\/2024\/10\/logo_sga-768x177.png 768w, https:\/\/pusplq.usp.br\/wp-content\/uploads\/sites\/1403\/2024\/10\/logo_sga-400x92.png 400w, https:\/\/pusplq.usp.br\/wp-content\/uploads\/sites\/1403\/2024\/10\/logo_sga.png 1342w\" sizes=\"(max-width: 1024px) 100vw, 1024px\" \/>\t\t\t\t\t\t\t\t<\/a>\n\t\t\t\t\t\t\t\t\t\t\t\t\t<\/div>\n\t\t\t\t<\/div>\n\t\t\t\t<div class=\"elementor-element elementor-element-0553a16 elementor-widget__width-initial elementor-widget elementor-widget-image\" data-id=\"0553a16\" data-element_type=\"widget\" data-widget_type=\"image.default\">\n\t\t\t\t<div class=\"elementor-widget-container\">\n\t\t\t\t\t\t\t\t\t\t\t\t\t\t<a href=\"https:\/\/leginf.usp.br\/\">\n\t\t\t\t\t\t\t<img decoding=\"async\" width=\"1024\" height=\"236\" src=\"https:\/\/pusplq.usp.br\/wp-content\/uploads\/sites\/1403\/2024\/10\/logo_normas-1024x236.png\" class=\"attachment-large size-large wp-image-5792\" alt=\"\" srcset=\"https:\/\/pusplq.usp.br\/wp-content\/uploads\/sites\/1403\/2024\/10\/logo_normas-1024x236.png 1024w, https:\/\/pusplq.usp.br\/wp-content\/uploads\/sites\/1403\/2024\/10\/logo_normas-300x69.png 300w, https:\/\/pusplq.usp.br\/wp-content\/uploads\/sites\/1403\/2024\/10\/logo_normas-768x177.png 768w, https:\/\/pusplq.usp.br\/wp-content\/uploads\/sites\/1403\/2024\/10\/logo_normas-400x92.png 400w, https:\/\/pusplq.usp.br\/wp-content\/uploads\/sites\/1403\/2024\/10\/logo_normas.png 1342w\" sizes=\"(max-width: 1024px) 100vw, 1024px\" \/>\t\t\t\t\t\t\t\t<\/a>\n\t\t\t\t\t\t\t\t\t\t\t\t\t<\/div>\n\t\t\t\t<\/div>\n\t\t\t\t<div class=\"elementor-element elementor-element-c0b89c8 elementor-widget__width-initial elementor-widget elementor-widget-image\" data-id=\"c0b89c8\" data-element_type=\"widget\" data-widget_type=\"image.default\">\n\t\t\t\t<div class=\"elementor-widget-container\">\n\t\t\t\t\t\t\t\t\t\t\t\t\t\t<a href=\"https:\/\/www.esalq.usp.br\/gestao-socioambiental\/ga-plano-diretor-participativo\">\n\t\t\t\t\t\t\t<img decoding=\"async\" width=\"495\" height=\"443\" src=\"https:\/\/pusplq.usp.br\/wp-content\/uploads\/sites\/1403\/2024\/10\/logo_pds.png\" class=\"attachment-large size-large wp-image-5793\" alt=\"\" srcset=\"https:\/\/pusplq.usp.br\/wp-content\/uploads\/sites\/1403\/2024\/10\/logo_pds.png 495w, https:\/\/pusplq.usp.br\/wp-content\/uploads\/sites\/1403\/2024\/10\/logo_pds-300x268.png 300w, https:\/\/pusplq.usp.br\/wp-content\/uploads\/sites\/1403\/2024\/10\/logo_pds-400x358.png 400w\" sizes=\"(max-width: 495px) 100vw, 495px\" \/>\t\t\t\t\t\t\t\t<\/a>\n\t\t\t\t\t\t\t\t\t\t\t\t\t<\/div>\n\t\t\t\t<\/div>\n\t\t\t\t<div class=\"elementor-element elementor-element-63ab014 elementor-widget__width-initial elementor-widget elementor-widget-image\" data-id=\"63ab014\" data-element_type=\"widget\" data-widget_type=\"image.default\">\n\t\t\t\t<div class=\"elementor-widget-container\">\n\t\t\t\t\t\t\t\t\t\t\t\t\t\t<a href=\"https:\/\/sga.usp.br\/usp-recicla\/\">\n\t\t\t\t\t\t\t<img loading=\"lazy\" decoding=\"async\" width=\"958\" height=\"590\" src=\"https:\/\/pusplq.usp.br\/wp-content\/uploads\/sites\/1403\/2024\/07\/logo-usprecicla.jpg\" class=\"attachment-large size-large wp-image-4674\" alt=\"\" srcset=\"https:\/\/pusplq.usp.br\/wp-content\/uploads\/sites\/1403\/2024\/07\/logo-usprecicla.jpg 958w, https:\/\/pusplq.usp.br\/wp-content\/uploads\/sites\/1403\/2024\/07\/logo-usprecicla-300x185.jpg 300w, https:\/\/pusplq.usp.br\/wp-content\/uploads\/sites\/1403\/2024\/07\/logo-usprecicla-768x473.jpg 768w, https:\/\/pusplq.usp.br\/wp-content\/uploads\/sites\/1403\/2024\/07\/logo-usprecicla-400x246.jpg 400w\" sizes=\"(max-width: 958px) 100vw, 958px\" \/>\t\t\t\t\t\t\t\t<\/a>\n\t\t\t\t\t\t\t\t\t\t\t\t\t<\/div>\n\t\t\t\t<\/div>\n\t\t\t\t\t<\/div>\n\t\t<\/div>\n\t\t\t\t<div class=\"elementor-column elementor-col-50 elementor-top-column elementor-element elementor-element-f49e36a\" data-id=\"f49e36a\" data-element_type=\"column\">\n\t\t\t<div class=\"elementor-widget-wrap elementor-element-populated\">\n\t\t\t\t\t\t<div class=\"elementor-element elementor-element-20e1c6a elementor-widget elementor-widget-html\" data-id=\"20e1c6a\" data-element_type=\"widget\" data-widget_type=\"html.default\">\n\t\t\t\t<div class=\"elementor-widget-container\">\n\t\t\t<h2><br>\r\n<li><a href=\"?page_id=6887\" rel=\"noopener\" target=\"_blank\">Comiss\u00e3o T\u00e9cnica de Gest\u00e3o Ambiental do campus<\/a><\/li>\r\n<br>\r\n<li><a href=\"?page_id=6903\" rel=\"noopener\" target=\"_blank\">Grupo de Regulariza\u00e7\u00e3o Ambiental e Fundi\u00e1ria do campus<\/a><\/li>\r\n<br>\r\n\t<li><a href=\"?page_id=6804\" rel=\"noopener\" target=\"_blank\">Comiss\u00e3o USP Recicla<\/a><\/li>\r\n\r\n<br>\r\n<li><a href=\"?page_id=6809\" rel=\"noopener\" target=\"_blank\">Comiss\u00e3o de Mobilidade Sustent\u00e1vel do campus.<\/a><\/li>\r\n<br>\r\n<li><a href=\"?page_id=6860\" rel=\"noopener\" target=\"_blank\">Grupo de Adequa\u00e7\u00e3o Ambiental do campus<\/a><\/li>\r\n<br>\r\n<li><a href=\"?page_id=6847\" rel=\"noopener\" target=\"_blank\">Comiss\u00e3o T\u00e9cnica Permanente de Preven\u00e7\u00e3o e Controle da Febre Maculosa Brasileira no Campus \"Luiz de Queiroz\"<\/a><\/li>\r\n<br>\r\n<li><a href=\"?page_id=6842\" rel=\"noopener\" target=\"_blank\">Comiss\u00e3o T\u00e9cnica de Manejo do Parque \u201cPhilipe Westin Cabral de Vasconcelos\u201d;<\/a><\/li>\r\n<\/h2>\t\t<\/div>\n\t\t\t\t<\/div>\n\t\t\t\t\t<\/div>\n\t\t<\/div>\n\t\t\t\t\t<\/div>\n\t\t<\/section>\n\t\t\t\t<\/div>\n\t\t","protected":false},"excerpt":{"rendered":"<p>Comiss\u00f5es de Apoio ao Servi\u00e7o de Gest\u00e3o Ambiental Comiss\u00e3o T\u00e9cnica de Gest\u00e3o Ambiental do campus Grupo de Regulariza\u00e7\u00e3o Ambiental e Fundi\u00e1ria do campus Comiss\u00e3o USP Recicla Comiss\u00e3o de Mobilidade Sustent\u00e1vel do campus. Grupo de Adequa\u00e7\u00e3o Ambiental do campus Comiss\u00e3o T\u00e9cnica Permanente de Preven\u00e7\u00e3o e Controle da Febre Maculosa Brasileira no Campus &#8220;Luiz de Queiroz&#8221; Comiss\u00e3o [&hellip;]<\/p>\n","protected":false},"author":23873,"featured_media":0,"parent":3160,"menu_order":30,"comment_status":"closed","ping_status":"closed","template":"elementor_header_footer","meta":{"_monsterinsights_skip_tracking":false,"_monsterinsights_sitenote_active":false,"_monsterinsights_sitenote_note":"","_monsterinsights_sitenote_category":0,"footnotes":"","_links_to":"","_links_to_target":""},"class_list":["post-7877","page","type-page","status-publish","hentry","entry"],"_links":{"self":[{"href":"https:\/\/pusplq.usp.br\/index.php?rest_route=\/wp\/v2\/pages\/7877","targetHints":{"allow":["GET"]}}],"collection":[{"href":"https:\/\/pusplq.usp.br\/index.php?rest_route=\/wp\/v2\/pages"}],"about":[{"href":"https:\/\/pusplq.usp.br\/index.php?rest_route=\/wp\/v2\/types\/page"}],"author":[{"embeddable":true,"href":"https:\/\/pusplq.usp.br\/index.php?rest_route=\/wp\/v2\/users\/23873"}],"replies":[{"embeddable":true,"href":"https:\/\/pusplq.usp.br\/index.php?rest_route=%2Fwp%2Fv2%2Fcomments&post=7877"}],"version-history":[{"count":4,"href":"https:\/\/pusplq.usp.br\/index.php?rest_route=\/wp\/v2\/pages\/7877\/revisions"}],"predecessor-version":[{"id":12052,"href":"https:\/\/pusplq.usp.br\/index.php?rest_route=\/wp\/v2\/pages\/7877\/revisions\/12052"}],"up":[{"embeddable":true,"href":"https:\/\/pusplq.usp.br\/index.php?rest_route=\/wp\/v2\/pages\/3160"}],"wp:attachment":[{"href":"https:\/\/pusplq.usp.br\/index.php?rest_route=%2Fwp%2Fv2%2Fmedia&parent=7877"}],"curies":[{"name":"wp","href":"https:\/\/api.w.org\/{rel}","templated":true}]}}