{"id":8266,"date":"2025-01-28T10:18:08","date_gmt":"2025-01-28T13:18:08","guid":{"rendered":"https:\/\/pusplq.usp.br\/?page_id=8266"},"modified":"2025-01-28T10:34:51","modified_gmt":"2025-01-28T13:34:51","slug":"febre-maculosa","status":"publish","type":"page","link":"https:\/\/pusplq.usp.br\/?page_id=8266","title":{"rendered":"Febre Maculosa"},"content":{"rendered":"\t\t<div data-elementor-type=\"wp-page\" data-elementor-id=\"8266\" class=\"elementor elementor-8266\" data-elementor-post-type=\"page\">\n\t\t\t\t\t\t<section class=\"elementor-section elementor-top-section elementor-element elementor-element-dfe6eb7 elementor-section-boxed elementor-section-height-default elementor-section-height-default\" data-id=\"dfe6eb7\" data-element_type=\"section\">\n\t\t\t\t\t\t<div class=\"elementor-container elementor-column-gap-default\">\n\t\t\t\t\t<div class=\"elementor-column elementor-col-100 elementor-top-column elementor-element elementor-element-d9a28b6\" data-id=\"d9a28b6\" data-element_type=\"column\">\n\t\t\t<div class=\"elementor-widget-wrap elementor-element-populated\">\n\t\t\t\t\t\t<div class=\"elementor-element elementor-element-6978d9a elementor-widget elementor-widget-heading\" data-id=\"6978d9a\" data-element_type=\"widget\" data-widget_type=\"heading.default\">\n\t\t\t\t<div class=\"elementor-widget-container\">\n\t\t\t<h2 class=\"elementor-heading-title elementor-size-default\">Febre maculosa<\/h2>\t\t<\/div>\n\t\t\t\t<\/div>\n\t\t\t\t\t<\/div>\n\t\t<\/div>\n\t\t\t\t\t<\/div>\n\t\t<\/section>\n\t\t\t\t<section class=\"elementor-section elementor-top-section elementor-element elementor-element-c2bbca0 elementor-section-boxed elementor-section-height-default elementor-section-height-default\" data-id=\"c2bbca0\" data-element_type=\"section\">\n\t\t\t\t\t\t<div class=\"elementor-container elementor-column-gap-default\">\n\t\t\t\t\t<div class=\"elementor-column elementor-col-100 elementor-top-column elementor-element elementor-element-d4881c8\" data-id=\"d4881c8\" data-element_type=\"column\">\n\t\t\t<div class=\"elementor-widget-wrap elementor-element-populated\">\n\t\t\t\t\t\t<div class=\"elementor-element elementor-element-c692760 elementor-widget elementor-widget-html\" data-id=\"c692760\" data-element_type=\"widget\" data-widget_type=\"html.default\">\n\t\t\t\t<div class=\"elementor-widget-container\">\n\t\t\t<h2>\r\n<ul>\r\n<li><a href=\"\/?page_id=6847\" rel=\"noopener\" target=\"_blank\">Comiss\u00e3o T\u00e9cnica Permanente de Preven\u00e7\u00e3o e Controle da<br>Febre Maculosa Brasileira no Campus \"Luiz de Queiroz\".<\/a><\/li>\r\n<br>\r\n<li><a href=\"https:\/\/www4.esalq.usp.br\/febre-maculosa\" rel=\"noopener\" target=\"_blank\">Febre Maculosa<\/a><\/li>\r\n<br>\r\n<li><a href=\"https:\/\/cloud.pusplq.usp.br\/fichacarrapato\/livro-carrapatofebremaculosa-com-capa-pdf-isbn-novo.pdf\" rel=\"noopener\" target=\"_blank\">Febre maculosa: din\u00e2mica da doen\u00e7a, hospedeiros e vetores<\/a><\/li>\r\n<br>\r\n<li><a href=\"https:\/\/cloud.pusplq.usp.br\/fichacarrapato\/\" title=\"Ficha carrapato\" rel=\"noopener\" target=\"_blank\">Ficha de Notifica\u00e7\u00e3o de Parasitismo Humano por Carrapatos<\/a><\/li>\r\n<br>\r\n<\/ul>\r\n<\/h2>\t\t<\/div>\n\t\t\t\t<\/div>\n\t\t\t\t\t<\/div>\n\t\t<\/div>\n\t\t\t\t\t<\/div>\n\t\t<\/section>\n\t\t\t\t<\/div>\n\t\t","protected":false},"excerpt":{"rendered":"<p>Febre maculosa Comiss\u00e3o T\u00e9cnica Permanente de Preven\u00e7\u00e3o e Controle daFebre Maculosa Brasileira no Campus &#8220;Luiz de Queiroz&#8221;. Febre Maculosa Febre maculosa: din\u00e2mica da doen\u00e7a, hospedeiros e vetores Ficha de Notifica\u00e7\u00e3o de Parasitismo Humano por Carrapatos<\/p>\n","protected":false},"author":23873,"featured_media":0,"parent":0,"menu_order":100,"comment_status":"closed","ping_status":"closed","template":"elementor_header_footer","meta":{"_monsterinsights_skip_tracking":false,"_monsterinsights_sitenote_active":false,"_monsterinsights_sitenote_note":"","_monsterinsights_sitenote_category":0,"footnotes":"","_links_to":"","_links_to_target":""},"class_list":["post-8266","page","type-page","status-publish","hentry","entry"],"_links":{"self":[{"href":"https:\/\/pusplq.usp.br\/index.php?rest_route=\/wp\/v2\/pages\/8266","targetHints":{"allow":["GET"]}}],"collection":[{"href":"https:\/\/pusplq.usp.br\/index.php?rest_route=\/wp\/v2\/pages"}],"about":[{"href":"https:\/\/pusplq.usp.br\/index.php?rest_route=\/wp\/v2\/types\/page"}],"author":[{"embeddable":true,"href":"https:\/\/pusplq.usp.br\/index.php?rest_route=\/wp\/v2\/users\/23873"}],"replies":[{"embeddable":true,"href":"https:\/\/pusplq.usp.br\/index.php?rest_route=%2Fwp%2Fv2%2Fcomments&post=8266"}],"version-history":[{"count":4,"href":"https:\/\/pusplq.usp.br\/index.php?rest_route=\/wp\/v2\/pages\/8266\/revisions"}],"predecessor-version":[{"id":8280,"href":"https:\/\/pusplq.usp.br\/index.php?rest_route=\/wp\/v2\/pages\/8266\/revisions\/8280"}],"wp:attachment":[{"href":"https:\/\/pusplq.usp.br\/index.php?rest_route=%2Fwp%2Fv2%2Fmedia&parent=8266"}],"curies":[{"name":"wp","href":"https:\/\/api.w.org\/{rel}","templated":true}]}}