{"id":8328,"date":"2025-01-29T14:29:20","date_gmt":"2025-01-29T17:29:20","guid":{"rendered":"https:\/\/pusplq.usp.br\/?page_id=8328"},"modified":"2025-01-29T14:32:31","modified_gmt":"2025-01-29T17:32:31","slug":"entrega-retirada-de-materias","status":"publish","type":"page","link":"https:\/\/pusplq.usp.br\/?page_id=8328","title":{"rendered":"Entrega\/Retirada de Mat\u00e9rias"},"content":{"rendered":"\t\t<div data-elementor-type=\"wp-page\" data-elementor-id=\"8328\" class=\"elementor elementor-8328\" data-elementor-post-type=\"page\">\n\t\t\t\t\t\t<section class=\"elementor-section elementor-top-section elementor-element elementor-element-8d6b295 elementor-section-boxed elementor-section-height-default elementor-section-height-default\" data-id=\"8d6b295\" data-element_type=\"section\">\n\t\t\t\t\t\t<div class=\"elementor-container elementor-column-gap-default\">\n\t\t\t\t\t<div class=\"elementor-column elementor-col-100 elementor-top-column elementor-element elementor-element-9f97864\" data-id=\"9f97864\" data-element_type=\"column\">\n\t\t\t<div class=\"elementor-widget-wrap elementor-element-populated\">\n\t\t\t\t\t\t<div class=\"elementor-element elementor-element-61b6613 elementor-widget elementor-widget-html\" data-id=\"61b6613\" data-element_type=\"widget\" data-widget_type=\"html.default\">\n\t\t\t\t<div class=\"elementor-widget-container\">\n\t\t\t<p>Toda pessoa ou empresa que necessite <strong>RETIRAR<\/strong> qualquer bem do Campus USP Luiz de Queiroz, mesmo em carro oficial, deve comunicar previamente a Guarda Universit\u00e1ria para a libera\u00e7\u00e3o de cancela.<\/p>\r\n \r\n<p>No caso da entrada de materiais, animais ou outros bens em dias e hor\u00e1rios normais de funcionamento no Campus, a comunica\u00e7\u00e3o  \u00e9 opcional. Observa-se que a comunica\u00e7\u00e3o pr\u00e9via agiliza o processo, pois o Campus \u00e9 extenso e a equipe de seguran\u00e7a, ao receber o comunicado com anteced\u00eancia, pode orientar o interessado de como chegar ao local desejado.<\/p>\r\n<p>Para ambos os casos, encaminhar ao Servi\u00e7o de Opera\u00e7\u00e3o e Seguran\u00e7a da PUSP-LQ o formul\u00e1rio espec\u00edfico preenchido e assinado, <strong>AT\u00c9<\/strong> \u00e0s 15h00 do dia \u00fatil que anteceder o servi\u00e7o a ser realizado. <\/p>\r\n\t\t<\/div>\n\t\t\t\t<\/div>\n\t\t\t\t\t<\/div>\n\t\t<\/div>\n\t\t\t\t\t<\/div>\n\t\t<\/section>\n\t\t\t\t<\/div>\n\t\t","protected":false},"excerpt":{"rendered":"<p>Toda pessoa ou empresa que necessite RETIRAR qualquer bem do Campus USP Luiz de Queiroz, mesmo em carro oficial, deve comunicar previamente a Guarda Universit\u00e1ria para a libera\u00e7\u00e3o de cancela. No caso da entrada de materiais, animais ou outros bens em dias e hor\u00e1rios normais de funcionamento no Campus, a comunica\u00e7\u00e3o \u00e9 opcional. Observa-se que [&hellip;]<\/p>\n","protected":false},"author":23873,"featured_media":0,"parent":3142,"menu_order":200,"comment_status":"closed","ping_status":"closed","template":"elementor_header_footer","meta":{"_monsterinsights_skip_tracking":false,"_monsterinsights_sitenote_active":false,"_monsterinsights_sitenote_note":"","_monsterinsights_sitenote_category":0,"footnotes":"","_links_to":"","_links_to_target":""},"class_list":["post-8328","page","type-page","status-publish","hentry","entry"],"_links":{"self":[{"href":"https:\/\/pusplq.usp.br\/index.php?rest_route=\/wp\/v2\/pages\/8328","targetHints":{"allow":["GET"]}}],"collection":[{"href":"https:\/\/pusplq.usp.br\/index.php?rest_route=\/wp\/v2\/pages"}],"about":[{"href":"https:\/\/pusplq.usp.br\/index.php?rest_route=\/wp\/v2\/types\/page"}],"author":[{"embeddable":true,"href":"https:\/\/pusplq.usp.br\/index.php?rest_route=\/wp\/v2\/users\/23873"}],"replies":[{"embeddable":true,"href":"https:\/\/pusplq.usp.br\/index.php?rest_route=%2Fwp%2Fv2%2Fcomments&post=8328"}],"version-history":[{"count":4,"href":"https:\/\/pusplq.usp.br\/index.php?rest_route=\/wp\/v2\/pages\/8328\/revisions"}],"predecessor-version":[{"id":8332,"href":"https:\/\/pusplq.usp.br\/index.php?rest_route=\/wp\/v2\/pages\/8328\/revisions\/8332"}],"up":[{"embeddable":true,"href":"https:\/\/pusplq.usp.br\/index.php?rest_route=\/wp\/v2\/pages\/3142"}],"wp:attachment":[{"href":"https:\/\/pusplq.usp.br\/index.php?rest_route=%2Fwp%2Fv2%2Fmedia&parent=8328"}],"curies":[{"name":"wp","href":"https:\/\/api.w.org\/{rel}","templated":true}]}}