{"id":8395,"date":"2025-01-30T15:21:14","date_gmt":"2025-01-30T18:21:14","guid":{"rendered":"https:\/\/pusplq.usp.br\/?page_id=8395"},"modified":"2026-01-23T11:05:41","modified_gmt":"2026-01-23T14:05:41","slug":"treinamento-e-desenvolvimento","status":"publish","type":"page","link":"https:\/\/pusplq.usp.br\/?page_id=8395","title":{"rendered":"Treinamento e Desenvolvimento"},"content":{"rendered":"\t\t<div data-elementor-type=\"wp-page\" data-elementor-id=\"8395\" class=\"elementor elementor-8395\" data-elementor-post-type=\"page\">\n\t\t\t\t\t\t<section class=\"elementor-section elementor-top-section elementor-element elementor-element-5da1218 elementor-section-boxed elementor-section-height-default elementor-section-height-default\" data-id=\"5da1218\" data-element_type=\"section\">\n\t\t\t\t\t\t<div class=\"elementor-container elementor-column-gap-default\">\n\t\t\t\t\t<div class=\"elementor-column elementor-col-100 elementor-top-column elementor-element elementor-element-2bf1303\" data-id=\"2bf1303\" data-element_type=\"column\">\n\t\t\t<div class=\"elementor-widget-wrap elementor-element-populated\">\n\t\t\t\t\t\t<div class=\"elementor-element elementor-element-ed26249 elementor-widget elementor-widget-heading\" data-id=\"ed26249\" data-element_type=\"widget\" data-widget_type=\"heading.default\">\n\t\t\t\t<div class=\"elementor-widget-container\">\n\t\t\t<h2 class=\"elementor-heading-title elementor-size-default\">Treinamento e Desenvolvimento<\/h2>\t\t<\/div>\n\t\t\t\t<\/div>\n\t\t\t\t\t<\/div>\n\t\t<\/div>\n\t\t\t\t\t<\/div>\n\t\t<\/section>\n\t\t\t\t<section class=\"elementor-section elementor-top-section elementor-element elementor-element-29c1d43 elementor-section-boxed elementor-section-height-default elementor-section-height-default\" data-id=\"29c1d43\" data-element_type=\"section\">\n\t\t\t\t\t\t<div class=\"elementor-container elementor-column-gap-default\">\n\t\t\t\t\t<div class=\"elementor-column elementor-col-100 elementor-top-column elementor-element elementor-element-89d87b7\" data-id=\"89d87b7\" data-element_type=\"column\">\n\t\t\t<div class=\"elementor-widget-wrap elementor-element-populated\">\n\t\t\t\t\t\t<div class=\"elementor-element elementor-element-1c6b2ac elementor-widget__width-initial elementor-widget elementor-widget-html\" data-id=\"1c6b2ac\" data-element_type=\"widget\" data-widget_type=\"html.default\">\n\t\t\t\t<div class=\"elementor-widget-container\">\n\t\t\t<p align=\"justify\">A Prefeitura do Campus USP \"Luiz de Queiroz\" (PUSP-LQ) criou o Grupo de Treinamento &amp; Desenvolvimento em virtude da necessidade de constante aprimoramento da qualidade na presta\u00e7\u00e3o de servi\u00e7os entre fornecedores e clientes internos, visando atingir os seguintes objetivos:<\/p>\r\n<p align=\"justify\">Investir na capacita\u00e7\u00e3o profissional dos funcion\u00e1rios, propiciando oportunidades de treinamento atrav\u00e9s de eventos tais como: cursos, palestras, semin\u00e1rios e similares.<\/p>\r\n<p align=\"justify\">Promover a integra\u00e7\u00e3o entre pessoas e \u00e1reas.<\/p>\r\n<p align=\"justify\">Sensibilizar as pessoas para a import\u00e2ncia do aprimoramento cont\u00ednuo como busca na excel\u00eancia profissional.<\/p>\r\n\r\n<strong>Para atingir esses objetivos, foram estabelecidas as seguintes estrat\u00e9gias:<\/strong>\r\n<ul>\r\n\t<li>Levantar Necessidades de Treinamento (LNT).<\/li>\r\n\t<li>Propor a\u00e7\u00f5es para atender as necessidades levantadas.<\/li>\r\n\t<li>Normatizar a Utiliza\u00e7\u00e3o da Verba de Treinamento.<\/li>\r\n<\/ul>\r\n<strong>VERBA DE TREINAMENTO<\/strong>\r\n\r\n<strong>Ser\u00e3o considerados para libera\u00e7\u00e3o das verbas de treinamento os seguintes crit\u00e9rios:<\/strong>\r\n<ul>\r\n\t<li>O formul\u00e1rio de solicita\u00e7\u00e3o de treinamento dever\u00e1 ser remetido com anteced\u00eancia m\u00ednima de 30 dias, e encaminhado \u00e0 PUSP-LQ, para ser avaliado pela Comiss\u00e3o designada pelo Coordenador.<\/li>\r\n\t<li>O requisitante deve ser um funcion\u00e1rio na ativa \u2013 excluindo-se assim aposentados, afastados, em f\u00e9rias, licen\u00e7as etc..<\/li>\r\n\t<li>Priorizar a capta\u00e7\u00e3o de recursos internos, seguida de contrata\u00e7\u00e3o de palestrante que possa atuar dentro do Campus \"Luiz de Queiroz\" (curso in company) e, por \u00faltimo evento externo, no intuito de otimizar os custos sem perder a qualidade do conte\u00fado proposto.<\/li>\r\n\t<li>Evento deve beneficiar um n\u00famero significativo de funcion\u00e1rios \u2013 m\u00ednimo de 10.<\/li>\r\n\t<li>Evento solicitado deve ser compat\u00edvel com a \u00e1rea de atua\u00e7\u00e3o do(s) requisitante(s).\r\nEvento deve estar de acordo com a fun\u00e7\u00e3o desempenhada pela maioria dos requisitantes.<\/li>\r\n\t<li>Funcion\u00e1rio deve utilizar os conhecimentos adquiridos em seu ambiente de trabalho.<\/li>\r\n\t<li>Pedidos individuais ser\u00e3o analisados pela Comiss\u00e3o de T&amp;D, utilizando crit\u00e9rios coerentes aos j\u00e1 mencionados anteriormente, cabendo o parecer final ao Coordenador do Campus.<\/li>\r\n\t<li>Ap\u00f3s a aprova\u00e7\u00e3o do pedido, o requisitante dever\u00e1 se responsabilizar pela requisi\u00e7\u00e3o no Sistema Merc\u00fario e demais provid\u00eancias que se fizerem necess\u00e1rias para o treinamento (solicita\u00e7\u00e3o de di\u00e1rias, transporte e outros).<\/li>\r\n\t<li><strong>Apoio em participa\u00e7\u00e3o de congressos:<\/strong> destina-se a financiar a participa\u00e7\u00e3o de servidores da PUSP-LQ em congressos no Brasil, para apresenta\u00e7\u00e3o de trabalho de sua autoria, n\u00e3o publicado, relacionado \u00e0 sua \u00e1rea de trabalho na USP.<\/li>\r\n\t<li><strong>Solicita\u00e7\u00e3o:<\/strong> Em qualquer \u00e9poca do ano<\/li>\r\n\t<li><strong>Prazo para an\u00e1lise:<\/strong> Em m\u00e9dia 30 dias<\/li>\r\n<\/ul>\r\n<strong>Restri\u00e7\u00f5es:<\/strong>\r\n\r\nLimite de concess\u00e3o: \u00e9 de 1 aux\u00edlio por ano, por servidor.\r\n\r\nValor a ser concedido: m\u00e1ximo de R$2.000,00 (est\u00e1 incluso neste valor: di\u00e1ria, passagens, taxa de inscri\u00e7\u00e3o).\r\n\r\nJuntamente com o pedido de aux\u00edlio \u00e0 participa\u00e7\u00e3o em congresso, dever\u00e3o ser anexados:\r\n<ul>\r\n\t<li>programa\u00e7\u00e3o do evento<\/li>\r\n\t<li>c\u00f3pia do trabalho a ser apresentado<\/li>\r\n\t<li>aceite do congresso em publicar o artigo<\/li>\r\n<\/ul>\r\n<strong>Para inscri\u00e7\u00f5es j\u00e1 realizadas:<\/strong>\r\n<ul>\r\n\t<li>Os funcion\u00e1rios que se inscreverem nos cursos dever\u00e3o ter uma freq\u00fc\u00eancia de 85%. S\u00f3 ser\u00e3o consideradas as desist\u00eancias dos mesmos por motivo de sa\u00fade, com justificativa. Nos demais casos, ser\u00e1 cobrado o valor do curso para o qual o funcion\u00e1rio se inscreveu.<\/li>\r\n\t<li>Em caso de desligamento do funcion\u00e1rio num prazo de 6 meses ap\u00f3s o t\u00e9rmino do evento, o mesmo deve ressarcir o valor pago.<\/li>\r\n<\/ul>\r\n<br>\r\n<strong>Observa\u00e7\u00e3o:<\/strong><br>\r\nCursos de gradua\u00e7\u00e3o, P\u00f3s-gradua\u00e7\u00e3o Lato Sensu, Strictu Sensu, Mestrado e Doutorado n\u00e3o ser\u00e3o subsidiados pela Verba de Treinamento.\r\n<br><br>\r\n<h2>\r\n<strong>INFORMA\u00c7\u00d5ES ADICIONAIS:  <\/strong>\r\n<br>\r\nPrefeitura do Campus USP \"Luiz de Queiroz\" \r\n<br>\r\nEdif\u00edcio Central - Av. P\u00e1dua Dias 11.<br>\r\nTelefone (19) 3429 4380 <br>\r\nPiracicaba, SP. <br>\r\n13418-900 <br>\r\n<a href=\"mailto:pusp.lq.@usp.br\">pusp.lq@usp.br<\/a><\/h2>\r\n\t\t<\/div>\n\t\t\t\t<\/div>\n\t\t\t\t\t<\/div>\n\t\t<\/div>\n\t\t\t\t\t<\/div>\n\t\t<\/section>\n\t\t\t\t<\/div>\n\t\t","protected":false},"excerpt":{"rendered":"<p>Treinamento e Desenvolvimento A Prefeitura do Campus USP &#8220;Luiz de Queiroz&#8221; (PUSP-LQ) criou o Grupo de Treinamento &amp; Desenvolvimento em virtude da necessidade de constante aprimoramento da qualidade na presta\u00e7\u00e3o de servi\u00e7os entre fornecedores e clientes internos, visando atingir os seguintes objetivos: Investir na capacita\u00e7\u00e3o profissional dos funcion\u00e1rios, propiciando oportunidades de treinamento atrav\u00e9s de eventos [&hellip;]<\/p>\n","protected":false},"author":23873,"featured_media":0,"parent":3150,"menu_order":4,"comment_status":"closed","ping_status":"closed","template":"elementor_header_footer","meta":{"_monsterinsights_skip_tracking":false,"_monsterinsights_sitenote_active":false,"_monsterinsights_sitenote_note":"","_monsterinsights_sitenote_category":0,"footnotes":"","_links_to":"","_links_to_target":""},"class_list":["post-8395","page","type-page","status-publish","hentry","entry"],"_links":{"self":[{"href":"https:\/\/pusplq.usp.br\/index.php?rest_route=\/wp\/v2\/pages\/8395","targetHints":{"allow":["GET"]}}],"collection":[{"href":"https:\/\/pusplq.usp.br\/index.php?rest_route=\/wp\/v2\/pages"}],"about":[{"href":"https:\/\/pusplq.usp.br\/index.php?rest_route=\/wp\/v2\/types\/page"}],"author":[{"embeddable":true,"href":"https:\/\/pusplq.usp.br\/index.php?rest_route=\/wp\/v2\/users\/23873"}],"replies":[{"embeddable":true,"href":"https:\/\/pusplq.usp.br\/index.php?rest_route=%2Fwp%2Fv2%2Fcomments&post=8395"}],"version-history":[{"count":4,"href":"https:\/\/pusplq.usp.br\/index.php?rest_route=\/wp\/v2\/pages\/8395\/revisions"}],"predecessor-version":[{"id":13209,"href":"https:\/\/pusplq.usp.br\/index.php?rest_route=\/wp\/v2\/pages\/8395\/revisions\/13209"}],"up":[{"embeddable":true,"href":"https:\/\/pusplq.usp.br\/index.php?rest_route=\/wp\/v2\/pages\/3150"}],"wp:attachment":[{"href":"https:\/\/pusplq.usp.br\/index.php?rest_route=%2Fwp%2Fv2%2Fmedia&parent=8395"}],"curies":[{"name":"wp","href":"https:\/\/api.w.org\/{rel}","templated":true}]}}