{"id":8459,"date":"2025-02-03T10:43:33","date_gmt":"2025-02-03T13:43:33","guid":{"rendered":"https:\/\/pusplq.usp.br\/?page_id=8459"},"modified":"2025-02-03T10:52:23","modified_gmt":"2025-02-03T13:52:23","slug":"norma-de-procedimentos-para-empresas-prestadoras-de-servicos","status":"publish","type":"page","link":"https:\/\/pusplq.usp.br\/?page_id=8459","title":{"rendered":"Norma de procedimentos para empresas prestadoras de servi\u00e7os"},"content":{"rendered":"\t\t<div data-elementor-type=\"wp-page\" data-elementor-id=\"8459\" class=\"elementor elementor-8459\" data-elementor-post-type=\"page\">\n\t\t\t\t\t\t<section class=\"elementor-section elementor-top-section elementor-element elementor-element-967a989 elementor-section-boxed elementor-section-height-default elementor-section-height-default\" data-id=\"967a989\" data-element_type=\"section\">\n\t\t\t\t\t\t<div class=\"elementor-container elementor-column-gap-default\">\n\t\t\t\t\t<div class=\"elementor-column elementor-col-100 elementor-top-column elementor-element elementor-element-93555ac\" data-id=\"93555ac\" data-element_type=\"column\">\n\t\t\t<div class=\"elementor-widget-wrap elementor-element-populated\">\n\t\t\t\t\t\t<div class=\"elementor-element elementor-element-06f81ac elementor-widget elementor-widget-heading\" data-id=\"06f81ac\" data-element_type=\"widget\" data-widget_type=\"heading.default\">\n\t\t\t\t<div class=\"elementor-widget-container\">\n\t\t\t<h2 class=\"elementor-heading-title elementor-size-default\">Norma de procedimentos para empresas prestadoras de servi\u00e7os<\/h2>\t\t<\/div>\n\t\t\t\t<\/div>\n\t\t\t\t\t<\/div>\n\t\t<\/div>\n\t\t\t\t\t<\/div>\n\t\t<\/section>\n\t\t\t\t<section class=\"elementor-section elementor-top-section elementor-element elementor-element-4115a8d elementor-section-boxed elementor-section-height-default elementor-section-height-default\" data-id=\"4115a8d\" data-element_type=\"section\">\n\t\t\t\t\t\t<div class=\"elementor-container elementor-column-gap-default\">\n\t\t\t\t\t<div class=\"elementor-column elementor-col-100 elementor-top-column elementor-element elementor-element-605f0d3\" data-id=\"605f0d3\" data-element_type=\"column\">\n\t\t\t<div class=\"elementor-widget-wrap elementor-element-populated\">\n\t\t\t\t\t\t<div class=\"elementor-element elementor-element-5bc365f elementor-widget elementor-widget-image\" data-id=\"5bc365f\" data-element_type=\"widget\" data-widget_type=\"image.default\">\n\t\t\t\t<div class=\"elementor-widget-container\">\n\t\t\t\t\t\t\t\t\t\t\t\t\t<img fetchpriority=\"high\" decoding=\"async\" width=\"443\" height=\"477\" src=\"https:\/\/pusplq.usp.br\/wp-content\/uploads\/sites\/1403\/2025\/01\/foto4.2.jpeg\" class=\"attachment-large size-large wp-image-7787\" alt=\"\" srcset=\"https:\/\/pusplq.usp.br\/wp-content\/uploads\/sites\/1403\/2025\/01\/foto4.2.jpeg 443w, https:\/\/pusplq.usp.br\/wp-content\/uploads\/sites\/1403\/2025\/01\/foto4.2-279x300.jpeg 279w, https:\/\/pusplq.usp.br\/wp-content\/uploads\/sites\/1403\/2025\/01\/foto4.2-280x301.jpeg 280w, https:\/\/pusplq.usp.br\/wp-content\/uploads\/sites\/1403\/2025\/01\/foto4.2-400x431.jpeg 400w\" sizes=\"(max-width: 443px) 100vw, 443px\" \/>\t\t\t\t\t\t\t\t\t\t\t\t\t<\/div>\n\t\t\t\t<\/div>\n\t\t\t\t<div class=\"elementor-element elementor-element-cab4e27 elementor-widget elementor-widget-html\" data-id=\"cab4e27\" data-element_type=\"widget\" data-widget_type=\"html.default\">\n\t\t\t\t<div class=\"elementor-widget-container\">\n\t\t\t<p><strong>OBJETIVO<\/strong><\/p>\r\n<p>Estabelecer os procedimentos m\u00ednimos a serem seguidos por empresas terceirizadas legalmente contratadas, por suas subcontratadas e pelos funcion\u00e1rios destas, na execu\u00e7\u00e3o de servi\u00e7os sob a responsabilidade da Universidade de S\u00e3o Paulo\u00a0 Campus \u201cLuiz de Queiroz\u201d. Estes procedimentos \u00a0tem como objetivo, garantir a preserva\u00e7\u00e3o da pessoa e do patrim\u00f4nio envolvido sem preju\u00edzo \u00e0 obedi\u00eancia ao disposto na legisla\u00e7\u00e3o vigente. <\/p>\r\n\r\n<p><strong>DEFINI\u00c7\u00d5ES<\/strong><\/p>\r\n<p><strong>EMPRESA TERCEIRIZADA:<\/strong> Toda pessoa jur\u00eddica, inclusive aut\u00f4nomos, que venham a ser contratados ou subcontratados para a presta\u00e7\u00e3o de servi\u00e7os, inclusive os de assist\u00eancia t\u00e9cnica, nas depend\u00eancias do Campus.<\/p>\r\n<p><strong>TRABALHO PERIGOSO<\/strong><\/p>\r\n<p>\u00c9 qualquer trabalho que possui potencial de gerar perdas humanas, ambientais e\/ou materiais, tais como: servi\u00e7o a quente (chama aberta), soldas ou outros que gerem fa\u00edsca ou centelha ); servi\u00e7os em espa\u00e7os confinados; servi\u00e7os em altura com risco de queda; locais com diferen\u00e7a de n\u00edvel; servi\u00e7os em instala\u00e7\u00f5es el\u00e9tricas; i\u00e7amentos e movimenta\u00e7\u00f5es de grandes massas ou volumes,servi\u00e7os de escava\u00e7\u00f5es, perfura\u00e7\u00f5es e demoli\u00e7\u00f5es, e outras situa\u00e7\u00f5es de risco.<\/p>\r\n\t\t<\/div>\n\t\t\t\t<\/div>\n\t\t\t\t\t<\/div>\n\t\t<\/div>\n\t\t\t\t\t<\/div>\n\t\t<\/section>\n\t\t\t\t<\/div>\n\t\t","protected":false},"excerpt":{"rendered":"<p>Norma de procedimentos para empresas prestadoras de servi\u00e7os OBJETIVO Estabelecer os procedimentos m\u00ednimos a serem seguidos por empresas terceirizadas legalmente contratadas, por suas subcontratadas e pelos funcion\u00e1rios destas, na execu\u00e7\u00e3o de servi\u00e7os sob a responsabilidade da Universidade de S\u00e3o Paulo\u00a0 Campus \u201cLuiz de Queiroz\u201d. Estes procedimentos \u00a0tem como objetivo, garantir a preserva\u00e7\u00e3o da pessoa e [&hellip;]<\/p>\n","protected":false},"author":23873,"featured_media":0,"parent":3142,"menu_order":300,"comment_status":"closed","ping_status":"closed","template":"elementor_header_footer","meta":{"_monsterinsights_skip_tracking":false,"_monsterinsights_sitenote_active":false,"_monsterinsights_sitenote_note":"","_monsterinsights_sitenote_category":0,"footnotes":"","_links_to":"","_links_to_target":""},"class_list":["post-8459","page","type-page","status-publish","hentry","entry"],"_links":{"self":[{"href":"https:\/\/pusplq.usp.br\/index.php?rest_route=\/wp\/v2\/pages\/8459","targetHints":{"allow":["GET"]}}],"collection":[{"href":"https:\/\/pusplq.usp.br\/index.php?rest_route=\/wp\/v2\/pages"}],"about":[{"href":"https:\/\/pusplq.usp.br\/index.php?rest_route=\/wp\/v2\/types\/page"}],"author":[{"embeddable":true,"href":"https:\/\/pusplq.usp.br\/index.php?rest_route=\/wp\/v2\/users\/23873"}],"replies":[{"embeddable":true,"href":"https:\/\/pusplq.usp.br\/index.php?rest_route=%2Fwp%2Fv2%2Fcomments&post=8459"}],"version-history":[{"count":4,"href":"https:\/\/pusplq.usp.br\/index.php?rest_route=\/wp\/v2\/pages\/8459\/revisions"}],"predecessor-version":[{"id":8472,"href":"https:\/\/pusplq.usp.br\/index.php?rest_route=\/wp\/v2\/pages\/8459\/revisions\/8472"}],"up":[{"embeddable":true,"href":"https:\/\/pusplq.usp.br\/index.php?rest_route=\/wp\/v2\/pages\/3142"}],"wp:attachment":[{"href":"https:\/\/pusplq.usp.br\/index.php?rest_route=%2Fwp%2Fv2%2Fmedia&parent=8459"}],"curies":[{"name":"wp","href":"https:\/\/api.w.org\/{rel}","templated":true}]}}