{"id":9492,"date":"2025-03-27T10:21:26","date_gmt":"2025-03-27T13:21:26","guid":{"rendered":"https:\/\/pusplq.usp.br\/?page_id=9492"},"modified":"2025-03-27T14:47:54","modified_gmt":"2025-03-27T17:47:54","slug":"projeto-universidade-aberta-a-terceira-idade","status":"publish","type":"page","link":"https:\/\/pusplq.usp.br\/?page_id=9492","title":{"rendered":"Projeto Universidade Aberta \u00e0 Terceira Idade"},"content":{"rendered":"\t\t<div data-elementor-type=\"wp-page\" data-elementor-id=\"9492\" class=\"elementor elementor-9492\" data-elementor-post-type=\"page\">\n\t\t\t\t\t\t<section class=\"elementor-section elementor-top-section elementor-element elementor-element-1f12612 elementor-section-boxed elementor-section-height-default elementor-section-height-default\" data-id=\"1f12612\" data-element_type=\"section\">\n\t\t\t\t\t\t<div class=\"elementor-container elementor-column-gap-default\">\n\t\t\t\t\t<div class=\"elementor-column elementor-col-100 elementor-top-column elementor-element elementor-element-c9acf67\" data-id=\"c9acf67\" data-element_type=\"column\">\n\t\t\t<div class=\"elementor-widget-wrap elementor-element-populated\">\n\t\t\t\t\t\t<div class=\"elementor-element elementor-element-f19fa0c elementor-widget elementor-widget-heading\" data-id=\"f19fa0c\" data-element_type=\"widget\" data-widget_type=\"heading.default\">\n\t\t\t\t<div class=\"elementor-widget-container\">\n\t\t\t<h2 class=\"elementor-heading-title elementor-size-default\">Projeto Universidade Aberta \u00e0 Terceira Idade<\/h2>\t\t<\/div>\n\t\t\t\t<\/div>\n\t\t\t\t\t<\/div>\n\t\t<\/div>\n\t\t\t\t\t<\/div>\n\t\t<\/section>\n\t\t\t\t<section class=\"elementor-section elementor-top-section elementor-element elementor-element-f0de11e elementor-section-boxed elementor-section-height-default elementor-section-height-default\" data-id=\"f0de11e\" data-element_type=\"section\">\n\t\t\t\t\t\t<div class=\"elementor-container elementor-column-gap-default\">\n\t\t\t\t\t<div class=\"elementor-column elementor-col-50 elementor-top-column elementor-element elementor-element-2249a32\" data-id=\"2249a32\" data-element_type=\"column\">\n\t\t\t<div class=\"elementor-widget-wrap elementor-element-populated\">\n\t\t\t\t\t\t<div class=\"elementor-element elementor-element-78839f1 elementor-widget__width-initial elementor-widget elementor-widget-html\" data-id=\"78839f1\" data-element_type=\"widget\" data-widget_type=\"html.default\">\n\t\t\t\t<div class=\"elementor-widget-container\">\n\t\t\tO Projeto Universidade Aberta &agrave; Terceira Idade da USP  Universidade de S&atilde;o Paulo, desenvolvido no Campus &#8220;Luiz de Queiroz , em Piracicaba, tem por objetivo possibilitar ao idoso aprofundar &#8220;conhecimentos em alguma &aacute;rea de seu interesse e ao mesmo tempo trocar informa&ccedil;&otilde;es e experi&ecirc;ncias com os  jovens&#8221;.&nbsp; Aprovado pelo Conselho de Cultura e Extens&atilde;o da USP, o projeto tem estabelecidas as seguintes\r\ncondi&ccedil;&otilde;es para ingresso:\r\n<br>\r\n<br>\r\n<p align=\"justify\">1. Prioridade: idade m&iacute;nima 60 anos, como estabelece a ONU e a UNESCO;<\/p>\r\n<p align=\"justify\">2. Os alunos\r\ns&atilde;o vinculados apenas a este projeto, com direito a receber certificado de participa&ccedil;&atilde;o da Pr&oacute;-Reitoria de Cultura e Extens&atilde;o\r\nUniversit&aacute;ria, quando o docente determinar;<\/p> \r\n<p align=\"justify\">3. Disciplinas\r\nmuito espec&iacute;ficas\r\nrequerem exame pr&eacute;vio de curr&iacute;cu&nbsp; lo ou entrevista com o docente respons&aacute;vel. Na maioria delas nada &eacute; exigido,\r\ndesde que haja por parte dos candidatos condi&ccedil;&otilde;es suficientes de\r\naproveitamento; <\/p>\r\n        <p align=\"justify\">4. Cada Unidade da USP &eacute;\r\nsoberana na gest&atilde;o do projeto, administrando-o conforme suas\r\ncondi&ccedil;&otilde;es internas.\r\n<br>\r\n<p align=\"justify\">No Campus \u201cLuiz de Queiroz\u201d, em Piracicaba, o projeto \u00e9 promovido pela Comiss\u00e3o de Cultura e Extens\u00e3o da ESALQ juntamente com a Divis\u00e3o de Atendimento \u00e0 Comunidade, e engloba tr\u00eas \u00e1reas:<\/p>\r\n\r\n\r\n<ul>\r\n    <li><Strong>Disciplinas regulares<\/strong> dos cursos de Engenharia Agron\u00f4mica, Engenharia Florestal, Economia Agroindustrial, Ci\u00eancias dos Alimentos, Gest\u00e3o Ambiental e Ci\u00eancias Biol\u00f3gicas.<\/li>\r\n    <br>\r\n    <li><Strong>Atividades complementares did\u00e1tico-culturais<\/Strong>  como palestras, cursos diversos, Coral \u201cLuiz de Queiroz\u201d, excurs\u00f5es tur\u00edsticas e culturais.<\/li>\r\n    <br>\r\n    <li><Strong>Atividade complementares f\u00edsico-esportivas<\/Strong> como caminhada orientada e condicionamento f\u00edsico.<\/li>\r\n    \r\n    \r\n<\/ul>\r\n\t\t<\/div>\n\t\t\t\t<\/div>\n\t\t\t\t\t<\/div>\n\t\t<\/div>\n\t\t\t\t<div class=\"elementor-column elementor-col-50 elementor-top-column elementor-element elementor-element-6348b05\" data-id=\"6348b05\" data-element_type=\"column\">\n\t\t\t<div class=\"elementor-widget-wrap elementor-element-populated\">\n\t\t\t\t\t\t<div class=\"elementor-element elementor-element-4c35af9 elementor-widget elementor-widget-image\" data-id=\"4c35af9\" data-element_type=\"widget\" data-widget_type=\"image.default\">\n\t\t\t\t<div class=\"elementor-widget-container\">\n\t\t\t\t\t\t\t\t\t\t\t\t\t<img decoding=\"async\" src=\"https:\/\/pusplq.usp.br\/wp-content\/uploads\/sites\/1403\/2025\/03\/bt_programacao.png\" title=\"\" alt=\"\" loading=\"lazy\" \/>\t\t\t\t\t\t\t\t\t\t\t\t\t<\/div>\n\t\t\t\t<\/div>\n\t\t\t\t<div class=\"elementor-element elementor-element-e4ceae1 elementor-widget elementor-widget-image\" data-id=\"e4ceae1\" data-element_type=\"widget\" data-widget_type=\"image.default\">\n\t\t\t\t<div class=\"elementor-widget-container\">\n\t\t\t\t\t\t\t\t\t\t\t\t\t\t<a href=\"https:\/\/prceu.usp.br\/\" target=\"_blank\">\n\t\t\t\t\t\t\t<img fetchpriority=\"high\" decoding=\"async\" width=\"800\" height=\"385\" src=\"https:\/\/pusplq.usp.br\/wp-content\/uploads\/sites\/1403\/2025\/03\/logo_prceu.png\" class=\"attachment-large size-large wp-image-9519\" alt=\"\" srcset=\"https:\/\/pusplq.usp.br\/wp-content\/uploads\/sites\/1403\/2025\/03\/logo_prceu.png 800w, https:\/\/pusplq.usp.br\/wp-content\/uploads\/sites\/1403\/2025\/03\/logo_prceu-300x144.png 300w, https:\/\/pusplq.usp.br\/wp-content\/uploads\/sites\/1403\/2025\/03\/logo_prceu-768x370.png 768w, https:\/\/pusplq.usp.br\/wp-content\/uploads\/sites\/1403\/2025\/03\/logo_prceu-280x135.png 280w, https:\/\/pusplq.usp.br\/wp-content\/uploads\/sites\/1403\/2025\/03\/logo_prceu-400x193.png 400w\" sizes=\"(max-width: 800px) 100vw, 800px\" \/>\t\t\t\t\t\t\t\t<\/a>\n\t\t\t\t\t\t\t\t\t\t\t\t\t<\/div>\n\t\t\t\t<\/div>\n\t\t\t\t<div class=\"elementor-element elementor-element-18b09d6 elementor-widget__width-initial elementor-widget elementor-widget-html\" data-id=\"18b09d6\" data-element_type=\"widget\" data-widget_type=\"html.default\">\n\t\t\t\t<div class=\"elementor-widget-container\">\n\t\t\t<strong>Coordena\u00e7\u00e3o: <\/strong>Sonia Maria Mendes Fiore\r\n<br>\r\n<strong>Informa\u00e7\u00f5es adicionais <\/strong>   \r\n<br>\r\n<strong>Telefone: <\/strong> (19) 3429-4161 e 3429-4362\r\n<br>\r\n<strong>Email: <\/strong>dvatcom.cclq@usp.br\r\n\r\n\t\t<\/div>\n\t\t\t\t<\/div>\n\t\t\t\t\t<\/div>\n\t\t<\/div>\n\t\t\t\t\t<\/div>\n\t\t<\/section>\n\t\t\t\t<\/div>\n\t\t","protected":false},"excerpt":{"rendered":"<p>Projeto Universidade Aberta \u00e0 Terceira Idade O Projeto Universidade Aberta &agrave; Terceira Idade da USP Universidade de S&atilde;o Paulo, desenvolvido no Campus &#8220;Luiz de Queiroz , em Piracicaba, tem por objetivo possibilitar ao idoso aprofundar &#8220;conhecimentos em alguma &aacute;rea de seu interesse e ao mesmo tempo trocar informa&ccedil;&otilde;es e experi&ecirc;ncias com os jovens&#8221;.&nbsp; Aprovado pelo [&hellip;]<\/p>\n","protected":false},"author":23873,"featured_media":0,"parent":4006,"menu_order":20,"comment_status":"closed","ping_status":"closed","template":"elementor_header_footer","meta":{"_monsterinsights_skip_tracking":false,"_monsterinsights_sitenote_active":false,"_monsterinsights_sitenote_note":"","_monsterinsights_sitenote_category":0,"footnotes":"","_links_to":"","_links_to_target":""},"class_list":["post-9492","page","type-page","status-publish","hentry","entry"],"_links":{"self":[{"href":"https:\/\/pusplq.usp.br\/index.php?rest_route=\/wp\/v2\/pages\/9492","targetHints":{"allow":["GET"]}}],"collection":[{"href":"https:\/\/pusplq.usp.br\/index.php?rest_route=\/wp\/v2\/pages"}],"about":[{"href":"https:\/\/pusplq.usp.br\/index.php?rest_route=\/wp\/v2\/types\/page"}],"author":[{"embeddable":true,"href":"https:\/\/pusplq.usp.br\/index.php?rest_route=\/wp\/v2\/users\/23873"}],"replies":[{"embeddable":true,"href":"https:\/\/pusplq.usp.br\/index.php?rest_route=%2Fwp%2Fv2%2Fcomments&post=9492"}],"version-history":[{"count":4,"href":"https:\/\/pusplq.usp.br\/index.php?rest_route=\/wp\/v2\/pages\/9492\/revisions"}],"predecessor-version":[{"id":9528,"href":"https:\/\/pusplq.usp.br\/index.php?rest_route=\/wp\/v2\/pages\/9492\/revisions\/9528"}],"up":[{"embeddable":true,"href":"https:\/\/pusplq.usp.br\/index.php?rest_route=\/wp\/v2\/pages\/4006"}],"wp:attachment":[{"href":"https:\/\/pusplq.usp.br\/index.php?rest_route=%2Fwp%2Fv2%2Fmedia&parent=9492"}],"curies":[{"name":"wp","href":"https:\/\/api.w.org\/{rel}","templated":true}]}}